{"id":3179,"date":"2020-05-28T10:01:40","date_gmt":"2020-05-28T10:01:40","guid":{"rendered":"https:\/\/shop.merolution.de\/index.php\/product\/martini-dry-15\/"},"modified":"2020-05-28T10:01:40","modified_gmt":"2020-05-28T10:01:40","slug":"martini-dry-15","status":"publish","type":"product","link":"https:\/\/shop.merolution.de\/index.php\/product\/martini-dry-15\/","title":{"rendered":"Martini Dry 15%"},"content":{"rendered":"<p>01\/0,70 &#8211; 15vol%MARTINI Extra Dry was launched on New Year&#8217;s Day 1900. Elegant, delicate and very cool. For many it is the essential ingredient and the perfect mixer.Characterised by its pale colour and fresh and fruity aromas &#8211; together with a sharp perfume and a tantalising sweetness &#8211; MARTINI Extra Dry is the only place to begin when mixing up a cocktail.<\/p>\n","protected":false},"excerpt":{"rendered":"<p>01\/0,70 &#8211; 15vol%MARTINI Extra Dry was launched on New Year&#8217;s Day 1900. Elegant, delicate and very cool. For many it is the essential ingredient and the perfect mixer.Characterised by its pale colour and fresh and fruity aromas &#8211; together with a sharp perfume and a tantalising sweetness &#8211; MARTINI Extra Dry is the only place to begin when mixing up a cocktail.<\/p>\n","protected":false},"featured_media":3180,"comment_status":"open","ping_status":"closed","template":"","meta":[],"product_cat":[79],"product_tag":[],"yoast_head":"<!-- This site is optimized with the Yoast SEO plugin v19.14 - https:\/\/yoast.com\/wordpress\/plugins\/seo\/ -->\n<title>Martini Dry 15% - Getr\u00e4nke Schl\u00fcter Onlineshop<\/title>\n<meta name=\"robots\" content=\"noindex, follow, max-snippet:-1, max-image-preview:large, max-video-preview:-1\" \/>\n<meta property=\"og:locale\" content=\"de_DE\" \/>\n<meta property=\"og:type\" content=\"article\" \/>\n<meta property=\"og:title\" content=\"Martini Dry 15% - Getr\u00e4nke Schl\u00fcter Onlineshop\" \/>\n<meta property=\"og:description\" content=\"01\/0,70 - 15vol%MARTINI Extra Dry was launched on New Year&#039;s Day 1900. Elegant, delicate and very cool. For many it is the essential ingredient and the perfect mixer.Characterised by its pale colour and fresh and fruity aromas - together with a sharp perfume and a tantalising sweetness - MARTINI Extra Dry is the only place to begin when mixing up a cocktail.\" \/>\n<meta property=\"og:url\" content=\"https:\/\/shop.merolution.de\/index.php\/product\/martini-dry-15\/\" \/>\n<meta property=\"og:site_name\" content=\"Getr\u00e4nke Schl\u00fcter Onlineshop\" \/>\n<meta property=\"og:image\" content=\"https:\/\/shop.merolution.de\/wp-content\/uploads\/2020\/05\/2319aPic1S1571800317_zz_bottle-martini-extradry-klein.gif\" \/>\n\t<meta property=\"og:image:width\" content=\"181\" \/>\n\t<meta property=\"og:image:height\" content=\"394\" \/>\n\t<meta property=\"og:image:type\" content=\"image\/gif\" \/>\n<meta name=\"twitter:card\" content=\"summary_large_image\" \/>\n<script type=\"application\/ld+json\" class=\"yoast-schema-graph\">{\"@context\":\"https:\/\/schema.org\",\"@graph\":[{\"@type\":\"WebPage\",\"@id\":\"https:\/\/shop.merolution.de\/index.php\/product\/martini-dry-15\/\",\"url\":\"https:\/\/shop.merolution.de\/index.php\/product\/martini-dry-15\/\",\"name\":\"Martini Dry 15% - Getr\u00e4nke Schl\u00fcter Onlineshop\",\"isPartOf\":{\"@id\":\"https:\/\/shop.merolution.de\/#website\"},\"datePublished\":\"2020-05-28T10:01:40+00:00\",\"dateModified\":\"2020-05-28T10:01:40+00:00\",\"breadcrumb\":{\"@id\":\"https:\/\/shop.merolution.de\/index.php\/product\/martini-dry-15\/#breadcrumb\"},\"inLanguage\":\"de\",\"potentialAction\":[{\"@type\":\"ReadAction\",\"target\":[\"https:\/\/shop.merolution.de\/index.php\/product\/martini-dry-15\/\"]}]},{\"@type\":\"BreadcrumbList\",\"@id\":\"https:\/\/shop.merolution.de\/index.php\/product\/martini-dry-15\/#breadcrumb\",\"itemListElement\":[{\"@type\":\"ListItem\",\"position\":1,\"name\":\"Home\",\"item\":\"https:\/\/shop.merolution.de\/\"},{\"@type\":\"ListItem\",\"position\":2,\"name\":\"Shop\",\"item\":\"https:\/\/shop.merolution.de\/\"},{\"@type\":\"ListItem\",\"position\":3,\"name\":\"Martini Dry 15%\"}]},{\"@type\":\"WebSite\",\"@id\":\"https:\/\/shop.merolution.de\/#website\",\"url\":\"https:\/\/shop.merolution.de\/\",\"name\":\"Getr\u00e4nke Schl\u00fcter Onlineshop\",\"description\":\"Ihr Getr\u00e4nke-Partner in Hannover\",\"potentialAction\":[{\"@type\":\"SearchAction\",\"target\":{\"@type\":\"EntryPoint\",\"urlTemplate\":\"https:\/\/shop.merolution.de\/?s={search_term_string}\"},\"query-input\":\"required name=search_term_string\"}],\"inLanguage\":\"de\"}]}<\/script>\n<!-- \/ Yoast SEO plugin. -->","yoast_head_json":{"title":"Martini Dry 15% - Getr\u00e4nke Schl\u00fcter Onlineshop","robots":{"index":"noindex","follow":"follow","max-snippet":"max-snippet:-1","max-image-preview":"max-image-preview:large","max-video-preview":"max-video-preview:-1"},"og_locale":"de_DE","og_type":"article","og_title":"Martini Dry 15% - Getr\u00e4nke Schl\u00fcter Onlineshop","og_description":"01\/0,70 - 15vol%MARTINI Extra Dry was launched on New Year's Day 1900. Elegant, delicate and very cool. For many it is the essential ingredient and the perfect mixer.Characterised by its pale colour and fresh and fruity aromas - together with a sharp perfume and a tantalising sweetness - MARTINI Extra Dry is the only place to begin when mixing up a cocktail.","og_url":"https:\/\/shop.merolution.de\/index.php\/product\/martini-dry-15\/","og_site_name":"Getr\u00e4nke Schl\u00fcter Onlineshop","og_image":[{"width":181,"height":394,"url":"https:\/\/shop.merolution.de\/wp-content\/uploads\/2020\/05\/2319aPic1S1571800317_zz_bottle-martini-extradry-klein.gif","type":"image\/gif"}],"twitter_card":"summary_large_image","schema":{"@context":"https:\/\/schema.org","@graph":[{"@type":"WebPage","@id":"https:\/\/shop.merolution.de\/index.php\/product\/martini-dry-15\/","url":"https:\/\/shop.merolution.de\/index.php\/product\/martini-dry-15\/","name":"Martini Dry 15% - Getr\u00e4nke Schl\u00fcter Onlineshop","isPartOf":{"@id":"https:\/\/shop.merolution.de\/#website"},"datePublished":"2020-05-28T10:01:40+00:00","dateModified":"2020-05-28T10:01:40+00:00","breadcrumb":{"@id":"https:\/\/shop.merolution.de\/index.php\/product\/martini-dry-15\/#breadcrumb"},"inLanguage":"de","potentialAction":[{"@type":"ReadAction","target":["https:\/\/shop.merolution.de\/index.php\/product\/martini-dry-15\/"]}]},{"@type":"BreadcrumbList","@id":"https:\/\/shop.merolution.de\/index.php\/product\/martini-dry-15\/#breadcrumb","itemListElement":[{"@type":"ListItem","position":1,"name":"Home","item":"https:\/\/shop.merolution.de\/"},{"@type":"ListItem","position":2,"name":"Shop","item":"https:\/\/shop.merolution.de\/"},{"@type":"ListItem","position":3,"name":"Martini Dry 15%"}]},{"@type":"WebSite","@id":"https:\/\/shop.merolution.de\/#website","url":"https:\/\/shop.merolution.de\/","name":"Getr\u00e4nke Schl\u00fcter Onlineshop","description":"Ihr Getr\u00e4nke-Partner in Hannover","potentialAction":[{"@type":"SearchAction","target":{"@type":"EntryPoint","urlTemplate":"https:\/\/shop.merolution.de\/?s={search_term_string}"},"query-input":"required name=search_term_string"}],"inLanguage":"de"}]}},"_links":{"self":[{"href":"https:\/\/shop.merolution.de\/index.php\/wp-json\/wp\/v2\/product\/3179"}],"collection":[{"href":"https:\/\/shop.merolution.de\/index.php\/wp-json\/wp\/v2\/product"}],"about":[{"href":"https:\/\/shop.merolution.de\/index.php\/wp-json\/wp\/v2\/types\/product"}],"replies":[{"embeddable":true,"href":"https:\/\/shop.merolution.de\/index.php\/wp-json\/wp\/v2\/comments?post=3179"}],"wp:featuredmedia":[{"embeddable":true,"href":"https:\/\/shop.merolution.de\/index.php\/wp-json\/wp\/v2\/media\/3180"}],"wp:attachment":[{"href":"https:\/\/shop.merolution.de\/index.php\/wp-json\/wp\/v2\/media?parent=3179"}],"wp:term":[{"taxonomy":"product_cat","embeddable":true,"href":"https:\/\/shop.merolution.de\/index.php\/wp-json\/wp\/v2\/product_cat?post=3179"},{"taxonomy":"product_tag","embeddable":true,"href":"https:\/\/shop.merolution.de\/index.php\/wp-json\/wp\/v2\/product_tag?post=3179"}],"curies":[{"name":"wp","href":"https:\/\/api.w.org\/{rel}","templated":true}]}}