{"id":3373,"date":"2020-05-28T10:02:18","date_gmt":"2020-05-28T10:02:18","guid":{"rendered":"https:\/\/shop.merolution.de\/index.php\/product\/sangrita\/"},"modified":"2020-05-28T10:02:18","modified_gmt":"2020-05-28T10:02:18","slug":"sangrita","status":"publish","type":"product","link":"https:\/\/shop.merolution.de\/index.php\/product\/sangrita\/","title":{"rendered":"Sangrita"},"content":{"rendered":"<p>01\/0,50<\/p>\n","protected":false},"excerpt":{"rendered":"<p>01\/0,50<\/p>\n","protected":false},"featured_media":0,"comment_status":"open","ping_status":"closed","template":"","meta":[],"product_cat":[79],"product_tag":[],"yoast_head":"<!-- This site is optimized with the Yoast SEO plugin v19.14 - https:\/\/yoast.com\/wordpress\/plugins\/seo\/ -->\n<title>Sangrita - Getr\u00e4nke Schl\u00fcter Onlineshop<\/title>\n<meta name=\"robots\" content=\"noindex, follow, max-snippet:-1, max-image-preview:large, max-video-preview:-1\" \/>\n<meta property=\"og:locale\" content=\"de_DE\" \/>\n<meta property=\"og:type\" content=\"article\" \/>\n<meta property=\"og:title\" content=\"Sangrita - Getr\u00e4nke Schl\u00fcter Onlineshop\" \/>\n<meta property=\"og:description\" content=\"01\/0,50\" \/>\n<meta property=\"og:url\" content=\"https:\/\/shop.merolution.de\/index.php\/product\/sangrita\/\" \/>\n<meta property=\"og:site_name\" content=\"Getr\u00e4nke Schl\u00fcter Onlineshop\" \/>\n<meta name=\"twitter:card\" content=\"summary_large_image\" \/>\n<script type=\"application\/ld+json\" class=\"yoast-schema-graph\">{\"@context\":\"https:\/\/schema.org\",\"@graph\":[{\"@type\":\"WebPage\",\"@id\":\"https:\/\/shop.merolution.de\/index.php\/product\/sangrita\/\",\"url\":\"https:\/\/shop.merolution.de\/index.php\/product\/sangrita\/\",\"name\":\"Sangrita - Getr\u00e4nke Schl\u00fcter Onlineshop\",\"isPartOf\":{\"@id\":\"https:\/\/shop.merolution.de\/#website\"},\"datePublished\":\"2020-05-28T10:02:18+00:00\",\"dateModified\":\"2020-05-28T10:02:18+00:00\",\"breadcrumb\":{\"@id\":\"https:\/\/shop.merolution.de\/index.php\/product\/sangrita\/#breadcrumb\"},\"inLanguage\":\"de\",\"potentialAction\":[{\"@type\":\"ReadAction\",\"target\":[\"https:\/\/shop.merolution.de\/index.php\/product\/sangrita\/\"]}]},{\"@type\":\"BreadcrumbList\",\"@id\":\"https:\/\/shop.merolution.de\/index.php\/product\/sangrita\/#breadcrumb\",\"itemListElement\":[{\"@type\":\"ListItem\",\"position\":1,\"name\":\"Home\",\"item\":\"https:\/\/shop.merolution.de\/\"},{\"@type\":\"ListItem\",\"position\":2,\"name\":\"Shop\",\"item\":\"https:\/\/shop.merolution.de\/\"},{\"@type\":\"ListItem\",\"position\":3,\"name\":\"Sangrita\"}]},{\"@type\":\"WebSite\",\"@id\":\"https:\/\/shop.merolution.de\/#website\",\"url\":\"https:\/\/shop.merolution.de\/\",\"name\":\"Getr\u00e4nke Schl\u00fcter Onlineshop\",\"description\":\"Ihr Getr\u00e4nke-Partner in Hannover\",\"potentialAction\":[{\"@type\":\"SearchAction\",\"target\":{\"@type\":\"EntryPoint\",\"urlTemplate\":\"https:\/\/shop.merolution.de\/?s={search_term_string}\"},\"query-input\":\"required name=search_term_string\"}],\"inLanguage\":\"de\"}]}<\/script>\n<!-- \/ Yoast SEO plugin. -->","yoast_head_json":{"title":"Sangrita - Getr\u00e4nke Schl\u00fcter Onlineshop","robots":{"index":"noindex","follow":"follow","max-snippet":"max-snippet:-1","max-image-preview":"max-image-preview:large","max-video-preview":"max-video-preview:-1"},"og_locale":"de_DE","og_type":"article","og_title":"Sangrita - Getr\u00e4nke Schl\u00fcter Onlineshop","og_description":"01\/0,50","og_url":"https:\/\/shop.merolution.de\/index.php\/product\/sangrita\/","og_site_name":"Getr\u00e4nke Schl\u00fcter Onlineshop","twitter_card":"summary_large_image","schema":{"@context":"https:\/\/schema.org","@graph":[{"@type":"WebPage","@id":"https:\/\/shop.merolution.de\/index.php\/product\/sangrita\/","url":"https:\/\/shop.merolution.de\/index.php\/product\/sangrita\/","name":"Sangrita - Getr\u00e4nke Schl\u00fcter Onlineshop","isPartOf":{"@id":"https:\/\/shop.merolution.de\/#website"},"datePublished":"2020-05-28T10:02:18+00:00","dateModified":"2020-05-28T10:02:18+00:00","breadcrumb":{"@id":"https:\/\/shop.merolution.de\/index.php\/product\/sangrita\/#breadcrumb"},"inLanguage":"de","potentialAction":[{"@type":"ReadAction","target":["https:\/\/shop.merolution.de\/index.php\/product\/sangrita\/"]}]},{"@type":"BreadcrumbList","@id":"https:\/\/shop.merolution.de\/index.php\/product\/sangrita\/#breadcrumb","itemListElement":[{"@type":"ListItem","position":1,"name":"Home","item":"https:\/\/shop.merolution.de\/"},{"@type":"ListItem","position":2,"name":"Shop","item":"https:\/\/shop.merolution.de\/"},{"@type":"ListItem","position":3,"name":"Sangrita"}]},{"@type":"WebSite","@id":"https:\/\/shop.merolution.de\/#website","url":"https:\/\/shop.merolution.de\/","name":"Getr\u00e4nke Schl\u00fcter Onlineshop","description":"Ihr Getr\u00e4nke-Partner in Hannover","potentialAction":[{"@type":"SearchAction","target":{"@type":"EntryPoint","urlTemplate":"https:\/\/shop.merolution.de\/?s={search_term_string}"},"query-input":"required name=search_term_string"}],"inLanguage":"de"}]}},"_links":{"self":[{"href":"https:\/\/shop.merolution.de\/index.php\/wp-json\/wp\/v2\/product\/3373"}],"collection":[{"href":"https:\/\/shop.merolution.de\/index.php\/wp-json\/wp\/v2\/product"}],"about":[{"href":"https:\/\/shop.merolution.de\/index.php\/wp-json\/wp\/v2\/types\/product"}],"replies":[{"embeddable":true,"href":"https:\/\/shop.merolution.de\/index.php\/wp-json\/wp\/v2\/comments?post=3373"}],"wp:attachment":[{"href":"https:\/\/shop.merolution.de\/index.php\/wp-json\/wp\/v2\/media?parent=3373"}],"wp:term":[{"taxonomy":"product_cat","embeddable":true,"href":"https:\/\/shop.merolution.de\/index.php\/wp-json\/wp\/v2\/product_cat?post=3373"},{"taxonomy":"product_tag","embeddable":true,"href":"https:\/\/shop.merolution.de\/index.php\/wp-json\/wp\/v2\/product_tag?post=3373"}],"curies":[{"name":"wp","href":"https:\/\/api.w.org\/{rel}","templated":true}]}}