{"id":3575,"date":"2020-05-28T10:02:57","date_gmt":"2020-05-28T10:02:57","guid":{"rendered":"https:\/\/shop.merolution.de\/index.php\/product\/calvados-pere-magloire-vsop\/"},"modified":"2020-05-28T10:02:57","modified_gmt":"2020-05-28T10:02:57","slug":"calvados-pere-magloire-vsop","status":"publish","type":"product","link":"https:\/\/shop.merolution.de\/index.php\/product\/calvados-pere-magloire-vsop\/","title":{"rendered":"Calvados P\u00e8re Magloire VSOP"},"content":{"rendered":"<p>01\/0,70 Der Calvados wird in kleinen Holzf\u00e4ssern aus Limousin-Eiche gealtert. Obwohl diese Methode au\u00dferordentlich kostenintensiv ist, werden ausschlie\u00dflich diese kleinen F\u00e4sser benutzt, um den Calvados besser atmen und harmonischer altern zu lassen. Fast keine Gerbstoffe sind enthalten. Diese sorgf\u00e4ltig ausgesuchten F\u00e4sser werden in alten, feuchten und temperierten Kellern unmittelbar auf dem Erdboden gelagert. Appellation Pays d&#8217;Auge Contr\u00f4l\u00e9e. Calvados von Pere Magloire kommt ausschlie\u00dflich aus dem Pays d&#8217;Auge, einer Region, die daf\u00fcr bekannt ist, den besten Calvados zu produzieren. Die \u00c4pfel werden im Norden des Gebiets geerntet. Sie stammen von Streuobstwiesen, zu 91% mit Apfelb\u00e4umen bepflanzt, zu 9% mit Birnb\u00e4umen, die den Aromenreichtum wesentlich erh\u00f6hen. Der Cidre wird aus traditionellen Apfelsorten wie Bisquets, Bedan, Petit Joly und Saint Martin gewonnen. Nur der erste aus den \u00c4pfeln gepre\u00dfte Saft wird verwendet. Die Destillation wird sofort nach Beendigung der G\u00e4rung durchgef\u00fchrt, um so die Aromenvielfalt zu erhalten. Anstatt wie die meisten Calvadosproduzenten eine kontinuierliche Destillation durchzuf\u00fchren, wird der frische Cidre zweimal in kleinen Brennkolben aus dem Cognacgebiet destilliert. Nach der zweiten Destillation werden die T\u00eates, der Vorlauf und die Queues, der Nachlauf vom Herzen, dem Mittellauf, getrennt. Ausschlie\u00dflich dieser Mittelteil wird zu Calvados.<\/p>\n","protected":false},"excerpt":{"rendered":"<p>01\/0,70 Der Calvados wird in kleinen Holzf\u00e4ssern aus Limousin-Eiche gealtert. Obwohl diese Methode au\u00dferordentlich kostenintensiv ist, werden ausschlie\u00dflich diese kleinen F\u00e4sser benutzt, um den Calvados besser atmen und harmonischer altern zu lassen. Fast keine Gerbstoffe sind enthalten. Diese sorgf\u00e4ltig ausgesuchten F\u00e4sser werden in alten, feuchten und temperierten Kellern unmittelbar auf dem Erdboden gelagert. Appellation Pays d&#8217;Auge Contr\u00f4l\u00e9e. Calvados von Pere Magloire kommt ausschlie\u00dflich aus dem Pays d&#8217;Auge, einer Region, die daf\u00fcr bekannt ist, den besten Calvados zu produzieren. Die \u00c4pfel werden im Norden des Gebiets geerntet. Sie stammen von Streuobstwiesen, zu 91% mit Apfelb\u00e4umen bepflanzt, zu 9% mit Birnb\u00e4umen, die den Aromenreichtum wesentlich erh\u00f6hen. Der Cidre wird aus traditionellen Apfelsorten wie Bisquets, Bedan, Petit Joly und Saint Martin gewonnen. Nur der erste aus den \u00c4pfeln gepre\u00dfte Saft wird verwendet. Die Destillation wird sofort nach Beendigung der G\u00e4rung durchgef\u00fchrt, um so die Aromenvielfalt zu erhalten. Anstatt wie die meisten Calvadosproduzenten eine kontinuierliche Destillation durchzuf\u00fchren, wird der frische Cidre zweimal in kleinen Brennkolben aus dem Cognacgebiet destilliert. Nach der zweiten Destillation werden die T\u00eates, der Vorlauf und die Queues, der Nachlauf vom Herzen, dem Mittellauf, getrennt. Ausschlie\u00dflich dieser Mittelteil wird zu Calvados.<\/p>\n","protected":false},"featured_media":3576,"comment_status":"open","ping_status":"closed","template":"","meta":[],"product_cat":[79],"product_tag":[],"yoast_head":"<!-- This site is optimized with the Yoast SEO plugin v19.14 - https:\/\/yoast.com\/wordpress\/plugins\/seo\/ -->\n<title>Calvados P\u00e8re Magloire VSOP - Getr\u00e4nke Schl\u00fcter Onlineshop<\/title>\n<meta name=\"robots\" content=\"noindex, follow, max-snippet:-1, max-image-preview:large, max-video-preview:-1\" \/>\n<meta property=\"og:locale\" content=\"de_DE\" \/>\n<meta property=\"og:type\" content=\"article\" \/>\n<meta property=\"og:title\" content=\"Calvados P\u00e8re Magloire VSOP - Getr\u00e4nke Schl\u00fcter Onlineshop\" \/>\n<meta property=\"og:description\" content=\"01\/0,70 Der Calvados wird in kleinen Holzf\u00e4ssern aus Limousin-Eiche gealtert. Obwohl diese Methode au\u00dferordentlich kostenintensiv ist, werden ausschlie\u00dflich diese kleinen F\u00e4sser benutzt, um den Calvados besser atmen und harmonischer altern zu lassen. Fast keine Gerbstoffe sind enthalten. Diese sorgf\u00e4ltig ausgesuchten F\u00e4sser werden in alten, feuchten und temperierten Kellern unmittelbar auf dem Erdboden gelagert. Appellation Pays d&#039;Auge Contr\u00f4l\u00e9e. Calvados von Pere Magloire kommt ausschlie\u00dflich aus dem Pays d&#039;Auge, einer Region, die daf\u00fcr bekannt ist, den besten Calvados zu produzieren. Die \u00c4pfel werden im Norden des Gebiets geerntet. Sie stammen von Streuobstwiesen, zu 91% mit Apfelb\u00e4umen bepflanzt, zu 9% mit Birnb\u00e4umen, die den Aromenreichtum wesentlich erh\u00f6hen. Der Cidre wird aus traditionellen Apfelsorten wie Bisquets, Bedan, Petit Joly und Saint Martin gewonnen. Nur der erste aus den \u00c4pfeln gepre\u00dfte Saft wird verwendet. Die Destillation wird sofort nach Beendigung der G\u00e4rung durchgef\u00fchrt, um so die Aromenvielfalt zu erhalten. Anstatt wie die meisten Calvadosproduzenten eine kontinuierliche Destillation durchzuf\u00fchren, wird der frische Cidre zweimal in kleinen Brennkolben aus dem Cognacgebiet destilliert. Nach der zweiten Destillation werden die T\u00eates, der Vorlauf und die Queues, der Nachlauf vom Herzen, dem Mittellauf, getrennt. Ausschlie\u00dflich dieser Mittelteil wird zu Calvados.\" \/>\n<meta property=\"og:url\" content=\"https:\/\/shop.merolution.de\/index.php\/product\/calvados-pere-magloire-vsop\/\" \/>\n<meta property=\"og:site_name\" content=\"Getr\u00e4nke Schl\u00fcter Onlineshop\" \/>\n<meta property=\"og:image\" content=\"https:\/\/shop.merolution.de\/wp-content\/uploads\/2020\/05\/3424aPic1S1804805845_zz_Calvados-Pere-Magloire-VSOP07.jpg\" \/>\n\t<meta property=\"og:image:width\" content=\"113\" \/>\n\t<meta property=\"og:image:height\" content=\"400\" \/>\n\t<meta property=\"og:image:type\" content=\"image\/jpeg\" \/>\n<meta name=\"twitter:card\" content=\"summary_large_image\" \/>\n<meta name=\"twitter:label1\" content=\"Gesch\u00e4tzte Lesezeit\" \/>\n\t<meta name=\"twitter:data1\" content=\"1\u00a0Minute\" \/>\n<script type=\"application\/ld+json\" class=\"yoast-schema-graph\">{\"@context\":\"https:\/\/schema.org\",\"@graph\":[{\"@type\":\"WebPage\",\"@id\":\"https:\/\/shop.merolution.de\/index.php\/product\/calvados-pere-magloire-vsop\/\",\"url\":\"https:\/\/shop.merolution.de\/index.php\/product\/calvados-pere-magloire-vsop\/\",\"name\":\"Calvados P\u00e8re Magloire VSOP - Getr\u00e4nke Schl\u00fcter Onlineshop\",\"isPartOf\":{\"@id\":\"https:\/\/shop.merolution.de\/#website\"},\"datePublished\":\"2020-05-28T10:02:57+00:00\",\"dateModified\":\"2020-05-28T10:02:57+00:00\",\"breadcrumb\":{\"@id\":\"https:\/\/shop.merolution.de\/index.php\/product\/calvados-pere-magloire-vsop\/#breadcrumb\"},\"inLanguage\":\"de\",\"potentialAction\":[{\"@type\":\"ReadAction\",\"target\":[\"https:\/\/shop.merolution.de\/index.php\/product\/calvados-pere-magloire-vsop\/\"]}]},{\"@type\":\"BreadcrumbList\",\"@id\":\"https:\/\/shop.merolution.de\/index.php\/product\/calvados-pere-magloire-vsop\/#breadcrumb\",\"itemListElement\":[{\"@type\":\"ListItem\",\"position\":1,\"name\":\"Home\",\"item\":\"https:\/\/shop.merolution.de\/\"},{\"@type\":\"ListItem\",\"position\":2,\"name\":\"Shop\",\"item\":\"https:\/\/shop.merolution.de\/\"},{\"@type\":\"ListItem\",\"position\":3,\"name\":\"Calvados P\u00e8re Magloire VSOP\"}]},{\"@type\":\"WebSite\",\"@id\":\"https:\/\/shop.merolution.de\/#website\",\"url\":\"https:\/\/shop.merolution.de\/\",\"name\":\"Getr\u00e4nke Schl\u00fcter Onlineshop\",\"description\":\"Ihr Getr\u00e4nke-Partner in Hannover\",\"potentialAction\":[{\"@type\":\"SearchAction\",\"target\":{\"@type\":\"EntryPoint\",\"urlTemplate\":\"https:\/\/shop.merolution.de\/?s={search_term_string}\"},\"query-input\":\"required name=search_term_string\"}],\"inLanguage\":\"de\"}]}<\/script>\n<!-- \/ Yoast SEO plugin. -->","yoast_head_json":{"title":"Calvados P\u00e8re Magloire VSOP - Getr\u00e4nke Schl\u00fcter Onlineshop","robots":{"index":"noindex","follow":"follow","max-snippet":"max-snippet:-1","max-image-preview":"max-image-preview:large","max-video-preview":"max-video-preview:-1"},"og_locale":"de_DE","og_type":"article","og_title":"Calvados P\u00e8re Magloire VSOP - Getr\u00e4nke Schl\u00fcter Onlineshop","og_description":"01\/0,70 Der Calvados wird in kleinen Holzf\u00e4ssern aus Limousin-Eiche gealtert. Obwohl diese Methode au\u00dferordentlich kostenintensiv ist, werden ausschlie\u00dflich diese kleinen F\u00e4sser benutzt, um den Calvados besser atmen und harmonischer altern zu lassen. Fast keine Gerbstoffe sind enthalten. Diese sorgf\u00e4ltig ausgesuchten F\u00e4sser werden in alten, feuchten und temperierten Kellern unmittelbar auf dem Erdboden gelagert. Appellation Pays d'Auge Contr\u00f4l\u00e9e. Calvados von Pere Magloire kommt ausschlie\u00dflich aus dem Pays d'Auge, einer Region, die daf\u00fcr bekannt ist, den besten Calvados zu produzieren. Die \u00c4pfel werden im Norden des Gebiets geerntet. Sie stammen von Streuobstwiesen, zu 91% mit Apfelb\u00e4umen bepflanzt, zu 9% mit Birnb\u00e4umen, die den Aromenreichtum wesentlich erh\u00f6hen. Der Cidre wird aus traditionellen Apfelsorten wie Bisquets, Bedan, Petit Joly und Saint Martin gewonnen. Nur der erste aus den \u00c4pfeln gepre\u00dfte Saft wird verwendet. Die Destillation wird sofort nach Beendigung der G\u00e4rung durchgef\u00fchrt, um so die Aromenvielfalt zu erhalten. Anstatt wie die meisten Calvadosproduzenten eine kontinuierliche Destillation durchzuf\u00fchren, wird der frische Cidre zweimal in kleinen Brennkolben aus dem Cognacgebiet destilliert. Nach der zweiten Destillation werden die T\u00eates, der Vorlauf und die Queues, der Nachlauf vom Herzen, dem Mittellauf, getrennt. Ausschlie\u00dflich dieser Mittelteil wird zu Calvados.","og_url":"https:\/\/shop.merolution.de\/index.php\/product\/calvados-pere-magloire-vsop\/","og_site_name":"Getr\u00e4nke Schl\u00fcter Onlineshop","og_image":[{"width":113,"height":400,"url":"https:\/\/shop.merolution.de\/wp-content\/uploads\/2020\/05\/3424aPic1S1804805845_zz_Calvados-Pere-Magloire-VSOP07.jpg","type":"image\/jpeg"}],"twitter_card":"summary_large_image","twitter_misc":{"Gesch\u00e4tzte Lesezeit":"1\u00a0Minute"},"schema":{"@context":"https:\/\/schema.org","@graph":[{"@type":"WebPage","@id":"https:\/\/shop.merolution.de\/index.php\/product\/calvados-pere-magloire-vsop\/","url":"https:\/\/shop.merolution.de\/index.php\/product\/calvados-pere-magloire-vsop\/","name":"Calvados P\u00e8re Magloire VSOP - Getr\u00e4nke Schl\u00fcter Onlineshop","isPartOf":{"@id":"https:\/\/shop.merolution.de\/#website"},"datePublished":"2020-05-28T10:02:57+00:00","dateModified":"2020-05-28T10:02:57+00:00","breadcrumb":{"@id":"https:\/\/shop.merolution.de\/index.php\/product\/calvados-pere-magloire-vsop\/#breadcrumb"},"inLanguage":"de","potentialAction":[{"@type":"ReadAction","target":["https:\/\/shop.merolution.de\/index.php\/product\/calvados-pere-magloire-vsop\/"]}]},{"@type":"BreadcrumbList","@id":"https:\/\/shop.merolution.de\/index.php\/product\/calvados-pere-magloire-vsop\/#breadcrumb","itemListElement":[{"@type":"ListItem","position":1,"name":"Home","item":"https:\/\/shop.merolution.de\/"},{"@type":"ListItem","position":2,"name":"Shop","item":"https:\/\/shop.merolution.de\/"},{"@type":"ListItem","position":3,"name":"Calvados P\u00e8re Magloire VSOP"}]},{"@type":"WebSite","@id":"https:\/\/shop.merolution.de\/#website","url":"https:\/\/shop.merolution.de\/","name":"Getr\u00e4nke Schl\u00fcter Onlineshop","description":"Ihr Getr\u00e4nke-Partner in Hannover","potentialAction":[{"@type":"SearchAction","target":{"@type":"EntryPoint","urlTemplate":"https:\/\/shop.merolution.de\/?s={search_term_string}"},"query-input":"required name=search_term_string"}],"inLanguage":"de"}]}},"_links":{"self":[{"href":"https:\/\/shop.merolution.de\/index.php\/wp-json\/wp\/v2\/product\/3575"}],"collection":[{"href":"https:\/\/shop.merolution.de\/index.php\/wp-json\/wp\/v2\/product"}],"about":[{"href":"https:\/\/shop.merolution.de\/index.php\/wp-json\/wp\/v2\/types\/product"}],"replies":[{"embeddable":true,"href":"https:\/\/shop.merolution.de\/index.php\/wp-json\/wp\/v2\/comments?post=3575"}],"wp:featuredmedia":[{"embeddable":true,"href":"https:\/\/shop.merolution.de\/index.php\/wp-json\/wp\/v2\/media\/3576"}],"wp:attachment":[{"href":"https:\/\/shop.merolution.de\/index.php\/wp-json\/wp\/v2\/media?parent=3575"}],"wp:term":[{"taxonomy":"product_cat","embeddable":true,"href":"https:\/\/shop.merolution.de\/index.php\/wp-json\/wp\/v2\/product_cat?post=3575"},{"taxonomy":"product_tag","embeddable":true,"href":"https:\/\/shop.merolution.de\/index.php\/wp-json\/wp\/v2\/product_tag?post=3575"}],"curies":[{"name":"wp","href":"https:\/\/api.w.org\/{rel}","templated":true}]}}