{"id":3579,"date":"2020-05-28T10:02:57","date_gmt":"2020-05-28T10:02:57","guid":{"rendered":"https:\/\/shop.merolution.de\/index.php\/product\/helbing-feiner-kuemmel\/"},"modified":"2020-05-28T10:02:57","modified_gmt":"2020-05-28T10:02:57","slug":"helbing-feiner-kuemmel","status":"publish","type":"product","link":"https:\/\/shop.merolution.de\/index.php\/product\/helbing-feiner-kuemmel\/","title":{"rendered":"Helbing feiner K\u00fcmmel"},"content":{"rendered":"<p>01\/0,70 &#8211; 35vol% Zur Herstellung von Helbing Hamburgs feiner K\u00fcmmel werden feinste K\u00fcmmelsamen und reinster Getreidealkohol der h\u00f6chsten Qualit\u00e4tsstufe &#8222;extra fein&#8220; verwendet. Helbing, &#8222;das Original&#8220;, wird seit der Gr\u00fcndung 1836 in Hamburg hergestellt. Erfinder der aufwendigen Rezeptur f\u00fcr diesen feinen K\u00fcmmel war der damals 29j\u00e4hrige Johann Peter Heinrich Helbing, der einer alten Brenner-Familie entstammte. Aus dem kleinen Betrieb mit f\u00fcnf Mitarbeitern entwickelte sich bis zur Jahrhundertwende das gr\u00f6\u00dfte Spirituosenunternehmen Deutschlands. Nach wechselvoller Geschichte \u00fcbernahm 1975 Borco-Marken-Import die Firma Heinrich Helbing GmbH. Nach dem geheimen Rezept, von Generation zu Generation \u00fcbertragen und heute von der Inhaberfamilie wohlbeh\u00fctet, wird Helbing Hamburgs feiner K\u00fcmmel unver\u00e4ndert wie vor \u00fcber 160 Jahren hergestellt. Helbing Hamburgs feiner K\u00fcmmel (35 % vol) zeichnet sich durch sein vollendetes, feinblumiges Aroma aus. Er ist in den Flaschengr\u00f6\u00dfen 0,7 l und 1,0 l erh\u00e4ltlich. Am besten genie\u00dft man Helbing eisgek\u00fchlt aus geeisten Gl\u00e4sern mit hohem Stiel.<\/p>\n","protected":false},"excerpt":{"rendered":"<p>01\/0,70 &#8211; 35vol% Zur Herstellung von Helbing Hamburgs feiner K\u00fcmmel werden feinste K\u00fcmmelsamen und reinster Getreidealkohol der h\u00f6chsten Qualit\u00e4tsstufe &#8222;extra fein&#8220; verwendet. Helbing, &#8222;das Original&#8220;, wird seit der Gr\u00fcndung 1836 in Hamburg hergestellt. Erfinder der aufwendigen Rezeptur f\u00fcr diesen feinen K\u00fcmmel war der damals 29j\u00e4hrige Johann Peter Heinrich Helbing, der einer alten Brenner-Familie entstammte. Aus dem kleinen Betrieb mit f\u00fcnf Mitarbeitern entwickelte sich bis zur Jahrhundertwende das gr\u00f6\u00dfte Spirituosenunternehmen Deutschlands. Nach wechselvoller Geschichte \u00fcbernahm 1975 Borco-Marken-Import die Firma Heinrich Helbing GmbH. Nach dem geheimen Rezept, von Generation zu Generation \u00fcbertragen und heute von der Inhaberfamilie wohlbeh\u00fctet, wird Helbing Hamburgs feiner K\u00fcmmel unver\u00e4ndert wie vor \u00fcber 160 Jahren hergestellt. Helbing Hamburgs feiner K\u00fcmmel (35 % vol) zeichnet sich durch sein vollendetes, feinblumiges Aroma aus. Er ist in den Flaschengr\u00f6\u00dfen 0,7 l und 1,0 l erh\u00e4ltlich. Am besten genie\u00dft man Helbing eisgek\u00fchlt aus geeisten Gl\u00e4sern mit hohem Stiel.<\/p>\n","protected":false},"featured_media":3580,"comment_status":"open","ping_status":"closed","template":"","meta":[],"product_cat":[79],"product_tag":[],"yoast_head":"<!-- This site is optimized with the Yoast SEO plugin v19.14 - https:\/\/yoast.com\/wordpress\/plugins\/seo\/ -->\n<title>Helbing feiner K\u00fcmmel - Getr\u00e4nke Schl\u00fcter Onlineshop<\/title>\n<meta name=\"robots\" content=\"noindex, follow, max-snippet:-1, max-image-preview:large, max-video-preview:-1\" \/>\n<meta property=\"og:locale\" content=\"de_DE\" \/>\n<meta property=\"og:type\" content=\"article\" \/>\n<meta property=\"og:title\" content=\"Helbing feiner K\u00fcmmel - Getr\u00e4nke Schl\u00fcter Onlineshop\" \/>\n<meta property=\"og:description\" content=\"01\/0,70 - 35vol% Zur Herstellung von Helbing Hamburgs feiner K\u00fcmmel werden feinste K\u00fcmmelsamen und reinster Getreidealkohol der h\u00f6chsten Qualit\u00e4tsstufe &quot;extra fein&quot; verwendet. Helbing, &quot;das Original&quot;, wird seit der Gr\u00fcndung 1836 in Hamburg hergestellt. Erfinder der aufwendigen Rezeptur f\u00fcr diesen feinen K\u00fcmmel war der damals 29j\u00e4hrige Johann Peter Heinrich Helbing, der einer alten Brenner-Familie entstammte. Aus dem kleinen Betrieb mit f\u00fcnf Mitarbeitern entwickelte sich bis zur Jahrhundertwende das gr\u00f6\u00dfte Spirituosenunternehmen Deutschlands. Nach wechselvoller Geschichte \u00fcbernahm 1975 Borco-Marken-Import die Firma Heinrich Helbing GmbH. Nach dem geheimen Rezept, von Generation zu Generation \u00fcbertragen und heute von der Inhaberfamilie wohlbeh\u00fctet, wird Helbing Hamburgs feiner K\u00fcmmel unver\u00e4ndert wie vor \u00fcber 160 Jahren hergestellt. Helbing Hamburgs feiner K\u00fcmmel (35 % vol) zeichnet sich durch sein vollendetes, feinblumiges Aroma aus. Er ist in den Flaschengr\u00f6\u00dfen 0,7 l und 1,0 l erh\u00e4ltlich. Am besten genie\u00dft man Helbing eisgek\u00fchlt aus geeisten Gl\u00e4sern mit hohem Stiel.\" \/>\n<meta property=\"og:url\" content=\"https:\/\/shop.merolution.de\/index.php\/product\/helbing-feiner-kuemmel\/\" \/>\n<meta property=\"og:site_name\" content=\"Getr\u00e4nke Schl\u00fcter Onlineshop\" \/>\n<meta property=\"og:image\" content=\"https:\/\/shop.merolution.de\/wp-content\/uploads\/2020\/05\/3438aPic1S1036724673_zz_helbing_07l.jpg\" \/>\n\t<meta property=\"og:image:width\" content=\"103\" \/>\n\t<meta property=\"og:image:height\" content=\"108\" \/>\n\t<meta property=\"og:image:type\" content=\"image\/jpeg\" \/>\n<meta name=\"twitter:card\" content=\"summary_large_image\" \/>\n<meta name=\"twitter:label1\" content=\"Gesch\u00e4tzte Lesezeit\" \/>\n\t<meta name=\"twitter:data1\" content=\"1\u00a0Minute\" \/>\n<script type=\"application\/ld+json\" class=\"yoast-schema-graph\">{\"@context\":\"https:\/\/schema.org\",\"@graph\":[{\"@type\":\"WebPage\",\"@id\":\"https:\/\/shop.merolution.de\/index.php\/product\/helbing-feiner-kuemmel\/\",\"url\":\"https:\/\/shop.merolution.de\/index.php\/product\/helbing-feiner-kuemmel\/\",\"name\":\"Helbing feiner K\u00fcmmel - Getr\u00e4nke Schl\u00fcter Onlineshop\",\"isPartOf\":{\"@id\":\"https:\/\/shop.merolution.de\/#website\"},\"datePublished\":\"2020-05-28T10:02:57+00:00\",\"dateModified\":\"2020-05-28T10:02:57+00:00\",\"breadcrumb\":{\"@id\":\"https:\/\/shop.merolution.de\/index.php\/product\/helbing-feiner-kuemmel\/#breadcrumb\"},\"inLanguage\":\"de\",\"potentialAction\":[{\"@type\":\"ReadAction\",\"target\":[\"https:\/\/shop.merolution.de\/index.php\/product\/helbing-feiner-kuemmel\/\"]}]},{\"@type\":\"BreadcrumbList\",\"@id\":\"https:\/\/shop.merolution.de\/index.php\/product\/helbing-feiner-kuemmel\/#breadcrumb\",\"itemListElement\":[{\"@type\":\"ListItem\",\"position\":1,\"name\":\"Home\",\"item\":\"https:\/\/shop.merolution.de\/\"},{\"@type\":\"ListItem\",\"position\":2,\"name\":\"Shop\",\"item\":\"https:\/\/shop.merolution.de\/\"},{\"@type\":\"ListItem\",\"position\":3,\"name\":\"Helbing feiner K\u00fcmmel\"}]},{\"@type\":\"WebSite\",\"@id\":\"https:\/\/shop.merolution.de\/#website\",\"url\":\"https:\/\/shop.merolution.de\/\",\"name\":\"Getr\u00e4nke Schl\u00fcter Onlineshop\",\"description\":\"Ihr Getr\u00e4nke-Partner in Hannover\",\"potentialAction\":[{\"@type\":\"SearchAction\",\"target\":{\"@type\":\"EntryPoint\",\"urlTemplate\":\"https:\/\/shop.merolution.de\/?s={search_term_string}\"},\"query-input\":\"required name=search_term_string\"}],\"inLanguage\":\"de\"}]}<\/script>\n<!-- \/ Yoast SEO plugin. -->","yoast_head_json":{"title":"Helbing feiner K\u00fcmmel - Getr\u00e4nke Schl\u00fcter Onlineshop","robots":{"index":"noindex","follow":"follow","max-snippet":"max-snippet:-1","max-image-preview":"max-image-preview:large","max-video-preview":"max-video-preview:-1"},"og_locale":"de_DE","og_type":"article","og_title":"Helbing feiner K\u00fcmmel - Getr\u00e4nke Schl\u00fcter Onlineshop","og_description":"01\/0,70 - 35vol% Zur Herstellung von Helbing Hamburgs feiner K\u00fcmmel werden feinste K\u00fcmmelsamen und reinster Getreidealkohol der h\u00f6chsten Qualit\u00e4tsstufe \"extra fein\" verwendet. Helbing, \"das Original\", wird seit der Gr\u00fcndung 1836 in Hamburg hergestellt. Erfinder der aufwendigen Rezeptur f\u00fcr diesen feinen K\u00fcmmel war der damals 29j\u00e4hrige Johann Peter Heinrich Helbing, der einer alten Brenner-Familie entstammte. Aus dem kleinen Betrieb mit f\u00fcnf Mitarbeitern entwickelte sich bis zur Jahrhundertwende das gr\u00f6\u00dfte Spirituosenunternehmen Deutschlands. Nach wechselvoller Geschichte \u00fcbernahm 1975 Borco-Marken-Import die Firma Heinrich Helbing GmbH. Nach dem geheimen Rezept, von Generation zu Generation \u00fcbertragen und heute von der Inhaberfamilie wohlbeh\u00fctet, wird Helbing Hamburgs feiner K\u00fcmmel unver\u00e4ndert wie vor \u00fcber 160 Jahren hergestellt. Helbing Hamburgs feiner K\u00fcmmel (35 % vol) zeichnet sich durch sein vollendetes, feinblumiges Aroma aus. Er ist in den Flaschengr\u00f6\u00dfen 0,7 l und 1,0 l erh\u00e4ltlich. Am besten genie\u00dft man Helbing eisgek\u00fchlt aus geeisten Gl\u00e4sern mit hohem Stiel.","og_url":"https:\/\/shop.merolution.de\/index.php\/product\/helbing-feiner-kuemmel\/","og_site_name":"Getr\u00e4nke Schl\u00fcter Onlineshop","og_image":[{"width":103,"height":108,"url":"https:\/\/shop.merolution.de\/wp-content\/uploads\/2020\/05\/3438aPic1S1036724673_zz_helbing_07l.jpg","type":"image\/jpeg"}],"twitter_card":"summary_large_image","twitter_misc":{"Gesch\u00e4tzte Lesezeit":"1\u00a0Minute"},"schema":{"@context":"https:\/\/schema.org","@graph":[{"@type":"WebPage","@id":"https:\/\/shop.merolution.de\/index.php\/product\/helbing-feiner-kuemmel\/","url":"https:\/\/shop.merolution.de\/index.php\/product\/helbing-feiner-kuemmel\/","name":"Helbing feiner K\u00fcmmel - Getr\u00e4nke Schl\u00fcter Onlineshop","isPartOf":{"@id":"https:\/\/shop.merolution.de\/#website"},"datePublished":"2020-05-28T10:02:57+00:00","dateModified":"2020-05-28T10:02:57+00:00","breadcrumb":{"@id":"https:\/\/shop.merolution.de\/index.php\/product\/helbing-feiner-kuemmel\/#breadcrumb"},"inLanguage":"de","potentialAction":[{"@type":"ReadAction","target":["https:\/\/shop.merolution.de\/index.php\/product\/helbing-feiner-kuemmel\/"]}]},{"@type":"BreadcrumbList","@id":"https:\/\/shop.merolution.de\/index.php\/product\/helbing-feiner-kuemmel\/#breadcrumb","itemListElement":[{"@type":"ListItem","position":1,"name":"Home","item":"https:\/\/shop.merolution.de\/"},{"@type":"ListItem","position":2,"name":"Shop","item":"https:\/\/shop.merolution.de\/"},{"@type":"ListItem","position":3,"name":"Helbing feiner K\u00fcmmel"}]},{"@type":"WebSite","@id":"https:\/\/shop.merolution.de\/#website","url":"https:\/\/shop.merolution.de\/","name":"Getr\u00e4nke Schl\u00fcter Onlineshop","description":"Ihr Getr\u00e4nke-Partner in Hannover","potentialAction":[{"@type":"SearchAction","target":{"@type":"EntryPoint","urlTemplate":"https:\/\/shop.merolution.de\/?s={search_term_string}"},"query-input":"required name=search_term_string"}],"inLanguage":"de"}]}},"_links":{"self":[{"href":"https:\/\/shop.merolution.de\/index.php\/wp-json\/wp\/v2\/product\/3579"}],"collection":[{"href":"https:\/\/shop.merolution.de\/index.php\/wp-json\/wp\/v2\/product"}],"about":[{"href":"https:\/\/shop.merolution.de\/index.php\/wp-json\/wp\/v2\/types\/product"}],"replies":[{"embeddable":true,"href":"https:\/\/shop.merolution.de\/index.php\/wp-json\/wp\/v2\/comments?post=3579"}],"wp:featuredmedia":[{"embeddable":true,"href":"https:\/\/shop.merolution.de\/index.php\/wp-json\/wp\/v2\/media\/3580"}],"wp:attachment":[{"href":"https:\/\/shop.merolution.de\/index.php\/wp-json\/wp\/v2\/media?parent=3579"}],"wp:term":[{"taxonomy":"product_cat","embeddable":true,"href":"https:\/\/shop.merolution.de\/index.php\/wp-json\/wp\/v2\/product_cat?post=3579"},{"taxonomy":"product_tag","embeddable":true,"href":"https:\/\/shop.merolution.de\/index.php\/wp-json\/wp\/v2\/product_tag?post=3579"}],"curies":[{"name":"wp","href":"https:\/\/api.w.org\/{rel}","templated":true}]}}