{"id":3593,"date":"2020-05-28T10:03:00","date_gmt":"2020-05-28T10:03:00","guid":{"rendered":"https:\/\/shop.merolution.de\/index.php\/product\/ziegler-alte-zwetschge-43vol\/"},"modified":"2020-05-28T10:03:00","modified_gmt":"2020-05-28T10:03:00","slug":"ziegler-alte-zwetschge-43vol","status":"publish","type":"product","link":"https:\/\/shop.merolution.de\/index.php\/product\/ziegler-alte-zwetschge-43vol\/","title":{"rendered":"Ziegler alte Zwetschge 43vol%"},"content":{"rendered":"<p>01\/0,35 -43,0vol%-PRODUKTBESCHREIBUNG:Die Zwetschgen f\u00fcr diesen Brand werden sehr sp\u00e4t geerntet. Dies bewahrt dem Brand eine intensive Fruchts\u00fc\u00dfe.Die anschlie\u00dfende Lagerung in Eichen- und Kastanienf\u00e4ssern verleiht dem Brand eine warme dunkleFarbe und ein feinstoffiges Aroma mit einem Hauch von Maronen.F\u00fcr eine Flasche 0,35 l ben\u00f6tigt man 7,5 kg Pflaumen.ARGUMENTATION:Ein sehr aromatisches Produkt. Als Digestif oder als Erg\u00e4nzung zu einem Kaffee oder Schokoladengeb\u00e4ck,Pralinen. Hervorragend geeignet zur Zigarre.SENSORIK: Geschmack: Glatt und elegant im Abgang, lang und fruchtig, weich und mild, rassige Kraft,hocharomatisch.Geruch: Sortentypisches Fruchtaroma, leicht blumig, zart duftend, fruchtig frisch.<\/p>\n","protected":false},"excerpt":{"rendered":"<p>01\/0,35 -43,0vol%-PRODUKTBESCHREIBUNG:Die Zwetschgen f\u00fcr diesen Brand werden sehr sp\u00e4t geerntet. Dies bewahrt dem Brand eine intensive Fruchts\u00fc\u00dfe.Die anschlie\u00dfende Lagerung in Eichen- und Kastanienf\u00e4ssern verleiht dem Brand eine warme dunkleFarbe und ein feinstoffiges Aroma mit einem Hauch von Maronen.F\u00fcr eine Flasche 0,35 l ben\u00f6tigt man 7,5 kg Pflaumen.ARGUMENTATION:Ein sehr aromatisches Produkt. Als Digestif oder als Erg\u00e4nzung zu einem Kaffee oder Schokoladengeb\u00e4ck,Pralinen. Hervorragend geeignet zur Zigarre.SENSORIK: Geschmack: Glatt und elegant im Abgang, lang und fruchtig, weich und mild, rassige Kraft,hocharomatisch.Geruch: Sortentypisches Fruchtaroma, leicht blumig, zart duftend, fruchtig frisch.<\/p>\n","protected":false},"featured_media":3594,"comment_status":"open","ping_status":"closed","template":"","meta":[],"product_cat":[79],"product_tag":[],"yoast_head":"<!-- This site is optimized with the Yoast SEO plugin v19.14 - https:\/\/yoast.com\/wordpress\/plugins\/seo\/ -->\n<title>Ziegler alte Zwetschge 43vol% - Getr\u00e4nke Schl\u00fcter Onlineshop<\/title>\n<meta name=\"robots\" content=\"noindex, follow, max-snippet:-1, max-image-preview:large, max-video-preview:-1\" \/>\n<meta property=\"og:locale\" content=\"de_DE\" \/>\n<meta property=\"og:type\" content=\"article\" \/>\n<meta property=\"og:title\" content=\"Ziegler alte Zwetschge 43vol% - Getr\u00e4nke Schl\u00fcter Onlineshop\" \/>\n<meta property=\"og:description\" content=\"01\/0,35 -43,0vol%-PRODUKTBESCHREIBUNG:Die Zwetschgen f\u00fcr diesen Brand werden sehr sp\u00e4t geerntet. Dies bewahrt dem Brand eine intensive Fruchts\u00fc\u00dfe.Die anschlie\u00dfende Lagerung in Eichen- und Kastanienf\u00e4ssern verleiht dem Brand eine warme dunkleFarbe und ein feinstoffiges Aroma mit einem Hauch von Maronen.F\u00fcr eine Flasche 0,35 l ben\u00f6tigt man 7,5 kg Pflaumen.ARGUMENTATION:Ein sehr aromatisches Produkt. Als Digestif oder als Erg\u00e4nzung zu einem Kaffee oder Schokoladengeb\u00e4ck,Pralinen. Hervorragend geeignet zur Zigarre.SENSORIK: Geschmack: Glatt und elegant im Abgang, lang und fruchtig, weich und mild, rassige Kraft,hocharomatisch.Geruch: Sortentypisches Fruchtaroma, leicht blumig, zart duftend, fruchtig frisch.\" \/>\n<meta property=\"og:url\" content=\"https:\/\/shop.merolution.de\/index.php\/product\/ziegler-alte-zwetschge-43vol\/\" \/>\n<meta property=\"og:site_name\" content=\"Getr\u00e4nke Schl\u00fcter Onlineshop\" \/>\n<meta property=\"og:image\" content=\"https:\/\/shop.merolution.de\/wp-content\/uploads\/2020\/05\/3608aPic1S1269193297_zz_Ziegler_alte_Zwetschge_02C35.jpg\" \/>\n\t<meta property=\"og:image:width\" content=\"150\" \/>\n\t<meta property=\"og:image:height\" content=\"229\" \/>\n\t<meta property=\"og:image:type\" content=\"image\/jpeg\" \/>\n<meta name=\"twitter:card\" content=\"summary_large_image\" \/>\n<meta name=\"twitter:label1\" content=\"Gesch\u00e4tzte Lesezeit\" \/>\n\t<meta name=\"twitter:data1\" content=\"1\u00a0Minute\" \/>\n<script type=\"application\/ld+json\" class=\"yoast-schema-graph\">{\"@context\":\"https:\/\/schema.org\",\"@graph\":[{\"@type\":\"WebPage\",\"@id\":\"https:\/\/shop.merolution.de\/index.php\/product\/ziegler-alte-zwetschge-43vol\/\",\"url\":\"https:\/\/shop.merolution.de\/index.php\/product\/ziegler-alte-zwetschge-43vol\/\",\"name\":\"Ziegler alte Zwetschge 43vol% - Getr\u00e4nke Schl\u00fcter Onlineshop\",\"isPartOf\":{\"@id\":\"https:\/\/shop.merolution.de\/#website\"},\"datePublished\":\"2020-05-28T10:03:00+00:00\",\"dateModified\":\"2020-05-28T10:03:00+00:00\",\"breadcrumb\":{\"@id\":\"https:\/\/shop.merolution.de\/index.php\/product\/ziegler-alte-zwetschge-43vol\/#breadcrumb\"},\"inLanguage\":\"de\",\"potentialAction\":[{\"@type\":\"ReadAction\",\"target\":[\"https:\/\/shop.merolution.de\/index.php\/product\/ziegler-alte-zwetschge-43vol\/\"]}]},{\"@type\":\"BreadcrumbList\",\"@id\":\"https:\/\/shop.merolution.de\/index.php\/product\/ziegler-alte-zwetschge-43vol\/#breadcrumb\",\"itemListElement\":[{\"@type\":\"ListItem\",\"position\":1,\"name\":\"Home\",\"item\":\"https:\/\/shop.merolution.de\/\"},{\"@type\":\"ListItem\",\"position\":2,\"name\":\"Shop\",\"item\":\"https:\/\/shop.merolution.de\/\"},{\"@type\":\"ListItem\",\"position\":3,\"name\":\"Ziegler alte Zwetschge 43vol%\"}]},{\"@type\":\"WebSite\",\"@id\":\"https:\/\/shop.merolution.de\/#website\",\"url\":\"https:\/\/shop.merolution.de\/\",\"name\":\"Getr\u00e4nke Schl\u00fcter Onlineshop\",\"description\":\"Ihr Getr\u00e4nke-Partner in Hannover\",\"potentialAction\":[{\"@type\":\"SearchAction\",\"target\":{\"@type\":\"EntryPoint\",\"urlTemplate\":\"https:\/\/shop.merolution.de\/?s={search_term_string}\"},\"query-input\":\"required name=search_term_string\"}],\"inLanguage\":\"de\"}]}<\/script>\n<!-- \/ Yoast SEO plugin. -->","yoast_head_json":{"title":"Ziegler alte Zwetschge 43vol% - Getr\u00e4nke Schl\u00fcter Onlineshop","robots":{"index":"noindex","follow":"follow","max-snippet":"max-snippet:-1","max-image-preview":"max-image-preview:large","max-video-preview":"max-video-preview:-1"},"og_locale":"de_DE","og_type":"article","og_title":"Ziegler alte Zwetschge 43vol% - Getr\u00e4nke Schl\u00fcter Onlineshop","og_description":"01\/0,35 -43,0vol%-PRODUKTBESCHREIBUNG:Die Zwetschgen f\u00fcr diesen Brand werden sehr sp\u00e4t geerntet. Dies bewahrt dem Brand eine intensive Fruchts\u00fc\u00dfe.Die anschlie\u00dfende Lagerung in Eichen- und Kastanienf\u00e4ssern verleiht dem Brand eine warme dunkleFarbe und ein feinstoffiges Aroma mit einem Hauch von Maronen.F\u00fcr eine Flasche 0,35 l ben\u00f6tigt man 7,5 kg Pflaumen.ARGUMENTATION:Ein sehr aromatisches Produkt. Als Digestif oder als Erg\u00e4nzung zu einem Kaffee oder Schokoladengeb\u00e4ck,Pralinen. Hervorragend geeignet zur Zigarre.SENSORIK: Geschmack: Glatt und elegant im Abgang, lang und fruchtig, weich und mild, rassige Kraft,hocharomatisch.Geruch: Sortentypisches Fruchtaroma, leicht blumig, zart duftend, fruchtig frisch.","og_url":"https:\/\/shop.merolution.de\/index.php\/product\/ziegler-alte-zwetschge-43vol\/","og_site_name":"Getr\u00e4nke Schl\u00fcter Onlineshop","og_image":[{"width":150,"height":229,"url":"https:\/\/shop.merolution.de\/wp-content\/uploads\/2020\/05\/3608aPic1S1269193297_zz_Ziegler_alte_Zwetschge_02C35.jpg","type":"image\/jpeg"}],"twitter_card":"summary_large_image","twitter_misc":{"Gesch\u00e4tzte Lesezeit":"1\u00a0Minute"},"schema":{"@context":"https:\/\/schema.org","@graph":[{"@type":"WebPage","@id":"https:\/\/shop.merolution.de\/index.php\/product\/ziegler-alte-zwetschge-43vol\/","url":"https:\/\/shop.merolution.de\/index.php\/product\/ziegler-alte-zwetschge-43vol\/","name":"Ziegler alte Zwetschge 43vol% - Getr\u00e4nke Schl\u00fcter Onlineshop","isPartOf":{"@id":"https:\/\/shop.merolution.de\/#website"},"datePublished":"2020-05-28T10:03:00+00:00","dateModified":"2020-05-28T10:03:00+00:00","breadcrumb":{"@id":"https:\/\/shop.merolution.de\/index.php\/product\/ziegler-alte-zwetschge-43vol\/#breadcrumb"},"inLanguage":"de","potentialAction":[{"@type":"ReadAction","target":["https:\/\/shop.merolution.de\/index.php\/product\/ziegler-alte-zwetschge-43vol\/"]}]},{"@type":"BreadcrumbList","@id":"https:\/\/shop.merolution.de\/index.php\/product\/ziegler-alte-zwetschge-43vol\/#breadcrumb","itemListElement":[{"@type":"ListItem","position":1,"name":"Home","item":"https:\/\/shop.merolution.de\/"},{"@type":"ListItem","position":2,"name":"Shop","item":"https:\/\/shop.merolution.de\/"},{"@type":"ListItem","position":3,"name":"Ziegler alte Zwetschge 43vol%"}]},{"@type":"WebSite","@id":"https:\/\/shop.merolution.de\/#website","url":"https:\/\/shop.merolution.de\/","name":"Getr\u00e4nke Schl\u00fcter Onlineshop","description":"Ihr Getr\u00e4nke-Partner in Hannover","potentialAction":[{"@type":"SearchAction","target":{"@type":"EntryPoint","urlTemplate":"https:\/\/shop.merolution.de\/?s={search_term_string}"},"query-input":"required name=search_term_string"}],"inLanguage":"de"}]}},"_links":{"self":[{"href":"https:\/\/shop.merolution.de\/index.php\/wp-json\/wp\/v2\/product\/3593"}],"collection":[{"href":"https:\/\/shop.merolution.de\/index.php\/wp-json\/wp\/v2\/product"}],"about":[{"href":"https:\/\/shop.merolution.de\/index.php\/wp-json\/wp\/v2\/types\/product"}],"replies":[{"embeddable":true,"href":"https:\/\/shop.merolution.de\/index.php\/wp-json\/wp\/v2\/comments?post=3593"}],"wp:featuredmedia":[{"embeddable":true,"href":"https:\/\/shop.merolution.de\/index.php\/wp-json\/wp\/v2\/media\/3594"}],"wp:attachment":[{"href":"https:\/\/shop.merolution.de\/index.php\/wp-json\/wp\/v2\/media?parent=3593"}],"wp:term":[{"taxonomy":"product_cat","embeddable":true,"href":"https:\/\/shop.merolution.de\/index.php\/wp-json\/wp\/v2\/product_cat?post=3593"},{"taxonomy":"product_tag","embeddable":true,"href":"https:\/\/shop.merolution.de\/index.php\/wp-json\/wp\/v2\/product_tag?post=3593"}],"curies":[{"name":"wp","href":"https:\/\/api.w.org\/{rel}","templated":true}]}}