{"id":3648,"date":"2020-05-28T10:03:08","date_gmt":"2020-05-28T10:03:08","guid":{"rendered":"https:\/\/shop.merolution.de\/index.php\/product\/elbler-bio-cider-ebbe-25vol\/"},"modified":"2020-05-28T10:03:08","modified_gmt":"2020-05-28T10:03:08","slug":"elbler-bio-cider-ebbe-25vol","status":"publish","type":"product","link":"https:\/\/shop.merolution.de\/index.php\/product\/elbler-bio-cider-ebbe-25vol\/","title":{"rendered":"Elbler Bio Cider Ebbe (2,5vol%)"},"content":{"rendered":"<p>24\/0,33 Fruchtig, prickelnd und nat\u00fcrlich mit 100% Bio-\u00c4pfeln aus dem Alten Land. Lieblich, mild im Geschmack. Die leichte Erfrischung mit nur 2,5% Alkohol. Pure Natur in der Flasche &#8211; frei von Zuckerzus\u00e4tzen, ohne Farb-, Konservierungs- und Aromastoffe.elbler\u00ae schmeckt immer eiskalt am besten: egal ob direkt aus der Flasche, mit Strohhalm oder im Glas \u0084on the rocks.\u0093 \u00dcbrigens: Der elbler\u00ae ist besonders kalorienarm. Durchschnittlich nur halb so viel Kalorien wie Rot-oder Wei\u00dfwein und sogar nur ein Viertel der Kalorien die Sekt oder Prosecco Spritz auf die Waage bringen.<\/p>\n","protected":false},"excerpt":{"rendered":"<p>24\/0,33 Fruchtig, prickelnd und nat\u00fcrlich mit 100% Bio-\u00c4pfeln aus dem Alten Land. Lieblich, mild im Geschmack. Die leichte Erfrischung mit nur 2,5% Alkohol. Pure Natur in der Flasche &#8211; frei von Zuckerzus\u00e4tzen, ohne Farb-, Konservierungs- und Aromastoffe.<\/p>\n","protected":false},"featured_media":3649,"comment_status":"open","ping_status":"closed","template":"","meta":[],"product_cat":[79],"product_tag":[],"yoast_head":"<!-- This site is optimized with the Yoast SEO plugin v19.14 - https:\/\/yoast.com\/wordpress\/plugins\/seo\/ -->\n<title>Elbler Bio Cider Ebbe (2,5vol%) - Getr\u00e4nke Schl\u00fcter Onlineshop<\/title>\n<meta name=\"robots\" content=\"noindex, follow, max-snippet:-1, max-image-preview:large, max-video-preview:-1\" \/>\n<meta property=\"og:locale\" content=\"de_DE\" \/>\n<meta property=\"og:type\" content=\"article\" \/>\n<meta property=\"og:title\" content=\"Elbler Bio Cider Ebbe (2,5vol%) - Getr\u00e4nke Schl\u00fcter Onlineshop\" \/>\n<meta property=\"og:description\" content=\"24\/0,33 Fruchtig, prickelnd und nat\u00fcrlich mit 100% Bio-\u00c4pfeln aus dem Alten Land. Lieblich, mild im Geschmack. Die leichte Erfrischung mit nur 2,5% Alkohol. Pure Natur in der Flasche - frei von Zuckerzus\u00e4tzen, ohne Farb-, Konservierungs- und Aromastoffe.\" \/>\n<meta property=\"og:url\" content=\"https:\/\/shop.merolution.de\/index.php\/product\/elbler-bio-cider-ebbe-25vol\/\" \/>\n<meta property=\"og:site_name\" content=\"Getr\u00e4nke Schl\u00fcter Onlineshop\" \/>\n<meta property=\"og:image\" content=\"https:\/\/shop.merolution.de\/wp-content\/uploads\/2020\/05\/elbler-kombi.jpg\" \/>\n\t<meta property=\"og:image:width\" content=\"150\" \/>\n\t<meta property=\"og:image:height\" content=\"219\" \/>\n\t<meta property=\"og:image:type\" content=\"image\/jpeg\" \/>\n<meta name=\"twitter:card\" content=\"summary_large_image\" \/>\n<script type=\"application\/ld+json\" class=\"yoast-schema-graph\">{\"@context\":\"https:\/\/schema.org\",\"@graph\":[{\"@type\":\"WebPage\",\"@id\":\"https:\/\/shop.merolution.de\/index.php\/product\/elbler-bio-cider-ebbe-25vol\/\",\"url\":\"https:\/\/shop.merolution.de\/index.php\/product\/elbler-bio-cider-ebbe-25vol\/\",\"name\":\"Elbler Bio Cider Ebbe (2,5vol%) - Getr\u00e4nke Schl\u00fcter Onlineshop\",\"isPartOf\":{\"@id\":\"https:\/\/shop.merolution.de\/#website\"},\"datePublished\":\"2020-05-28T10:03:08+00:00\",\"dateModified\":\"2020-05-28T10:03:08+00:00\",\"breadcrumb\":{\"@id\":\"https:\/\/shop.merolution.de\/index.php\/product\/elbler-bio-cider-ebbe-25vol\/#breadcrumb\"},\"inLanguage\":\"de\",\"potentialAction\":[{\"@type\":\"ReadAction\",\"target\":[\"https:\/\/shop.merolution.de\/index.php\/product\/elbler-bio-cider-ebbe-25vol\/\"]}]},{\"@type\":\"BreadcrumbList\",\"@id\":\"https:\/\/shop.merolution.de\/index.php\/product\/elbler-bio-cider-ebbe-25vol\/#breadcrumb\",\"itemListElement\":[{\"@type\":\"ListItem\",\"position\":1,\"name\":\"Home\",\"item\":\"https:\/\/shop.merolution.de\/\"},{\"@type\":\"ListItem\",\"position\":2,\"name\":\"Shop\",\"item\":\"https:\/\/shop.merolution.de\/\"},{\"@type\":\"ListItem\",\"position\":3,\"name\":\"Elbler Bio Cider Ebbe (2,5vol%)\"}]},{\"@type\":\"WebSite\",\"@id\":\"https:\/\/shop.merolution.de\/#website\",\"url\":\"https:\/\/shop.merolution.de\/\",\"name\":\"Getr\u00e4nke Schl\u00fcter Onlineshop\",\"description\":\"Ihr Getr\u00e4nke-Partner in Hannover\",\"potentialAction\":[{\"@type\":\"SearchAction\",\"target\":{\"@type\":\"EntryPoint\",\"urlTemplate\":\"https:\/\/shop.merolution.de\/?s={search_term_string}\"},\"query-input\":\"required name=search_term_string\"}],\"inLanguage\":\"de\"}]}<\/script>\n<!-- \/ Yoast SEO plugin. -->","yoast_head_json":{"title":"Elbler Bio Cider Ebbe (2,5vol%) - Getr\u00e4nke Schl\u00fcter Onlineshop","robots":{"index":"noindex","follow":"follow","max-snippet":"max-snippet:-1","max-image-preview":"max-image-preview:large","max-video-preview":"max-video-preview:-1"},"og_locale":"de_DE","og_type":"article","og_title":"Elbler Bio Cider Ebbe (2,5vol%) - Getr\u00e4nke Schl\u00fcter Onlineshop","og_description":"24\/0,33 Fruchtig, prickelnd und nat\u00fcrlich mit 100% Bio-\u00c4pfeln aus dem Alten Land. Lieblich, mild im Geschmack. Die leichte Erfrischung mit nur 2,5% Alkohol. Pure Natur in der Flasche - frei von Zuckerzus\u00e4tzen, ohne Farb-, Konservierungs- und Aromastoffe.","og_url":"https:\/\/shop.merolution.de\/index.php\/product\/elbler-bio-cider-ebbe-25vol\/","og_site_name":"Getr\u00e4nke Schl\u00fcter Onlineshop","og_image":[{"width":150,"height":219,"url":"https:\/\/shop.merolution.de\/wp-content\/uploads\/2020\/05\/elbler-kombi.jpg","type":"image\/jpeg"}],"twitter_card":"summary_large_image","schema":{"@context":"https:\/\/schema.org","@graph":[{"@type":"WebPage","@id":"https:\/\/shop.merolution.de\/index.php\/product\/elbler-bio-cider-ebbe-25vol\/","url":"https:\/\/shop.merolution.de\/index.php\/product\/elbler-bio-cider-ebbe-25vol\/","name":"Elbler Bio Cider Ebbe (2,5vol%) - Getr\u00e4nke Schl\u00fcter Onlineshop","isPartOf":{"@id":"https:\/\/shop.merolution.de\/#website"},"datePublished":"2020-05-28T10:03:08+00:00","dateModified":"2020-05-28T10:03:08+00:00","breadcrumb":{"@id":"https:\/\/shop.merolution.de\/index.php\/product\/elbler-bio-cider-ebbe-25vol\/#breadcrumb"},"inLanguage":"de","potentialAction":[{"@type":"ReadAction","target":["https:\/\/shop.merolution.de\/index.php\/product\/elbler-bio-cider-ebbe-25vol\/"]}]},{"@type":"BreadcrumbList","@id":"https:\/\/shop.merolution.de\/index.php\/product\/elbler-bio-cider-ebbe-25vol\/#breadcrumb","itemListElement":[{"@type":"ListItem","position":1,"name":"Home","item":"https:\/\/shop.merolution.de\/"},{"@type":"ListItem","position":2,"name":"Shop","item":"https:\/\/shop.merolution.de\/"},{"@type":"ListItem","position":3,"name":"Elbler Bio Cider Ebbe (2,5vol%)"}]},{"@type":"WebSite","@id":"https:\/\/shop.merolution.de\/#website","url":"https:\/\/shop.merolution.de\/","name":"Getr\u00e4nke Schl\u00fcter Onlineshop","description":"Ihr Getr\u00e4nke-Partner in Hannover","potentialAction":[{"@type":"SearchAction","target":{"@type":"EntryPoint","urlTemplate":"https:\/\/shop.merolution.de\/?s={search_term_string}"},"query-input":"required name=search_term_string"}],"inLanguage":"de"}]}},"_links":{"self":[{"href":"https:\/\/shop.merolution.de\/index.php\/wp-json\/wp\/v2\/product\/3648"}],"collection":[{"href":"https:\/\/shop.merolution.de\/index.php\/wp-json\/wp\/v2\/product"}],"about":[{"href":"https:\/\/shop.merolution.de\/index.php\/wp-json\/wp\/v2\/types\/product"}],"replies":[{"embeddable":true,"href":"https:\/\/shop.merolution.de\/index.php\/wp-json\/wp\/v2\/comments?post=3648"}],"wp:featuredmedia":[{"embeddable":true,"href":"https:\/\/shop.merolution.de\/index.php\/wp-json\/wp\/v2\/media\/3649"}],"wp:attachment":[{"href":"https:\/\/shop.merolution.de\/index.php\/wp-json\/wp\/v2\/media?parent=3648"}],"wp:term":[{"taxonomy":"product_cat","embeddable":true,"href":"https:\/\/shop.merolution.de\/index.php\/wp-json\/wp\/v2\/product_cat?post=3648"},{"taxonomy":"product_tag","embeddable":true,"href":"https:\/\/shop.merolution.de\/index.php\/wp-json\/wp\/v2\/product_tag?post=3648"}],"curies":[{"name":"wp","href":"https:\/\/api.w.org\/{rel}","templated":true}]}}