{"id":3690,"date":"2020-05-28T10:03:18","date_gmt":"2020-05-28T10:03:18","guid":{"rendered":"https:\/\/shop.merolution.de\/index.php\/product\/aalborg-jule-akvavit-2016-47vol\/"},"modified":"2020-05-28T10:03:18","modified_gmt":"2020-05-28T10:03:18","slug":"aalborg-jule-akvavit-2016-47vol","status":"publish","type":"product","link":"https:\/\/shop.merolution.de\/index.php\/product\/aalborg-jule-akvavit-2016-47vol\/","title":{"rendered":"Aalborg Jule Akvavit 2016 &#8211; 47vol%"},"content":{"rendered":"<p>01\/0,70 &#8211; Jule, der Weihnachtsakvavit von Aalborg &#8211; Jahrgang 2016 &#8211; Diese skandinavische Spezialit\u00e4t in der Jahrgangs-Designflasche mit 47vol Alkohol duftet w\u00fcrzig nach K\u00fcmmel und anderen Kr\u00e4uter. Ein idealer Begleiter f\u00fcr deftige Speisen. Eisgek\u00fchlt auch lecker als Digestif.<\/p>\n","protected":false},"excerpt":{"rendered":"<p>01\/0,70 &#8211; Jule, der Weihnachtsakvavit von Aalborg &#8211; Jahrgang 2016 &#8211; Diese skandinavische Spezialit\u00e4t in der Jahrgangs-Designflasche mit 47vol Alkohol duftet w\u00fcrzig nach K\u00fcmmel und anderen Kr\u00e4uter. Ein idealer Begleiter f\u00fcr deftige Speisen. Eisgek\u00fchlt auch lecker als Digestif.<\/p>\n","protected":false},"featured_media":3691,"comment_status":"open","ping_status":"closed","template":"","meta":[],"product_cat":[79],"product_tag":[],"yoast_head":"<!-- This site is optimized with the Yoast SEO plugin v19.14 - https:\/\/yoast.com\/wordpress\/plugins\/seo\/ -->\n<title>Aalborg Jule Akvavit 2016 - 47vol% - Getr\u00e4nke Schl\u00fcter Onlineshop<\/title>\n<meta name=\"robots\" content=\"noindex, follow, max-snippet:-1, max-image-preview:large, max-video-preview:-1\" \/>\n<meta property=\"og:locale\" content=\"de_DE\" \/>\n<meta property=\"og:type\" content=\"article\" \/>\n<meta property=\"og:title\" content=\"Aalborg Jule Akvavit 2016 - 47vol% - Getr\u00e4nke Schl\u00fcter Onlineshop\" \/>\n<meta property=\"og:description\" content=\"01\/0,70 - Jule, der Weihnachtsakvavit von Aalborg - Jahrgang 2016 - Diese skandinavische Spezialit\u00e4t in der Jahrgangs-Designflasche mit 47vol Alkohol duftet w\u00fcrzig nach K\u00fcmmel und anderen Kr\u00e4uter. Ein idealer Begleiter f\u00fcr deftige Speisen. Eisgek\u00fchlt auch lecker als Digestif.\" \/>\n<meta property=\"og:url\" content=\"https:\/\/shop.merolution.de\/index.php\/product\/aalborg-jule-akvavit-2016-47vol\/\" \/>\n<meta property=\"og:site_name\" content=\"Getr\u00e4nke Schl\u00fcter Onlineshop\" \/>\n<meta property=\"og:image\" content=\"https:\/\/shop.merolution.de\/wp-content\/uploads\/2020\/05\/aalborg-jule-akvavit-limited-edition-2016-bottle-box-aid-4523s.jpg\" \/>\n\t<meta property=\"og:image:width\" content=\"150\" \/>\n\t<meta property=\"og:image:height\" content=\"165\" \/>\n\t<meta property=\"og:image:type\" content=\"image\/jpeg\" \/>\n<meta name=\"twitter:card\" content=\"summary_large_image\" \/>\n<script type=\"application\/ld+json\" class=\"yoast-schema-graph\">{\"@context\":\"https:\/\/schema.org\",\"@graph\":[{\"@type\":\"WebPage\",\"@id\":\"https:\/\/shop.merolution.de\/index.php\/product\/aalborg-jule-akvavit-2016-47vol\/\",\"url\":\"https:\/\/shop.merolution.de\/index.php\/product\/aalborg-jule-akvavit-2016-47vol\/\",\"name\":\"Aalborg Jule Akvavit 2016 - 47vol% - Getr\u00e4nke Schl\u00fcter Onlineshop\",\"isPartOf\":{\"@id\":\"https:\/\/shop.merolution.de\/#website\"},\"datePublished\":\"2020-05-28T10:03:18+00:00\",\"dateModified\":\"2020-05-28T10:03:18+00:00\",\"breadcrumb\":{\"@id\":\"https:\/\/shop.merolution.de\/index.php\/product\/aalborg-jule-akvavit-2016-47vol\/#breadcrumb\"},\"inLanguage\":\"de\",\"potentialAction\":[{\"@type\":\"ReadAction\",\"target\":[\"https:\/\/shop.merolution.de\/index.php\/product\/aalborg-jule-akvavit-2016-47vol\/\"]}]},{\"@type\":\"BreadcrumbList\",\"@id\":\"https:\/\/shop.merolution.de\/index.php\/product\/aalborg-jule-akvavit-2016-47vol\/#breadcrumb\",\"itemListElement\":[{\"@type\":\"ListItem\",\"position\":1,\"name\":\"Home\",\"item\":\"https:\/\/shop.merolution.de\/\"},{\"@type\":\"ListItem\",\"position\":2,\"name\":\"Shop\",\"item\":\"https:\/\/shop.merolution.de\/\"},{\"@type\":\"ListItem\",\"position\":3,\"name\":\"Aalborg Jule Akvavit 2016 &#8211; 47vol%\"}]},{\"@type\":\"WebSite\",\"@id\":\"https:\/\/shop.merolution.de\/#website\",\"url\":\"https:\/\/shop.merolution.de\/\",\"name\":\"Getr\u00e4nke Schl\u00fcter Onlineshop\",\"description\":\"Ihr Getr\u00e4nke-Partner in Hannover\",\"potentialAction\":[{\"@type\":\"SearchAction\",\"target\":{\"@type\":\"EntryPoint\",\"urlTemplate\":\"https:\/\/shop.merolution.de\/?s={search_term_string}\"},\"query-input\":\"required name=search_term_string\"}],\"inLanguage\":\"de\"}]}<\/script>\n<!-- \/ Yoast SEO plugin. -->","yoast_head_json":{"title":"Aalborg Jule Akvavit 2016 - 47vol% - Getr\u00e4nke Schl\u00fcter Onlineshop","robots":{"index":"noindex","follow":"follow","max-snippet":"max-snippet:-1","max-image-preview":"max-image-preview:large","max-video-preview":"max-video-preview:-1"},"og_locale":"de_DE","og_type":"article","og_title":"Aalborg Jule Akvavit 2016 - 47vol% - Getr\u00e4nke Schl\u00fcter Onlineshop","og_description":"01\/0,70 - Jule, der Weihnachtsakvavit von Aalborg - Jahrgang 2016 - Diese skandinavische Spezialit\u00e4t in der Jahrgangs-Designflasche mit 47vol Alkohol duftet w\u00fcrzig nach K\u00fcmmel und anderen Kr\u00e4uter. Ein idealer Begleiter f\u00fcr deftige Speisen. Eisgek\u00fchlt auch lecker als Digestif.","og_url":"https:\/\/shop.merolution.de\/index.php\/product\/aalborg-jule-akvavit-2016-47vol\/","og_site_name":"Getr\u00e4nke Schl\u00fcter Onlineshop","og_image":[{"width":150,"height":165,"url":"https:\/\/shop.merolution.de\/wp-content\/uploads\/2020\/05\/aalborg-jule-akvavit-limited-edition-2016-bottle-box-aid-4523s.jpg","type":"image\/jpeg"}],"twitter_card":"summary_large_image","schema":{"@context":"https:\/\/schema.org","@graph":[{"@type":"WebPage","@id":"https:\/\/shop.merolution.de\/index.php\/product\/aalborg-jule-akvavit-2016-47vol\/","url":"https:\/\/shop.merolution.de\/index.php\/product\/aalborg-jule-akvavit-2016-47vol\/","name":"Aalborg Jule Akvavit 2016 - 47vol% - Getr\u00e4nke Schl\u00fcter Onlineshop","isPartOf":{"@id":"https:\/\/shop.merolution.de\/#website"},"datePublished":"2020-05-28T10:03:18+00:00","dateModified":"2020-05-28T10:03:18+00:00","breadcrumb":{"@id":"https:\/\/shop.merolution.de\/index.php\/product\/aalborg-jule-akvavit-2016-47vol\/#breadcrumb"},"inLanguage":"de","potentialAction":[{"@type":"ReadAction","target":["https:\/\/shop.merolution.de\/index.php\/product\/aalborg-jule-akvavit-2016-47vol\/"]}]},{"@type":"BreadcrumbList","@id":"https:\/\/shop.merolution.de\/index.php\/product\/aalborg-jule-akvavit-2016-47vol\/#breadcrumb","itemListElement":[{"@type":"ListItem","position":1,"name":"Home","item":"https:\/\/shop.merolution.de\/"},{"@type":"ListItem","position":2,"name":"Shop","item":"https:\/\/shop.merolution.de\/"},{"@type":"ListItem","position":3,"name":"Aalborg Jule Akvavit 2016 &#8211; 47vol%"}]},{"@type":"WebSite","@id":"https:\/\/shop.merolution.de\/#website","url":"https:\/\/shop.merolution.de\/","name":"Getr\u00e4nke Schl\u00fcter Onlineshop","description":"Ihr Getr\u00e4nke-Partner in Hannover","potentialAction":[{"@type":"SearchAction","target":{"@type":"EntryPoint","urlTemplate":"https:\/\/shop.merolution.de\/?s={search_term_string}"},"query-input":"required name=search_term_string"}],"inLanguage":"de"}]}},"_links":{"self":[{"href":"https:\/\/shop.merolution.de\/index.php\/wp-json\/wp\/v2\/product\/3690"}],"collection":[{"href":"https:\/\/shop.merolution.de\/index.php\/wp-json\/wp\/v2\/product"}],"about":[{"href":"https:\/\/shop.merolution.de\/index.php\/wp-json\/wp\/v2\/types\/product"}],"replies":[{"embeddable":true,"href":"https:\/\/shop.merolution.de\/index.php\/wp-json\/wp\/v2\/comments?post=3690"}],"wp:featuredmedia":[{"embeddable":true,"href":"https:\/\/shop.merolution.de\/index.php\/wp-json\/wp\/v2\/media\/3691"}],"wp:attachment":[{"href":"https:\/\/shop.merolution.de\/index.php\/wp-json\/wp\/v2\/media?parent=3690"}],"wp:term":[{"taxonomy":"product_cat","embeddable":true,"href":"https:\/\/shop.merolution.de\/index.php\/wp-json\/wp\/v2\/product_cat?post=3690"},{"taxonomy":"product_tag","embeddable":true,"href":"https:\/\/shop.merolution.de\/index.php\/wp-json\/wp\/v2\/product_tag?post=3690"}],"curies":[{"name":"wp","href":"https:\/\/api.w.org\/{rel}","templated":true}]}}