{"id":3724,"date":"2020-05-28T10:03:23","date_gmt":"2020-05-28T10:03:23","guid":{"rendered":"https:\/\/shop.merolution.de\/index.php\/product\/brooklyn-gin-40vol\/"},"modified":"2020-05-28T10:03:23","modified_gmt":"2020-05-28T10:03:23","slug":"brooklyn-gin-40vol","status":"publish","type":"product","link":"https:\/\/shop.merolution.de\/index.php\/product\/brooklyn-gin-40vol\/","title":{"rendered":"Brooklyn Gin 40vol%"},"content":{"rendered":"<p>01\/0,70 &#8211; 40vol% &#8211; Brooklyn Gin ist kein Massenprodukt. Das verwendete Getreide kommt aus dem ertragsreichen New Yorker Hinterland und s\u00e4mtliche andere Ingredienzen sind auserlesen und nachhaltig hergestellt.Vor allem die Wacholderbeeren bzw. deren frisch gepresstes \u00d6l sind geschamcklich im Vordergrund sowie frische, per Hand gesch\u00e4lte Zitronenschalen. Alle drei Tage werden laut Hersteller nur ca. 300 Flaschen abgef\u00fcllt. Dies macht ihn nicht nur zu einem hochwertigen sondern auch limitierten Gin.Aufgrund seiner hervorragenden Qualit\u00e4t kann Brooklyn Gin pur getrunken werden. Herrlich frisch wegen der per Hand verarbeiteten Zitronenschalen, wohlschmeckend und von komplexer Pr\u00e4senz, bereitet er als New Yorker Original viel Freude.<\/p>\n","protected":false},"excerpt":{"rendered":"<p>01\/0,70 &#8211; 40vol% &#8211; Brooklyn Gin ist kein Massenprodukt. Das verwendete Getreide kommt aus dem ertragsreichen New Yorker Hinterland und s\u00e4mtliche andere Ingredienzen sind auserlesen und nachhaltig hergestellt.Vor allem die Wacholderbeeren bzw. deren frisch gepresstes \u00d6l sind geschamcklich im Vordergrund sowie frische, per Hand gesch\u00e4lte Zitronenschalen. Alle drei Tage werden laut Hersteller nur ca. 300 Flaschen abgef\u00fcllt. Dies macht ihn nicht nur zu einem hochwertigen sondern auch limitierten Gin.Aufgrund seiner hervorragenden Qualit\u00e4t kann Brooklyn Gin pur getrunken werden. Herrlich frisch wegen der per Hand verarbeiteten Zitronenschalen, wohlschmeckend und von komplexer Pr\u00e4senz, bereitet er als New Yorker Original viel Freude.<\/p>\n","protected":false},"featured_media":3725,"comment_status":"open","ping_status":"closed","template":"","meta":[],"product_cat":[81],"product_tag":[],"yoast_head":"<!-- This site is optimized with the Yoast SEO plugin v19.14 - https:\/\/yoast.com\/wordpress\/plugins\/seo\/ -->\n<title>Brooklyn Gin 40vol% - Getr\u00e4nke Schl\u00fcter Onlineshop<\/title>\n<meta name=\"robots\" content=\"noindex, follow, max-snippet:-1, max-image-preview:large, max-video-preview:-1\" \/>\n<meta property=\"og:locale\" content=\"de_DE\" \/>\n<meta property=\"og:type\" content=\"article\" \/>\n<meta property=\"og:title\" content=\"Brooklyn Gin 40vol% - Getr\u00e4nke Schl\u00fcter Onlineshop\" \/>\n<meta property=\"og:description\" content=\"01\/0,70 - 40vol% - Brooklyn Gin ist kein Massenprodukt. Das verwendete Getreide kommt aus dem ertragsreichen New Yorker Hinterland und s\u00e4mtliche andere Ingredienzen sind auserlesen und nachhaltig hergestellt.Vor allem die Wacholderbeeren bzw. deren frisch gepresstes \u00d6l sind geschamcklich im Vordergrund sowie frische, per Hand gesch\u00e4lte Zitronenschalen. Alle drei Tage werden laut Hersteller nur ca. 300 Flaschen abgef\u00fcllt. Dies macht ihn nicht nur zu einem hochwertigen sondern auch limitierten Gin.Aufgrund seiner hervorragenden Qualit\u00e4t kann Brooklyn Gin pur getrunken werden. Herrlich frisch wegen der per Hand verarbeiteten Zitronenschalen, wohlschmeckend und von komplexer Pr\u00e4senz, bereitet er als New Yorker Original viel Freude.\" \/>\n<meta property=\"og:url\" content=\"https:\/\/shop.merolution.de\/index.php\/product\/brooklyn-gin-40vol\/\" \/>\n<meta property=\"og:site_name\" content=\"Getr\u00e4nke Schl\u00fcter Onlineshop\" \/>\n<meta property=\"og:image\" content=\"https:\/\/shop.merolution.de\/wp-content\/uploads\/2020\/05\/gin-brooklyn-793270-aid-4589s.jpg\" \/>\n\t<meta property=\"og:image:width\" content=\"150\" \/>\n\t<meta property=\"og:image:height\" content=\"225\" \/>\n\t<meta property=\"og:image:type\" content=\"image\/jpeg\" \/>\n<meta name=\"twitter:card\" content=\"summary_large_image\" \/>\n<meta name=\"twitter:label1\" content=\"Gesch\u00e4tzte Lesezeit\" \/>\n\t<meta name=\"twitter:data1\" content=\"1\u00a0Minute\" \/>\n<script type=\"application\/ld+json\" class=\"yoast-schema-graph\">{\"@context\":\"https:\/\/schema.org\",\"@graph\":[{\"@type\":\"WebPage\",\"@id\":\"https:\/\/shop.merolution.de\/index.php\/product\/brooklyn-gin-40vol\/\",\"url\":\"https:\/\/shop.merolution.de\/index.php\/product\/brooklyn-gin-40vol\/\",\"name\":\"Brooklyn Gin 40vol% - Getr\u00e4nke Schl\u00fcter Onlineshop\",\"isPartOf\":{\"@id\":\"https:\/\/shop.merolution.de\/#website\"},\"datePublished\":\"2020-05-28T10:03:23+00:00\",\"dateModified\":\"2020-05-28T10:03:23+00:00\",\"breadcrumb\":{\"@id\":\"https:\/\/shop.merolution.de\/index.php\/product\/brooklyn-gin-40vol\/#breadcrumb\"},\"inLanguage\":\"de\",\"potentialAction\":[{\"@type\":\"ReadAction\",\"target\":[\"https:\/\/shop.merolution.de\/index.php\/product\/brooklyn-gin-40vol\/\"]}]},{\"@type\":\"BreadcrumbList\",\"@id\":\"https:\/\/shop.merolution.de\/index.php\/product\/brooklyn-gin-40vol\/#breadcrumb\",\"itemListElement\":[{\"@type\":\"ListItem\",\"position\":1,\"name\":\"Home\",\"item\":\"https:\/\/shop.merolution.de\/\"},{\"@type\":\"ListItem\",\"position\":2,\"name\":\"Shop\",\"item\":\"https:\/\/shop.merolution.de\/\"},{\"@type\":\"ListItem\",\"position\":3,\"name\":\"Brooklyn Gin 40vol%\"}]},{\"@type\":\"WebSite\",\"@id\":\"https:\/\/shop.merolution.de\/#website\",\"url\":\"https:\/\/shop.merolution.de\/\",\"name\":\"Getr\u00e4nke Schl\u00fcter Onlineshop\",\"description\":\"Ihr Getr\u00e4nke-Partner in Hannover\",\"potentialAction\":[{\"@type\":\"SearchAction\",\"target\":{\"@type\":\"EntryPoint\",\"urlTemplate\":\"https:\/\/shop.merolution.de\/?s={search_term_string}\"},\"query-input\":\"required name=search_term_string\"}],\"inLanguage\":\"de\"}]}<\/script>\n<!-- \/ Yoast SEO plugin. -->","yoast_head_json":{"title":"Brooklyn Gin 40vol% - Getr\u00e4nke Schl\u00fcter Onlineshop","robots":{"index":"noindex","follow":"follow","max-snippet":"max-snippet:-1","max-image-preview":"max-image-preview:large","max-video-preview":"max-video-preview:-1"},"og_locale":"de_DE","og_type":"article","og_title":"Brooklyn Gin 40vol% - Getr\u00e4nke Schl\u00fcter Onlineshop","og_description":"01\/0,70 - 40vol% - Brooklyn Gin ist kein Massenprodukt. Das verwendete Getreide kommt aus dem ertragsreichen New Yorker Hinterland und s\u00e4mtliche andere Ingredienzen sind auserlesen und nachhaltig hergestellt.Vor allem die Wacholderbeeren bzw. deren frisch gepresstes \u00d6l sind geschamcklich im Vordergrund sowie frische, per Hand gesch\u00e4lte Zitronenschalen. Alle drei Tage werden laut Hersteller nur ca. 300 Flaschen abgef\u00fcllt. Dies macht ihn nicht nur zu einem hochwertigen sondern auch limitierten Gin.Aufgrund seiner hervorragenden Qualit\u00e4t kann Brooklyn Gin pur getrunken werden. Herrlich frisch wegen der per Hand verarbeiteten Zitronenschalen, wohlschmeckend und von komplexer Pr\u00e4senz, bereitet er als New Yorker Original viel Freude.","og_url":"https:\/\/shop.merolution.de\/index.php\/product\/brooklyn-gin-40vol\/","og_site_name":"Getr\u00e4nke Schl\u00fcter Onlineshop","og_image":[{"width":150,"height":225,"url":"https:\/\/shop.merolution.de\/wp-content\/uploads\/2020\/05\/gin-brooklyn-793270-aid-4589s.jpg","type":"image\/jpeg"}],"twitter_card":"summary_large_image","twitter_misc":{"Gesch\u00e4tzte Lesezeit":"1\u00a0Minute"},"schema":{"@context":"https:\/\/schema.org","@graph":[{"@type":"WebPage","@id":"https:\/\/shop.merolution.de\/index.php\/product\/brooklyn-gin-40vol\/","url":"https:\/\/shop.merolution.de\/index.php\/product\/brooklyn-gin-40vol\/","name":"Brooklyn Gin 40vol% - Getr\u00e4nke Schl\u00fcter Onlineshop","isPartOf":{"@id":"https:\/\/shop.merolution.de\/#website"},"datePublished":"2020-05-28T10:03:23+00:00","dateModified":"2020-05-28T10:03:23+00:00","breadcrumb":{"@id":"https:\/\/shop.merolution.de\/index.php\/product\/brooklyn-gin-40vol\/#breadcrumb"},"inLanguage":"de","potentialAction":[{"@type":"ReadAction","target":["https:\/\/shop.merolution.de\/index.php\/product\/brooklyn-gin-40vol\/"]}]},{"@type":"BreadcrumbList","@id":"https:\/\/shop.merolution.de\/index.php\/product\/brooklyn-gin-40vol\/#breadcrumb","itemListElement":[{"@type":"ListItem","position":1,"name":"Home","item":"https:\/\/shop.merolution.de\/"},{"@type":"ListItem","position":2,"name":"Shop","item":"https:\/\/shop.merolution.de\/"},{"@type":"ListItem","position":3,"name":"Brooklyn Gin 40vol%"}]},{"@type":"WebSite","@id":"https:\/\/shop.merolution.de\/#website","url":"https:\/\/shop.merolution.de\/","name":"Getr\u00e4nke Schl\u00fcter Onlineshop","description":"Ihr Getr\u00e4nke-Partner in Hannover","potentialAction":[{"@type":"SearchAction","target":{"@type":"EntryPoint","urlTemplate":"https:\/\/shop.merolution.de\/?s={search_term_string}"},"query-input":"required name=search_term_string"}],"inLanguage":"de"}]}},"_links":{"self":[{"href":"https:\/\/shop.merolution.de\/index.php\/wp-json\/wp\/v2\/product\/3724"}],"collection":[{"href":"https:\/\/shop.merolution.de\/index.php\/wp-json\/wp\/v2\/product"}],"about":[{"href":"https:\/\/shop.merolution.de\/index.php\/wp-json\/wp\/v2\/types\/product"}],"replies":[{"embeddable":true,"href":"https:\/\/shop.merolution.de\/index.php\/wp-json\/wp\/v2\/comments?post=3724"}],"wp:featuredmedia":[{"embeddable":true,"href":"https:\/\/shop.merolution.de\/index.php\/wp-json\/wp\/v2\/media\/3725"}],"wp:attachment":[{"href":"https:\/\/shop.merolution.de\/index.php\/wp-json\/wp\/v2\/media?parent=3724"}],"wp:term":[{"taxonomy":"product_cat","embeddable":true,"href":"https:\/\/shop.merolution.de\/index.php\/wp-json\/wp\/v2\/product_cat?post=3724"},{"taxonomy":"product_tag","embeddable":true,"href":"https:\/\/shop.merolution.de\/index.php\/wp-json\/wp\/v2\/product_tag?post=3724"}],"curies":[{"name":"wp","href":"https:\/\/api.w.org\/{rel}","templated":true}]}}