{"id":3736,"date":"2020-05-28T10:03:25","date_gmt":"2020-05-28T10:03:25","guid":{"rendered":"https:\/\/shop.merolution.de\/index.php\/product\/poli-grappa-amorosa-di-vespaiolo-400vol\/"},"modified":"2020-05-28T10:03:25","modified_gmt":"2020-05-28T10:03:25","slug":"poli-grappa-amorosa-di-vespaiolo-400vol","status":"publish","type":"product","link":"https:\/\/shop.merolution.de\/index.php\/product\/poli-grappa-amorosa-di-vespaiolo-400vol\/","title":{"rendered":"Poli Grappa Amorosa di Vespaiolo -40,0vol%-"},"content":{"rendered":"<p>01\/0,70 &#8211; Jacopo Poli ist \u0091der\u0092 Grappabrenner in Italien. Er hat sich weltweit einen Namen gemacht f\u00fcr Destillate, die h\u00f6chste Erwartungen erf\u00fcllen und f\u00fcr die un\u00fcbertroffene Verbindung zwischen schn\u00f6rkellos perfekter Konfektion und exzellentem Inhalt.Die Zeitschrift Wine Spectator hat Jacopo Poli zum Grappabrenner des Jahres ausgerufen und seine Produkte haben an vielen Pl\u00e4tzen der Welt h\u00f6chste Auszeichnungen erhalten. Jacopo Poli erz\u00e4hlt gerne davon, wie sein Gro\u00dfvater noch mit der Brennblase auf einem Handwagen bei Bassano di Grappa von Dorf zu Dorf zog und f\u00fcr die kleinen Weinbauern Grappa brannte \u00f1 nat\u00fcrlich schwarz. Innerhalb von zwei Generationen ist aus diesen fragw\u00fcrdigen Anf\u00e4ngen ein Familienunternehmen entstanden, das seine Produkte weltweit vermarktet und das f\u00fcr andere Spitzenerzeuger brennt, z.B. den Grappa Sassicaia. Nahezu unver\u00e4ndert ist die Technik des Brennens. Jacopo Poli brennt mit der traditionellen Brennblase (Typ Bagnomaria) aus Kupfer. Wenn man w\u00e4hrend der Brennsaison bei Jacopo Poli ist, f\u00fchlt man sich um Jahrzehnte zur\u00fcckversetzt in eine Zeit, als die meisten Dinge noch handwerklich produziert wurden. Der Trester kommt von den f\u00fchrenden Weinerzeugern der Region. Er wird ganz frisch gebrannt, um optimale Qualit\u00e4t zu garantieren. Familie ist bei den Polis ganz wichtig. Vier Geschwister arbeiten mit Jacopo zusammen. Jacopo Poli ist der Kopf des Unternehmens. Er denkt klar und sehr pr\u00e4zise. Er \u00fcbereilt nichts. Alle Neuerungen werden lange diskutiert und sorgsam vorbereitet. Es ist diese Pr\u00e4zision und Stimmigkeit, die den Erfolg von Poli m\u00f6glich machte.<\/p>\n","protected":false},"excerpt":{"rendered":"<p>01\/0,70 -40,0vol%- in Geschenkdose &#8211; feine Nase, zart<\/p>\n","protected":false},"featured_media":3737,"comment_status":"open","ping_status":"closed","template":"","meta":[],"product_cat":[82],"product_tag":[],"yoast_head":"<!-- This site is optimized with the Yoast SEO plugin v19.14 - https:\/\/yoast.com\/wordpress\/plugins\/seo\/ -->\n<title>Poli Grappa Amorosa di Vespaiolo -40,0vol%- Getr\u00e4nke Schl\u00fcter Onlineshop<\/title>\n<meta name=\"robots\" content=\"noindex, follow, max-snippet:-1, max-image-preview:large, max-video-preview:-1\" \/>\n<meta property=\"og:locale\" content=\"de_DE\" \/>\n<meta property=\"og:type\" content=\"article\" \/>\n<meta property=\"og:title\" content=\"Poli Grappa Amorosa di Vespaiolo -40,0vol%- Getr\u00e4nke Schl\u00fcter Onlineshop\" \/>\n<meta property=\"og:description\" content=\"01\/0,70 -40,0vol%- in Geschenkdose - feine Nase, zart\" \/>\n<meta property=\"og:url\" content=\"https:\/\/shop.merolution.de\/index.php\/product\/poli-grappa-amorosa-di-vespaiolo-400vol\/\" \/>\n<meta property=\"og:site_name\" content=\"Getr\u00e4nke Schl\u00fcter Onlineshop\" \/>\n<meta property=\"og:image\" content=\"https:\/\/shop.merolution.de\/wp-content\/uploads\/2020\/05\/3405aPic1S2123063452_zz_180062.jpg\" \/>\n\t<meta property=\"og:image:width\" content=\"177\" \/>\n\t<meta property=\"og:image:height\" content=\"450\" \/>\n\t<meta property=\"og:image:type\" content=\"image\/jpeg\" \/>\n<meta name=\"twitter:card\" content=\"summary_large_image\" \/>\n<meta name=\"twitter:label1\" content=\"Gesch\u00e4tzte Lesezeit\" \/>\n\t<meta name=\"twitter:data1\" content=\"1\u00a0Minute\" \/>\n<script type=\"application\/ld+json\" class=\"yoast-schema-graph\">{\"@context\":\"https:\/\/schema.org\",\"@graph\":[{\"@type\":\"WebPage\",\"@id\":\"https:\/\/shop.merolution.de\/index.php\/product\/poli-grappa-amorosa-di-vespaiolo-400vol\/\",\"url\":\"https:\/\/shop.merolution.de\/index.php\/product\/poli-grappa-amorosa-di-vespaiolo-400vol\/\",\"name\":\"Poli Grappa Amorosa di Vespaiolo -40,0vol%- Getr\u00e4nke Schl\u00fcter Onlineshop\",\"isPartOf\":{\"@id\":\"https:\/\/shop.merolution.de\/#website\"},\"datePublished\":\"2020-05-28T10:03:25+00:00\",\"dateModified\":\"2020-05-28T10:03:25+00:00\",\"breadcrumb\":{\"@id\":\"https:\/\/shop.merolution.de\/index.php\/product\/poli-grappa-amorosa-di-vespaiolo-400vol\/#breadcrumb\"},\"inLanguage\":\"de\",\"potentialAction\":[{\"@type\":\"ReadAction\",\"target\":[\"https:\/\/shop.merolution.de\/index.php\/product\/poli-grappa-amorosa-di-vespaiolo-400vol\/\"]}]},{\"@type\":\"BreadcrumbList\",\"@id\":\"https:\/\/shop.merolution.de\/index.php\/product\/poli-grappa-amorosa-di-vespaiolo-400vol\/#breadcrumb\",\"itemListElement\":[{\"@type\":\"ListItem\",\"position\":1,\"name\":\"Home\",\"item\":\"https:\/\/shop.merolution.de\/\"},{\"@type\":\"ListItem\",\"position\":2,\"name\":\"Shop\",\"item\":\"https:\/\/shop.merolution.de\/\"},{\"@type\":\"ListItem\",\"position\":3,\"name\":\"Poli Grappa Amorosa di Vespaiolo -40,0vol%-\"}]},{\"@type\":\"WebSite\",\"@id\":\"https:\/\/shop.merolution.de\/#website\",\"url\":\"https:\/\/shop.merolution.de\/\",\"name\":\"Getr\u00e4nke Schl\u00fcter Onlineshop\",\"description\":\"Ihr Getr\u00e4nke-Partner in Hannover\",\"potentialAction\":[{\"@type\":\"SearchAction\",\"target\":{\"@type\":\"EntryPoint\",\"urlTemplate\":\"https:\/\/shop.merolution.de\/?s={search_term_string}\"},\"query-input\":\"required name=search_term_string\"}],\"inLanguage\":\"de\"}]}<\/script>\n<!-- \/ Yoast SEO plugin. -->","yoast_head_json":{"title":"Poli Grappa Amorosa di Vespaiolo -40,0vol%- Getr\u00e4nke Schl\u00fcter Onlineshop","robots":{"index":"noindex","follow":"follow","max-snippet":"max-snippet:-1","max-image-preview":"max-image-preview:large","max-video-preview":"max-video-preview:-1"},"og_locale":"de_DE","og_type":"article","og_title":"Poli Grappa Amorosa di Vespaiolo -40,0vol%- Getr\u00e4nke Schl\u00fcter Onlineshop","og_description":"01\/0,70 -40,0vol%- in Geschenkdose - feine Nase, zart","og_url":"https:\/\/shop.merolution.de\/index.php\/product\/poli-grappa-amorosa-di-vespaiolo-400vol\/","og_site_name":"Getr\u00e4nke Schl\u00fcter Onlineshop","og_image":[{"width":177,"height":450,"url":"https:\/\/shop.merolution.de\/wp-content\/uploads\/2020\/05\/3405aPic1S2123063452_zz_180062.jpg","type":"image\/jpeg"}],"twitter_card":"summary_large_image","twitter_misc":{"Gesch\u00e4tzte Lesezeit":"1\u00a0Minute"},"schema":{"@context":"https:\/\/schema.org","@graph":[{"@type":"WebPage","@id":"https:\/\/shop.merolution.de\/index.php\/product\/poli-grappa-amorosa-di-vespaiolo-400vol\/","url":"https:\/\/shop.merolution.de\/index.php\/product\/poli-grappa-amorosa-di-vespaiolo-400vol\/","name":"Poli Grappa Amorosa di Vespaiolo -40,0vol%- Getr\u00e4nke Schl\u00fcter Onlineshop","isPartOf":{"@id":"https:\/\/shop.merolution.de\/#website"},"datePublished":"2020-05-28T10:03:25+00:00","dateModified":"2020-05-28T10:03:25+00:00","breadcrumb":{"@id":"https:\/\/shop.merolution.de\/index.php\/product\/poli-grappa-amorosa-di-vespaiolo-400vol\/#breadcrumb"},"inLanguage":"de","potentialAction":[{"@type":"ReadAction","target":["https:\/\/shop.merolution.de\/index.php\/product\/poli-grappa-amorosa-di-vespaiolo-400vol\/"]}]},{"@type":"BreadcrumbList","@id":"https:\/\/shop.merolution.de\/index.php\/product\/poli-grappa-amorosa-di-vespaiolo-400vol\/#breadcrumb","itemListElement":[{"@type":"ListItem","position":1,"name":"Home","item":"https:\/\/shop.merolution.de\/"},{"@type":"ListItem","position":2,"name":"Shop","item":"https:\/\/shop.merolution.de\/"},{"@type":"ListItem","position":3,"name":"Poli Grappa Amorosa di Vespaiolo -40,0vol%-"}]},{"@type":"WebSite","@id":"https:\/\/shop.merolution.de\/#website","url":"https:\/\/shop.merolution.de\/","name":"Getr\u00e4nke Schl\u00fcter Onlineshop","description":"Ihr Getr\u00e4nke-Partner in Hannover","potentialAction":[{"@type":"SearchAction","target":{"@type":"EntryPoint","urlTemplate":"https:\/\/shop.merolution.de\/?s={search_term_string}"},"query-input":"required name=search_term_string"}],"inLanguage":"de"}]}},"_links":{"self":[{"href":"https:\/\/shop.merolution.de\/index.php\/wp-json\/wp\/v2\/product\/3736"}],"collection":[{"href":"https:\/\/shop.merolution.de\/index.php\/wp-json\/wp\/v2\/product"}],"about":[{"href":"https:\/\/shop.merolution.de\/index.php\/wp-json\/wp\/v2\/types\/product"}],"replies":[{"embeddable":true,"href":"https:\/\/shop.merolution.de\/index.php\/wp-json\/wp\/v2\/comments?post=3736"}],"wp:featuredmedia":[{"embeddable":true,"href":"https:\/\/shop.merolution.de\/index.php\/wp-json\/wp\/v2\/media\/3737"}],"wp:attachment":[{"href":"https:\/\/shop.merolution.de\/index.php\/wp-json\/wp\/v2\/media?parent=3736"}],"wp:term":[{"taxonomy":"product_cat","embeddable":true,"href":"https:\/\/shop.merolution.de\/index.php\/wp-json\/wp\/v2\/product_cat?post=3736"},{"taxonomy":"product_tag","embeddable":true,"href":"https:\/\/shop.merolution.de\/index.php\/wp-json\/wp\/v2\/product_tag?post=3736"}],"curies":[{"name":"wp","href":"https:\/\/api.w.org\/{rel}","templated":true}]}}