{"id":3765,"date":"2020-05-28T10:03:29","date_gmt":"2020-05-28T10:03:29","guid":{"rendered":"https:\/\/shop.merolution.de\/index.php\/product\/schladerer-kirschwasser-42vol\/"},"modified":"2020-05-28T10:03:29","modified_gmt":"2020-05-28T10:03:29","slug":"schladerer-kirschwasser-42vol","status":"publish","type":"product","link":"https:\/\/shop.merolution.de\/index.php\/product\/schladerer-kirschwasser-42vol\/","title":{"rendered":"Schladerer Kirschwasser 42vol%"},"content":{"rendered":"<p>01\/0,70Nur wenn es tats\u00e4chlich aus Schwarzw\u00e4lder Kirschen im Schwarzwaldgebrannt wurde, darf sich dieser traditionsreiche durch eine strengeHerkunftsbezeichnung gesch\u00fctzte und herzhaft schmeckende Obstbrandauch wirklich so nennen. Die Auswahl der besten kleinen schwarzenBrennkirschen und \u00fcber 150 Jahre Erfahrung und Tradition in unseremHaus b\u00fcrgen f\u00fcr eine hervorragende Qualit\u00e4t.<\/p>\n","protected":false},"excerpt":{"rendered":"<p>01\/0,70 -42,0vol%-Nur wenn es tats\u00e4chlich aus Schwarzw\u00e4lder Kirschen im Schwarzwaldgebrannt wurde, darf sich dieser traditionsreiche durch eine strengeHerkunftsbezeichnung gesch\u00fctzte und herzhaft schmeckende Obstbrandauch wirklich so nennen. Die Auswahl der besten kleinen schwarzenBrennkirschen und \u00fcber 150 Jahre Erfahrung und Tradition in unseremHaus b\u00fcrgen f\u00fcr eine hervorragende Qualit\u00e4t.<\/p>\n","protected":false},"featured_media":3766,"comment_status":"open","ping_status":"closed","template":"","meta":[],"product_cat":[83],"product_tag":[],"yoast_head":"<!-- This site is optimized with the Yoast SEO plugin v19.14 - https:\/\/yoast.com\/wordpress\/plugins\/seo\/ -->\n<title>Schladerer Kirschwasser 42vol% - Getr\u00e4nke Schl\u00fcter Onlineshop<\/title>\n<meta name=\"robots\" content=\"noindex, follow, max-snippet:-1, max-image-preview:large, max-video-preview:-1\" \/>\n<meta property=\"og:locale\" content=\"de_DE\" \/>\n<meta property=\"og:type\" content=\"article\" \/>\n<meta property=\"og:title\" content=\"Schladerer Kirschwasser 42vol% - Getr\u00e4nke Schl\u00fcter Onlineshop\" \/>\n<meta property=\"og:description\" content=\"01\/0,70 -42,0vol%-Nur wenn es tats\u00e4chlich aus Schwarzw\u00e4lder Kirschen im Schwarzwaldgebrannt wurde, darf sich dieser traditionsreiche durch eine strengeHerkunftsbezeichnung gesch\u00fctzte und herzhaft schmeckende Obstbrandauch wirklich so nennen. Die Auswahl der besten kleinen schwarzenBrennkirschen und \u00fcber 150 Jahre Erfahrung und Tradition in unseremHaus b\u00fcrgen f\u00fcr eine hervorragende Qualit\u00e4t.\" \/>\n<meta property=\"og:url\" content=\"https:\/\/shop.merolution.de\/index.php\/product\/schladerer-kirschwasser-42vol\/\" \/>\n<meta property=\"og:site_name\" content=\"Getr\u00e4nke Schl\u00fcter Onlineshop\" \/>\n<meta property=\"og:image\" content=\"https:\/\/shop.merolution.de\/wp-content\/uploads\/2020\/05\/2578aPic1S1301205953_zz_Schladerer-Kirsch-klein.jpg\" \/>\n\t<meta property=\"og:image:width\" content=\"110\" \/>\n\t<meta property=\"og:image:height\" content=\"275\" \/>\n\t<meta property=\"og:image:type\" content=\"image\/jpeg\" \/>\n<meta name=\"twitter:card\" content=\"summary_large_image\" \/>\n<script type=\"application\/ld+json\" class=\"yoast-schema-graph\">{\"@context\":\"https:\/\/schema.org\",\"@graph\":[{\"@type\":\"WebPage\",\"@id\":\"https:\/\/shop.merolution.de\/index.php\/product\/schladerer-kirschwasser-42vol\/\",\"url\":\"https:\/\/shop.merolution.de\/index.php\/product\/schladerer-kirschwasser-42vol\/\",\"name\":\"Schladerer Kirschwasser 42vol% - Getr\u00e4nke Schl\u00fcter Onlineshop\",\"isPartOf\":{\"@id\":\"https:\/\/shop.merolution.de\/#website\"},\"datePublished\":\"2020-05-28T10:03:29+00:00\",\"dateModified\":\"2020-05-28T10:03:29+00:00\",\"breadcrumb\":{\"@id\":\"https:\/\/shop.merolution.de\/index.php\/product\/schladerer-kirschwasser-42vol\/#breadcrumb\"},\"inLanguage\":\"de\",\"potentialAction\":[{\"@type\":\"ReadAction\",\"target\":[\"https:\/\/shop.merolution.de\/index.php\/product\/schladerer-kirschwasser-42vol\/\"]}]},{\"@type\":\"BreadcrumbList\",\"@id\":\"https:\/\/shop.merolution.de\/index.php\/product\/schladerer-kirschwasser-42vol\/#breadcrumb\",\"itemListElement\":[{\"@type\":\"ListItem\",\"position\":1,\"name\":\"Home\",\"item\":\"https:\/\/shop.merolution.de\/\"},{\"@type\":\"ListItem\",\"position\":2,\"name\":\"Shop\",\"item\":\"https:\/\/shop.merolution.de\/\"},{\"@type\":\"ListItem\",\"position\":3,\"name\":\"Schladerer Kirschwasser 42vol%\"}]},{\"@type\":\"WebSite\",\"@id\":\"https:\/\/shop.merolution.de\/#website\",\"url\":\"https:\/\/shop.merolution.de\/\",\"name\":\"Getr\u00e4nke Schl\u00fcter Onlineshop\",\"description\":\"Ihr Getr\u00e4nke-Partner in Hannover\",\"potentialAction\":[{\"@type\":\"SearchAction\",\"target\":{\"@type\":\"EntryPoint\",\"urlTemplate\":\"https:\/\/shop.merolution.de\/?s={search_term_string}\"},\"query-input\":\"required name=search_term_string\"}],\"inLanguage\":\"de\"}]}<\/script>\n<!-- \/ Yoast SEO plugin. -->","yoast_head_json":{"title":"Schladerer Kirschwasser 42vol% - Getr\u00e4nke Schl\u00fcter Onlineshop","robots":{"index":"noindex","follow":"follow","max-snippet":"max-snippet:-1","max-image-preview":"max-image-preview:large","max-video-preview":"max-video-preview:-1"},"og_locale":"de_DE","og_type":"article","og_title":"Schladerer Kirschwasser 42vol% - Getr\u00e4nke Schl\u00fcter Onlineshop","og_description":"01\/0,70 -42,0vol%-Nur wenn es tats\u00e4chlich aus Schwarzw\u00e4lder Kirschen im Schwarzwaldgebrannt wurde, darf sich dieser traditionsreiche durch eine strengeHerkunftsbezeichnung gesch\u00fctzte und herzhaft schmeckende Obstbrandauch wirklich so nennen. Die Auswahl der besten kleinen schwarzenBrennkirschen und \u00fcber 150 Jahre Erfahrung und Tradition in unseremHaus b\u00fcrgen f\u00fcr eine hervorragende Qualit\u00e4t.","og_url":"https:\/\/shop.merolution.de\/index.php\/product\/schladerer-kirschwasser-42vol\/","og_site_name":"Getr\u00e4nke Schl\u00fcter Onlineshop","og_image":[{"width":110,"height":275,"url":"https:\/\/shop.merolution.de\/wp-content\/uploads\/2020\/05\/2578aPic1S1301205953_zz_Schladerer-Kirsch-klein.jpg","type":"image\/jpeg"}],"twitter_card":"summary_large_image","schema":{"@context":"https:\/\/schema.org","@graph":[{"@type":"WebPage","@id":"https:\/\/shop.merolution.de\/index.php\/product\/schladerer-kirschwasser-42vol\/","url":"https:\/\/shop.merolution.de\/index.php\/product\/schladerer-kirschwasser-42vol\/","name":"Schladerer Kirschwasser 42vol% - Getr\u00e4nke Schl\u00fcter Onlineshop","isPartOf":{"@id":"https:\/\/shop.merolution.de\/#website"},"datePublished":"2020-05-28T10:03:29+00:00","dateModified":"2020-05-28T10:03:29+00:00","breadcrumb":{"@id":"https:\/\/shop.merolution.de\/index.php\/product\/schladerer-kirschwasser-42vol\/#breadcrumb"},"inLanguage":"de","potentialAction":[{"@type":"ReadAction","target":["https:\/\/shop.merolution.de\/index.php\/product\/schladerer-kirschwasser-42vol\/"]}]},{"@type":"BreadcrumbList","@id":"https:\/\/shop.merolution.de\/index.php\/product\/schladerer-kirschwasser-42vol\/#breadcrumb","itemListElement":[{"@type":"ListItem","position":1,"name":"Home","item":"https:\/\/shop.merolution.de\/"},{"@type":"ListItem","position":2,"name":"Shop","item":"https:\/\/shop.merolution.de\/"},{"@type":"ListItem","position":3,"name":"Schladerer Kirschwasser 42vol%"}]},{"@type":"WebSite","@id":"https:\/\/shop.merolution.de\/#website","url":"https:\/\/shop.merolution.de\/","name":"Getr\u00e4nke Schl\u00fcter Onlineshop","description":"Ihr Getr\u00e4nke-Partner in Hannover","potentialAction":[{"@type":"SearchAction","target":{"@type":"EntryPoint","urlTemplate":"https:\/\/shop.merolution.de\/?s={search_term_string}"},"query-input":"required name=search_term_string"}],"inLanguage":"de"}]}},"_links":{"self":[{"href":"https:\/\/shop.merolution.de\/index.php\/wp-json\/wp\/v2\/product\/3765"}],"collection":[{"href":"https:\/\/shop.merolution.de\/index.php\/wp-json\/wp\/v2\/product"}],"about":[{"href":"https:\/\/shop.merolution.de\/index.php\/wp-json\/wp\/v2\/types\/product"}],"replies":[{"embeddable":true,"href":"https:\/\/shop.merolution.de\/index.php\/wp-json\/wp\/v2\/comments?post=3765"}],"wp:featuredmedia":[{"embeddable":true,"href":"https:\/\/shop.merolution.de\/index.php\/wp-json\/wp\/v2\/media\/3766"}],"wp:attachment":[{"href":"https:\/\/shop.merolution.de\/index.php\/wp-json\/wp\/v2\/media?parent=3765"}],"wp:term":[{"taxonomy":"product_cat","embeddable":true,"href":"https:\/\/shop.merolution.de\/index.php\/wp-json\/wp\/v2\/product_cat?post=3765"},{"taxonomy":"product_tag","embeddable":true,"href":"https:\/\/shop.merolution.de\/index.php\/wp-json\/wp\/v2\/product_tag?post=3765"}],"curies":[{"name":"wp","href":"https:\/\/api.w.org\/{rel}","templated":true}]}}