{"id":3812,"date":"2020-05-28T10:03:37","date_gmt":"2020-05-28T10:03:37","guid":{"rendered":"https:\/\/shop.merolution.de\/index.php\/product\/greenore-irish-whiskey-8years\/"},"modified":"2020-05-28T10:03:37","modified_gmt":"2020-05-28T10:03:37","slug":"greenore-irish-whiskey-8years","status":"publish","type":"product","link":"https:\/\/shop.merolution.de\/index.php\/product\/greenore-irish-whiskey-8years\/","title":{"rendered":"Greenore Irish Whiskey 8years"},"content":{"rendered":"<p>01\/0,70 &#8211; 40vol% &#8211; Single Grain Greenore ist ein einzigartiger Irish Whiskey aus dem Hause Cooley. Er ist kein Blend aus Malt und Grain Whiskey, wie allgemein \u00fcblich, sondern ausschlie\u00dflich aus Grain Whiskey hergestellt. Reine Grain Whiskeys \u0096 insbesondere aus Irland \u0096 sind sehr selten, da es einer gro\u00dfen K\u00f6nnerschaft des Brennmeisters bedarf, einen harmonischen Grain Whiskey herzustellen. Greenore ist zudem noch ein Single Gran Whiskey, d.h. er kommt aus einer einzigen Destillerie, der Cooley Distillery. Greenore ist 8 Jahre alt, was auch sehr ungew\u00f6hnlich ist, denn normalerweise wird einem Grain Whiskey nicht so viel Zeit zum Reifen gew\u00e4hrt. Seine Farbe ist von funkelndem Bernstein, und in der Nase sp\u00fcrt man deutlich einen Hauch von Honig und Eichenholz. Auf der Zunge entdeckt man eine subtile Mischung von feinstem Getreide, Honig, Mandeln und Gew\u00fcrzen. Ein sehr ausgewogener Charakter.<\/p>\n","protected":false},"excerpt":{"rendered":"<p>01\/0,70 &#8211; 40vol% &#8211; Single Grain Greenore ist ein einzigartiger Irish Whiskey aus dem Hause Cooley. Er ist kein Blend aus Malt und Grain Whiskey, wie allgemein \u00fcblich, sondern ausschlie\u00dflich aus Grain Whiskey hergestellt. Reine Grain Whiskeys \u0096 insbesondere aus Irland \u0096 sind sehr selten, da es einer gro\u00dfen K\u00f6nnerschaft des Brennmeisters bedarf, einen harmonischen Grain Whiskey herzustellen. Greenore ist zudem noch ein Single Gran Whiskey, d.h. er kommt aus einer einzigen Destillerie, der Cooley Distillery. Greenore ist 8 Jahre alt, was auch sehr ungew\u00f6hnlich ist, denn normalerweise wird einem Grain Whiskey nicht so viel Zeit zum Reifen gew\u00e4hrt. Seine Farbe ist von funkelndem Bernstein, und in der Nase sp\u00fcrt man deutlich einen Hauch von Honig und Eichenholz. Auf der Zunge entdeckt man eine subtile Mischung von feinstem Getreide, Honig, Mandeln und Gew\u00fcrzen. Ein sehr ausgewogener Charakter.<\/p>\n","protected":false},"featured_media":3813,"comment_status":"open","ping_status":"closed","template":"","meta":[],"product_cat":[84],"product_tag":[],"yoast_head":"<!-- This site is optimized with the Yoast SEO plugin v19.14 - https:\/\/yoast.com\/wordpress\/plugins\/seo\/ -->\n<title>Greenore Irish Whiskey 8years - Getr\u00e4nke Schl\u00fcter Onlineshop<\/title>\n<meta name=\"robots\" content=\"noindex, follow, max-snippet:-1, max-image-preview:large, max-video-preview:-1\" \/>\n<meta property=\"og:locale\" content=\"de_DE\" \/>\n<meta property=\"og:type\" content=\"article\" \/>\n<meta property=\"og:title\" content=\"Greenore Irish Whiskey 8years - Getr\u00e4nke Schl\u00fcter Onlineshop\" \/>\n<meta property=\"og:description\" content=\"01\/0,70 - 40vol% - Single Grain Greenore ist ein einzigartiger Irish Whiskey aus dem Hause Cooley. Er ist kein Blend aus Malt und Grain Whiskey, wie allgemein \u00fcblich, sondern ausschlie\u00dflich aus Grain Whiskey hergestellt. Reine Grain Whiskeys \u0096 insbesondere aus Irland \u0096 sind sehr selten, da es einer gro\u00dfen K\u00f6nnerschaft des Brennmeisters bedarf, einen harmonischen Grain Whiskey herzustellen. Greenore ist zudem noch ein Single Gran Whiskey, d.h. er kommt aus einer einzigen Destillerie, der Cooley Distillery. Greenore ist 8 Jahre alt, was auch sehr ungew\u00f6hnlich ist, denn normalerweise wird einem Grain Whiskey nicht so viel Zeit zum Reifen gew\u00e4hrt. Seine Farbe ist von funkelndem Bernstein, und in der Nase sp\u00fcrt man deutlich einen Hauch von Honig und Eichenholz. Auf der Zunge entdeckt man eine subtile Mischung von feinstem Getreide, Honig, Mandeln und Gew\u00fcrzen. Ein sehr ausgewogener Charakter.\" \/>\n<meta property=\"og:url\" content=\"https:\/\/shop.merolution.de\/index.php\/product\/greenore-irish-whiskey-8years\/\" \/>\n<meta property=\"og:site_name\" content=\"Getr\u00e4nke Schl\u00fcter Onlineshop\" \/>\n<meta property=\"og:image\" content=\"https:\/\/shop.merolution.de\/wp-content\/uploads\/2020\/05\/3434aPic1S1685203121_zz_greenore_07.jpg\" \/>\n\t<meta property=\"og:image:width\" content=\"150\" \/>\n\t<meta property=\"og:image:height\" content=\"173\" \/>\n\t<meta property=\"og:image:type\" content=\"image\/jpeg\" \/>\n<meta name=\"twitter:card\" content=\"summary_large_image\" \/>\n<meta name=\"twitter:label1\" content=\"Gesch\u00e4tzte Lesezeit\" \/>\n\t<meta name=\"twitter:data1\" content=\"1\u00a0Minute\" \/>\n<script type=\"application\/ld+json\" class=\"yoast-schema-graph\">{\"@context\":\"https:\/\/schema.org\",\"@graph\":[{\"@type\":\"WebPage\",\"@id\":\"https:\/\/shop.merolution.de\/index.php\/product\/greenore-irish-whiskey-8years\/\",\"url\":\"https:\/\/shop.merolution.de\/index.php\/product\/greenore-irish-whiskey-8years\/\",\"name\":\"Greenore Irish Whiskey 8years - Getr\u00e4nke Schl\u00fcter Onlineshop\",\"isPartOf\":{\"@id\":\"https:\/\/shop.merolution.de\/#website\"},\"datePublished\":\"2020-05-28T10:03:37+00:00\",\"dateModified\":\"2020-05-28T10:03:37+00:00\",\"breadcrumb\":{\"@id\":\"https:\/\/shop.merolution.de\/index.php\/product\/greenore-irish-whiskey-8years\/#breadcrumb\"},\"inLanguage\":\"de\",\"potentialAction\":[{\"@type\":\"ReadAction\",\"target\":[\"https:\/\/shop.merolution.de\/index.php\/product\/greenore-irish-whiskey-8years\/\"]}]},{\"@type\":\"BreadcrumbList\",\"@id\":\"https:\/\/shop.merolution.de\/index.php\/product\/greenore-irish-whiskey-8years\/#breadcrumb\",\"itemListElement\":[{\"@type\":\"ListItem\",\"position\":1,\"name\":\"Home\",\"item\":\"https:\/\/shop.merolution.de\/\"},{\"@type\":\"ListItem\",\"position\":2,\"name\":\"Shop\",\"item\":\"https:\/\/shop.merolution.de\/\"},{\"@type\":\"ListItem\",\"position\":3,\"name\":\"Greenore Irish Whiskey 8years\"}]},{\"@type\":\"WebSite\",\"@id\":\"https:\/\/shop.merolution.de\/#website\",\"url\":\"https:\/\/shop.merolution.de\/\",\"name\":\"Getr\u00e4nke Schl\u00fcter Onlineshop\",\"description\":\"Ihr Getr\u00e4nke-Partner in Hannover\",\"potentialAction\":[{\"@type\":\"SearchAction\",\"target\":{\"@type\":\"EntryPoint\",\"urlTemplate\":\"https:\/\/shop.merolution.de\/?s={search_term_string}\"},\"query-input\":\"required name=search_term_string\"}],\"inLanguage\":\"de\"}]}<\/script>\n<!-- \/ Yoast SEO plugin. -->","yoast_head_json":{"title":"Greenore Irish Whiskey 8years - Getr\u00e4nke Schl\u00fcter Onlineshop","robots":{"index":"noindex","follow":"follow","max-snippet":"max-snippet:-1","max-image-preview":"max-image-preview:large","max-video-preview":"max-video-preview:-1"},"og_locale":"de_DE","og_type":"article","og_title":"Greenore Irish Whiskey 8years - Getr\u00e4nke Schl\u00fcter Onlineshop","og_description":"01\/0,70 - 40vol% - Single Grain Greenore ist ein einzigartiger Irish Whiskey aus dem Hause Cooley. Er ist kein Blend aus Malt und Grain Whiskey, wie allgemein \u00fcblich, sondern ausschlie\u00dflich aus Grain Whiskey hergestellt. Reine Grain Whiskeys \u0096 insbesondere aus Irland \u0096 sind sehr selten, da es einer gro\u00dfen K\u00f6nnerschaft des Brennmeisters bedarf, einen harmonischen Grain Whiskey herzustellen. Greenore ist zudem noch ein Single Gran Whiskey, d.h. er kommt aus einer einzigen Destillerie, der Cooley Distillery. Greenore ist 8 Jahre alt, was auch sehr ungew\u00f6hnlich ist, denn normalerweise wird einem Grain Whiskey nicht so viel Zeit zum Reifen gew\u00e4hrt. Seine Farbe ist von funkelndem Bernstein, und in der Nase sp\u00fcrt man deutlich einen Hauch von Honig und Eichenholz. Auf der Zunge entdeckt man eine subtile Mischung von feinstem Getreide, Honig, Mandeln und Gew\u00fcrzen. Ein sehr ausgewogener Charakter.","og_url":"https:\/\/shop.merolution.de\/index.php\/product\/greenore-irish-whiskey-8years\/","og_site_name":"Getr\u00e4nke Schl\u00fcter Onlineshop","og_image":[{"width":150,"height":173,"url":"https:\/\/shop.merolution.de\/wp-content\/uploads\/2020\/05\/3434aPic1S1685203121_zz_greenore_07.jpg","type":"image\/jpeg"}],"twitter_card":"summary_large_image","twitter_misc":{"Gesch\u00e4tzte Lesezeit":"1\u00a0Minute"},"schema":{"@context":"https:\/\/schema.org","@graph":[{"@type":"WebPage","@id":"https:\/\/shop.merolution.de\/index.php\/product\/greenore-irish-whiskey-8years\/","url":"https:\/\/shop.merolution.de\/index.php\/product\/greenore-irish-whiskey-8years\/","name":"Greenore Irish Whiskey 8years - Getr\u00e4nke Schl\u00fcter Onlineshop","isPartOf":{"@id":"https:\/\/shop.merolution.de\/#website"},"datePublished":"2020-05-28T10:03:37+00:00","dateModified":"2020-05-28T10:03:37+00:00","breadcrumb":{"@id":"https:\/\/shop.merolution.de\/index.php\/product\/greenore-irish-whiskey-8years\/#breadcrumb"},"inLanguage":"de","potentialAction":[{"@type":"ReadAction","target":["https:\/\/shop.merolution.de\/index.php\/product\/greenore-irish-whiskey-8years\/"]}]},{"@type":"BreadcrumbList","@id":"https:\/\/shop.merolution.de\/index.php\/product\/greenore-irish-whiskey-8years\/#breadcrumb","itemListElement":[{"@type":"ListItem","position":1,"name":"Home","item":"https:\/\/shop.merolution.de\/"},{"@type":"ListItem","position":2,"name":"Shop","item":"https:\/\/shop.merolution.de\/"},{"@type":"ListItem","position":3,"name":"Greenore Irish Whiskey 8years"}]},{"@type":"WebSite","@id":"https:\/\/shop.merolution.de\/#website","url":"https:\/\/shop.merolution.de\/","name":"Getr\u00e4nke Schl\u00fcter Onlineshop","description":"Ihr Getr\u00e4nke-Partner in Hannover","potentialAction":[{"@type":"SearchAction","target":{"@type":"EntryPoint","urlTemplate":"https:\/\/shop.merolution.de\/?s={search_term_string}"},"query-input":"required name=search_term_string"}],"inLanguage":"de"}]}},"_links":{"self":[{"href":"https:\/\/shop.merolution.de\/index.php\/wp-json\/wp\/v2\/product\/3812"}],"collection":[{"href":"https:\/\/shop.merolution.de\/index.php\/wp-json\/wp\/v2\/product"}],"about":[{"href":"https:\/\/shop.merolution.de\/index.php\/wp-json\/wp\/v2\/types\/product"}],"replies":[{"embeddable":true,"href":"https:\/\/shop.merolution.de\/index.php\/wp-json\/wp\/v2\/comments?post=3812"}],"wp:featuredmedia":[{"embeddable":true,"href":"https:\/\/shop.merolution.de\/index.php\/wp-json\/wp\/v2\/media\/3813"}],"wp:attachment":[{"href":"https:\/\/shop.merolution.de\/index.php\/wp-json\/wp\/v2\/media?parent=3812"}],"wp:term":[{"taxonomy":"product_cat","embeddable":true,"href":"https:\/\/shop.merolution.de\/index.php\/wp-json\/wp\/v2\/product_cat?post=3812"},{"taxonomy":"product_tag","embeddable":true,"href":"https:\/\/shop.merolution.de\/index.php\/wp-json\/wp\/v2\/product_tag?post=3812"}],"curies":[{"name":"wp","href":"https:\/\/api.w.org\/{rel}","templated":true}]}}