{"id":3904,"date":"2020-05-28T10:03:52","date_gmt":"2020-05-28T10:03:52","guid":{"rendered":"https:\/\/shop.merolution.de\/index.php\/product\/kommissionsrueckholung-nachtraeglich\/"},"modified":"2020-05-28T10:03:52","modified_gmt":"2020-05-28T10:03:52","slug":"kommissionsrueckholung-nachtraeglich","status":"publish","type":"product","link":"https:\/\/shop.merolution.de\/index.php\/product\/kommissionsrueckholung-nachtraeglich\/","title":{"rendered":"Kommissionsr\u00fcckholung &#8211; nachtr\u00e4glich &#8211;"},"content":{"rendered":"<p>Sie stellen nachtr\u00e4glich fest, dass Sie zu viel f\u00fcr ein Fest bestellt haben? Auch hier bezahlen Sie nur, was Sie auch verbraucht haben.Dieser Service ist nachtr\u00e4glich nur innerhalb von 5 Tagen nach Lieferung buchbar. Die R\u00fcckholung kann sich nur auf eine spezifische, vorhergehende Lieferung beziehen und muss innerhalb von 10 Tagen nach der Ursprungslieferung erfolgen.Diese Geb\u00fchr beinhaltet die nachtr\u00e4glich beauftragte R\u00fcckholung von vollen Kisten oder F\u00e4ssern sowie die R\u00fcckholung von vollen und leeren Kisten, F\u00e4ssern. Es werden nur volle und sortenreine Kisten bei der R\u00fccknahme zum vollen Warenwert gutgeschrieben. Angebrochene Kisten verbleiben beim Kunden oder werden nur zum Pfandwert gutgeschrieben.Es werden nat\u00fcrlich nur Artikel zur\u00fcckgenommen, die wir auch geliefert haben. Keine R\u00fccknahme von Kartonware (Wein\/Spirituosen) oder Bestellartikeln.Die R\u00fcckholung erfolgt ausschlie\u00dflich barrierefrei bis hinter der ersten verschlossenen T\u00fcr. Voll- und Leergut m\u00fcssen sortiert zur R\u00fcckholung bereit stehen. Sortier- und Aufr\u00e4umarbeiten werden separat berechnet.Achtung: Wenn wir mehr als 50 Prozent der Ware unverbraucht und unge\u00f6ffnet zur\u00fcckholen, berechnen wir \u0080 1,50 f\u00fcr jede volle Kiste und \u0080 5,00 f\u00fcr jedes volle Fass (50L) als Rollgeld. (Siehe auch: Geb\u00fchr Rollgeld)<\/p>\n","protected":false},"excerpt":{"rendered":"<p>Sie stellen nachtr\u00e4glich fest, dass Sie zu viel f\u00fcr ein Fest bestellt haben? Auch hier bezahlen Sie nur, was Sie auch verbraucht haben.Dieser Service ist nachtr\u00e4glich nur innerhalb von 5 Tagen nach Lieferung buchbar. Die R\u00fcckholung kann sich nur auf eine spezifische, vorhergehende Lieferung beziehen und muss innerhalb von 10 Tagen nach der Ursprungslieferung erfolgen.Diese Geb\u00fchr beinhaltet die nachtr\u00e4glich beauftragte R\u00fcckholung von vollen Kisten oder F\u00e4ssern sowie die R\u00fcckholung von vollen und leeren Kisten, F\u00e4ssern. Es werden nur volle und sortenreine Kisten bei der R\u00fccknahme zum vollen Warenwert gutgeschrieben. Angebrochene Kisten verbleiben beim Kunden oder werden nur zum Pfandwert gutgeschrieben.Es werden nat\u00fcrlich nur Artikel zur\u00fcckgenommen, die wir auch geliefert haben. Keine R\u00fccknahme von Kartonware (Wein\/Spirituosen) oder Bestellartikeln.Die R\u00fcckholung erfolgt ausschlie\u00dflich barrierefrei bis hinter der ersten verschlossenen T\u00fcr. Voll- und Leergut m\u00fcssen sortiert zur R\u00fcckholung bereit stehen. Sortier- und Aufr\u00e4umarbeiten werden separat berechnet.Achtung: Wenn wir mehr als 50 Prozent der Ware unverbraucht und unge\u00f6ffnet zur\u00fcckholen, berechnen wir \u0080 1,50 f\u00fcr jede volle Kiste und \u0080 5,00 f\u00fcr jedes volle Fass (50L) als Rollgeld. (Siehe auch: Geb\u00fchr Rollgeld)<\/p>\n","protected":false},"featured_media":0,"comment_status":"open","ping_status":"closed","template":"","meta":[],"product_cat":[87],"product_tag":[],"yoast_head":"<!-- This site is optimized with the Yoast SEO plugin v19.14 - https:\/\/yoast.com\/wordpress\/plugins\/seo\/ -->\n<title>Kommissionsr\u00fcckholung - nachtr\u00e4glich - Getr\u00e4nke Schl\u00fcter Onlineshop<\/title>\n<meta name=\"robots\" content=\"noindex, follow, max-snippet:-1, max-image-preview:large, max-video-preview:-1\" \/>\n<meta property=\"og:locale\" content=\"de_DE\" \/>\n<meta property=\"og:type\" content=\"article\" \/>\n<meta property=\"og:title\" content=\"Kommissionsr\u00fcckholung - nachtr\u00e4glich - Getr\u00e4nke Schl\u00fcter Onlineshop\" \/>\n<meta property=\"og:description\" content=\"Sie stellen nachtr\u00e4glich fest, dass Sie zu viel f\u00fcr ein Fest bestellt haben? Auch hier bezahlen Sie nur, was Sie auch verbraucht haben.Dieser Service ist nachtr\u00e4glich nur innerhalb von 5 Tagen nach Lieferung buchbar. Die R\u00fcckholung kann sich nur auf eine spezifische, vorhergehende Lieferung beziehen und muss innerhalb von 10 Tagen nach der Ursprungslieferung erfolgen.Diese Geb\u00fchr beinhaltet die nachtr\u00e4glich beauftragte R\u00fcckholung von vollen Kisten oder F\u00e4ssern sowie die R\u00fcckholung von vollen und leeren Kisten, F\u00e4ssern. Es werden nur volle und sortenreine Kisten bei der R\u00fccknahme zum vollen Warenwert gutgeschrieben. Angebrochene Kisten verbleiben beim Kunden oder werden nur zum Pfandwert gutgeschrieben.Es werden nat\u00fcrlich nur Artikel zur\u00fcckgenommen, die wir auch geliefert haben. Keine R\u00fccknahme von Kartonware (Wein\/Spirituosen) oder Bestellartikeln.Die R\u00fcckholung erfolgt ausschlie\u00dflich barrierefrei bis hinter der ersten verschlossenen T\u00fcr. Voll- und Leergut m\u00fcssen sortiert zur R\u00fcckholung bereit stehen. Sortier- und Aufr\u00e4umarbeiten werden separat berechnet.Achtung: Wenn wir mehr als 50 Prozent der Ware unverbraucht und unge\u00f6ffnet zur\u00fcckholen, berechnen wir \u0080 1,50 f\u00fcr jede volle Kiste und \u0080 5,00 f\u00fcr jedes volle Fass (50L) als Rollgeld. (Siehe auch: Geb\u00fchr Rollgeld)\" \/>\n<meta property=\"og:url\" content=\"https:\/\/shop.merolution.de\/index.php\/product\/kommissionsrueckholung-nachtraeglich\/\" \/>\n<meta property=\"og:site_name\" content=\"Getr\u00e4nke Schl\u00fcter Onlineshop\" \/>\n<meta name=\"twitter:card\" content=\"summary_large_image\" \/>\n<meta name=\"twitter:label1\" content=\"Gesch\u00e4tzte Lesezeit\" \/>\n\t<meta name=\"twitter:data1\" content=\"1\u00a0Minute\" \/>\n<script type=\"application\/ld+json\" class=\"yoast-schema-graph\">{\"@context\":\"https:\/\/schema.org\",\"@graph\":[{\"@type\":\"WebPage\",\"@id\":\"https:\/\/shop.merolution.de\/index.php\/product\/kommissionsrueckholung-nachtraeglich\/\",\"url\":\"https:\/\/shop.merolution.de\/index.php\/product\/kommissionsrueckholung-nachtraeglich\/\",\"name\":\"Kommissionsr\u00fcckholung - nachtr\u00e4glich - Getr\u00e4nke Schl\u00fcter Onlineshop\",\"isPartOf\":{\"@id\":\"https:\/\/shop.merolution.de\/#website\"},\"datePublished\":\"2020-05-28T10:03:52+00:00\",\"dateModified\":\"2020-05-28T10:03:52+00:00\",\"breadcrumb\":{\"@id\":\"https:\/\/shop.merolution.de\/index.php\/product\/kommissionsrueckholung-nachtraeglich\/#breadcrumb\"},\"inLanguage\":\"de\",\"potentialAction\":[{\"@type\":\"ReadAction\",\"target\":[\"https:\/\/shop.merolution.de\/index.php\/product\/kommissionsrueckholung-nachtraeglich\/\"]}]},{\"@type\":\"BreadcrumbList\",\"@id\":\"https:\/\/shop.merolution.de\/index.php\/product\/kommissionsrueckholung-nachtraeglich\/#breadcrumb\",\"itemListElement\":[{\"@type\":\"ListItem\",\"position\":1,\"name\":\"Home\",\"item\":\"https:\/\/shop.merolution.de\/\"},{\"@type\":\"ListItem\",\"position\":2,\"name\":\"Shop\",\"item\":\"https:\/\/shop.merolution.de\/\"},{\"@type\":\"ListItem\",\"position\":3,\"name\":\"Kommissionsr\u00fcckholung &#8211; nachtr\u00e4glich &#8211;\"}]},{\"@type\":\"WebSite\",\"@id\":\"https:\/\/shop.merolution.de\/#website\",\"url\":\"https:\/\/shop.merolution.de\/\",\"name\":\"Getr\u00e4nke Schl\u00fcter Onlineshop\",\"description\":\"Ihr Getr\u00e4nke-Partner in Hannover\",\"potentialAction\":[{\"@type\":\"SearchAction\",\"target\":{\"@type\":\"EntryPoint\",\"urlTemplate\":\"https:\/\/shop.merolution.de\/?s={search_term_string}\"},\"query-input\":\"required name=search_term_string\"}],\"inLanguage\":\"de\"}]}<\/script>\n<!-- \/ Yoast SEO plugin. -->","yoast_head_json":{"title":"Kommissionsr\u00fcckholung - nachtr\u00e4glich - Getr\u00e4nke Schl\u00fcter Onlineshop","robots":{"index":"noindex","follow":"follow","max-snippet":"max-snippet:-1","max-image-preview":"max-image-preview:large","max-video-preview":"max-video-preview:-1"},"og_locale":"de_DE","og_type":"article","og_title":"Kommissionsr\u00fcckholung - nachtr\u00e4glich - Getr\u00e4nke Schl\u00fcter Onlineshop","og_description":"Sie stellen nachtr\u00e4glich fest, dass Sie zu viel f\u00fcr ein Fest bestellt haben? Auch hier bezahlen Sie nur, was Sie auch verbraucht haben.Dieser Service ist nachtr\u00e4glich nur innerhalb von 5 Tagen nach Lieferung buchbar. Die R\u00fcckholung kann sich nur auf eine spezifische, vorhergehende Lieferung beziehen und muss innerhalb von 10 Tagen nach der Ursprungslieferung erfolgen.Diese Geb\u00fchr beinhaltet die nachtr\u00e4glich beauftragte R\u00fcckholung von vollen Kisten oder F\u00e4ssern sowie die R\u00fcckholung von vollen und leeren Kisten, F\u00e4ssern. Es werden nur volle und sortenreine Kisten bei der R\u00fccknahme zum vollen Warenwert gutgeschrieben. Angebrochene Kisten verbleiben beim Kunden oder werden nur zum Pfandwert gutgeschrieben.Es werden nat\u00fcrlich nur Artikel zur\u00fcckgenommen, die wir auch geliefert haben. Keine R\u00fccknahme von Kartonware (Wein\/Spirituosen) oder Bestellartikeln.Die R\u00fcckholung erfolgt ausschlie\u00dflich barrierefrei bis hinter der ersten verschlossenen T\u00fcr. Voll- und Leergut m\u00fcssen sortiert zur R\u00fcckholung bereit stehen. Sortier- und Aufr\u00e4umarbeiten werden separat berechnet.Achtung: Wenn wir mehr als 50 Prozent der Ware unverbraucht und unge\u00f6ffnet zur\u00fcckholen, berechnen wir \u0080 1,50 f\u00fcr jede volle Kiste und \u0080 5,00 f\u00fcr jedes volle Fass (50L) als Rollgeld. (Siehe auch: Geb\u00fchr Rollgeld)","og_url":"https:\/\/shop.merolution.de\/index.php\/product\/kommissionsrueckholung-nachtraeglich\/","og_site_name":"Getr\u00e4nke Schl\u00fcter Onlineshop","twitter_card":"summary_large_image","twitter_misc":{"Gesch\u00e4tzte Lesezeit":"1\u00a0Minute"},"schema":{"@context":"https:\/\/schema.org","@graph":[{"@type":"WebPage","@id":"https:\/\/shop.merolution.de\/index.php\/product\/kommissionsrueckholung-nachtraeglich\/","url":"https:\/\/shop.merolution.de\/index.php\/product\/kommissionsrueckholung-nachtraeglich\/","name":"Kommissionsr\u00fcckholung - nachtr\u00e4glich - Getr\u00e4nke Schl\u00fcter Onlineshop","isPartOf":{"@id":"https:\/\/shop.merolution.de\/#website"},"datePublished":"2020-05-28T10:03:52+00:00","dateModified":"2020-05-28T10:03:52+00:00","breadcrumb":{"@id":"https:\/\/shop.merolution.de\/index.php\/product\/kommissionsrueckholung-nachtraeglich\/#breadcrumb"},"inLanguage":"de","potentialAction":[{"@type":"ReadAction","target":["https:\/\/shop.merolution.de\/index.php\/product\/kommissionsrueckholung-nachtraeglich\/"]}]},{"@type":"BreadcrumbList","@id":"https:\/\/shop.merolution.de\/index.php\/product\/kommissionsrueckholung-nachtraeglich\/#breadcrumb","itemListElement":[{"@type":"ListItem","position":1,"name":"Home","item":"https:\/\/shop.merolution.de\/"},{"@type":"ListItem","position":2,"name":"Shop","item":"https:\/\/shop.merolution.de\/"},{"@type":"ListItem","position":3,"name":"Kommissionsr\u00fcckholung &#8211; nachtr\u00e4glich &#8211;"}]},{"@type":"WebSite","@id":"https:\/\/shop.merolution.de\/#website","url":"https:\/\/shop.merolution.de\/","name":"Getr\u00e4nke Schl\u00fcter Onlineshop","description":"Ihr Getr\u00e4nke-Partner in Hannover","potentialAction":[{"@type":"SearchAction","target":{"@type":"EntryPoint","urlTemplate":"https:\/\/shop.merolution.de\/?s={search_term_string}"},"query-input":"required name=search_term_string"}],"inLanguage":"de"}]}},"_links":{"self":[{"href":"https:\/\/shop.merolution.de\/index.php\/wp-json\/wp\/v2\/product\/3904"}],"collection":[{"href":"https:\/\/shop.merolution.de\/index.php\/wp-json\/wp\/v2\/product"}],"about":[{"href":"https:\/\/shop.merolution.de\/index.php\/wp-json\/wp\/v2\/types\/product"}],"replies":[{"embeddable":true,"href":"https:\/\/shop.merolution.de\/index.php\/wp-json\/wp\/v2\/comments?post=3904"}],"wp:attachment":[{"href":"https:\/\/shop.merolution.de\/index.php\/wp-json\/wp\/v2\/media?parent=3904"}],"wp:term":[{"taxonomy":"product_cat","embeddable":true,"href":"https:\/\/shop.merolution.de\/index.php\/wp-json\/wp\/v2\/product_cat?post=3904"},{"taxonomy":"product_tag","embeddable":true,"href":"https:\/\/shop.merolution.de\/index.php\/wp-json\/wp\/v2\/product_tag?post=3904"}],"curies":[{"name":"wp","href":"https:\/\/api.w.org\/{rel}","templated":true}]}}