{"id":3937,"date":"2020-05-28T10:03:59","date_gmt":"2020-05-28T10:03:59","guid":{"rendered":"https:\/\/shop.merolution.de\/index.php\/product\/jechtinger-150-spaetburgunder-magnum\/"},"modified":"2020-05-28T10:03:59","modified_gmt":"2020-05-28T10:03:59","slug":"jechtinger-150-spaetburgunder-magnum","status":"publish","type":"product","link":"https:\/\/shop.merolution.de\/index.php\/product\/jechtinger-150-spaetburgunder-magnum\/","title":{"rendered":"Jechtinger 1,50 Sp\u00e4tburgunder Magnum"},"content":{"rendered":"<p>01\/1,50 MagnumDer Sp\u00e4tburgunder Rotwein passt als Essensbegleiter besonders gut zu dunklem Fleisch, Wild und edlem K\u00e4se. Trinktemperatur: bis Zimmertemperatur Harmonisch S\u00e4ure: 4,4 g\/l Restzucker: 12,4 g\/l Alkohol: 13,0 %vol.<\/p>\n","protected":false},"excerpt":{"rendered":"<p>01\/1,50 MagnumDer Sp\u00e4tburgunder Rotwein passt als Essensbegleiter besonders gut zu dunklem Fleisch, Wild und edlem K\u00e4se. Trinktemperatur: bis Zimmertemperatur Harmonisch S\u00e4ure: 4,4 g\/l Restzucker: 12,4 g\/l Alkohol: 13,0 %vol.<\/p>\n","protected":false},"featured_media":3938,"comment_status":"open","ping_status":"closed","template":"","meta":[],"product_cat":[91],"product_tag":[],"yoast_head":"<!-- This site is optimized with the Yoast SEO plugin v19.14 - https:\/\/yoast.com\/wordpress\/plugins\/seo\/ -->\n<title>Jechtinger 1,50 Sp\u00e4tburgunder Magnum - Getr\u00e4nke Schl\u00fcter Onlineshop<\/title>\n<meta name=\"robots\" content=\"noindex, follow, max-snippet:-1, max-image-preview:large, max-video-preview:-1\" \/>\n<meta property=\"og:locale\" content=\"de_DE\" \/>\n<meta property=\"og:type\" content=\"article\" \/>\n<meta property=\"og:title\" content=\"Jechtinger 1,50 Sp\u00e4tburgunder Magnum - Getr\u00e4nke Schl\u00fcter Onlineshop\" \/>\n<meta property=\"og:description\" content=\"01\/1,50 MagnumDer Sp\u00e4tburgunder Rotwein passt als Essensbegleiter besonders gut zu dunklem Fleisch, Wild und edlem K\u00e4se. Trinktemperatur: bis Zimmertemperatur Harmonisch S\u00e4ure: 4,4 g\/l Restzucker: 12,4 g\/l Alkohol: 13,0 %vol.\" \/>\n<meta property=\"og:url\" content=\"https:\/\/shop.merolution.de\/index.php\/product\/jechtinger-150-spaetburgunder-magnum\/\" \/>\n<meta property=\"og:site_name\" content=\"Getr\u00e4nke Schl\u00fcter Onlineshop\" \/>\n<meta property=\"og:image\" content=\"https:\/\/shop.merolution.de\/wp-content\/uploads\/2020\/05\/3152aPic1S1628678813_zz_JechtingerLogoMitBild.jpg\" \/>\n\t<meta property=\"og:image:width\" content=\"180\" \/>\n\t<meta property=\"og:image:height\" content=\"336\" \/>\n\t<meta property=\"og:image:type\" content=\"image\/jpeg\" \/>\n<meta name=\"twitter:card\" content=\"summary_large_image\" \/>\n<script type=\"application\/ld+json\" class=\"yoast-schema-graph\">{\"@context\":\"https:\/\/schema.org\",\"@graph\":[{\"@type\":\"WebPage\",\"@id\":\"https:\/\/shop.merolution.de\/index.php\/product\/jechtinger-150-spaetburgunder-magnum\/\",\"url\":\"https:\/\/shop.merolution.de\/index.php\/product\/jechtinger-150-spaetburgunder-magnum\/\",\"name\":\"Jechtinger 1,50 Sp\u00e4tburgunder Magnum - Getr\u00e4nke Schl\u00fcter Onlineshop\",\"isPartOf\":{\"@id\":\"https:\/\/shop.merolution.de\/#website\"},\"datePublished\":\"2020-05-28T10:03:59+00:00\",\"dateModified\":\"2020-05-28T10:03:59+00:00\",\"breadcrumb\":{\"@id\":\"https:\/\/shop.merolution.de\/index.php\/product\/jechtinger-150-spaetburgunder-magnum\/#breadcrumb\"},\"inLanguage\":\"de\",\"potentialAction\":[{\"@type\":\"ReadAction\",\"target\":[\"https:\/\/shop.merolution.de\/index.php\/product\/jechtinger-150-spaetburgunder-magnum\/\"]}]},{\"@type\":\"BreadcrumbList\",\"@id\":\"https:\/\/shop.merolution.de\/index.php\/product\/jechtinger-150-spaetburgunder-magnum\/#breadcrumb\",\"itemListElement\":[{\"@type\":\"ListItem\",\"position\":1,\"name\":\"Home\",\"item\":\"https:\/\/shop.merolution.de\/\"},{\"@type\":\"ListItem\",\"position\":2,\"name\":\"Shop\",\"item\":\"https:\/\/shop.merolution.de\/\"},{\"@type\":\"ListItem\",\"position\":3,\"name\":\"Jechtinger 1,50 Sp\u00e4tburgunder Magnum\"}]},{\"@type\":\"WebSite\",\"@id\":\"https:\/\/shop.merolution.de\/#website\",\"url\":\"https:\/\/shop.merolution.de\/\",\"name\":\"Getr\u00e4nke Schl\u00fcter Onlineshop\",\"description\":\"Ihr Getr\u00e4nke-Partner in Hannover\",\"potentialAction\":[{\"@type\":\"SearchAction\",\"target\":{\"@type\":\"EntryPoint\",\"urlTemplate\":\"https:\/\/shop.merolution.de\/?s={search_term_string}\"},\"query-input\":\"required name=search_term_string\"}],\"inLanguage\":\"de\"}]}<\/script>\n<!-- \/ Yoast SEO plugin. -->","yoast_head_json":{"title":"Jechtinger 1,50 Sp\u00e4tburgunder Magnum - Getr\u00e4nke Schl\u00fcter Onlineshop","robots":{"index":"noindex","follow":"follow","max-snippet":"max-snippet:-1","max-image-preview":"max-image-preview:large","max-video-preview":"max-video-preview:-1"},"og_locale":"de_DE","og_type":"article","og_title":"Jechtinger 1,50 Sp\u00e4tburgunder Magnum - Getr\u00e4nke Schl\u00fcter Onlineshop","og_description":"01\/1,50 MagnumDer Sp\u00e4tburgunder Rotwein passt als Essensbegleiter besonders gut zu dunklem Fleisch, Wild und edlem K\u00e4se. Trinktemperatur: bis Zimmertemperatur Harmonisch S\u00e4ure: 4,4 g\/l Restzucker: 12,4 g\/l Alkohol: 13,0 %vol.","og_url":"https:\/\/shop.merolution.de\/index.php\/product\/jechtinger-150-spaetburgunder-magnum\/","og_site_name":"Getr\u00e4nke Schl\u00fcter Onlineshop","og_image":[{"width":180,"height":336,"url":"https:\/\/shop.merolution.de\/wp-content\/uploads\/2020\/05\/3152aPic1S1628678813_zz_JechtingerLogoMitBild.jpg","type":"image\/jpeg"}],"twitter_card":"summary_large_image","schema":{"@context":"https:\/\/schema.org","@graph":[{"@type":"WebPage","@id":"https:\/\/shop.merolution.de\/index.php\/product\/jechtinger-150-spaetburgunder-magnum\/","url":"https:\/\/shop.merolution.de\/index.php\/product\/jechtinger-150-spaetburgunder-magnum\/","name":"Jechtinger 1,50 Sp\u00e4tburgunder Magnum - Getr\u00e4nke Schl\u00fcter Onlineshop","isPartOf":{"@id":"https:\/\/shop.merolution.de\/#website"},"datePublished":"2020-05-28T10:03:59+00:00","dateModified":"2020-05-28T10:03:59+00:00","breadcrumb":{"@id":"https:\/\/shop.merolution.de\/index.php\/product\/jechtinger-150-spaetburgunder-magnum\/#breadcrumb"},"inLanguage":"de","potentialAction":[{"@type":"ReadAction","target":["https:\/\/shop.merolution.de\/index.php\/product\/jechtinger-150-spaetburgunder-magnum\/"]}]},{"@type":"BreadcrumbList","@id":"https:\/\/shop.merolution.de\/index.php\/product\/jechtinger-150-spaetburgunder-magnum\/#breadcrumb","itemListElement":[{"@type":"ListItem","position":1,"name":"Home","item":"https:\/\/shop.merolution.de\/"},{"@type":"ListItem","position":2,"name":"Shop","item":"https:\/\/shop.merolution.de\/"},{"@type":"ListItem","position":3,"name":"Jechtinger 1,50 Sp\u00e4tburgunder Magnum"}]},{"@type":"WebSite","@id":"https:\/\/shop.merolution.de\/#website","url":"https:\/\/shop.merolution.de\/","name":"Getr\u00e4nke Schl\u00fcter Onlineshop","description":"Ihr Getr\u00e4nke-Partner in Hannover","potentialAction":[{"@type":"SearchAction","target":{"@type":"EntryPoint","urlTemplate":"https:\/\/shop.merolution.de\/?s={search_term_string}"},"query-input":"required name=search_term_string"}],"inLanguage":"de"}]}},"_links":{"self":[{"href":"https:\/\/shop.merolution.de\/index.php\/wp-json\/wp\/v2\/product\/3937"}],"collection":[{"href":"https:\/\/shop.merolution.de\/index.php\/wp-json\/wp\/v2\/product"}],"about":[{"href":"https:\/\/shop.merolution.de\/index.php\/wp-json\/wp\/v2\/types\/product"}],"replies":[{"embeddable":true,"href":"https:\/\/shop.merolution.de\/index.php\/wp-json\/wp\/v2\/comments?post=3937"}],"wp:featuredmedia":[{"embeddable":true,"href":"https:\/\/shop.merolution.de\/index.php\/wp-json\/wp\/v2\/media\/3938"}],"wp:attachment":[{"href":"https:\/\/shop.merolution.de\/index.php\/wp-json\/wp\/v2\/media?parent=3937"}],"wp:term":[{"taxonomy":"product_cat","embeddable":true,"href":"https:\/\/shop.merolution.de\/index.php\/wp-json\/wp\/v2\/product_cat?post=3937"},{"taxonomy":"product_tag","embeddable":true,"href":"https:\/\/shop.merolution.de\/index.php\/wp-json\/wp\/v2\/product_tag?post=3937"}],"curies":[{"name":"wp","href":"https:\/\/api.w.org\/{rel}","templated":true}]}}