{"id":3947,"date":"2020-05-28T10:04:01","date_gmt":"2020-05-28T10:04:01","guid":{"rendered":"https:\/\/shop.merolution.de\/index.php\/product\/rivaner-weisswein-weingut-kiefer\/"},"modified":"2020-05-28T10:04:01","modified_gmt":"2020-05-28T10:04:01","slug":"rivaner-weisswein-weingut-kiefer","status":"publish","type":"product","link":"https:\/\/shop.merolution.de\/index.php\/product\/rivaner-weisswein-weingut-kiefer\/","title":{"rendered":"Rivaner Wei\u00dfwein Weingut Kiefer"},"content":{"rendered":"<p>01\/0,75 &#8211; Zartes Lichtgelb zeigt sich im Glas. Im Duft begeistern reife Fruchtaromen. Die feinherbe Art bringt die tropischen Fr\u00fcchte wie Ananas und Melone richtig zur Geltung. Im Finale zeigt er eine feine Mineralit\u00e4t. AnalyseA 12,0 \/ Z 11,7 \/ S 5,7AnbaugebietBaden \/ KaiserstuhlAuszeichnungenSeit 2004 schon 6 mal unter den besten 6 Weinen des internationalen M\u00fcller-Thurgau-Preis! Internationaler M\u00fcller-Thurgau-Preis 2011. Platz drei.BegleiterIdeal zu zarten Gerichten und Salaten.Boden Tiefgr\u00fcndig verlehmte Schwemml\u00f6ssb\u00f6den, die bestens mit Wasser und N\u00e4hrstoffe versorgt sind.Trinktemperatur8\u00b0 \u0096 9\u00b0 C<\/p>\n","protected":false},"excerpt":{"rendered":"<p>01\/0,75 &#8211; Zartes Lichtgelb zeigt sich im Glas. Im Duft begeistern reife Fruchtaromen. Die feinherbe Art bringt die tropischen Fr\u00fcchte wie Ananas und Melone richtig zur Geltung. Im Finale zeigt er eine feine Mineralit\u00e4t.<\/p>\n","protected":false},"featured_media":3948,"comment_status":"open","ping_status":"closed","template":"","meta":[],"product_cat":[92],"product_tag":[],"yoast_head":"<!-- This site is optimized with the Yoast SEO plugin v19.14 - https:\/\/yoast.com\/wordpress\/plugins\/seo\/ -->\n<title>Rivaner Wei\u00dfwein Weingut Kiefer - Getr\u00e4nke Schl\u00fcter Onlineshop<\/title>\n<meta name=\"robots\" content=\"noindex, follow, max-snippet:-1, max-image-preview:large, max-video-preview:-1\" \/>\n<meta property=\"og:locale\" content=\"de_DE\" \/>\n<meta property=\"og:type\" content=\"article\" \/>\n<meta property=\"og:title\" content=\"Rivaner Wei\u00dfwein Weingut Kiefer - Getr\u00e4nke Schl\u00fcter Onlineshop\" \/>\n<meta property=\"og:description\" content=\"01\/0,75 - Zartes Lichtgelb zeigt sich im Glas. Im Duft begeistern reife Fruchtaromen. Die feinherbe Art bringt die tropischen Fr\u00fcchte wie Ananas und Melone richtig zur Geltung. Im Finale zeigt er eine feine Mineralit\u00e4t.\" \/>\n<meta property=\"og:url\" content=\"https:\/\/shop.merolution.de\/index.php\/product\/rivaner-weisswein-weingut-kiefer\/\" \/>\n<meta property=\"og:site_name\" content=\"Getr\u00e4nke Schl\u00fcter Onlineshop\" \/>\n<meta property=\"og:image\" content=\"https:\/\/shop.merolution.de\/wp-content\/uploads\/2020\/05\/rivaner-qba-feinherb.jpg\" \/>\n\t<meta property=\"og:image:width\" content=\"150\" \/>\n\t<meta property=\"og:image:height\" content=\"568\" \/>\n\t<meta property=\"og:image:type\" content=\"image\/jpeg\" \/>\n<meta name=\"twitter:card\" content=\"summary_large_image\" \/>\n<script type=\"application\/ld+json\" class=\"yoast-schema-graph\">{\"@context\":\"https:\/\/schema.org\",\"@graph\":[{\"@type\":\"WebPage\",\"@id\":\"https:\/\/shop.merolution.de\/index.php\/product\/rivaner-weisswein-weingut-kiefer\/\",\"url\":\"https:\/\/shop.merolution.de\/index.php\/product\/rivaner-weisswein-weingut-kiefer\/\",\"name\":\"Rivaner Wei\u00dfwein Weingut Kiefer - Getr\u00e4nke Schl\u00fcter Onlineshop\",\"isPartOf\":{\"@id\":\"https:\/\/shop.merolution.de\/#website\"},\"datePublished\":\"2020-05-28T10:04:01+00:00\",\"dateModified\":\"2020-05-28T10:04:01+00:00\",\"breadcrumb\":{\"@id\":\"https:\/\/shop.merolution.de\/index.php\/product\/rivaner-weisswein-weingut-kiefer\/#breadcrumb\"},\"inLanguage\":\"de\",\"potentialAction\":[{\"@type\":\"ReadAction\",\"target\":[\"https:\/\/shop.merolution.de\/index.php\/product\/rivaner-weisswein-weingut-kiefer\/\"]}]},{\"@type\":\"BreadcrumbList\",\"@id\":\"https:\/\/shop.merolution.de\/index.php\/product\/rivaner-weisswein-weingut-kiefer\/#breadcrumb\",\"itemListElement\":[{\"@type\":\"ListItem\",\"position\":1,\"name\":\"Home\",\"item\":\"https:\/\/shop.merolution.de\/\"},{\"@type\":\"ListItem\",\"position\":2,\"name\":\"Shop\",\"item\":\"https:\/\/shop.merolution.de\/\"},{\"@type\":\"ListItem\",\"position\":3,\"name\":\"Rivaner Wei\u00dfwein Weingut Kiefer\"}]},{\"@type\":\"WebSite\",\"@id\":\"https:\/\/shop.merolution.de\/#website\",\"url\":\"https:\/\/shop.merolution.de\/\",\"name\":\"Getr\u00e4nke Schl\u00fcter Onlineshop\",\"description\":\"Ihr Getr\u00e4nke-Partner in Hannover\",\"potentialAction\":[{\"@type\":\"SearchAction\",\"target\":{\"@type\":\"EntryPoint\",\"urlTemplate\":\"https:\/\/shop.merolution.de\/?s={search_term_string}\"},\"query-input\":\"required name=search_term_string\"}],\"inLanguage\":\"de\"}]}<\/script>\n<!-- \/ Yoast SEO plugin. -->","yoast_head_json":{"title":"Rivaner Wei\u00dfwein Weingut Kiefer - Getr\u00e4nke Schl\u00fcter Onlineshop","robots":{"index":"noindex","follow":"follow","max-snippet":"max-snippet:-1","max-image-preview":"max-image-preview:large","max-video-preview":"max-video-preview:-1"},"og_locale":"de_DE","og_type":"article","og_title":"Rivaner Wei\u00dfwein Weingut Kiefer - Getr\u00e4nke Schl\u00fcter Onlineshop","og_description":"01\/0,75 - Zartes Lichtgelb zeigt sich im Glas. Im Duft begeistern reife Fruchtaromen. Die feinherbe Art bringt die tropischen Fr\u00fcchte wie Ananas und Melone richtig zur Geltung. Im Finale zeigt er eine feine Mineralit\u00e4t.","og_url":"https:\/\/shop.merolution.de\/index.php\/product\/rivaner-weisswein-weingut-kiefer\/","og_site_name":"Getr\u00e4nke Schl\u00fcter Onlineshop","og_image":[{"width":150,"height":568,"url":"https:\/\/shop.merolution.de\/wp-content\/uploads\/2020\/05\/rivaner-qba-feinherb.jpg","type":"image\/jpeg"}],"twitter_card":"summary_large_image","schema":{"@context":"https:\/\/schema.org","@graph":[{"@type":"WebPage","@id":"https:\/\/shop.merolution.de\/index.php\/product\/rivaner-weisswein-weingut-kiefer\/","url":"https:\/\/shop.merolution.de\/index.php\/product\/rivaner-weisswein-weingut-kiefer\/","name":"Rivaner Wei\u00dfwein Weingut Kiefer - Getr\u00e4nke Schl\u00fcter Onlineshop","isPartOf":{"@id":"https:\/\/shop.merolution.de\/#website"},"datePublished":"2020-05-28T10:04:01+00:00","dateModified":"2020-05-28T10:04:01+00:00","breadcrumb":{"@id":"https:\/\/shop.merolution.de\/index.php\/product\/rivaner-weisswein-weingut-kiefer\/#breadcrumb"},"inLanguage":"de","potentialAction":[{"@type":"ReadAction","target":["https:\/\/shop.merolution.de\/index.php\/product\/rivaner-weisswein-weingut-kiefer\/"]}]},{"@type":"BreadcrumbList","@id":"https:\/\/shop.merolution.de\/index.php\/product\/rivaner-weisswein-weingut-kiefer\/#breadcrumb","itemListElement":[{"@type":"ListItem","position":1,"name":"Home","item":"https:\/\/shop.merolution.de\/"},{"@type":"ListItem","position":2,"name":"Shop","item":"https:\/\/shop.merolution.de\/"},{"@type":"ListItem","position":3,"name":"Rivaner Wei\u00dfwein Weingut Kiefer"}]},{"@type":"WebSite","@id":"https:\/\/shop.merolution.de\/#website","url":"https:\/\/shop.merolution.de\/","name":"Getr\u00e4nke Schl\u00fcter Onlineshop","description":"Ihr Getr\u00e4nke-Partner in Hannover","potentialAction":[{"@type":"SearchAction","target":{"@type":"EntryPoint","urlTemplate":"https:\/\/shop.merolution.de\/?s={search_term_string}"},"query-input":"required name=search_term_string"}],"inLanguage":"de"}]}},"_links":{"self":[{"href":"https:\/\/shop.merolution.de\/index.php\/wp-json\/wp\/v2\/product\/3947"}],"collection":[{"href":"https:\/\/shop.merolution.de\/index.php\/wp-json\/wp\/v2\/product"}],"about":[{"href":"https:\/\/shop.merolution.de\/index.php\/wp-json\/wp\/v2\/types\/product"}],"replies":[{"embeddable":true,"href":"https:\/\/shop.merolution.de\/index.php\/wp-json\/wp\/v2\/comments?post=3947"}],"wp:featuredmedia":[{"embeddable":true,"href":"https:\/\/shop.merolution.de\/index.php\/wp-json\/wp\/v2\/media\/3948"}],"wp:attachment":[{"href":"https:\/\/shop.merolution.de\/index.php\/wp-json\/wp\/v2\/media?parent=3947"}],"wp:term":[{"taxonomy":"product_cat","embeddable":true,"href":"https:\/\/shop.merolution.de\/index.php\/wp-json\/wp\/v2\/product_cat?post=3947"},{"taxonomy":"product_tag","embeddable":true,"href":"https:\/\/shop.merolution.de\/index.php\/wp-json\/wp\/v2\/product_tag?post=3947"}],"curies":[{"name":"wp","href":"https:\/\/api.w.org\/{rel}","templated":true}]}}