{"id":3949,"date":"2020-05-28T10:04:01","date_gmt":"2020-05-28T10:04:01","guid":{"rendered":"https:\/\/shop.merolution.de\/index.php\/product\/weissweincuvee-mit-den-wolken-ziehen\/"},"modified":"2020-05-28T10:04:01","modified_gmt":"2020-05-28T10:04:01","slug":"weissweincuvee-mit-den-wolken-ziehen","status":"publish","type":"product","link":"https:\/\/shop.merolution.de\/index.php\/product\/weissweincuvee-mit-den-wolken-ziehen\/","title":{"rendered":"Weissweincuve\u00e9 &#8222;Mit den Wolken ziehen&#8220;"},"content":{"rendered":"<p>01\/0,75 Der Wein besticht durch helles Gelb und ist aufregend frisch im Duft. Die feine Mineralit\u00e4t und Leichtigkeit machen am Gaumen Spa\u00df und bereiten ein erfrischendes Trinkvergn\u00fcgen. F\u00fcllgr\u00f6\u00dfe0,75 lAnalyseA 12,1 \/ Z 2,2 \/ S 6,8AnbaugebietBaden \/ KaiserstuhlAuszeichnungenZeitschrift Selection Sommerweine. Silber.BegleiterDer ideale Wein zu Fr\u00fchlings- und Sommergerichten. Seine leichte verspielte Art l\u00e4sst den Gedanken freien Lauf!Boden Sehr leichte L\u00f6ssb\u00f6den mit \u00fcber 20 prozentigen Kalkanteil, die optimal mit N\u00e4hrstoffe und Wasser versorgt sind.Trinktemperatur7\u00b0 &#8211; 8\u00b0 C<\/p>\n","protected":false},"excerpt":{"rendered":"<p>01\/0,75 &#8211; Ein duftiger, fruchtiger, spritziger Weisswein. Ideal f\u00fcr leichte Speisen und Salate. 11vol%. Ein Cuve\u00e9 aus Rivaner, Riesling und Sauvignon blanc.<\/p>\n","protected":false},"featured_media":3950,"comment_status":"open","ping_status":"closed","template":"","meta":[],"product_cat":[92],"product_tag":[],"yoast_head":"<!-- This site is optimized with the Yoast SEO plugin v19.14 - https:\/\/yoast.com\/wordpress\/plugins\/seo\/ -->\n<title>Weissweincuve\u00e9 &quot;Mit den Wolken ziehen&quot; - Getr\u00e4nke Schl\u00fcter Onlineshop<\/title>\n<meta name=\"robots\" content=\"noindex, follow, max-snippet:-1, max-image-preview:large, max-video-preview:-1\" \/>\n<meta property=\"og:locale\" content=\"de_DE\" \/>\n<meta property=\"og:type\" content=\"article\" \/>\n<meta property=\"og:title\" content=\"Weissweincuve\u00e9 &quot;Mit den Wolken ziehen&quot; - Getr\u00e4nke Schl\u00fcter Onlineshop\" \/>\n<meta property=\"og:description\" content=\"01\/0,75 - Ein duftiger, fruchtiger, spritziger Weisswein. Ideal f\u00fcr leichte Speisen und Salate. 11vol%. Ein Cuve\u00e9 aus Rivaner, Riesling und Sauvignon blanc.\" \/>\n<meta property=\"og:url\" content=\"https:\/\/shop.merolution.de\/index.php\/product\/weissweincuvee-mit-den-wolken-ziehen\/\" \/>\n<meta property=\"og:site_name\" content=\"Getr\u00e4nke Schl\u00fcter Onlineshop\" \/>\n<meta property=\"og:image\" content=\"https:\/\/shop.merolution.de\/wp-content\/uploads\/2020\/05\/mit-den-wolken-ziehen.jpg\" \/>\n\t<meta property=\"og:image:width\" content=\"150\" \/>\n\t<meta property=\"og:image:height\" content=\"568\" \/>\n\t<meta property=\"og:image:type\" content=\"image\/jpeg\" \/>\n<meta name=\"twitter:card\" content=\"summary_large_image\" \/>\n<script type=\"application\/ld+json\" class=\"yoast-schema-graph\">{\"@context\":\"https:\/\/schema.org\",\"@graph\":[{\"@type\":\"WebPage\",\"@id\":\"https:\/\/shop.merolution.de\/index.php\/product\/weissweincuvee-mit-den-wolken-ziehen\/\",\"url\":\"https:\/\/shop.merolution.de\/index.php\/product\/weissweincuvee-mit-den-wolken-ziehen\/\",\"name\":\"Weissweincuve\u00e9 \\\"Mit den Wolken ziehen\\\" - Getr\u00e4nke Schl\u00fcter Onlineshop\",\"isPartOf\":{\"@id\":\"https:\/\/shop.merolution.de\/#website\"},\"datePublished\":\"2020-05-28T10:04:01+00:00\",\"dateModified\":\"2020-05-28T10:04:01+00:00\",\"breadcrumb\":{\"@id\":\"https:\/\/shop.merolution.de\/index.php\/product\/weissweincuvee-mit-den-wolken-ziehen\/#breadcrumb\"},\"inLanguage\":\"de\",\"potentialAction\":[{\"@type\":\"ReadAction\",\"target\":[\"https:\/\/shop.merolution.de\/index.php\/product\/weissweincuvee-mit-den-wolken-ziehen\/\"]}]},{\"@type\":\"BreadcrumbList\",\"@id\":\"https:\/\/shop.merolution.de\/index.php\/product\/weissweincuvee-mit-den-wolken-ziehen\/#breadcrumb\",\"itemListElement\":[{\"@type\":\"ListItem\",\"position\":1,\"name\":\"Home\",\"item\":\"https:\/\/shop.merolution.de\/\"},{\"@type\":\"ListItem\",\"position\":2,\"name\":\"Shop\",\"item\":\"https:\/\/shop.merolution.de\/\"},{\"@type\":\"ListItem\",\"position\":3,\"name\":\"Weissweincuve\u00e9 &#8222;Mit den Wolken ziehen&#8220;\"}]},{\"@type\":\"WebSite\",\"@id\":\"https:\/\/shop.merolution.de\/#website\",\"url\":\"https:\/\/shop.merolution.de\/\",\"name\":\"Getr\u00e4nke Schl\u00fcter Onlineshop\",\"description\":\"Ihr Getr\u00e4nke-Partner in Hannover\",\"potentialAction\":[{\"@type\":\"SearchAction\",\"target\":{\"@type\":\"EntryPoint\",\"urlTemplate\":\"https:\/\/shop.merolution.de\/?s={search_term_string}\"},\"query-input\":\"required name=search_term_string\"}],\"inLanguage\":\"de\"}]}<\/script>\n<!-- \/ Yoast SEO plugin. -->","yoast_head_json":{"title":"Weissweincuve\u00e9 \"Mit den Wolken ziehen\" - Getr\u00e4nke Schl\u00fcter Onlineshop","robots":{"index":"noindex","follow":"follow","max-snippet":"max-snippet:-1","max-image-preview":"max-image-preview:large","max-video-preview":"max-video-preview:-1"},"og_locale":"de_DE","og_type":"article","og_title":"Weissweincuve\u00e9 \"Mit den Wolken ziehen\" - Getr\u00e4nke Schl\u00fcter Onlineshop","og_description":"01\/0,75 - Ein duftiger, fruchtiger, spritziger Weisswein. Ideal f\u00fcr leichte Speisen und Salate. 11vol%. Ein Cuve\u00e9 aus Rivaner, Riesling und Sauvignon blanc.","og_url":"https:\/\/shop.merolution.de\/index.php\/product\/weissweincuvee-mit-den-wolken-ziehen\/","og_site_name":"Getr\u00e4nke Schl\u00fcter Onlineshop","og_image":[{"width":150,"height":568,"url":"https:\/\/shop.merolution.de\/wp-content\/uploads\/2020\/05\/mit-den-wolken-ziehen.jpg","type":"image\/jpeg"}],"twitter_card":"summary_large_image","schema":{"@context":"https:\/\/schema.org","@graph":[{"@type":"WebPage","@id":"https:\/\/shop.merolution.de\/index.php\/product\/weissweincuvee-mit-den-wolken-ziehen\/","url":"https:\/\/shop.merolution.de\/index.php\/product\/weissweincuvee-mit-den-wolken-ziehen\/","name":"Weissweincuve\u00e9 \"Mit den Wolken ziehen\" - Getr\u00e4nke Schl\u00fcter Onlineshop","isPartOf":{"@id":"https:\/\/shop.merolution.de\/#website"},"datePublished":"2020-05-28T10:04:01+00:00","dateModified":"2020-05-28T10:04:01+00:00","breadcrumb":{"@id":"https:\/\/shop.merolution.de\/index.php\/product\/weissweincuvee-mit-den-wolken-ziehen\/#breadcrumb"},"inLanguage":"de","potentialAction":[{"@type":"ReadAction","target":["https:\/\/shop.merolution.de\/index.php\/product\/weissweincuvee-mit-den-wolken-ziehen\/"]}]},{"@type":"BreadcrumbList","@id":"https:\/\/shop.merolution.de\/index.php\/product\/weissweincuvee-mit-den-wolken-ziehen\/#breadcrumb","itemListElement":[{"@type":"ListItem","position":1,"name":"Home","item":"https:\/\/shop.merolution.de\/"},{"@type":"ListItem","position":2,"name":"Shop","item":"https:\/\/shop.merolution.de\/"},{"@type":"ListItem","position":3,"name":"Weissweincuve\u00e9 &#8222;Mit den Wolken ziehen&#8220;"}]},{"@type":"WebSite","@id":"https:\/\/shop.merolution.de\/#website","url":"https:\/\/shop.merolution.de\/","name":"Getr\u00e4nke Schl\u00fcter Onlineshop","description":"Ihr Getr\u00e4nke-Partner in Hannover","potentialAction":[{"@type":"SearchAction","target":{"@type":"EntryPoint","urlTemplate":"https:\/\/shop.merolution.de\/?s={search_term_string}"},"query-input":"required name=search_term_string"}],"inLanguage":"de"}]}},"_links":{"self":[{"href":"https:\/\/shop.merolution.de\/index.php\/wp-json\/wp\/v2\/product\/3949"}],"collection":[{"href":"https:\/\/shop.merolution.de\/index.php\/wp-json\/wp\/v2\/product"}],"about":[{"href":"https:\/\/shop.merolution.de\/index.php\/wp-json\/wp\/v2\/types\/product"}],"replies":[{"embeddable":true,"href":"https:\/\/shop.merolution.de\/index.php\/wp-json\/wp\/v2\/comments?post=3949"}],"wp:featuredmedia":[{"embeddable":true,"href":"https:\/\/shop.merolution.de\/index.php\/wp-json\/wp\/v2\/media\/3950"}],"wp:attachment":[{"href":"https:\/\/shop.merolution.de\/index.php\/wp-json\/wp\/v2\/media?parent=3949"}],"wp:term":[{"taxonomy":"product_cat","embeddable":true,"href":"https:\/\/shop.merolution.de\/index.php\/wp-json\/wp\/v2\/product_cat?post=3949"},{"taxonomy":"product_tag","embeddable":true,"href":"https:\/\/shop.merolution.de\/index.php\/wp-json\/wp\/v2\/product_tag?post=3949"}],"curies":[{"name":"wp","href":"https:\/\/api.w.org\/{rel}","templated":true}]}}