{"id":3982,"date":"2020-05-28T10:04:07","date_gmt":"2020-05-28T10:04:07","guid":{"rendered":"https:\/\/shop.merolution.de\/index.php\/product\/hammel-cuvee-mariage-trocken\/"},"modified":"2020-05-28T10:04:07","modified_gmt":"2020-05-28T10:04:07","slug":"hammel-cuvee-mariage-trocken","status":"publish","type":"product","link":"https:\/\/shop.merolution.de\/index.php\/product\/hammel-cuvee-mariage-trocken\/","title":{"rendered":"Hammel Cuve\u00e9 Mariage trocken"},"content":{"rendered":"<p>01\/0,75 &#8211; 12vol% Passt gut zur einfachen, frischen Bistro- und Marktk\u00fcche. Zu edlen Austern, Meeresfr\u00fcchten, Kalbfleisch, Gefl\u00fcgel und frischem Spagel. Grillparty am Pool oder edles Dinner oder Picknick mit Antipasti im Gr\u00fcnen. Jeans oder Abendkleid. Mozart, Clapton oder Diana Krall. All das, und vieles mehr, wird fruchtig-frisch und wertig begleitet. Gut gek\u00fchlt bei 6 \u00b0C genie\u00dfen.<\/p>\n","protected":false},"excerpt":{"rendered":"<p>01\/0,75 &#8211; 12vol% Cuve\u00e9 aus Chardonnay &#038; Weissburgunder &#8211; Brillant scheinende zartgelbe Reflexe im Glas, stoffige Aromatik nach wei\u00dfen Fr\u00fcchten und frisch duftendem Brioche. Erfrischende und lebendige Frucht, einfach sympathisch und unkompliziert.<\/p>\n","protected":false},"featured_media":3983,"comment_status":"open","ping_status":"closed","template":"","meta":[],"product_cat":[95],"product_tag":[],"yoast_head":"<!-- This site is optimized with the Yoast SEO plugin v19.14 - https:\/\/yoast.com\/wordpress\/plugins\/seo\/ -->\n<title>Hammel Cuve\u00e9 Mariage trocken - Getr\u00e4nke Schl\u00fcter Onlineshop<\/title>\n<meta name=\"robots\" content=\"noindex, follow, max-snippet:-1, max-image-preview:large, max-video-preview:-1\" \/>\n<meta property=\"og:locale\" content=\"de_DE\" \/>\n<meta property=\"og:type\" content=\"article\" \/>\n<meta property=\"og:title\" content=\"Hammel Cuve\u00e9 Mariage trocken - Getr\u00e4nke Schl\u00fcter Onlineshop\" \/>\n<meta property=\"og:description\" content=\"01\/0,75 - 12vol% Cuve\u00e9 aus Chardonnay &amp; Weissburgunder - Brillant scheinende zartgelbe Reflexe im Glas, stoffige Aromatik nach wei\u00dfen Fr\u00fcchten und frisch duftendem Brioche. Erfrischende und lebendige Frucht, einfach sympathisch und unkompliziert.\" \/>\n<meta property=\"og:url\" content=\"https:\/\/shop.merolution.de\/index.php\/product\/hammel-cuvee-mariage-trocken\/\" \/>\n<meta property=\"og:site_name\" content=\"Getr\u00e4nke Schl\u00fcter Onlineshop\" \/>\n<meta property=\"og:image\" content=\"https:\/\/shop.merolution.de\/wp-content\/uploads\/2020\/05\/3610-13-klein.jpg\" \/>\n\t<meta property=\"og:image:width\" content=\"150\" \/>\n\t<meta property=\"og:image:height\" content=\"450\" \/>\n\t<meta property=\"og:image:type\" content=\"image\/jpeg\" \/>\n<meta name=\"twitter:card\" content=\"summary_large_image\" \/>\n<script type=\"application\/ld+json\" class=\"yoast-schema-graph\">{\"@context\":\"https:\/\/schema.org\",\"@graph\":[{\"@type\":\"WebPage\",\"@id\":\"https:\/\/shop.merolution.de\/index.php\/product\/hammel-cuvee-mariage-trocken\/\",\"url\":\"https:\/\/shop.merolution.de\/index.php\/product\/hammel-cuvee-mariage-trocken\/\",\"name\":\"Hammel Cuve\u00e9 Mariage trocken - Getr\u00e4nke Schl\u00fcter Onlineshop\",\"isPartOf\":{\"@id\":\"https:\/\/shop.merolution.de\/#website\"},\"datePublished\":\"2020-05-28T10:04:07+00:00\",\"dateModified\":\"2020-05-28T10:04:07+00:00\",\"breadcrumb\":{\"@id\":\"https:\/\/shop.merolution.de\/index.php\/product\/hammel-cuvee-mariage-trocken\/#breadcrumb\"},\"inLanguage\":\"de\",\"potentialAction\":[{\"@type\":\"ReadAction\",\"target\":[\"https:\/\/shop.merolution.de\/index.php\/product\/hammel-cuvee-mariage-trocken\/\"]}]},{\"@type\":\"BreadcrumbList\",\"@id\":\"https:\/\/shop.merolution.de\/index.php\/product\/hammel-cuvee-mariage-trocken\/#breadcrumb\",\"itemListElement\":[{\"@type\":\"ListItem\",\"position\":1,\"name\":\"Home\",\"item\":\"https:\/\/shop.merolution.de\/\"},{\"@type\":\"ListItem\",\"position\":2,\"name\":\"Shop\",\"item\":\"https:\/\/shop.merolution.de\/\"},{\"@type\":\"ListItem\",\"position\":3,\"name\":\"Hammel Cuve\u00e9 Mariage trocken\"}]},{\"@type\":\"WebSite\",\"@id\":\"https:\/\/shop.merolution.de\/#website\",\"url\":\"https:\/\/shop.merolution.de\/\",\"name\":\"Getr\u00e4nke Schl\u00fcter Onlineshop\",\"description\":\"Ihr Getr\u00e4nke-Partner in Hannover\",\"potentialAction\":[{\"@type\":\"SearchAction\",\"target\":{\"@type\":\"EntryPoint\",\"urlTemplate\":\"https:\/\/shop.merolution.de\/?s={search_term_string}\"},\"query-input\":\"required name=search_term_string\"}],\"inLanguage\":\"de\"}]}<\/script>\n<!-- \/ Yoast SEO plugin. -->","yoast_head_json":{"title":"Hammel Cuve\u00e9 Mariage trocken - Getr\u00e4nke Schl\u00fcter Onlineshop","robots":{"index":"noindex","follow":"follow","max-snippet":"max-snippet:-1","max-image-preview":"max-image-preview:large","max-video-preview":"max-video-preview:-1"},"og_locale":"de_DE","og_type":"article","og_title":"Hammel Cuve\u00e9 Mariage trocken - Getr\u00e4nke Schl\u00fcter Onlineshop","og_description":"01\/0,75 - 12vol% Cuve\u00e9 aus Chardonnay & Weissburgunder - Brillant scheinende zartgelbe Reflexe im Glas, stoffige Aromatik nach wei\u00dfen Fr\u00fcchten und frisch duftendem Brioche. Erfrischende und lebendige Frucht, einfach sympathisch und unkompliziert.","og_url":"https:\/\/shop.merolution.de\/index.php\/product\/hammel-cuvee-mariage-trocken\/","og_site_name":"Getr\u00e4nke Schl\u00fcter Onlineshop","og_image":[{"width":150,"height":450,"url":"https:\/\/shop.merolution.de\/wp-content\/uploads\/2020\/05\/3610-13-klein.jpg","type":"image\/jpeg"}],"twitter_card":"summary_large_image","schema":{"@context":"https:\/\/schema.org","@graph":[{"@type":"WebPage","@id":"https:\/\/shop.merolution.de\/index.php\/product\/hammel-cuvee-mariage-trocken\/","url":"https:\/\/shop.merolution.de\/index.php\/product\/hammel-cuvee-mariage-trocken\/","name":"Hammel Cuve\u00e9 Mariage trocken - Getr\u00e4nke Schl\u00fcter Onlineshop","isPartOf":{"@id":"https:\/\/shop.merolution.de\/#website"},"datePublished":"2020-05-28T10:04:07+00:00","dateModified":"2020-05-28T10:04:07+00:00","breadcrumb":{"@id":"https:\/\/shop.merolution.de\/index.php\/product\/hammel-cuvee-mariage-trocken\/#breadcrumb"},"inLanguage":"de","potentialAction":[{"@type":"ReadAction","target":["https:\/\/shop.merolution.de\/index.php\/product\/hammel-cuvee-mariage-trocken\/"]}]},{"@type":"BreadcrumbList","@id":"https:\/\/shop.merolution.de\/index.php\/product\/hammel-cuvee-mariage-trocken\/#breadcrumb","itemListElement":[{"@type":"ListItem","position":1,"name":"Home","item":"https:\/\/shop.merolution.de\/"},{"@type":"ListItem","position":2,"name":"Shop","item":"https:\/\/shop.merolution.de\/"},{"@type":"ListItem","position":3,"name":"Hammel Cuve\u00e9 Mariage trocken"}]},{"@type":"WebSite","@id":"https:\/\/shop.merolution.de\/#website","url":"https:\/\/shop.merolution.de\/","name":"Getr\u00e4nke Schl\u00fcter Onlineshop","description":"Ihr Getr\u00e4nke-Partner in Hannover","potentialAction":[{"@type":"SearchAction","target":{"@type":"EntryPoint","urlTemplate":"https:\/\/shop.merolution.de\/?s={search_term_string}"},"query-input":"required name=search_term_string"}],"inLanguage":"de"}]}},"_links":{"self":[{"href":"https:\/\/shop.merolution.de\/index.php\/wp-json\/wp\/v2\/product\/3982"}],"collection":[{"href":"https:\/\/shop.merolution.de\/index.php\/wp-json\/wp\/v2\/product"}],"about":[{"href":"https:\/\/shop.merolution.de\/index.php\/wp-json\/wp\/v2\/types\/product"}],"replies":[{"embeddable":true,"href":"https:\/\/shop.merolution.de\/index.php\/wp-json\/wp\/v2\/comments?post=3982"}],"wp:featuredmedia":[{"embeddable":true,"href":"https:\/\/shop.merolution.de\/index.php\/wp-json\/wp\/v2\/media\/3983"}],"wp:attachment":[{"href":"https:\/\/shop.merolution.de\/index.php\/wp-json\/wp\/v2\/media?parent=3982"}],"wp:term":[{"taxonomy":"product_cat","embeddable":true,"href":"https:\/\/shop.merolution.de\/index.php\/wp-json\/wp\/v2\/product_cat?post=3982"},{"taxonomy":"product_tag","embeddable":true,"href":"https:\/\/shop.merolution.de\/index.php\/wp-json\/wp\/v2\/product_tag?post=3982"}],"curies":[{"name":"wp","href":"https:\/\/api.w.org\/{rel}","templated":true}]}}