{"id":3984,"date":"2020-05-28T10:04:07","date_gmt":"2020-05-28T10:04:07","guid":{"rendered":"https:\/\/shop.merolution.de\/index.php\/product\/hammel-kerner-qba-feinherb\/"},"modified":"2020-05-28T10:04:07","modified_gmt":"2020-05-28T10:04:07","slug":"hammel-kerner-qba-feinherb","status":"publish","type":"product","link":"https:\/\/shop.merolution.de\/index.php\/product\/hammel-kerner-qba-feinherb\/","title":{"rendered":"Hammel Kerner QbA feinherb"},"content":{"rendered":"<p>01\/0,75 &#8211; 11,5vol% Ein hervoragender Begleiter zur einfachen, frischen Bistro- und Marktk\u00fcche, zu edlem R\u00e4ucherfisch, frischem Spargel oder deftigem Landschinken mit Bauernbrot, zu vegetarischen K\u00f6stlichkeiten oder saftigen Koteletts vom Grill. Party am Pool oder gem\u00fctliche Balkonrunde. Picknick im Gr\u00fcnen, am Strand oder auf der Veranda. All das und vieles mehr wird wertig begleitet. Gut gek\u00fchlt bei 6 \u00b0C genie\u00dfen.<\/p>\n","protected":false},"excerpt":{"rendered":"<p>01\/0,75 &#8211; 11,5vol% Ein hervoragender Begleiter zur einfachen, frischen Bistro- und Marktk\u00fcche, zu edlem R\u00e4ucherfisch, frischem Spargel oder deftigem Landschinken mit Bauernbrot, zu vegetarischen K\u00f6stlichkeiten oder saftigen Koteletts vom Grill. Party am Pool oder gem\u00fctliche Balkonrunde. Picknick im Gr\u00fcnen, am Strand oder auf der Veranda. All das und vieles mehr wird wertig begleitet. Gut gek\u00fchlt bei 6 \u00b0C genie\u00dfen.<\/p>\n","protected":false},"featured_media":3985,"comment_status":"open","ping_status":"closed","template":"","meta":[],"product_cat":[95],"product_tag":[],"yoast_head":"<!-- This site is optimized with the Yoast SEO plugin v19.14 - https:\/\/yoast.com\/wordpress\/plugins\/seo\/ -->\n<title>Hammel Kerner QbA feinherb - Getr\u00e4nke Schl\u00fcter Onlineshop<\/title>\n<meta name=\"robots\" content=\"noindex, follow, max-snippet:-1, max-image-preview:large, max-video-preview:-1\" \/>\n<meta property=\"og:locale\" content=\"de_DE\" \/>\n<meta property=\"og:type\" content=\"article\" \/>\n<meta property=\"og:title\" content=\"Hammel Kerner QbA feinherb - Getr\u00e4nke Schl\u00fcter Onlineshop\" \/>\n<meta property=\"og:description\" content=\"01\/0,75 - 11,5vol% Ein hervoragender Begleiter zur einfachen, frischen Bistro- und Marktk\u00fcche, zu edlem R\u00e4ucherfisch, frischem Spargel oder deftigem Landschinken mit Bauernbrot, zu vegetarischen K\u00f6stlichkeiten oder saftigen Koteletts vom Grill. Party am Pool oder gem\u00fctliche Balkonrunde. Picknick im Gr\u00fcnen, am Strand oder auf der Veranda. All das und vieles mehr wird wertig begleitet. Gut gek\u00fchlt bei 6 \u00b0C genie\u00dfen.\" \/>\n<meta property=\"og:url\" content=\"https:\/\/shop.merolution.de\/index.php\/product\/hammel-kerner-qba-feinherb\/\" \/>\n<meta property=\"og:site_name\" content=\"Getr\u00e4nke Schl\u00fcter Onlineshop\" \/>\n<meta property=\"og:image\" content=\"https:\/\/shop.merolution.de\/wp-content\/uploads\/2020\/05\/kerner-feinherb-2012.jpg\" \/>\n\t<meta property=\"og:image:width\" content=\"150\" \/>\n\t<meta property=\"og:image:height\" content=\"450\" \/>\n\t<meta property=\"og:image:type\" content=\"image\/jpeg\" \/>\n<meta name=\"twitter:card\" content=\"summary_large_image\" \/>\n<script type=\"application\/ld+json\" class=\"yoast-schema-graph\">{\"@context\":\"https:\/\/schema.org\",\"@graph\":[{\"@type\":\"WebPage\",\"@id\":\"https:\/\/shop.merolution.de\/index.php\/product\/hammel-kerner-qba-feinherb\/\",\"url\":\"https:\/\/shop.merolution.de\/index.php\/product\/hammel-kerner-qba-feinherb\/\",\"name\":\"Hammel Kerner QbA feinherb - Getr\u00e4nke Schl\u00fcter Onlineshop\",\"isPartOf\":{\"@id\":\"https:\/\/shop.merolution.de\/#website\"},\"datePublished\":\"2020-05-28T10:04:07+00:00\",\"dateModified\":\"2020-05-28T10:04:07+00:00\",\"breadcrumb\":{\"@id\":\"https:\/\/shop.merolution.de\/index.php\/product\/hammel-kerner-qba-feinherb\/#breadcrumb\"},\"inLanguage\":\"de\",\"potentialAction\":[{\"@type\":\"ReadAction\",\"target\":[\"https:\/\/shop.merolution.de\/index.php\/product\/hammel-kerner-qba-feinherb\/\"]}]},{\"@type\":\"BreadcrumbList\",\"@id\":\"https:\/\/shop.merolution.de\/index.php\/product\/hammel-kerner-qba-feinherb\/#breadcrumb\",\"itemListElement\":[{\"@type\":\"ListItem\",\"position\":1,\"name\":\"Home\",\"item\":\"https:\/\/shop.merolution.de\/\"},{\"@type\":\"ListItem\",\"position\":2,\"name\":\"Shop\",\"item\":\"https:\/\/shop.merolution.de\/\"},{\"@type\":\"ListItem\",\"position\":3,\"name\":\"Hammel Kerner QbA feinherb\"}]},{\"@type\":\"WebSite\",\"@id\":\"https:\/\/shop.merolution.de\/#website\",\"url\":\"https:\/\/shop.merolution.de\/\",\"name\":\"Getr\u00e4nke Schl\u00fcter Onlineshop\",\"description\":\"Ihr Getr\u00e4nke-Partner in Hannover\",\"potentialAction\":[{\"@type\":\"SearchAction\",\"target\":{\"@type\":\"EntryPoint\",\"urlTemplate\":\"https:\/\/shop.merolution.de\/?s={search_term_string}\"},\"query-input\":\"required name=search_term_string\"}],\"inLanguage\":\"de\"}]}<\/script>\n<!-- \/ Yoast SEO plugin. -->","yoast_head_json":{"title":"Hammel Kerner QbA feinherb - Getr\u00e4nke Schl\u00fcter Onlineshop","robots":{"index":"noindex","follow":"follow","max-snippet":"max-snippet:-1","max-image-preview":"max-image-preview:large","max-video-preview":"max-video-preview:-1"},"og_locale":"de_DE","og_type":"article","og_title":"Hammel Kerner QbA feinherb - Getr\u00e4nke Schl\u00fcter Onlineshop","og_description":"01\/0,75 - 11,5vol% Ein hervoragender Begleiter zur einfachen, frischen Bistro- und Marktk\u00fcche, zu edlem R\u00e4ucherfisch, frischem Spargel oder deftigem Landschinken mit Bauernbrot, zu vegetarischen K\u00f6stlichkeiten oder saftigen Koteletts vom Grill. Party am Pool oder gem\u00fctliche Balkonrunde. Picknick im Gr\u00fcnen, am Strand oder auf der Veranda. All das und vieles mehr wird wertig begleitet. Gut gek\u00fchlt bei 6 \u00b0C genie\u00dfen.","og_url":"https:\/\/shop.merolution.de\/index.php\/product\/hammel-kerner-qba-feinherb\/","og_site_name":"Getr\u00e4nke Schl\u00fcter Onlineshop","og_image":[{"width":150,"height":450,"url":"https:\/\/shop.merolution.de\/wp-content\/uploads\/2020\/05\/kerner-feinherb-2012.jpg","type":"image\/jpeg"}],"twitter_card":"summary_large_image","schema":{"@context":"https:\/\/schema.org","@graph":[{"@type":"WebPage","@id":"https:\/\/shop.merolution.de\/index.php\/product\/hammel-kerner-qba-feinherb\/","url":"https:\/\/shop.merolution.de\/index.php\/product\/hammel-kerner-qba-feinherb\/","name":"Hammel Kerner QbA feinherb - Getr\u00e4nke Schl\u00fcter Onlineshop","isPartOf":{"@id":"https:\/\/shop.merolution.de\/#website"},"datePublished":"2020-05-28T10:04:07+00:00","dateModified":"2020-05-28T10:04:07+00:00","breadcrumb":{"@id":"https:\/\/shop.merolution.de\/index.php\/product\/hammel-kerner-qba-feinherb\/#breadcrumb"},"inLanguage":"de","potentialAction":[{"@type":"ReadAction","target":["https:\/\/shop.merolution.de\/index.php\/product\/hammel-kerner-qba-feinherb\/"]}]},{"@type":"BreadcrumbList","@id":"https:\/\/shop.merolution.de\/index.php\/product\/hammel-kerner-qba-feinherb\/#breadcrumb","itemListElement":[{"@type":"ListItem","position":1,"name":"Home","item":"https:\/\/shop.merolution.de\/"},{"@type":"ListItem","position":2,"name":"Shop","item":"https:\/\/shop.merolution.de\/"},{"@type":"ListItem","position":3,"name":"Hammel Kerner QbA feinherb"}]},{"@type":"WebSite","@id":"https:\/\/shop.merolution.de\/#website","url":"https:\/\/shop.merolution.de\/","name":"Getr\u00e4nke Schl\u00fcter Onlineshop","description":"Ihr Getr\u00e4nke-Partner in Hannover","potentialAction":[{"@type":"SearchAction","target":{"@type":"EntryPoint","urlTemplate":"https:\/\/shop.merolution.de\/?s={search_term_string}"},"query-input":"required name=search_term_string"}],"inLanguage":"de"}]}},"_links":{"self":[{"href":"https:\/\/shop.merolution.de\/index.php\/wp-json\/wp\/v2\/product\/3984"}],"collection":[{"href":"https:\/\/shop.merolution.de\/index.php\/wp-json\/wp\/v2\/product"}],"about":[{"href":"https:\/\/shop.merolution.de\/index.php\/wp-json\/wp\/v2\/types\/product"}],"replies":[{"embeddable":true,"href":"https:\/\/shop.merolution.de\/index.php\/wp-json\/wp\/v2\/comments?post=3984"}],"wp:featuredmedia":[{"embeddable":true,"href":"https:\/\/shop.merolution.de\/index.php\/wp-json\/wp\/v2\/media\/3985"}],"wp:attachment":[{"href":"https:\/\/shop.merolution.de\/index.php\/wp-json\/wp\/v2\/media?parent=3984"}],"wp:term":[{"taxonomy":"product_cat","embeddable":true,"href":"https:\/\/shop.merolution.de\/index.php\/wp-json\/wp\/v2\/product_cat?post=3984"},{"taxonomy":"product_tag","embeddable":true,"href":"https:\/\/shop.merolution.de\/index.php\/wp-json\/wp\/v2\/product_tag?post=3984"}],"curies":[{"name":"wp","href":"https:\/\/api.w.org\/{rel}","templated":true}]}}