{"id":3986,"date":"2020-05-28T10:04:07","date_gmt":"2020-05-28T10:04:07","guid":{"rendered":"https:\/\/shop.merolution.de\/index.php\/product\/hammel-kerner-qba-lieblich\/"},"modified":"2020-05-28T10:04:07","modified_gmt":"2020-05-28T10:04:07","slug":"hammel-kerner-qba-lieblich","status":"publish","type":"product","link":"https:\/\/shop.merolution.de\/index.php\/product\/hammel-kerner-qba-lieblich\/","title":{"rendered":"Hammel Kerner QbA lieblich"},"content":{"rendered":"<p>01\/0,75 &#8211; 10,5vol% Gut gek\u00fchlt im gro\u00dfen Burgunderglas mit Crushed Ice als Aperitif. Zu Parmesanh\u00e4ppchen, M\u00fcnster und Ziegenfrischk\u00e4se mit Feigensenf, zu G\u00e4nseleber oder einfach nur zum Spa\u00df mit Freunden im Garten, beim Kochabend oder auf dem Balkon oder der Terrasse beim Plausch oder um bei Kammermusik, Jazz, Schlager oder Soul und Blues die Seele baumeln zu lassen. Gek\u00fchlt zwischen 7 \u00b0C und 9 \u00b0C genie\u00dfen.<\/p>\n","protected":false},"excerpt":{"rendered":"<p>01\/0,75 -10,5vol%Gut gek\u00fchlt im gro\u00dfen Burgunderglas mit Crushed Ice als Aperitif. Zu Parmesanh\u00e4ppchen, M\u00fcnster und Ziegenfrischk\u00e4se mit Feigensenf, zu G\u00e4nseleber oder einfach nur zum Spa\u00df mit Freunden im Garten, beim Kochabend oder auf dem Balkon oder der Terrasse beim Plausch oder um bei Kammermusik, Jazz, Schlager oder Soul und Blues die Seele baumeln zu lassen. Gek\u00fchlt zwischen 7 \u00b0C und 9 \u00b0C genie\u00dfen.<\/p>\n","protected":false},"featured_media":3987,"comment_status":"open","ping_status":"closed","template":"","meta":[],"product_cat":[95],"product_tag":[],"yoast_head":"<!-- This site is optimized with the Yoast SEO plugin v19.14 - https:\/\/yoast.com\/wordpress\/plugins\/seo\/ -->\n<title>Hammel Kerner QbA lieblich - Getr\u00e4nke Schl\u00fcter Onlineshop<\/title>\n<meta name=\"robots\" content=\"noindex, follow, max-snippet:-1, max-image-preview:large, max-video-preview:-1\" \/>\n<meta property=\"og:locale\" content=\"de_DE\" \/>\n<meta property=\"og:type\" content=\"article\" \/>\n<meta property=\"og:title\" content=\"Hammel Kerner QbA lieblich - Getr\u00e4nke Schl\u00fcter Onlineshop\" \/>\n<meta property=\"og:description\" content=\"01\/0,75 -10,5vol%Gut gek\u00fchlt im gro\u00dfen Burgunderglas mit Crushed Ice als Aperitif. Zu Parmesanh\u00e4ppchen, M\u00fcnster und Ziegenfrischk\u00e4se mit Feigensenf, zu G\u00e4nseleber oder einfach nur zum Spa\u00df mit Freunden im Garten, beim Kochabend oder auf dem Balkon oder der Terrasse beim Plausch oder um bei Kammermusik, Jazz, Schlager oder Soul und Blues die Seele baumeln zu lassen. Gek\u00fchlt zwischen 7 \u00b0C und 9 \u00b0C genie\u00dfen.\" \/>\n<meta property=\"og:url\" content=\"https:\/\/shop.merolution.de\/index.php\/product\/hammel-kerner-qba-lieblich\/\" \/>\n<meta property=\"og:site_name\" content=\"Getr\u00e4nke Schl\u00fcter Onlineshop\" \/>\n<meta property=\"og:image\" content=\"https:\/\/shop.merolution.de\/wp-content\/uploads\/2020\/05\/3375-13-klein.jpg\" \/>\n\t<meta property=\"og:image:width\" content=\"150\" \/>\n\t<meta property=\"og:image:height\" content=\"450\" \/>\n\t<meta property=\"og:image:type\" content=\"image\/jpeg\" \/>\n<meta name=\"twitter:card\" content=\"summary_large_image\" \/>\n<script type=\"application\/ld+json\" class=\"yoast-schema-graph\">{\"@context\":\"https:\/\/schema.org\",\"@graph\":[{\"@type\":\"WebPage\",\"@id\":\"https:\/\/shop.merolution.de\/index.php\/product\/hammel-kerner-qba-lieblich\/\",\"url\":\"https:\/\/shop.merolution.de\/index.php\/product\/hammel-kerner-qba-lieblich\/\",\"name\":\"Hammel Kerner QbA lieblich - Getr\u00e4nke Schl\u00fcter Onlineshop\",\"isPartOf\":{\"@id\":\"https:\/\/shop.merolution.de\/#website\"},\"datePublished\":\"2020-05-28T10:04:07+00:00\",\"dateModified\":\"2020-05-28T10:04:07+00:00\",\"breadcrumb\":{\"@id\":\"https:\/\/shop.merolution.de\/index.php\/product\/hammel-kerner-qba-lieblich\/#breadcrumb\"},\"inLanguage\":\"de\",\"potentialAction\":[{\"@type\":\"ReadAction\",\"target\":[\"https:\/\/shop.merolution.de\/index.php\/product\/hammel-kerner-qba-lieblich\/\"]}]},{\"@type\":\"BreadcrumbList\",\"@id\":\"https:\/\/shop.merolution.de\/index.php\/product\/hammel-kerner-qba-lieblich\/#breadcrumb\",\"itemListElement\":[{\"@type\":\"ListItem\",\"position\":1,\"name\":\"Home\",\"item\":\"https:\/\/shop.merolution.de\/\"},{\"@type\":\"ListItem\",\"position\":2,\"name\":\"Shop\",\"item\":\"https:\/\/shop.merolution.de\/\"},{\"@type\":\"ListItem\",\"position\":3,\"name\":\"Hammel Kerner QbA lieblich\"}]},{\"@type\":\"WebSite\",\"@id\":\"https:\/\/shop.merolution.de\/#website\",\"url\":\"https:\/\/shop.merolution.de\/\",\"name\":\"Getr\u00e4nke Schl\u00fcter Onlineshop\",\"description\":\"Ihr Getr\u00e4nke-Partner in Hannover\",\"potentialAction\":[{\"@type\":\"SearchAction\",\"target\":{\"@type\":\"EntryPoint\",\"urlTemplate\":\"https:\/\/shop.merolution.de\/?s={search_term_string}\"},\"query-input\":\"required name=search_term_string\"}],\"inLanguage\":\"de\"}]}<\/script>\n<!-- \/ Yoast SEO plugin. -->","yoast_head_json":{"title":"Hammel Kerner QbA lieblich - Getr\u00e4nke Schl\u00fcter Onlineshop","robots":{"index":"noindex","follow":"follow","max-snippet":"max-snippet:-1","max-image-preview":"max-image-preview:large","max-video-preview":"max-video-preview:-1"},"og_locale":"de_DE","og_type":"article","og_title":"Hammel Kerner QbA lieblich - Getr\u00e4nke Schl\u00fcter Onlineshop","og_description":"01\/0,75 -10,5vol%Gut gek\u00fchlt im gro\u00dfen Burgunderglas mit Crushed Ice als Aperitif. Zu Parmesanh\u00e4ppchen, M\u00fcnster und Ziegenfrischk\u00e4se mit Feigensenf, zu G\u00e4nseleber oder einfach nur zum Spa\u00df mit Freunden im Garten, beim Kochabend oder auf dem Balkon oder der Terrasse beim Plausch oder um bei Kammermusik, Jazz, Schlager oder Soul und Blues die Seele baumeln zu lassen. Gek\u00fchlt zwischen 7 \u00b0C und 9 \u00b0C genie\u00dfen.","og_url":"https:\/\/shop.merolution.de\/index.php\/product\/hammel-kerner-qba-lieblich\/","og_site_name":"Getr\u00e4nke Schl\u00fcter Onlineshop","og_image":[{"width":150,"height":450,"url":"https:\/\/shop.merolution.de\/wp-content\/uploads\/2020\/05\/3375-13-klein.jpg","type":"image\/jpeg"}],"twitter_card":"summary_large_image","schema":{"@context":"https:\/\/schema.org","@graph":[{"@type":"WebPage","@id":"https:\/\/shop.merolution.de\/index.php\/product\/hammel-kerner-qba-lieblich\/","url":"https:\/\/shop.merolution.de\/index.php\/product\/hammel-kerner-qba-lieblich\/","name":"Hammel Kerner QbA lieblich - Getr\u00e4nke Schl\u00fcter Onlineshop","isPartOf":{"@id":"https:\/\/shop.merolution.de\/#website"},"datePublished":"2020-05-28T10:04:07+00:00","dateModified":"2020-05-28T10:04:07+00:00","breadcrumb":{"@id":"https:\/\/shop.merolution.de\/index.php\/product\/hammel-kerner-qba-lieblich\/#breadcrumb"},"inLanguage":"de","potentialAction":[{"@type":"ReadAction","target":["https:\/\/shop.merolution.de\/index.php\/product\/hammel-kerner-qba-lieblich\/"]}]},{"@type":"BreadcrumbList","@id":"https:\/\/shop.merolution.de\/index.php\/product\/hammel-kerner-qba-lieblich\/#breadcrumb","itemListElement":[{"@type":"ListItem","position":1,"name":"Home","item":"https:\/\/shop.merolution.de\/"},{"@type":"ListItem","position":2,"name":"Shop","item":"https:\/\/shop.merolution.de\/"},{"@type":"ListItem","position":3,"name":"Hammel Kerner QbA lieblich"}]},{"@type":"WebSite","@id":"https:\/\/shop.merolution.de\/#website","url":"https:\/\/shop.merolution.de\/","name":"Getr\u00e4nke Schl\u00fcter Onlineshop","description":"Ihr Getr\u00e4nke-Partner in Hannover","potentialAction":[{"@type":"SearchAction","target":{"@type":"EntryPoint","urlTemplate":"https:\/\/shop.merolution.de\/?s={search_term_string}"},"query-input":"required name=search_term_string"}],"inLanguage":"de"}]}},"_links":{"self":[{"href":"https:\/\/shop.merolution.de\/index.php\/wp-json\/wp\/v2\/product\/3986"}],"collection":[{"href":"https:\/\/shop.merolution.de\/index.php\/wp-json\/wp\/v2\/product"}],"about":[{"href":"https:\/\/shop.merolution.de\/index.php\/wp-json\/wp\/v2\/types\/product"}],"replies":[{"embeddable":true,"href":"https:\/\/shop.merolution.de\/index.php\/wp-json\/wp\/v2\/comments?post=3986"}],"wp:featuredmedia":[{"embeddable":true,"href":"https:\/\/shop.merolution.de\/index.php\/wp-json\/wp\/v2\/media\/3987"}],"wp:attachment":[{"href":"https:\/\/shop.merolution.de\/index.php\/wp-json\/wp\/v2\/media?parent=3986"}],"wp:term":[{"taxonomy":"product_cat","embeddable":true,"href":"https:\/\/shop.merolution.de\/index.php\/wp-json\/wp\/v2\/product_cat?post=3986"},{"taxonomy":"product_tag","embeddable":true,"href":"https:\/\/shop.merolution.de\/index.php\/wp-json\/wp\/v2\/product_tag?post=3986"}],"curies":[{"name":"wp","href":"https:\/\/api.w.org\/{rel}","templated":true}]}}