{"id":3990,"date":"2020-05-28T10:04:07","date_gmt":"2020-05-28T10:04:07","guid":{"rendered":"https:\/\/shop.merolution.de\/index.php\/product\/naegele-100-riesling-trocken\/"},"modified":"2020-05-28T10:04:07","modified_gmt":"2020-05-28T10:04:07","slug":"naegele-100-riesling-trocken","status":"publish","type":"product","link":"https:\/\/shop.merolution.de\/index.php\/product\/naegele-100-riesling-trocken\/","title":{"rendered":"Naegele 1,00 Riesling trocken"},"content":{"rendered":"<p>01\/1,00 Dieser Wein wurde in der bekannten Lage Hambacher Schlo\u00dfberg geerntet (sandige B\u00f6den mit geringem Lahmanteil), direkt unterhalb des Hambacher Schlosses, der Wiege der deutschen Demokratie. Dort wurden im Jahre 1832 anl\u00e4sslich einer friedlichen Demonstration f\u00fcr die politischen Grundrechte zum ersten Mal die deutschen Farben \u0084Schwarz-Rot-Gold\u0093 gezeigt.Der Riesling geh\u00f6rt zu den \u00e4ltesten Rebsorten der Welt und wird urkundlich seit dem fr\u00fchen 15. Jhd erw\u00e4hnt. Das Verbreitungsgebiet des \u0084K\u00f6nig der Wei\u00dfweine\u0093 liegt in den gem\u00e4\u00dfigten Klimaten Europas, mittlerweile aber auch in H\u00f6henlagen der \u00dcberseegebiete wie USA oder S\u00fcdafrika. Kennzeichnend sind die sp\u00e4te Reife der Trauben, positiv ist die geringe Frostempfindlichkeit der Reben und die enorme Spannbreite der Ausbaum\u00f6glichkeiten.Unser trockener Riesling pr\u00e4sentiert sich rassig-frisch mit einer balancierten S\u00e4ure. Im Geruch dominieren exotische Fruchtnoten wie Maracuja und Pfirsich, im Abgang abgerundet durch seinen feinen nat\u00fcrlichen Schmelz. Exzellenter Begleiter zu leichten Speisen, aber auch hervorragend als \u0084Zechwein\u0093. \u0084Geheimtipp\u0093 vom Chef: Ideal f\u00fcr eine spritzige Riesling-Schorle als erfrischender Durstl\u00f6scher im Sommer (Verh\u00e4ltnis Wein zu Wasser &#038;#61664<\/p>\n","protected":false},"excerpt":{"rendered":"<p>01\/1,00 Herkunft:PfalzLage:Hambacher Schlo\u00dfbergRebsorte:RieslingQualit\u00e4t:QbAGeschmack:trockenFlaschengr\u00f6\u00dfe: 1,0 l Analysedaten:Alkoholgehalt: 12,6 % vol.S\u00e4ure:7,6 g\/lRestzucker:8,6 g\/lTrinktemperatur: 9-12\u00b0 C<\/p>\n","protected":false},"featured_media":0,"comment_status":"open","ping_status":"closed","template":"","meta":[],"product_cat":[96],"product_tag":[],"yoast_head":"<!-- This site is optimized with the Yoast SEO plugin v19.14 - https:\/\/yoast.com\/wordpress\/plugins\/seo\/ -->\n<title>Naegele 1,00 Riesling trocken - Getr\u00e4nke Schl\u00fcter Onlineshop<\/title>\n<meta name=\"robots\" content=\"noindex, follow, max-snippet:-1, max-image-preview:large, max-video-preview:-1\" \/>\n<meta property=\"og:locale\" content=\"de_DE\" \/>\n<meta property=\"og:type\" content=\"article\" \/>\n<meta property=\"og:title\" content=\"Naegele 1,00 Riesling trocken - Getr\u00e4nke Schl\u00fcter Onlineshop\" \/>\n<meta property=\"og:description\" content=\"01\/1,00 Herkunft:PfalzLage:Hambacher Schlo\u00dfbergRebsorte:RieslingQualit\u00e4t:QbAGeschmack:trockenFlaschengr\u00f6\u00dfe: 1,0 l Analysedaten:Alkoholgehalt: 12,6 % vol.S\u00e4ure:7,6 g\/lRestzucker:8,6 g\/lTrinktemperatur: 9-12\u00b0 C\" \/>\n<meta property=\"og:url\" content=\"https:\/\/shop.merolution.de\/index.php\/product\/naegele-100-riesling-trocken\/\" \/>\n<meta property=\"og:site_name\" content=\"Getr\u00e4nke Schl\u00fcter Onlineshop\" \/>\n<meta name=\"twitter:card\" content=\"summary_large_image\" \/>\n<meta name=\"twitter:label1\" content=\"Gesch\u00e4tzte Lesezeit\" \/>\n\t<meta name=\"twitter:data1\" content=\"1\u00a0Minute\" \/>\n<script type=\"application\/ld+json\" class=\"yoast-schema-graph\">{\"@context\":\"https:\/\/schema.org\",\"@graph\":[{\"@type\":\"WebPage\",\"@id\":\"https:\/\/shop.merolution.de\/index.php\/product\/naegele-100-riesling-trocken\/\",\"url\":\"https:\/\/shop.merolution.de\/index.php\/product\/naegele-100-riesling-trocken\/\",\"name\":\"Naegele 1,00 Riesling trocken - Getr\u00e4nke Schl\u00fcter Onlineshop\",\"isPartOf\":{\"@id\":\"https:\/\/shop.merolution.de\/#website\"},\"datePublished\":\"2020-05-28T10:04:07+00:00\",\"dateModified\":\"2020-05-28T10:04:07+00:00\",\"breadcrumb\":{\"@id\":\"https:\/\/shop.merolution.de\/index.php\/product\/naegele-100-riesling-trocken\/#breadcrumb\"},\"inLanguage\":\"de\",\"potentialAction\":[{\"@type\":\"ReadAction\",\"target\":[\"https:\/\/shop.merolution.de\/index.php\/product\/naegele-100-riesling-trocken\/\"]}]},{\"@type\":\"BreadcrumbList\",\"@id\":\"https:\/\/shop.merolution.de\/index.php\/product\/naegele-100-riesling-trocken\/#breadcrumb\",\"itemListElement\":[{\"@type\":\"ListItem\",\"position\":1,\"name\":\"Home\",\"item\":\"https:\/\/shop.merolution.de\/\"},{\"@type\":\"ListItem\",\"position\":2,\"name\":\"Shop\",\"item\":\"https:\/\/shop.merolution.de\/\"},{\"@type\":\"ListItem\",\"position\":3,\"name\":\"Naegele 1,00 Riesling trocken\"}]},{\"@type\":\"WebSite\",\"@id\":\"https:\/\/shop.merolution.de\/#website\",\"url\":\"https:\/\/shop.merolution.de\/\",\"name\":\"Getr\u00e4nke Schl\u00fcter Onlineshop\",\"description\":\"Ihr Getr\u00e4nke-Partner in Hannover\",\"potentialAction\":[{\"@type\":\"SearchAction\",\"target\":{\"@type\":\"EntryPoint\",\"urlTemplate\":\"https:\/\/shop.merolution.de\/?s={search_term_string}\"},\"query-input\":\"required name=search_term_string\"}],\"inLanguage\":\"de\"}]}<\/script>\n<!-- \/ Yoast SEO plugin. -->","yoast_head_json":{"title":"Naegele 1,00 Riesling trocken - Getr\u00e4nke Schl\u00fcter Onlineshop","robots":{"index":"noindex","follow":"follow","max-snippet":"max-snippet:-1","max-image-preview":"max-image-preview:large","max-video-preview":"max-video-preview:-1"},"og_locale":"de_DE","og_type":"article","og_title":"Naegele 1,00 Riesling trocken - Getr\u00e4nke Schl\u00fcter Onlineshop","og_description":"01\/1,00 Herkunft:PfalzLage:Hambacher Schlo\u00dfbergRebsorte:RieslingQualit\u00e4t:QbAGeschmack:trockenFlaschengr\u00f6\u00dfe: 1,0 l Analysedaten:Alkoholgehalt: 12,6 % vol.S\u00e4ure:7,6 g\/lRestzucker:8,6 g\/lTrinktemperatur: 9-12\u00b0 C","og_url":"https:\/\/shop.merolution.de\/index.php\/product\/naegele-100-riesling-trocken\/","og_site_name":"Getr\u00e4nke Schl\u00fcter Onlineshop","twitter_card":"summary_large_image","twitter_misc":{"Gesch\u00e4tzte Lesezeit":"1\u00a0Minute"},"schema":{"@context":"https:\/\/schema.org","@graph":[{"@type":"WebPage","@id":"https:\/\/shop.merolution.de\/index.php\/product\/naegele-100-riesling-trocken\/","url":"https:\/\/shop.merolution.de\/index.php\/product\/naegele-100-riesling-trocken\/","name":"Naegele 1,00 Riesling trocken - Getr\u00e4nke Schl\u00fcter Onlineshop","isPartOf":{"@id":"https:\/\/shop.merolution.de\/#website"},"datePublished":"2020-05-28T10:04:07+00:00","dateModified":"2020-05-28T10:04:07+00:00","breadcrumb":{"@id":"https:\/\/shop.merolution.de\/index.php\/product\/naegele-100-riesling-trocken\/#breadcrumb"},"inLanguage":"de","potentialAction":[{"@type":"ReadAction","target":["https:\/\/shop.merolution.de\/index.php\/product\/naegele-100-riesling-trocken\/"]}]},{"@type":"BreadcrumbList","@id":"https:\/\/shop.merolution.de\/index.php\/product\/naegele-100-riesling-trocken\/#breadcrumb","itemListElement":[{"@type":"ListItem","position":1,"name":"Home","item":"https:\/\/shop.merolution.de\/"},{"@type":"ListItem","position":2,"name":"Shop","item":"https:\/\/shop.merolution.de\/"},{"@type":"ListItem","position":3,"name":"Naegele 1,00 Riesling trocken"}]},{"@type":"WebSite","@id":"https:\/\/shop.merolution.de\/#website","url":"https:\/\/shop.merolution.de\/","name":"Getr\u00e4nke Schl\u00fcter Onlineshop","description":"Ihr Getr\u00e4nke-Partner in Hannover","potentialAction":[{"@type":"SearchAction","target":{"@type":"EntryPoint","urlTemplate":"https:\/\/shop.merolution.de\/?s={search_term_string}"},"query-input":"required name=search_term_string"}],"inLanguage":"de"}]}},"_links":{"self":[{"href":"https:\/\/shop.merolution.de\/index.php\/wp-json\/wp\/v2\/product\/3990"}],"collection":[{"href":"https:\/\/shop.merolution.de\/index.php\/wp-json\/wp\/v2\/product"}],"about":[{"href":"https:\/\/shop.merolution.de\/index.php\/wp-json\/wp\/v2\/types\/product"}],"replies":[{"embeddable":true,"href":"https:\/\/shop.merolution.de\/index.php\/wp-json\/wp\/v2\/comments?post=3990"}],"wp:attachment":[{"href":"https:\/\/shop.merolution.de\/index.php\/wp-json\/wp\/v2\/media?parent=3990"}],"wp:term":[{"taxonomy":"product_cat","embeddable":true,"href":"https:\/\/shop.merolution.de\/index.php\/wp-json\/wp\/v2\/product_cat?post=3990"},{"taxonomy":"product_tag","embeddable":true,"href":"https:\/\/shop.merolution.de\/index.php\/wp-json\/wp\/v2\/product_tag?post=3990"}],"curies":[{"name":"wp","href":"https:\/\/api.w.org\/{rel}","templated":true}]}}