{"id":3991,"date":"2020-05-28T10:04:08","date_gmt":"2020-05-28T10:04:08","guid":{"rendered":"https:\/\/shop.merolution.de\/index.php\/product\/naegele-100-dornfelder-trocken\/"},"modified":"2020-05-28T10:04:08","modified_gmt":"2020-05-28T10:04:08","slug":"naegele-100-dornfelder-trocken","status":"publish","type":"product","link":"https:\/\/shop.merolution.de\/index.php\/product\/naegele-100-dornfelder-trocken\/","title":{"rendered":"Naegele 1,00 Dornfelder trocken"},"content":{"rendered":"<p>Fr\u00fcher wegen seiner intensiv roten Farbe haupts\u00e4chlich als \u0084F\u00e4rbewein\u0093 verwendet, hat sich die Rebsorte Dornfelder in den letzten 10 Jahren in Deutschland zu einer der wichtigsten Rotweinsorten entwickelt. Sie wurde bereits 1955 von August Herold aus Helfensteiner (Fr\u00fchburgunder x Trollinger) und Heroldrebe (Portugieser x Limberger) gekreuzt. Die Weine zeichnen sich nicht nur durch ihre tiefdunkle Farbe aus, sondern vor allem durch intensive Aromen von Beerenfr\u00fcchten. Unser Dornfelder ist ein fruchtiger, f\u00fcllig-weicher, harmonischer Wein mit tief dunkelroter Farbe. und feinen Aromen nach Sauerkirsch- und Holunderfrucht. Samtig am Gaumen ohne st\u00f6rende Tannine. Essensempfehlung: \u0095 zu gegrilltem Fleisch wie Steaks und Lamm\u0095 zum eingelegtem Schafsk\u00e4se, \u0095 zu Mexican Food (Burritos, Wraps, Enchiladas, Chili)\u0095 zu Gyros oder Geschnetzeltem<\/p>\n","protected":false},"excerpt":{"rendered":"<p>Herkunft:PfalzRebsorte:DornfelderQualit\u00e4t:QbAGeschmack:trockenFlaschengr\u00f6\u00dfe:1,0 lAnalysedaten:Alkoholgehalt:13,43 %vol.Restzucker:5,2 g\/lS\u00e4ure:4,6 g\/lTrinktemperatur:15-17 \u00b0CLagerf\u00e4higkeit:5 Jahre<\/p>\n","protected":false},"featured_media":3992,"comment_status":"open","ping_status":"closed","template":"","meta":[],"product_cat":[96],"product_tag":[],"yoast_head":"<!-- This site is optimized with the Yoast SEO plugin v19.14 - https:\/\/yoast.com\/wordpress\/plugins\/seo\/ -->\n<title>Naegele 1,00 Dornfelder trocken - Getr\u00e4nke Schl\u00fcter Onlineshop<\/title>\n<meta name=\"robots\" content=\"noindex, follow, max-snippet:-1, max-image-preview:large, max-video-preview:-1\" \/>\n<meta property=\"og:locale\" content=\"de_DE\" \/>\n<meta property=\"og:type\" content=\"article\" \/>\n<meta property=\"og:title\" content=\"Naegele 1,00 Dornfelder trocken - Getr\u00e4nke Schl\u00fcter Onlineshop\" \/>\n<meta property=\"og:description\" content=\"Herkunft:PfalzRebsorte:DornfelderQualit\u00e4t:QbAGeschmack:trockenFlaschengr\u00f6\u00dfe:1,0 lAnalysedaten:Alkoholgehalt:13,43 %vol.Restzucker:5,2 g\/lS\u00e4ure:4,6 g\/lTrinktemperatur:15-17 \u00b0CLagerf\u00e4higkeit:5 Jahre\" \/>\n<meta property=\"og:url\" content=\"https:\/\/shop.merolution.de\/index.php\/product\/naegele-100-dornfelder-trocken\/\" \/>\n<meta property=\"og:site_name\" content=\"Getr\u00e4nke Schl\u00fcter Onlineshop\" \/>\n<meta property=\"og:image\" content=\"https:\/\/shop.merolution.de\/wp-content\/uploads\/2020\/05\/dornfelder-trocken-1l.jpg\" \/>\n\t<meta property=\"og:image:width\" content=\"150\" \/>\n\t<meta property=\"og:image:height\" content=\"348\" \/>\n\t<meta property=\"og:image:type\" content=\"image\/jpeg\" \/>\n<meta name=\"twitter:card\" content=\"summary_large_image\" \/>\n<meta name=\"twitter:label1\" content=\"Gesch\u00e4tzte Lesezeit\" \/>\n\t<meta name=\"twitter:data1\" content=\"1\u00a0Minute\" \/>\n<script type=\"application\/ld+json\" class=\"yoast-schema-graph\">{\"@context\":\"https:\/\/schema.org\",\"@graph\":[{\"@type\":\"WebPage\",\"@id\":\"https:\/\/shop.merolution.de\/index.php\/product\/naegele-100-dornfelder-trocken\/\",\"url\":\"https:\/\/shop.merolution.de\/index.php\/product\/naegele-100-dornfelder-trocken\/\",\"name\":\"Naegele 1,00 Dornfelder trocken - Getr\u00e4nke Schl\u00fcter Onlineshop\",\"isPartOf\":{\"@id\":\"https:\/\/shop.merolution.de\/#website\"},\"datePublished\":\"2020-05-28T10:04:08+00:00\",\"dateModified\":\"2020-05-28T10:04:08+00:00\",\"breadcrumb\":{\"@id\":\"https:\/\/shop.merolution.de\/index.php\/product\/naegele-100-dornfelder-trocken\/#breadcrumb\"},\"inLanguage\":\"de\",\"potentialAction\":[{\"@type\":\"ReadAction\",\"target\":[\"https:\/\/shop.merolution.de\/index.php\/product\/naegele-100-dornfelder-trocken\/\"]}]},{\"@type\":\"BreadcrumbList\",\"@id\":\"https:\/\/shop.merolution.de\/index.php\/product\/naegele-100-dornfelder-trocken\/#breadcrumb\",\"itemListElement\":[{\"@type\":\"ListItem\",\"position\":1,\"name\":\"Home\",\"item\":\"https:\/\/shop.merolution.de\/\"},{\"@type\":\"ListItem\",\"position\":2,\"name\":\"Shop\",\"item\":\"https:\/\/shop.merolution.de\/\"},{\"@type\":\"ListItem\",\"position\":3,\"name\":\"Naegele 1,00 Dornfelder trocken\"}]},{\"@type\":\"WebSite\",\"@id\":\"https:\/\/shop.merolution.de\/#website\",\"url\":\"https:\/\/shop.merolution.de\/\",\"name\":\"Getr\u00e4nke Schl\u00fcter Onlineshop\",\"description\":\"Ihr Getr\u00e4nke-Partner in Hannover\",\"potentialAction\":[{\"@type\":\"SearchAction\",\"target\":{\"@type\":\"EntryPoint\",\"urlTemplate\":\"https:\/\/shop.merolution.de\/?s={search_term_string}\"},\"query-input\":\"required name=search_term_string\"}],\"inLanguage\":\"de\"}]}<\/script>\n<!-- \/ Yoast SEO plugin. -->","yoast_head_json":{"title":"Naegele 1,00 Dornfelder trocken - Getr\u00e4nke Schl\u00fcter Onlineshop","robots":{"index":"noindex","follow":"follow","max-snippet":"max-snippet:-1","max-image-preview":"max-image-preview:large","max-video-preview":"max-video-preview:-1"},"og_locale":"de_DE","og_type":"article","og_title":"Naegele 1,00 Dornfelder trocken - Getr\u00e4nke Schl\u00fcter Onlineshop","og_description":"Herkunft:PfalzRebsorte:DornfelderQualit\u00e4t:QbAGeschmack:trockenFlaschengr\u00f6\u00dfe:1,0 lAnalysedaten:Alkoholgehalt:13,43 %vol.Restzucker:5,2 g\/lS\u00e4ure:4,6 g\/lTrinktemperatur:15-17 \u00b0CLagerf\u00e4higkeit:5 Jahre","og_url":"https:\/\/shop.merolution.de\/index.php\/product\/naegele-100-dornfelder-trocken\/","og_site_name":"Getr\u00e4nke Schl\u00fcter Onlineshop","og_image":[{"width":150,"height":348,"url":"https:\/\/shop.merolution.de\/wp-content\/uploads\/2020\/05\/dornfelder-trocken-1l.jpg","type":"image\/jpeg"}],"twitter_card":"summary_large_image","twitter_misc":{"Gesch\u00e4tzte Lesezeit":"1\u00a0Minute"},"schema":{"@context":"https:\/\/schema.org","@graph":[{"@type":"WebPage","@id":"https:\/\/shop.merolution.de\/index.php\/product\/naegele-100-dornfelder-trocken\/","url":"https:\/\/shop.merolution.de\/index.php\/product\/naegele-100-dornfelder-trocken\/","name":"Naegele 1,00 Dornfelder trocken - Getr\u00e4nke Schl\u00fcter Onlineshop","isPartOf":{"@id":"https:\/\/shop.merolution.de\/#website"},"datePublished":"2020-05-28T10:04:08+00:00","dateModified":"2020-05-28T10:04:08+00:00","breadcrumb":{"@id":"https:\/\/shop.merolution.de\/index.php\/product\/naegele-100-dornfelder-trocken\/#breadcrumb"},"inLanguage":"de","potentialAction":[{"@type":"ReadAction","target":["https:\/\/shop.merolution.de\/index.php\/product\/naegele-100-dornfelder-trocken\/"]}]},{"@type":"BreadcrumbList","@id":"https:\/\/shop.merolution.de\/index.php\/product\/naegele-100-dornfelder-trocken\/#breadcrumb","itemListElement":[{"@type":"ListItem","position":1,"name":"Home","item":"https:\/\/shop.merolution.de\/"},{"@type":"ListItem","position":2,"name":"Shop","item":"https:\/\/shop.merolution.de\/"},{"@type":"ListItem","position":3,"name":"Naegele 1,00 Dornfelder trocken"}]},{"@type":"WebSite","@id":"https:\/\/shop.merolution.de\/#website","url":"https:\/\/shop.merolution.de\/","name":"Getr\u00e4nke Schl\u00fcter Onlineshop","description":"Ihr Getr\u00e4nke-Partner in Hannover","potentialAction":[{"@type":"SearchAction","target":{"@type":"EntryPoint","urlTemplate":"https:\/\/shop.merolution.de\/?s={search_term_string}"},"query-input":"required name=search_term_string"}],"inLanguage":"de"}]}},"_links":{"self":[{"href":"https:\/\/shop.merolution.de\/index.php\/wp-json\/wp\/v2\/product\/3991"}],"collection":[{"href":"https:\/\/shop.merolution.de\/index.php\/wp-json\/wp\/v2\/product"}],"about":[{"href":"https:\/\/shop.merolution.de\/index.php\/wp-json\/wp\/v2\/types\/product"}],"replies":[{"embeddable":true,"href":"https:\/\/shop.merolution.de\/index.php\/wp-json\/wp\/v2\/comments?post=3991"}],"wp:featuredmedia":[{"embeddable":true,"href":"https:\/\/shop.merolution.de\/index.php\/wp-json\/wp\/v2\/media\/3992"}],"wp:attachment":[{"href":"https:\/\/shop.merolution.de\/index.php\/wp-json\/wp\/v2\/media?parent=3991"}],"wp:term":[{"taxonomy":"product_cat","embeddable":true,"href":"https:\/\/shop.merolution.de\/index.php\/wp-json\/wp\/v2\/product_cat?post=3991"},{"taxonomy":"product_tag","embeddable":true,"href":"https:\/\/shop.merolution.de\/index.php\/wp-json\/wp\/v2\/product_tag?post=3991"}],"curies":[{"name":"wp","href":"https:\/\/api.w.org\/{rel}","templated":true}]}}