{"id":3993,"date":"2020-05-28T10:04:08","date_gmt":"2020-05-28T10:04:08","guid":{"rendered":"https:\/\/shop.merolution.de\/index.php\/product\/naegele-100-portugieser-rotwein-feinherb\/"},"modified":"2020-05-28T10:04:08","modified_gmt":"2020-05-28T10:04:08","slug":"naegele-100-portugieser-rotwein-feinherb","status":"publish","type":"product","link":"https:\/\/shop.merolution.de\/index.php\/product\/naegele-100-portugieser-rotwein-feinherb\/","title":{"rendered":"Naegele 1,00 Portugieser Rotwein feinherb"},"content":{"rendered":"<p>Die Lage K\u00f6nigsbacher Meerspinne liegt zwischen 115 und 220 m H\u00f6he \u00fcber NN und ist etwa 820 ha gro\u00df. Die Bodenbeschaffenheit variiert \u00f6rtlich sehr stark zwischen Lehm, Mergel, Letten und Sand. Die Lage ist zu 48% leicht oder stark h\u00e4ngig in Richtung Ost bis S\u00fcdost, etwa 52% sind flache Standorte. Der Name Meerspinne leitet sich vermutlich von der Bezeichnung \u0084Mehrsp\u00e4nner\u0093 f\u00fcr ein gr\u00f6\u00dferes Fuhrwerk ab.Der Portugieser stammt, wie der Name schon vermuten l\u00e4sst, urspr\u00fcnglich aus Portugal und wurde um das Jahr 1840 \u00fcber \u00d6sterreich nach Deutschland gebracht und zwar zuerst nach Schwaben (Johann Philipp Bronner). Er gelangte einige Jahre sp\u00e4ter auch in die Pfalz und verdr\u00e4ngte weitestgehend die alten, vorher gepflanzten Sorten. Das Verbreitungsgebiet liegt ausschlie\u00dflich in Mitteleuropa. Positiv sind die fr\u00fche Reife, die Ertragssicherheit und die geringen Lagenanspr\u00fcche der Sorte<\/p>\n","protected":false},"excerpt":{"rendered":"<p>Herkunft:PfalzLage:K\u00f6nigsbacher MeerspinneRebsorte:Portugieser RotweinQualit\u00e4t:Qualit\u00e4tswein b.A.Geschmack:halbtrockenFlaschengr\u00f6\u00dfe:1,0 lAlkoholgehalt:11,97 % vol.S\u00e4ure:4,4 g\/lRestzucker:14,4 g\/lTrinktemperatur:12-14\u00b0CLagerf\u00e4higkeit:2-5 Jahre<\/p>\n","protected":false},"featured_media":0,"comment_status":"open","ping_status":"closed","template":"","meta":[],"product_cat":[96],"product_tag":[],"yoast_head":"<!-- This site is optimized with the Yoast SEO plugin v19.14 - https:\/\/yoast.com\/wordpress\/plugins\/seo\/ -->\n<title>Naegele 1,00 Portugieser Rotwein feinherb - Getr\u00e4nke Schl\u00fcter Onlineshop<\/title>\n<meta name=\"robots\" content=\"noindex, follow, max-snippet:-1, max-image-preview:large, max-video-preview:-1\" \/>\n<meta property=\"og:locale\" content=\"de_DE\" \/>\n<meta property=\"og:type\" content=\"article\" \/>\n<meta property=\"og:title\" content=\"Naegele 1,00 Portugieser Rotwein feinherb - Getr\u00e4nke Schl\u00fcter Onlineshop\" \/>\n<meta property=\"og:description\" content=\"Herkunft:PfalzLage:K\u00f6nigsbacher MeerspinneRebsorte:Portugieser RotweinQualit\u00e4t:Qualit\u00e4tswein b.A.Geschmack:halbtrockenFlaschengr\u00f6\u00dfe:1,0 lAlkoholgehalt:11,97 % vol.S\u00e4ure:4,4 g\/lRestzucker:14,4 g\/lTrinktemperatur:12-14\u00b0CLagerf\u00e4higkeit:2-5 Jahre\" \/>\n<meta property=\"og:url\" content=\"https:\/\/shop.merolution.de\/index.php\/product\/naegele-100-portugieser-rotwein-feinherb\/\" \/>\n<meta property=\"og:site_name\" content=\"Getr\u00e4nke Schl\u00fcter Onlineshop\" \/>\n<meta name=\"twitter:card\" content=\"summary_large_image\" \/>\n<meta name=\"twitter:label1\" content=\"Gesch\u00e4tzte Lesezeit\" \/>\n\t<meta name=\"twitter:data1\" content=\"1\u00a0Minute\" \/>\n<script type=\"application\/ld+json\" class=\"yoast-schema-graph\">{\"@context\":\"https:\/\/schema.org\",\"@graph\":[{\"@type\":\"WebPage\",\"@id\":\"https:\/\/shop.merolution.de\/index.php\/product\/naegele-100-portugieser-rotwein-feinherb\/\",\"url\":\"https:\/\/shop.merolution.de\/index.php\/product\/naegele-100-portugieser-rotwein-feinherb\/\",\"name\":\"Naegele 1,00 Portugieser Rotwein feinherb - Getr\u00e4nke Schl\u00fcter Onlineshop\",\"isPartOf\":{\"@id\":\"https:\/\/shop.merolution.de\/#website\"},\"datePublished\":\"2020-05-28T10:04:08+00:00\",\"dateModified\":\"2020-05-28T10:04:08+00:00\",\"breadcrumb\":{\"@id\":\"https:\/\/shop.merolution.de\/index.php\/product\/naegele-100-portugieser-rotwein-feinherb\/#breadcrumb\"},\"inLanguage\":\"de\",\"potentialAction\":[{\"@type\":\"ReadAction\",\"target\":[\"https:\/\/shop.merolution.de\/index.php\/product\/naegele-100-portugieser-rotwein-feinherb\/\"]}]},{\"@type\":\"BreadcrumbList\",\"@id\":\"https:\/\/shop.merolution.de\/index.php\/product\/naegele-100-portugieser-rotwein-feinherb\/#breadcrumb\",\"itemListElement\":[{\"@type\":\"ListItem\",\"position\":1,\"name\":\"Home\",\"item\":\"https:\/\/shop.merolution.de\/\"},{\"@type\":\"ListItem\",\"position\":2,\"name\":\"Shop\",\"item\":\"https:\/\/shop.merolution.de\/\"},{\"@type\":\"ListItem\",\"position\":3,\"name\":\"Naegele 1,00 Portugieser Rotwein feinherb\"}]},{\"@type\":\"WebSite\",\"@id\":\"https:\/\/shop.merolution.de\/#website\",\"url\":\"https:\/\/shop.merolution.de\/\",\"name\":\"Getr\u00e4nke Schl\u00fcter Onlineshop\",\"description\":\"Ihr Getr\u00e4nke-Partner in Hannover\",\"potentialAction\":[{\"@type\":\"SearchAction\",\"target\":{\"@type\":\"EntryPoint\",\"urlTemplate\":\"https:\/\/shop.merolution.de\/?s={search_term_string}\"},\"query-input\":\"required name=search_term_string\"}],\"inLanguage\":\"de\"}]}<\/script>\n<!-- \/ Yoast SEO plugin. -->","yoast_head_json":{"title":"Naegele 1,00 Portugieser Rotwein feinherb - Getr\u00e4nke Schl\u00fcter Onlineshop","robots":{"index":"noindex","follow":"follow","max-snippet":"max-snippet:-1","max-image-preview":"max-image-preview:large","max-video-preview":"max-video-preview:-1"},"og_locale":"de_DE","og_type":"article","og_title":"Naegele 1,00 Portugieser Rotwein feinherb - Getr\u00e4nke Schl\u00fcter Onlineshop","og_description":"Herkunft:PfalzLage:K\u00f6nigsbacher MeerspinneRebsorte:Portugieser RotweinQualit\u00e4t:Qualit\u00e4tswein b.A.Geschmack:halbtrockenFlaschengr\u00f6\u00dfe:1,0 lAlkoholgehalt:11,97 % vol.S\u00e4ure:4,4 g\/lRestzucker:14,4 g\/lTrinktemperatur:12-14\u00b0CLagerf\u00e4higkeit:2-5 Jahre","og_url":"https:\/\/shop.merolution.de\/index.php\/product\/naegele-100-portugieser-rotwein-feinherb\/","og_site_name":"Getr\u00e4nke Schl\u00fcter Onlineshop","twitter_card":"summary_large_image","twitter_misc":{"Gesch\u00e4tzte Lesezeit":"1\u00a0Minute"},"schema":{"@context":"https:\/\/schema.org","@graph":[{"@type":"WebPage","@id":"https:\/\/shop.merolution.de\/index.php\/product\/naegele-100-portugieser-rotwein-feinherb\/","url":"https:\/\/shop.merolution.de\/index.php\/product\/naegele-100-portugieser-rotwein-feinherb\/","name":"Naegele 1,00 Portugieser Rotwein feinherb - Getr\u00e4nke Schl\u00fcter Onlineshop","isPartOf":{"@id":"https:\/\/shop.merolution.de\/#website"},"datePublished":"2020-05-28T10:04:08+00:00","dateModified":"2020-05-28T10:04:08+00:00","breadcrumb":{"@id":"https:\/\/shop.merolution.de\/index.php\/product\/naegele-100-portugieser-rotwein-feinherb\/#breadcrumb"},"inLanguage":"de","potentialAction":[{"@type":"ReadAction","target":["https:\/\/shop.merolution.de\/index.php\/product\/naegele-100-portugieser-rotwein-feinherb\/"]}]},{"@type":"BreadcrumbList","@id":"https:\/\/shop.merolution.de\/index.php\/product\/naegele-100-portugieser-rotwein-feinherb\/#breadcrumb","itemListElement":[{"@type":"ListItem","position":1,"name":"Home","item":"https:\/\/shop.merolution.de\/"},{"@type":"ListItem","position":2,"name":"Shop","item":"https:\/\/shop.merolution.de\/"},{"@type":"ListItem","position":3,"name":"Naegele 1,00 Portugieser Rotwein feinherb"}]},{"@type":"WebSite","@id":"https:\/\/shop.merolution.de\/#website","url":"https:\/\/shop.merolution.de\/","name":"Getr\u00e4nke Schl\u00fcter Onlineshop","description":"Ihr Getr\u00e4nke-Partner in Hannover","potentialAction":[{"@type":"SearchAction","target":{"@type":"EntryPoint","urlTemplate":"https:\/\/shop.merolution.de\/?s={search_term_string}"},"query-input":"required name=search_term_string"}],"inLanguage":"de"}]}},"_links":{"self":[{"href":"https:\/\/shop.merolution.de\/index.php\/wp-json\/wp\/v2\/product\/3993"}],"collection":[{"href":"https:\/\/shop.merolution.de\/index.php\/wp-json\/wp\/v2\/product"}],"about":[{"href":"https:\/\/shop.merolution.de\/index.php\/wp-json\/wp\/v2\/types\/product"}],"replies":[{"embeddable":true,"href":"https:\/\/shop.merolution.de\/index.php\/wp-json\/wp\/v2\/comments?post=3993"}],"wp:attachment":[{"href":"https:\/\/shop.merolution.de\/index.php\/wp-json\/wp\/v2\/media?parent=3993"}],"wp:term":[{"taxonomy":"product_cat","embeddable":true,"href":"https:\/\/shop.merolution.de\/index.php\/wp-json\/wp\/v2\/product_cat?post=3993"},{"taxonomy":"product_tag","embeddable":true,"href":"https:\/\/shop.merolution.de\/index.php\/wp-json\/wp\/v2\/product_tag?post=3993"}],"curies":[{"name":"wp","href":"https:\/\/api.w.org\/{rel}","templated":true}]}}