{"id":3994,"date":"2020-05-28T10:04:09","date_gmt":"2020-05-28T10:04:09","guid":{"rendered":"https:\/\/shop.merolution.de\/index.php\/product\/naegele-100-portugieser-rotwein-trocken\/"},"modified":"2020-05-28T10:04:09","modified_gmt":"2020-05-28T10:04:09","slug":"naegele-100-portugieser-rotwein-trocken","status":"publish","type":"product","link":"https:\/\/shop.merolution.de\/index.php\/product\/naegele-100-portugieser-rotwein-trocken\/","title":{"rendered":"Naegele 1,00 Portugieser Rotwein trocken"},"content":{"rendered":"<p>Die Lage Hambacher Rebst\u00f6ckel liegt zwischen 130 und 260 m H\u00f6he \u00fcber NN und ist etwa 550 ha gro\u00df. Die Bodenbeschaffenheit basiert haupts\u00e4chlich auf den Komponenten Lehm und Sand in wechselnder Zusammensetzung. Die Lage ist zu 65% leicht h\u00e4ngig in Richtung Ost bis S\u00fcdost, etwa 35% sind flache Standorte. Der Name Rebst\u00f6ckel leitet sich vermutlich von einem fr\u00fcher recht gebr\u00e4uchlichen Hausnamen ab.Der Portugieser stammt, wie der Name schon vermuten l\u00e4sst, urspr\u00fcnglich aus Portugal und wurde um das Jahr 1840 \u00fcber \u00d6sterreich nach Deutschland gebracht, und zwar zuerst nach Schwaben (Johann Philipp Bronner). Er gelangte einige Jahre sp\u00e4ter auch in die Pfalz und verdr\u00e4ngte weitestgehend die alten, vorher gepflanzten Sorten. Das Verbreitungsgebiet liegt ausschlie\u00dflich in Mitteleuropa. Positiv sind die fr\u00fche Reife, die Ertragssicherheit und die geringen Anspr\u00fcche an die Anbaufl\u00e4che der Sorte<\/p>\n","protected":false},"excerpt":{"rendered":"<p>Herkunft:PfalzLage:Hambacher Rebst\u00f6ckelRebsorte:Portugieser RotweinQualit\u00e4t:Qualit\u00e4tswein b.A.Geschmack:trockenFlaschengr\u00f6\u00dfe:1,0 lAlkoholgehalt:13,1 % vol.S\u00e4ure:4,3 g\/lRestzucker:3,8 g\/lTrinktemperatur:14-16\u00b0CLagerf\u00e4higkeit:24-36Monate<\/p>\n","protected":false},"featured_media":0,"comment_status":"open","ping_status":"closed","template":"","meta":[],"product_cat":[96],"product_tag":[],"yoast_head":"<!-- This site is optimized with the Yoast SEO plugin v19.14 - https:\/\/yoast.com\/wordpress\/plugins\/seo\/ -->\n<title>Naegele 1,00 Portugieser Rotwein trocken - Getr\u00e4nke Schl\u00fcter Onlineshop<\/title>\n<meta name=\"robots\" content=\"noindex, follow, max-snippet:-1, max-image-preview:large, max-video-preview:-1\" \/>\n<meta property=\"og:locale\" content=\"de_DE\" \/>\n<meta property=\"og:type\" content=\"article\" \/>\n<meta property=\"og:title\" content=\"Naegele 1,00 Portugieser Rotwein trocken - Getr\u00e4nke Schl\u00fcter Onlineshop\" \/>\n<meta property=\"og:description\" content=\"Herkunft:PfalzLage:Hambacher Rebst\u00f6ckelRebsorte:Portugieser RotweinQualit\u00e4t:Qualit\u00e4tswein b.A.Geschmack:trockenFlaschengr\u00f6\u00dfe:1,0 lAlkoholgehalt:13,1 % vol.S\u00e4ure:4,3 g\/lRestzucker:3,8 g\/lTrinktemperatur:14-16\u00b0CLagerf\u00e4higkeit:24-36Monate\" \/>\n<meta property=\"og:url\" content=\"https:\/\/shop.merolution.de\/index.php\/product\/naegele-100-portugieser-rotwein-trocken\/\" \/>\n<meta property=\"og:site_name\" content=\"Getr\u00e4nke Schl\u00fcter Onlineshop\" \/>\n<meta name=\"twitter:card\" content=\"summary_large_image\" \/>\n<meta name=\"twitter:label1\" content=\"Gesch\u00e4tzte Lesezeit\" \/>\n\t<meta name=\"twitter:data1\" content=\"1\u00a0Minute\" \/>\n<script type=\"application\/ld+json\" class=\"yoast-schema-graph\">{\"@context\":\"https:\/\/schema.org\",\"@graph\":[{\"@type\":\"WebPage\",\"@id\":\"https:\/\/shop.merolution.de\/index.php\/product\/naegele-100-portugieser-rotwein-trocken\/\",\"url\":\"https:\/\/shop.merolution.de\/index.php\/product\/naegele-100-portugieser-rotwein-trocken\/\",\"name\":\"Naegele 1,00 Portugieser Rotwein trocken - Getr\u00e4nke Schl\u00fcter Onlineshop\",\"isPartOf\":{\"@id\":\"https:\/\/shop.merolution.de\/#website\"},\"datePublished\":\"2020-05-28T10:04:09+00:00\",\"dateModified\":\"2020-05-28T10:04:09+00:00\",\"breadcrumb\":{\"@id\":\"https:\/\/shop.merolution.de\/index.php\/product\/naegele-100-portugieser-rotwein-trocken\/#breadcrumb\"},\"inLanguage\":\"de\",\"potentialAction\":[{\"@type\":\"ReadAction\",\"target\":[\"https:\/\/shop.merolution.de\/index.php\/product\/naegele-100-portugieser-rotwein-trocken\/\"]}]},{\"@type\":\"BreadcrumbList\",\"@id\":\"https:\/\/shop.merolution.de\/index.php\/product\/naegele-100-portugieser-rotwein-trocken\/#breadcrumb\",\"itemListElement\":[{\"@type\":\"ListItem\",\"position\":1,\"name\":\"Home\",\"item\":\"https:\/\/shop.merolution.de\/\"},{\"@type\":\"ListItem\",\"position\":2,\"name\":\"Shop\",\"item\":\"https:\/\/shop.merolution.de\/\"},{\"@type\":\"ListItem\",\"position\":3,\"name\":\"Naegele 1,00 Portugieser Rotwein trocken\"}]},{\"@type\":\"WebSite\",\"@id\":\"https:\/\/shop.merolution.de\/#website\",\"url\":\"https:\/\/shop.merolution.de\/\",\"name\":\"Getr\u00e4nke Schl\u00fcter Onlineshop\",\"description\":\"Ihr Getr\u00e4nke-Partner in Hannover\",\"potentialAction\":[{\"@type\":\"SearchAction\",\"target\":{\"@type\":\"EntryPoint\",\"urlTemplate\":\"https:\/\/shop.merolution.de\/?s={search_term_string}\"},\"query-input\":\"required name=search_term_string\"}],\"inLanguage\":\"de\"}]}<\/script>\n<!-- \/ Yoast SEO plugin. -->","yoast_head_json":{"title":"Naegele 1,00 Portugieser Rotwein trocken - Getr\u00e4nke Schl\u00fcter Onlineshop","robots":{"index":"noindex","follow":"follow","max-snippet":"max-snippet:-1","max-image-preview":"max-image-preview:large","max-video-preview":"max-video-preview:-1"},"og_locale":"de_DE","og_type":"article","og_title":"Naegele 1,00 Portugieser Rotwein trocken - Getr\u00e4nke Schl\u00fcter Onlineshop","og_description":"Herkunft:PfalzLage:Hambacher Rebst\u00f6ckelRebsorte:Portugieser RotweinQualit\u00e4t:Qualit\u00e4tswein b.A.Geschmack:trockenFlaschengr\u00f6\u00dfe:1,0 lAlkoholgehalt:13,1 % vol.S\u00e4ure:4,3 g\/lRestzucker:3,8 g\/lTrinktemperatur:14-16\u00b0CLagerf\u00e4higkeit:24-36Monate","og_url":"https:\/\/shop.merolution.de\/index.php\/product\/naegele-100-portugieser-rotwein-trocken\/","og_site_name":"Getr\u00e4nke Schl\u00fcter Onlineshop","twitter_card":"summary_large_image","twitter_misc":{"Gesch\u00e4tzte Lesezeit":"1\u00a0Minute"},"schema":{"@context":"https:\/\/schema.org","@graph":[{"@type":"WebPage","@id":"https:\/\/shop.merolution.de\/index.php\/product\/naegele-100-portugieser-rotwein-trocken\/","url":"https:\/\/shop.merolution.de\/index.php\/product\/naegele-100-portugieser-rotwein-trocken\/","name":"Naegele 1,00 Portugieser Rotwein trocken - Getr\u00e4nke Schl\u00fcter Onlineshop","isPartOf":{"@id":"https:\/\/shop.merolution.de\/#website"},"datePublished":"2020-05-28T10:04:09+00:00","dateModified":"2020-05-28T10:04:09+00:00","breadcrumb":{"@id":"https:\/\/shop.merolution.de\/index.php\/product\/naegele-100-portugieser-rotwein-trocken\/#breadcrumb"},"inLanguage":"de","potentialAction":[{"@type":"ReadAction","target":["https:\/\/shop.merolution.de\/index.php\/product\/naegele-100-portugieser-rotwein-trocken\/"]}]},{"@type":"BreadcrumbList","@id":"https:\/\/shop.merolution.de\/index.php\/product\/naegele-100-portugieser-rotwein-trocken\/#breadcrumb","itemListElement":[{"@type":"ListItem","position":1,"name":"Home","item":"https:\/\/shop.merolution.de\/"},{"@type":"ListItem","position":2,"name":"Shop","item":"https:\/\/shop.merolution.de\/"},{"@type":"ListItem","position":3,"name":"Naegele 1,00 Portugieser Rotwein trocken"}]},{"@type":"WebSite","@id":"https:\/\/shop.merolution.de\/#website","url":"https:\/\/shop.merolution.de\/","name":"Getr\u00e4nke Schl\u00fcter Onlineshop","description":"Ihr Getr\u00e4nke-Partner in Hannover","potentialAction":[{"@type":"SearchAction","target":{"@type":"EntryPoint","urlTemplate":"https:\/\/shop.merolution.de\/?s={search_term_string}"},"query-input":"required name=search_term_string"}],"inLanguage":"de"}]}},"_links":{"self":[{"href":"https:\/\/shop.merolution.de\/index.php\/wp-json\/wp\/v2\/product\/3994"}],"collection":[{"href":"https:\/\/shop.merolution.de\/index.php\/wp-json\/wp\/v2\/product"}],"about":[{"href":"https:\/\/shop.merolution.de\/index.php\/wp-json\/wp\/v2\/types\/product"}],"replies":[{"embeddable":true,"href":"https:\/\/shop.merolution.de\/index.php\/wp-json\/wp\/v2\/comments?post=3994"}],"wp:attachment":[{"href":"https:\/\/shop.merolution.de\/index.php\/wp-json\/wp\/v2\/media?parent=3994"}],"wp:term":[{"taxonomy":"product_cat","embeddable":true,"href":"https:\/\/shop.merolution.de\/index.php\/wp-json\/wp\/v2\/product_cat?post=3994"},{"taxonomy":"product_tag","embeddable":true,"href":"https:\/\/shop.merolution.de\/index.php\/wp-json\/wp\/v2\/product_tag?post=3994"}],"curies":[{"name":"wp","href":"https:\/\/api.w.org\/{rel}","templated":true}]}}