{"id":3995,"date":"2020-05-28T10:04:09","date_gmt":"2020-05-28T10:04:09","guid":{"rendered":"https:\/\/shop.merolution.de\/index.php\/product\/naegele-100-morio-muskat-mild\/"},"modified":"2020-05-28T10:04:09","modified_gmt":"2020-05-28T10:04:09","slug":"naegele-100-morio-muskat-mild","status":"publish","type":"product","link":"https:\/\/shop.merolution.de\/index.php\/product\/naegele-100-morio-muskat-mild\/","title":{"rendered":"Naegele 1,00 Morio Muskat mild"},"content":{"rendered":"<p>Wie der Name \u0084Im Sonnenschein\u0093 schon vermuten l\u00e4sst, handelt sich bei dieser Weinlage in der Gemarkung Siebeldingen um der Sonne zugewandte S\u00fcdh\u00e4nge in einer H\u00f6he von 150 \u0096 230 m \u00fcber NN. Die Bodenbeschaffenheit ist stark wechselnd zwischen mit Lehm \u00fcbedecktem Terrassenschotter \u00fcber terti\u00e4re Tone und Mergel bis hin zu L\u00f6\u00dflehm.Die Bukettsorte Morio Muskat ist eine um 1933 durch Peter Morio aus Silvaner und Wei\u00dfburgunder gekreuzte Rebsorte, die durch ihren aromatisch-milden Geschmack bald zum beliebten Schoppenwein wurde. Dieser Wein ist ein idealer Begleiter zu herzhaftem Schweinebraten, zu Wildpasteten- und Terrinen, zu Fisch in kr\u00e4ftig gew\u00fcrzter So\u00dfe, zu deftigem Geb\u00e4ck wie Lauch- und Zwiebelkuchen oder zu w\u00fcrzigem K\u00e4se.<\/p>\n","protected":false},"excerpt":{"rendered":"<p>Herkunft:PfalzLage:Siebeldinger SonnenscheinRebsorte:Morio-MuskatGeschmack:mildFlaschengr\u00f6\u00dfe:1,0 lQualit\u00e4t:Qualit\u00e4tswein b.A.Analysedaten:Alkoholgehalt:11,54% vol.S\u00e4ure:7,5 g\/lRestzucker:33,0 g\/lTrinktemperatur:9-11 \u00b0CLagerf\u00e4higkeit:18-24 Monate<\/p>\n","protected":false},"featured_media":3996,"comment_status":"open","ping_status":"closed","template":"","meta":[],"product_cat":[96],"product_tag":[],"yoast_head":"<!-- This site is optimized with the Yoast SEO plugin v19.14 - https:\/\/yoast.com\/wordpress\/plugins\/seo\/ -->\n<title>Naegele 1,00 Morio Muskat mild - Getr\u00e4nke Schl\u00fcter Onlineshop<\/title>\n<meta name=\"robots\" content=\"noindex, follow, max-snippet:-1, max-image-preview:large, max-video-preview:-1\" \/>\n<meta property=\"og:locale\" content=\"de_DE\" \/>\n<meta property=\"og:type\" content=\"article\" \/>\n<meta property=\"og:title\" content=\"Naegele 1,00 Morio Muskat mild - Getr\u00e4nke Schl\u00fcter Onlineshop\" \/>\n<meta property=\"og:description\" content=\"Herkunft:PfalzLage:Siebeldinger SonnenscheinRebsorte:Morio-MuskatGeschmack:mildFlaschengr\u00f6\u00dfe:1,0 lQualit\u00e4t:Qualit\u00e4tswein b.A.Analysedaten:Alkoholgehalt:11,54% vol.S\u00e4ure:7,5 g\/lRestzucker:33,0 g\/lTrinktemperatur:9-11 \u00b0CLagerf\u00e4higkeit:18-24 Monate\" \/>\n<meta property=\"og:url\" content=\"https:\/\/shop.merolution.de\/index.php\/product\/naegele-100-morio-muskat-mild\/\" \/>\n<meta property=\"og:site_name\" content=\"Getr\u00e4nke Schl\u00fcter Onlineshop\" \/>\n<meta property=\"og:image\" content=\"https:\/\/shop.merolution.de\/wp-content\/uploads\/2020\/05\/morio-muskat-liter.jpg\" \/>\n\t<meta property=\"og:image:width\" content=\"150\" \/>\n\t<meta property=\"og:image:height\" content=\"424\" \/>\n\t<meta property=\"og:image:type\" content=\"image\/jpeg\" \/>\n<meta name=\"twitter:card\" content=\"summary_large_image\" \/>\n<meta name=\"twitter:label1\" content=\"Gesch\u00e4tzte Lesezeit\" \/>\n\t<meta name=\"twitter:data1\" content=\"1\u00a0Minute\" \/>\n<script type=\"application\/ld+json\" class=\"yoast-schema-graph\">{\"@context\":\"https:\/\/schema.org\",\"@graph\":[{\"@type\":\"WebPage\",\"@id\":\"https:\/\/shop.merolution.de\/index.php\/product\/naegele-100-morio-muskat-mild\/\",\"url\":\"https:\/\/shop.merolution.de\/index.php\/product\/naegele-100-morio-muskat-mild\/\",\"name\":\"Naegele 1,00 Morio Muskat mild - Getr\u00e4nke Schl\u00fcter Onlineshop\",\"isPartOf\":{\"@id\":\"https:\/\/shop.merolution.de\/#website\"},\"datePublished\":\"2020-05-28T10:04:09+00:00\",\"dateModified\":\"2020-05-28T10:04:09+00:00\",\"breadcrumb\":{\"@id\":\"https:\/\/shop.merolution.de\/index.php\/product\/naegele-100-morio-muskat-mild\/#breadcrumb\"},\"inLanguage\":\"de\",\"potentialAction\":[{\"@type\":\"ReadAction\",\"target\":[\"https:\/\/shop.merolution.de\/index.php\/product\/naegele-100-morio-muskat-mild\/\"]}]},{\"@type\":\"BreadcrumbList\",\"@id\":\"https:\/\/shop.merolution.de\/index.php\/product\/naegele-100-morio-muskat-mild\/#breadcrumb\",\"itemListElement\":[{\"@type\":\"ListItem\",\"position\":1,\"name\":\"Home\",\"item\":\"https:\/\/shop.merolution.de\/\"},{\"@type\":\"ListItem\",\"position\":2,\"name\":\"Shop\",\"item\":\"https:\/\/shop.merolution.de\/\"},{\"@type\":\"ListItem\",\"position\":3,\"name\":\"Naegele 1,00 Morio Muskat mild\"}]},{\"@type\":\"WebSite\",\"@id\":\"https:\/\/shop.merolution.de\/#website\",\"url\":\"https:\/\/shop.merolution.de\/\",\"name\":\"Getr\u00e4nke Schl\u00fcter Onlineshop\",\"description\":\"Ihr Getr\u00e4nke-Partner in Hannover\",\"potentialAction\":[{\"@type\":\"SearchAction\",\"target\":{\"@type\":\"EntryPoint\",\"urlTemplate\":\"https:\/\/shop.merolution.de\/?s={search_term_string}\"},\"query-input\":\"required name=search_term_string\"}],\"inLanguage\":\"de\"}]}<\/script>\n<!-- \/ Yoast SEO plugin. -->","yoast_head_json":{"title":"Naegele 1,00 Morio Muskat mild - Getr\u00e4nke Schl\u00fcter Onlineshop","robots":{"index":"noindex","follow":"follow","max-snippet":"max-snippet:-1","max-image-preview":"max-image-preview:large","max-video-preview":"max-video-preview:-1"},"og_locale":"de_DE","og_type":"article","og_title":"Naegele 1,00 Morio Muskat mild - Getr\u00e4nke Schl\u00fcter Onlineshop","og_description":"Herkunft:PfalzLage:Siebeldinger SonnenscheinRebsorte:Morio-MuskatGeschmack:mildFlaschengr\u00f6\u00dfe:1,0 lQualit\u00e4t:Qualit\u00e4tswein b.A.Analysedaten:Alkoholgehalt:11,54% vol.S\u00e4ure:7,5 g\/lRestzucker:33,0 g\/lTrinktemperatur:9-11 \u00b0CLagerf\u00e4higkeit:18-24 Monate","og_url":"https:\/\/shop.merolution.de\/index.php\/product\/naegele-100-morio-muskat-mild\/","og_site_name":"Getr\u00e4nke Schl\u00fcter Onlineshop","og_image":[{"width":150,"height":424,"url":"https:\/\/shop.merolution.de\/wp-content\/uploads\/2020\/05\/morio-muskat-liter.jpg","type":"image\/jpeg"}],"twitter_card":"summary_large_image","twitter_misc":{"Gesch\u00e4tzte Lesezeit":"1\u00a0Minute"},"schema":{"@context":"https:\/\/schema.org","@graph":[{"@type":"WebPage","@id":"https:\/\/shop.merolution.de\/index.php\/product\/naegele-100-morio-muskat-mild\/","url":"https:\/\/shop.merolution.de\/index.php\/product\/naegele-100-morio-muskat-mild\/","name":"Naegele 1,00 Morio Muskat mild - Getr\u00e4nke Schl\u00fcter Onlineshop","isPartOf":{"@id":"https:\/\/shop.merolution.de\/#website"},"datePublished":"2020-05-28T10:04:09+00:00","dateModified":"2020-05-28T10:04:09+00:00","breadcrumb":{"@id":"https:\/\/shop.merolution.de\/index.php\/product\/naegele-100-morio-muskat-mild\/#breadcrumb"},"inLanguage":"de","potentialAction":[{"@type":"ReadAction","target":["https:\/\/shop.merolution.de\/index.php\/product\/naegele-100-morio-muskat-mild\/"]}]},{"@type":"BreadcrumbList","@id":"https:\/\/shop.merolution.de\/index.php\/product\/naegele-100-morio-muskat-mild\/#breadcrumb","itemListElement":[{"@type":"ListItem","position":1,"name":"Home","item":"https:\/\/shop.merolution.de\/"},{"@type":"ListItem","position":2,"name":"Shop","item":"https:\/\/shop.merolution.de\/"},{"@type":"ListItem","position":3,"name":"Naegele 1,00 Morio Muskat mild"}]},{"@type":"WebSite","@id":"https:\/\/shop.merolution.de\/#website","url":"https:\/\/shop.merolution.de\/","name":"Getr\u00e4nke Schl\u00fcter Onlineshop","description":"Ihr Getr\u00e4nke-Partner in Hannover","potentialAction":[{"@type":"SearchAction","target":{"@type":"EntryPoint","urlTemplate":"https:\/\/shop.merolution.de\/?s={search_term_string}"},"query-input":"required name=search_term_string"}],"inLanguage":"de"}]}},"_links":{"self":[{"href":"https:\/\/shop.merolution.de\/index.php\/wp-json\/wp\/v2\/product\/3995"}],"collection":[{"href":"https:\/\/shop.merolution.de\/index.php\/wp-json\/wp\/v2\/product"}],"about":[{"href":"https:\/\/shop.merolution.de\/index.php\/wp-json\/wp\/v2\/types\/product"}],"replies":[{"embeddable":true,"href":"https:\/\/shop.merolution.de\/index.php\/wp-json\/wp\/v2\/comments?post=3995"}],"wp:featuredmedia":[{"embeddable":true,"href":"https:\/\/shop.merolution.de\/index.php\/wp-json\/wp\/v2\/media\/3996"}],"wp:attachment":[{"href":"https:\/\/shop.merolution.de\/index.php\/wp-json\/wp\/v2\/media?parent=3995"}],"wp:term":[{"taxonomy":"product_cat","embeddable":true,"href":"https:\/\/shop.merolution.de\/index.php\/wp-json\/wp\/v2\/product_cat?post=3995"},{"taxonomy":"product_tag","embeddable":true,"href":"https:\/\/shop.merolution.de\/index.php\/wp-json\/wp\/v2\/product_tag?post=3995"}],"curies":[{"name":"wp","href":"https:\/\/api.w.org\/{rel}","templated":true}]}}