{"id":3999,"date":"2020-05-28T10:04:09","date_gmt":"2020-05-28T10:04:09","guid":{"rendered":"https:\/\/shop.merolution.de\/index.php\/product\/naegele-100-mueller-thurgau-trocken\/"},"modified":"2020-05-28T10:04:09","modified_gmt":"2020-05-28T10:04:09","slug":"naegele-100-mueller-thurgau-trocken","status":"publish","type":"product","link":"https:\/\/shop.merolution.de\/index.php\/product\/naegele-100-mueller-thurgau-trocken\/","title":{"rendered":"Naegele 1,00 M\u00fcller Thurgau trocken"},"content":{"rendered":"<p>Die Einzellage Hambacher R\u00f6merbrunnen liegt zwischen 130 und 137 m H\u00f6he \u00fcber NN und ist mit etwa 80 ha die zweitgr\u00f6\u00dfte Weinbergslage der Gemeinde Hambach. Die Bodenbeschaffenheit wechselt von lehmigem Sand zu sandigem Lehm. Der Name der Lage bezieht sich auf einen an der alten R\u00f6merstra\u00dfe liegenden Brunnen.Professor Hermann M\u00fcller aus dem Thurgau\/ Schweiz kreuzte die Rebsorte M\u00fcller-Thurgau 1882 aus Riesling und Silvaner. Der Wein zeichnet sich durch seinen blumig-fruchtigen Geschmack aus, der nur wenig von S\u00e4ure gepr\u00e4gt ist.Exzellenter Begleiter zu Fisch und leichten Speisen, aber auch hervorragend als \u0084Zechwein\u0093.<\/p>\n","protected":false},"excerpt":{"rendered":"<p>Herkunft:PfalzLage:Hambacher R\u00f6merbrunnenRebsorte:M\u00fcller-ThurgauQualit\u00e4t:Qualit\u00e4tswein b.A.Geschmack:trockenFlaschengr\u00f6\u00dfe:1,0 l Analysedaten: Alkoholgehalt:11,78 vol.%S\u00e4ure:6,5 g\/lRestzucker:0,8 g\/lTrinktemperatur: 9-12\u00b0 C<\/p>\n","protected":false},"featured_media":0,"comment_status":"open","ping_status":"closed","template":"","meta":[],"product_cat":[96],"product_tag":[],"yoast_head":"<!-- This site is optimized with the Yoast SEO plugin v19.14 - https:\/\/yoast.com\/wordpress\/plugins\/seo\/ -->\n<title>Naegele 1,00 M\u00fcller Thurgau trocken - Getr\u00e4nke Schl\u00fcter Onlineshop<\/title>\n<meta name=\"robots\" content=\"noindex, follow, max-snippet:-1, max-image-preview:large, max-video-preview:-1\" \/>\n<meta property=\"og:locale\" content=\"de_DE\" \/>\n<meta property=\"og:type\" content=\"article\" \/>\n<meta property=\"og:title\" content=\"Naegele 1,00 M\u00fcller Thurgau trocken - Getr\u00e4nke Schl\u00fcter Onlineshop\" \/>\n<meta property=\"og:description\" content=\"Herkunft:PfalzLage:Hambacher R\u00f6merbrunnenRebsorte:M\u00fcller-ThurgauQualit\u00e4t:Qualit\u00e4tswein b.A.Geschmack:trockenFlaschengr\u00f6\u00dfe:1,0 l Analysedaten: Alkoholgehalt:11,78 vol.%S\u00e4ure:6,5 g\/lRestzucker:0,8 g\/lTrinktemperatur: 9-12\u00b0 C\" \/>\n<meta property=\"og:url\" content=\"https:\/\/shop.merolution.de\/index.php\/product\/naegele-100-mueller-thurgau-trocken\/\" \/>\n<meta property=\"og:site_name\" content=\"Getr\u00e4nke Schl\u00fcter Onlineshop\" \/>\n<meta name=\"twitter:card\" content=\"summary_large_image\" \/>\n<script type=\"application\/ld+json\" class=\"yoast-schema-graph\">{\"@context\":\"https:\/\/schema.org\",\"@graph\":[{\"@type\":\"WebPage\",\"@id\":\"https:\/\/shop.merolution.de\/index.php\/product\/naegele-100-mueller-thurgau-trocken\/\",\"url\":\"https:\/\/shop.merolution.de\/index.php\/product\/naegele-100-mueller-thurgau-trocken\/\",\"name\":\"Naegele 1,00 M\u00fcller Thurgau trocken - Getr\u00e4nke Schl\u00fcter Onlineshop\",\"isPartOf\":{\"@id\":\"https:\/\/shop.merolution.de\/#website\"},\"datePublished\":\"2020-05-28T10:04:09+00:00\",\"dateModified\":\"2020-05-28T10:04:09+00:00\",\"breadcrumb\":{\"@id\":\"https:\/\/shop.merolution.de\/index.php\/product\/naegele-100-mueller-thurgau-trocken\/#breadcrumb\"},\"inLanguage\":\"de\",\"potentialAction\":[{\"@type\":\"ReadAction\",\"target\":[\"https:\/\/shop.merolution.de\/index.php\/product\/naegele-100-mueller-thurgau-trocken\/\"]}]},{\"@type\":\"BreadcrumbList\",\"@id\":\"https:\/\/shop.merolution.de\/index.php\/product\/naegele-100-mueller-thurgau-trocken\/#breadcrumb\",\"itemListElement\":[{\"@type\":\"ListItem\",\"position\":1,\"name\":\"Home\",\"item\":\"https:\/\/shop.merolution.de\/\"},{\"@type\":\"ListItem\",\"position\":2,\"name\":\"Shop\",\"item\":\"https:\/\/shop.merolution.de\/\"},{\"@type\":\"ListItem\",\"position\":3,\"name\":\"Naegele 1,00 M\u00fcller Thurgau trocken\"}]},{\"@type\":\"WebSite\",\"@id\":\"https:\/\/shop.merolution.de\/#website\",\"url\":\"https:\/\/shop.merolution.de\/\",\"name\":\"Getr\u00e4nke Schl\u00fcter Onlineshop\",\"description\":\"Ihr Getr\u00e4nke-Partner in Hannover\",\"potentialAction\":[{\"@type\":\"SearchAction\",\"target\":{\"@type\":\"EntryPoint\",\"urlTemplate\":\"https:\/\/shop.merolution.de\/?s={search_term_string}\"},\"query-input\":\"required name=search_term_string\"}],\"inLanguage\":\"de\"}]}<\/script>\n<!-- \/ Yoast SEO plugin. -->","yoast_head_json":{"title":"Naegele 1,00 M\u00fcller Thurgau trocken - Getr\u00e4nke Schl\u00fcter Onlineshop","robots":{"index":"noindex","follow":"follow","max-snippet":"max-snippet:-1","max-image-preview":"max-image-preview:large","max-video-preview":"max-video-preview:-1"},"og_locale":"de_DE","og_type":"article","og_title":"Naegele 1,00 M\u00fcller Thurgau trocken - Getr\u00e4nke Schl\u00fcter Onlineshop","og_description":"Herkunft:PfalzLage:Hambacher R\u00f6merbrunnenRebsorte:M\u00fcller-ThurgauQualit\u00e4t:Qualit\u00e4tswein b.A.Geschmack:trockenFlaschengr\u00f6\u00dfe:1,0 l Analysedaten: Alkoholgehalt:11,78 vol.%S\u00e4ure:6,5 g\/lRestzucker:0,8 g\/lTrinktemperatur: 9-12\u00b0 C","og_url":"https:\/\/shop.merolution.de\/index.php\/product\/naegele-100-mueller-thurgau-trocken\/","og_site_name":"Getr\u00e4nke Schl\u00fcter Onlineshop","twitter_card":"summary_large_image","schema":{"@context":"https:\/\/schema.org","@graph":[{"@type":"WebPage","@id":"https:\/\/shop.merolution.de\/index.php\/product\/naegele-100-mueller-thurgau-trocken\/","url":"https:\/\/shop.merolution.de\/index.php\/product\/naegele-100-mueller-thurgau-trocken\/","name":"Naegele 1,00 M\u00fcller Thurgau trocken - Getr\u00e4nke Schl\u00fcter Onlineshop","isPartOf":{"@id":"https:\/\/shop.merolution.de\/#website"},"datePublished":"2020-05-28T10:04:09+00:00","dateModified":"2020-05-28T10:04:09+00:00","breadcrumb":{"@id":"https:\/\/shop.merolution.de\/index.php\/product\/naegele-100-mueller-thurgau-trocken\/#breadcrumb"},"inLanguage":"de","potentialAction":[{"@type":"ReadAction","target":["https:\/\/shop.merolution.de\/index.php\/product\/naegele-100-mueller-thurgau-trocken\/"]}]},{"@type":"BreadcrumbList","@id":"https:\/\/shop.merolution.de\/index.php\/product\/naegele-100-mueller-thurgau-trocken\/#breadcrumb","itemListElement":[{"@type":"ListItem","position":1,"name":"Home","item":"https:\/\/shop.merolution.de\/"},{"@type":"ListItem","position":2,"name":"Shop","item":"https:\/\/shop.merolution.de\/"},{"@type":"ListItem","position":3,"name":"Naegele 1,00 M\u00fcller Thurgau trocken"}]},{"@type":"WebSite","@id":"https:\/\/shop.merolution.de\/#website","url":"https:\/\/shop.merolution.de\/","name":"Getr\u00e4nke Schl\u00fcter Onlineshop","description":"Ihr Getr\u00e4nke-Partner in Hannover","potentialAction":[{"@type":"SearchAction","target":{"@type":"EntryPoint","urlTemplate":"https:\/\/shop.merolution.de\/?s={search_term_string}"},"query-input":"required name=search_term_string"}],"inLanguage":"de"}]}},"_links":{"self":[{"href":"https:\/\/shop.merolution.de\/index.php\/wp-json\/wp\/v2\/product\/3999"}],"collection":[{"href":"https:\/\/shop.merolution.de\/index.php\/wp-json\/wp\/v2\/product"}],"about":[{"href":"https:\/\/shop.merolution.de\/index.php\/wp-json\/wp\/v2\/types\/product"}],"replies":[{"embeddable":true,"href":"https:\/\/shop.merolution.de\/index.php\/wp-json\/wp\/v2\/comments?post=3999"}],"wp:attachment":[{"href":"https:\/\/shop.merolution.de\/index.php\/wp-json\/wp\/v2\/media?parent=3999"}],"wp:term":[{"taxonomy":"product_cat","embeddable":true,"href":"https:\/\/shop.merolution.de\/index.php\/wp-json\/wp\/v2\/product_cat?post=3999"},{"taxonomy":"product_tag","embeddable":true,"href":"https:\/\/shop.merolution.de\/index.php\/wp-json\/wp\/v2\/product_tag?post=3999"}],"curies":[{"name":"wp","href":"https:\/\/api.w.org\/{rel}","templated":true}]}}