{"id":4000,"date":"2020-05-28T10:04:09","date_gmt":"2020-05-28T10:04:09","guid":{"rendered":"https:\/\/shop.merolution.de\/index.php\/product\/naegele-100-portugieser-weissherbst-rose-lieblich\/"},"modified":"2020-05-28T10:04:09","modified_gmt":"2020-05-28T10:04:09","slug":"naegele-100-portugieser-weissherbst-rose-lieblich","status":"publish","type":"product","link":"https:\/\/shop.merolution.de\/index.php\/product\/naegele-100-portugieser-weissherbst-rose-lieblich\/","title":{"rendered":"Naegele 1,00 Portugieser Wei\u00dfherbst (Ros\u00e9) lieblich"},"content":{"rendered":"<p>01\/1,00 Die Lage Hambacher Rebst\u00f6ckel liegt zwischen 130 und 260 m H\u00f6he \u00fcber NN und ist etwa 550 ha gro\u00df. Die Bodenbeschaffenheit basiert haupts\u00e4chlich auf den Komponenten Lehm und Sand in wechselnder Zusammensetzung. Die Lage ist zu 65% leicht h\u00e4ngig in Richtung Ost bis S\u00fcdost, etwa 35% sind flache Standorte. Der Name Rebst\u00f6ckel leitet sich vermutlich von einem fr\u00fcher recht gebr\u00e4uchlichen Hausnamen ab.Der Portugieser stammt, wie der Name schon vermuten l\u00e4sst, urspr\u00fcnglich aus Portugal und wurde um das Jahr 1840 \u00fcber \u00d6sterreich auch nach Deutschland gebracht und zwar zuerst nach Schwaben (Johann Philipp Bronner). Einige Jahre sp\u00e4ter gelangte er auch in die Pfalz und verdr\u00e4ngte weitestgehend die alten, vorher gepflanzten Sorten. Das Verbreitungsgebiet liegt ausschlie\u00dflich in Mitteleuropa. Positiv sind die fr\u00fche Reife, die Ertragssicherheit und die geringen Lagenanspr\u00fcche der Sorte<\/p>\n","protected":false},"excerpt":{"rendered":"<p>01\/1,00 Mehrwegflasche Herkunft:PfalzLage:Hambacher Rebst\u00f6ckelRebsorte:Portugieser Wei\u00dfherbstQualit\u00e4t:Qualit\u00e4tswein b.A.Geschmack:lieblichFlaschengr\u00f6\u00dfe:1,0 lAlkoholgehalt:12,6 % vol.S\u00e4ure:7,4 g\/lRestzucker:22,5 g\/lTrinktemperatur:10-12\u00b0CLagerf\u00e4higkeit:24-36 Monate<\/p>\n","protected":false},"featured_media":0,"comment_status":"open","ping_status":"closed","template":"","meta":[],"product_cat":[96],"product_tag":[],"yoast_head":"<!-- This site is optimized with the Yoast SEO plugin v19.14 - https:\/\/yoast.com\/wordpress\/plugins\/seo\/ -->\n<title>Naegele 1,00 Portugieser Wei\u00dfherbst (Ros\u00e9) lieblich - Getr\u00e4nke Schl\u00fcter Onlineshop<\/title>\n<meta name=\"robots\" content=\"noindex, follow, max-snippet:-1, max-image-preview:large, max-video-preview:-1\" \/>\n<meta property=\"og:locale\" content=\"de_DE\" \/>\n<meta property=\"og:type\" content=\"article\" \/>\n<meta property=\"og:title\" content=\"Naegele 1,00 Portugieser Wei\u00dfherbst (Ros\u00e9) lieblich - Getr\u00e4nke Schl\u00fcter Onlineshop\" \/>\n<meta property=\"og:description\" content=\"01\/1,00 Mehrwegflasche Herkunft:PfalzLage:Hambacher Rebst\u00f6ckelRebsorte:Portugieser Wei\u00dfherbstQualit\u00e4t:Qualit\u00e4tswein b.A.Geschmack:lieblichFlaschengr\u00f6\u00dfe:1,0 lAlkoholgehalt:12,6 % vol.S\u00e4ure:7,4 g\/lRestzucker:22,5 g\/lTrinktemperatur:10-12\u00b0CLagerf\u00e4higkeit:24-36 Monate\" \/>\n<meta property=\"og:url\" content=\"https:\/\/shop.merolution.de\/index.php\/product\/naegele-100-portugieser-weissherbst-rose-lieblich\/\" \/>\n<meta property=\"og:site_name\" content=\"Getr\u00e4nke Schl\u00fcter Onlineshop\" \/>\n<meta name=\"twitter:card\" content=\"summary_large_image\" \/>\n<meta name=\"twitter:label1\" content=\"Gesch\u00e4tzte Lesezeit\" \/>\n\t<meta name=\"twitter:data1\" content=\"1\u00a0Minute\" \/>\n<script type=\"application\/ld+json\" class=\"yoast-schema-graph\">{\"@context\":\"https:\/\/schema.org\",\"@graph\":[{\"@type\":\"WebPage\",\"@id\":\"https:\/\/shop.merolution.de\/index.php\/product\/naegele-100-portugieser-weissherbst-rose-lieblich\/\",\"url\":\"https:\/\/shop.merolution.de\/index.php\/product\/naegele-100-portugieser-weissherbst-rose-lieblich\/\",\"name\":\"Naegele 1,00 Portugieser Wei\u00dfherbst (Ros\u00e9) lieblich - Getr\u00e4nke Schl\u00fcter Onlineshop\",\"isPartOf\":{\"@id\":\"https:\/\/shop.merolution.de\/#website\"},\"datePublished\":\"2020-05-28T10:04:09+00:00\",\"dateModified\":\"2020-05-28T10:04:09+00:00\",\"breadcrumb\":{\"@id\":\"https:\/\/shop.merolution.de\/index.php\/product\/naegele-100-portugieser-weissherbst-rose-lieblich\/#breadcrumb\"},\"inLanguage\":\"de\",\"potentialAction\":[{\"@type\":\"ReadAction\",\"target\":[\"https:\/\/shop.merolution.de\/index.php\/product\/naegele-100-portugieser-weissherbst-rose-lieblich\/\"]}]},{\"@type\":\"BreadcrumbList\",\"@id\":\"https:\/\/shop.merolution.de\/index.php\/product\/naegele-100-portugieser-weissherbst-rose-lieblich\/#breadcrumb\",\"itemListElement\":[{\"@type\":\"ListItem\",\"position\":1,\"name\":\"Home\",\"item\":\"https:\/\/shop.merolution.de\/\"},{\"@type\":\"ListItem\",\"position\":2,\"name\":\"Shop\",\"item\":\"https:\/\/shop.merolution.de\/\"},{\"@type\":\"ListItem\",\"position\":3,\"name\":\"Naegele 1,00 Portugieser Wei\u00dfherbst (Ros\u00e9) lieblich\"}]},{\"@type\":\"WebSite\",\"@id\":\"https:\/\/shop.merolution.de\/#website\",\"url\":\"https:\/\/shop.merolution.de\/\",\"name\":\"Getr\u00e4nke Schl\u00fcter Onlineshop\",\"description\":\"Ihr Getr\u00e4nke-Partner in Hannover\",\"potentialAction\":[{\"@type\":\"SearchAction\",\"target\":{\"@type\":\"EntryPoint\",\"urlTemplate\":\"https:\/\/shop.merolution.de\/?s={search_term_string}\"},\"query-input\":\"required name=search_term_string\"}],\"inLanguage\":\"de\"}]}<\/script>\n<!-- \/ Yoast SEO plugin. -->","yoast_head_json":{"title":"Naegele 1,00 Portugieser Wei\u00dfherbst (Ros\u00e9) lieblich - Getr\u00e4nke Schl\u00fcter Onlineshop","robots":{"index":"noindex","follow":"follow","max-snippet":"max-snippet:-1","max-image-preview":"max-image-preview:large","max-video-preview":"max-video-preview:-1"},"og_locale":"de_DE","og_type":"article","og_title":"Naegele 1,00 Portugieser Wei\u00dfherbst (Ros\u00e9) lieblich - Getr\u00e4nke Schl\u00fcter Onlineshop","og_description":"01\/1,00 Mehrwegflasche Herkunft:PfalzLage:Hambacher Rebst\u00f6ckelRebsorte:Portugieser Wei\u00dfherbstQualit\u00e4t:Qualit\u00e4tswein b.A.Geschmack:lieblichFlaschengr\u00f6\u00dfe:1,0 lAlkoholgehalt:12,6 % vol.S\u00e4ure:7,4 g\/lRestzucker:22,5 g\/lTrinktemperatur:10-12\u00b0CLagerf\u00e4higkeit:24-36 Monate","og_url":"https:\/\/shop.merolution.de\/index.php\/product\/naegele-100-portugieser-weissherbst-rose-lieblich\/","og_site_name":"Getr\u00e4nke Schl\u00fcter Onlineshop","twitter_card":"summary_large_image","twitter_misc":{"Gesch\u00e4tzte Lesezeit":"1\u00a0Minute"},"schema":{"@context":"https:\/\/schema.org","@graph":[{"@type":"WebPage","@id":"https:\/\/shop.merolution.de\/index.php\/product\/naegele-100-portugieser-weissherbst-rose-lieblich\/","url":"https:\/\/shop.merolution.de\/index.php\/product\/naegele-100-portugieser-weissherbst-rose-lieblich\/","name":"Naegele 1,00 Portugieser Wei\u00dfherbst (Ros\u00e9) lieblich - Getr\u00e4nke Schl\u00fcter Onlineshop","isPartOf":{"@id":"https:\/\/shop.merolution.de\/#website"},"datePublished":"2020-05-28T10:04:09+00:00","dateModified":"2020-05-28T10:04:09+00:00","breadcrumb":{"@id":"https:\/\/shop.merolution.de\/index.php\/product\/naegele-100-portugieser-weissherbst-rose-lieblich\/#breadcrumb"},"inLanguage":"de","potentialAction":[{"@type":"ReadAction","target":["https:\/\/shop.merolution.de\/index.php\/product\/naegele-100-portugieser-weissherbst-rose-lieblich\/"]}]},{"@type":"BreadcrumbList","@id":"https:\/\/shop.merolution.de\/index.php\/product\/naegele-100-portugieser-weissherbst-rose-lieblich\/#breadcrumb","itemListElement":[{"@type":"ListItem","position":1,"name":"Home","item":"https:\/\/shop.merolution.de\/"},{"@type":"ListItem","position":2,"name":"Shop","item":"https:\/\/shop.merolution.de\/"},{"@type":"ListItem","position":3,"name":"Naegele 1,00 Portugieser Wei\u00dfherbst (Ros\u00e9) lieblich"}]},{"@type":"WebSite","@id":"https:\/\/shop.merolution.de\/#website","url":"https:\/\/shop.merolution.de\/","name":"Getr\u00e4nke Schl\u00fcter Onlineshop","description":"Ihr Getr\u00e4nke-Partner in Hannover","potentialAction":[{"@type":"SearchAction","target":{"@type":"EntryPoint","urlTemplate":"https:\/\/shop.merolution.de\/?s={search_term_string}"},"query-input":"required name=search_term_string"}],"inLanguage":"de"}]}},"_links":{"self":[{"href":"https:\/\/shop.merolution.de\/index.php\/wp-json\/wp\/v2\/product\/4000"}],"collection":[{"href":"https:\/\/shop.merolution.de\/index.php\/wp-json\/wp\/v2\/product"}],"about":[{"href":"https:\/\/shop.merolution.de\/index.php\/wp-json\/wp\/v2\/types\/product"}],"replies":[{"embeddable":true,"href":"https:\/\/shop.merolution.de\/index.php\/wp-json\/wp\/v2\/comments?post=4000"}],"wp:attachment":[{"href":"https:\/\/shop.merolution.de\/index.php\/wp-json\/wp\/v2\/media?parent=4000"}],"wp:term":[{"taxonomy":"product_cat","embeddable":true,"href":"https:\/\/shop.merolution.de\/index.php\/wp-json\/wp\/v2\/product_cat?post=4000"},{"taxonomy":"product_tag","embeddable":true,"href":"https:\/\/shop.merolution.de\/index.php\/wp-json\/wp\/v2\/product_tag?post=4000"}],"curies":[{"name":"wp","href":"https:\/\/api.w.org\/{rel}","templated":true}]}}