{"id":4001,"date":"2020-05-28T10:04:10","date_gmt":"2020-05-28T10:04:10","guid":{"rendered":"https:\/\/shop.merolution.de\/index.php\/product\/naegele-100-grauburgunder-trocken\/"},"modified":"2020-05-28T10:04:10","modified_gmt":"2020-05-28T10:04:10","slug":"naegele-100-grauburgunder-trocken","status":"publish","type":"product","link":"https:\/\/shop.merolution.de\/index.php\/product\/naegele-100-grauburgunder-trocken\/","title":{"rendered":"Naegele 1,00 Grauburgunder trocken"},"content":{"rendered":"<p>Die Bezeichnung \u0084Zehntkeller\u0093 weist auf die historische Bedeutung und Tradition unseres Weingutes hin. Das Weingut geh\u00f6rte bis zum Ausbruch der franz\u00f6sischen Revolution zum Besitz der F\u00fcrstbisch\u00f6ffe zu Speyer. Im sogenannten Zehntkeller wurden die Naturalabgaben der Untertanen und Leibeigenen in Form des zehnten Teils der Ernte eingelagert und verwaltet.Der Graue Burgunder stammt ebenso wie Wei\u00dfburgunder, Chardonnay und Auxerrois von der Familie der roten (!) Burgundersorten ab. Urkundlich erstmals erw\u00e4hnt im 14. Jhd. in Ungarn. Auch bekannt unter dem Namen Rul\u00e4nder (meist nur noch f\u00fcr mild ausgebaute Weine) oder unter den Synonymen Pinot gris\/grigio sowie Tokajer. Das Verbreitungsgebiet liegt nahezu ausschlie\u00dflich in Mitteleuropa. Durch die lange Reifezeit k\u00f6nnen hohe Mostgewichte erreicht werden, positiv ist auch die geringe Frostempfindlichkeit der Reben. Durch die kompakten Trauben ist der Grauburgunder allerdings leider recht anf\u00e4llig gegen Botrytis. Er belegt mit 2.523 ha etwa 2,5% der deutschen Anbaufl\u00e4che.Dieser kr\u00e4ftige Grauburgunder mit viel F\u00fclle zeichnet sich durch seine Nachhaltigkeit und seine weiche S\u00e4ure als sehr harmonischer Essensbegleiter aus. (Nudelgerichte, Gefl\u00fcgel- und Kalbfleischgerichte). Klar, saftig mit feinem Aroma nach Mandeln und Birnen.<\/p>\n","protected":false},"excerpt":{"rendered":"<p>Herkunft:PfalzBezeichnung:\u0084Zehntkeller\u0093Rebsorte:GrauburgunderQualit\u00e4t:Qualit\u00e4tswein b.A.Geschmack:trockenFlaschengr\u00f6\u00dfe:1,0 lAlkoholgehalt:12,3 % vol.S\u00e4ure:7,0 g\/lRestzucker:3,6 g\/lTrinktemperatur:9-11 \u00b0CLagerf\u00e4higkeit:12-24 Monate<\/p>\n","protected":false},"featured_media":4002,"comment_status":"open","ping_status":"closed","template":"","meta":[],"product_cat":[96],"product_tag":[],"yoast_head":"<!-- This site is optimized with the Yoast SEO plugin v19.14 - https:\/\/yoast.com\/wordpress\/plugins\/seo\/ -->\n<title>Naegele 1,00 Grauburgunder trocken - Getr\u00e4nke Schl\u00fcter Onlineshop<\/title>\n<meta name=\"robots\" content=\"noindex, follow, max-snippet:-1, max-image-preview:large, max-video-preview:-1\" \/>\n<meta property=\"og:locale\" content=\"de_DE\" \/>\n<meta property=\"og:type\" content=\"article\" \/>\n<meta property=\"og:title\" content=\"Naegele 1,00 Grauburgunder trocken - Getr\u00e4nke Schl\u00fcter Onlineshop\" \/>\n<meta property=\"og:description\" content=\"Herkunft:PfalzBezeichnung:\u0084Zehntkeller\u0093Rebsorte:GrauburgunderQualit\u00e4t:Qualit\u00e4tswein b.A.Geschmack:trockenFlaschengr\u00f6\u00dfe:1,0 lAlkoholgehalt:12,3 % vol.S\u00e4ure:7,0 g\/lRestzucker:3,6 g\/lTrinktemperatur:9-11 \u00b0CLagerf\u00e4higkeit:12-24 Monate\" \/>\n<meta property=\"og:url\" content=\"https:\/\/shop.merolution.de\/index.php\/product\/naegele-100-grauburgunder-trocken\/\" \/>\n<meta property=\"og:site_name\" content=\"Getr\u00e4nke Schl\u00fcter Onlineshop\" \/>\n<meta property=\"og:image\" content=\"https:\/\/shop.merolution.de\/wp-content\/uploads\/2020\/05\/grauburgunder-liter.jpg\" \/>\n\t<meta property=\"og:image:width\" content=\"150\" \/>\n\t<meta property=\"og:image:height\" content=\"393\" \/>\n\t<meta property=\"og:image:type\" content=\"image\/jpeg\" \/>\n<meta name=\"twitter:card\" content=\"summary_large_image\" \/>\n<meta name=\"twitter:label1\" content=\"Gesch\u00e4tzte Lesezeit\" \/>\n\t<meta name=\"twitter:data1\" content=\"1\u00a0Minute\" \/>\n<script type=\"application\/ld+json\" class=\"yoast-schema-graph\">{\"@context\":\"https:\/\/schema.org\",\"@graph\":[{\"@type\":\"WebPage\",\"@id\":\"https:\/\/shop.merolution.de\/index.php\/product\/naegele-100-grauburgunder-trocken\/\",\"url\":\"https:\/\/shop.merolution.de\/index.php\/product\/naegele-100-grauburgunder-trocken\/\",\"name\":\"Naegele 1,00 Grauburgunder trocken - Getr\u00e4nke Schl\u00fcter Onlineshop\",\"isPartOf\":{\"@id\":\"https:\/\/shop.merolution.de\/#website\"},\"datePublished\":\"2020-05-28T10:04:10+00:00\",\"dateModified\":\"2020-05-28T10:04:10+00:00\",\"breadcrumb\":{\"@id\":\"https:\/\/shop.merolution.de\/index.php\/product\/naegele-100-grauburgunder-trocken\/#breadcrumb\"},\"inLanguage\":\"de\",\"potentialAction\":[{\"@type\":\"ReadAction\",\"target\":[\"https:\/\/shop.merolution.de\/index.php\/product\/naegele-100-grauburgunder-trocken\/\"]}]},{\"@type\":\"BreadcrumbList\",\"@id\":\"https:\/\/shop.merolution.de\/index.php\/product\/naegele-100-grauburgunder-trocken\/#breadcrumb\",\"itemListElement\":[{\"@type\":\"ListItem\",\"position\":1,\"name\":\"Home\",\"item\":\"https:\/\/shop.merolution.de\/\"},{\"@type\":\"ListItem\",\"position\":2,\"name\":\"Shop\",\"item\":\"https:\/\/shop.merolution.de\/\"},{\"@type\":\"ListItem\",\"position\":3,\"name\":\"Naegele 1,00 Grauburgunder trocken\"}]},{\"@type\":\"WebSite\",\"@id\":\"https:\/\/shop.merolution.de\/#website\",\"url\":\"https:\/\/shop.merolution.de\/\",\"name\":\"Getr\u00e4nke Schl\u00fcter Onlineshop\",\"description\":\"Ihr Getr\u00e4nke-Partner in Hannover\",\"potentialAction\":[{\"@type\":\"SearchAction\",\"target\":{\"@type\":\"EntryPoint\",\"urlTemplate\":\"https:\/\/shop.merolution.de\/?s={search_term_string}\"},\"query-input\":\"required name=search_term_string\"}],\"inLanguage\":\"de\"}]}<\/script>\n<!-- \/ Yoast SEO plugin. -->","yoast_head_json":{"title":"Naegele 1,00 Grauburgunder trocken - Getr\u00e4nke Schl\u00fcter Onlineshop","robots":{"index":"noindex","follow":"follow","max-snippet":"max-snippet:-1","max-image-preview":"max-image-preview:large","max-video-preview":"max-video-preview:-1"},"og_locale":"de_DE","og_type":"article","og_title":"Naegele 1,00 Grauburgunder trocken - Getr\u00e4nke Schl\u00fcter Onlineshop","og_description":"Herkunft:PfalzBezeichnung:\u0084Zehntkeller\u0093Rebsorte:GrauburgunderQualit\u00e4t:Qualit\u00e4tswein b.A.Geschmack:trockenFlaschengr\u00f6\u00dfe:1,0 lAlkoholgehalt:12,3 % vol.S\u00e4ure:7,0 g\/lRestzucker:3,6 g\/lTrinktemperatur:9-11 \u00b0CLagerf\u00e4higkeit:12-24 Monate","og_url":"https:\/\/shop.merolution.de\/index.php\/product\/naegele-100-grauburgunder-trocken\/","og_site_name":"Getr\u00e4nke Schl\u00fcter Onlineshop","og_image":[{"width":150,"height":393,"url":"https:\/\/shop.merolution.de\/wp-content\/uploads\/2020\/05\/grauburgunder-liter.jpg","type":"image\/jpeg"}],"twitter_card":"summary_large_image","twitter_misc":{"Gesch\u00e4tzte Lesezeit":"1\u00a0Minute"},"schema":{"@context":"https:\/\/schema.org","@graph":[{"@type":"WebPage","@id":"https:\/\/shop.merolution.de\/index.php\/product\/naegele-100-grauburgunder-trocken\/","url":"https:\/\/shop.merolution.de\/index.php\/product\/naegele-100-grauburgunder-trocken\/","name":"Naegele 1,00 Grauburgunder trocken - Getr\u00e4nke Schl\u00fcter Onlineshop","isPartOf":{"@id":"https:\/\/shop.merolution.de\/#website"},"datePublished":"2020-05-28T10:04:10+00:00","dateModified":"2020-05-28T10:04:10+00:00","breadcrumb":{"@id":"https:\/\/shop.merolution.de\/index.php\/product\/naegele-100-grauburgunder-trocken\/#breadcrumb"},"inLanguage":"de","potentialAction":[{"@type":"ReadAction","target":["https:\/\/shop.merolution.de\/index.php\/product\/naegele-100-grauburgunder-trocken\/"]}]},{"@type":"BreadcrumbList","@id":"https:\/\/shop.merolution.de\/index.php\/product\/naegele-100-grauburgunder-trocken\/#breadcrumb","itemListElement":[{"@type":"ListItem","position":1,"name":"Home","item":"https:\/\/shop.merolution.de\/"},{"@type":"ListItem","position":2,"name":"Shop","item":"https:\/\/shop.merolution.de\/"},{"@type":"ListItem","position":3,"name":"Naegele 1,00 Grauburgunder trocken"}]},{"@type":"WebSite","@id":"https:\/\/shop.merolution.de\/#website","url":"https:\/\/shop.merolution.de\/","name":"Getr\u00e4nke Schl\u00fcter Onlineshop","description":"Ihr Getr\u00e4nke-Partner in Hannover","potentialAction":[{"@type":"SearchAction","target":{"@type":"EntryPoint","urlTemplate":"https:\/\/shop.merolution.de\/?s={search_term_string}"},"query-input":"required name=search_term_string"}],"inLanguage":"de"}]}},"_links":{"self":[{"href":"https:\/\/shop.merolution.de\/index.php\/wp-json\/wp\/v2\/product\/4001"}],"collection":[{"href":"https:\/\/shop.merolution.de\/index.php\/wp-json\/wp\/v2\/product"}],"about":[{"href":"https:\/\/shop.merolution.de\/index.php\/wp-json\/wp\/v2\/types\/product"}],"replies":[{"embeddable":true,"href":"https:\/\/shop.merolution.de\/index.php\/wp-json\/wp\/v2\/comments?post=4001"}],"wp:featuredmedia":[{"embeddable":true,"href":"https:\/\/shop.merolution.de\/index.php\/wp-json\/wp\/v2\/media\/4002"}],"wp:attachment":[{"href":"https:\/\/shop.merolution.de\/index.php\/wp-json\/wp\/v2\/media?parent=4001"}],"wp:term":[{"taxonomy":"product_cat","embeddable":true,"href":"https:\/\/shop.merolution.de\/index.php\/wp-json\/wp\/v2\/product_cat?post=4001"},{"taxonomy":"product_tag","embeddable":true,"href":"https:\/\/shop.merolution.de\/index.php\/wp-json\/wp\/v2\/product_tag?post=4001"}],"curies":[{"name":"wp","href":"https:\/\/api.w.org\/{rel}","templated":true}]}}