{"id":4003,"date":"2020-05-28T10:04:10","date_gmt":"2020-05-28T10:04:10","guid":{"rendered":"https:\/\/shop.merolution.de\/index.php\/product\/bitte-schicken-sie-mir-weitere-informationen-und-preise-zum-weingut\/"},"modified":"2020-05-28T10:04:10","modified_gmt":"2020-05-28T10:04:10","slug":"bitte-schicken-sie-mir-weitere-informationen-und-preise-zum-weingut","status":"publish","type":"product","link":"https:\/\/shop.merolution.de\/index.php\/product\/bitte-schicken-sie-mir-weitere-informationen-und-preise-zum-weingut\/","title":{"rendered":"Bitte schicken Sie mir: Weitere Informationen und Preise zum Weingut"},"content":{"rendered":"<p>Im Jahre 1796 kam der am 20. Juli 1777 in Viernheim geborene Georg Adler auf seinen Lehr- und Wanderjahren nach Hambach. Er hatte die Berufe des Bierbrauers und K\u00fcfers gelernt. In Hambach wollte er im Weingut Leberle die in seiner Lehre erworbenen Kenntnisse erweitern. Mitten in den Wirren der Franz\u00f6sischen Revolution, deren Auswirkungen bereits das linke Rheinufer der damaligen Kurpfalz erreicht hatten, wurde er sesshaft. Es folgten einige Generationen der Adler, bis am 03. Mai 1904 die junge Hermine Adler den studierten Brauer und Landwirt Georg Heinrich Valentin Wilhelm Naegele heiratete. In den 20er und 30er Jahren zielte sein Hauptengagement auf die Vergr\u00f6\u00dferung und Modernisierung des Weingutes. Im Jahre 1965 trat Volker Bonnet in die Gesch\u00e4ftsleitung des Weingutes Georg Naegele ein und heiratete noch im gleichen Jahr Gerda Naegele. Seit 1992 leitet nun Eva Susanne Bonnet mit ihrem Mann Ralf die Geschicke des Weinguts. Beide sind studierte Oenologen und k\u00f6nnen auf internationale Erfahrungen zur\u00fcckgreifen, um in ihrem Pf\u00e4lzer Weingut eine kontinuierlich hohe Qualit\u00e4t zu erzeugen. Im Weingut Naegele wird eine schonende Bodenbearbeitung gro\u00df geschrieben: ca. 2\/3 der Rebfl\u00e4che sind dauerbegr\u00fcnt, Einsatz von organischem D\u00fcnger, Ertragsbegrenzung auf ca. 70 hl\/ha und anderes mehr. Oberstes Ziel des Kellermeisters ist es, durch einen individuellen Ausbau charaktervolle, sortentypische und harmonische Weine zu erzeugen. Grundvoraussetzungen sind hierf\u00fcr eine schonende Pressung der Trauben, eine gez\u00fcgelte G\u00e4rung und eine st\u00e4ndige Kontrolle der Reifeentwicklung.<\/p>\n","protected":false},"excerpt":{"rendered":"<p>Im Jahre 1796 kam der am 20. Juli 1777 in Viernheim geborene Georg Adler auf seinen Lehr- und Wanderjahren nach Hambach. Er hatte die Berufe des Bierbrauers und K\u00fcfers gelernt. In Hambach wollte er im Weingut Leberle die in seiner Lehre erworbenen Kenntnisse erweitern. Mitten in den Wirren der Franz\u00f6sischen Revolution, deren Auswirkungen bereits das [&hellip;]<\/p>\n","protected":false},"featured_media":4004,"comment_status":"open","ping_status":"closed","template":"","meta":[],"product_cat":[96],"product_tag":[],"yoast_head":"<!-- This site is optimized with the Yoast SEO plugin v19.14 - https:\/\/yoast.com\/wordpress\/plugins\/seo\/ -->\n<title>Bitte schicken Sie mir: Weitere Informationen und Preise zum Weingut - Getr\u00e4nke Schl\u00fcter Onlineshop<\/title>\n<meta name=\"robots\" content=\"noindex, follow, max-snippet:-1, max-image-preview:large, max-video-preview:-1\" \/>\n<meta property=\"og:locale\" content=\"de_DE\" \/>\n<meta property=\"og:type\" content=\"article\" \/>\n<meta property=\"og:title\" content=\"Bitte schicken Sie mir: Weitere Informationen und Preise zum Weingut - Getr\u00e4nke Schl\u00fcter Onlineshop\" \/>\n<meta property=\"og:description\" content=\"Im Jahre 1796 kam der am 20. Juli 1777 in Viernheim geborene Georg Adler auf seinen Lehr- und Wanderjahren nach Hambach. Er hatte die Berufe des Bierbrauers und K\u00fcfers gelernt. In Hambach wollte er im Weingut Leberle die in seiner Lehre erworbenen Kenntnisse erweitern. Mitten in den Wirren der Franz\u00f6sischen Revolution, deren Auswirkungen bereits das [&hellip;]\" \/>\n<meta property=\"og:url\" content=\"https:\/\/shop.merolution.de\/index.php\/product\/bitte-schicken-sie-mir-weitere-informationen-und-preise-zum-weingut\/\" \/>\n<meta property=\"og:site_name\" content=\"Getr\u00e4nke Schl\u00fcter Onlineshop\" \/>\n<meta property=\"og:image\" content=\"https:\/\/shop.merolution.de\/wp-content\/uploads\/2020\/05\/3240aPic1S1142456482_zz_Naegele-Logo-2.jpg\" \/>\n\t<meta property=\"og:image:width\" content=\"250\" \/>\n\t<meta property=\"og:image:height\" content=\"124\" \/>\n\t<meta property=\"og:image:type\" content=\"image\/jpeg\" \/>\n<meta name=\"twitter:card\" content=\"summary_large_image\" \/>\n<meta name=\"twitter:label1\" content=\"Gesch\u00e4tzte Lesezeit\" \/>\n\t<meta name=\"twitter:data1\" content=\"1\u00a0Minute\" \/>\n<script type=\"application\/ld+json\" class=\"yoast-schema-graph\">{\"@context\":\"https:\/\/schema.org\",\"@graph\":[{\"@type\":\"WebPage\",\"@id\":\"https:\/\/shop.merolution.de\/index.php\/product\/bitte-schicken-sie-mir-weitere-informationen-und-preise-zum-weingut\/\",\"url\":\"https:\/\/shop.merolution.de\/index.php\/product\/bitte-schicken-sie-mir-weitere-informationen-und-preise-zum-weingut\/\",\"name\":\"Bitte schicken Sie mir: Weitere Informationen und Preise zum Weingut - Getr\u00e4nke Schl\u00fcter Onlineshop\",\"isPartOf\":{\"@id\":\"https:\/\/shop.merolution.de\/#website\"},\"datePublished\":\"2020-05-28T10:04:10+00:00\",\"dateModified\":\"2020-05-28T10:04:10+00:00\",\"breadcrumb\":{\"@id\":\"https:\/\/shop.merolution.de\/index.php\/product\/bitte-schicken-sie-mir-weitere-informationen-und-preise-zum-weingut\/#breadcrumb\"},\"inLanguage\":\"de\",\"potentialAction\":[{\"@type\":\"ReadAction\",\"target\":[\"https:\/\/shop.merolution.de\/index.php\/product\/bitte-schicken-sie-mir-weitere-informationen-und-preise-zum-weingut\/\"]}]},{\"@type\":\"BreadcrumbList\",\"@id\":\"https:\/\/shop.merolution.de\/index.php\/product\/bitte-schicken-sie-mir-weitere-informationen-und-preise-zum-weingut\/#breadcrumb\",\"itemListElement\":[{\"@type\":\"ListItem\",\"position\":1,\"name\":\"Home\",\"item\":\"https:\/\/shop.merolution.de\/\"},{\"@type\":\"ListItem\",\"position\":2,\"name\":\"Shop\",\"item\":\"https:\/\/shop.merolution.de\/\"},{\"@type\":\"ListItem\",\"position\":3,\"name\":\"Bitte schicken Sie mir: Weitere Informationen und Preise zum Weingut\"}]},{\"@type\":\"WebSite\",\"@id\":\"https:\/\/shop.merolution.de\/#website\",\"url\":\"https:\/\/shop.merolution.de\/\",\"name\":\"Getr\u00e4nke Schl\u00fcter Onlineshop\",\"description\":\"Ihr Getr\u00e4nke-Partner in Hannover\",\"potentialAction\":[{\"@type\":\"SearchAction\",\"target\":{\"@type\":\"EntryPoint\",\"urlTemplate\":\"https:\/\/shop.merolution.de\/?s={search_term_string}\"},\"query-input\":\"required name=search_term_string\"}],\"inLanguage\":\"de\"}]}<\/script>\n<!-- \/ Yoast SEO plugin. -->","yoast_head_json":{"title":"Bitte schicken Sie mir: Weitere Informationen und Preise zum Weingut - Getr\u00e4nke Schl\u00fcter Onlineshop","robots":{"index":"noindex","follow":"follow","max-snippet":"max-snippet:-1","max-image-preview":"max-image-preview:large","max-video-preview":"max-video-preview:-1"},"og_locale":"de_DE","og_type":"article","og_title":"Bitte schicken Sie mir: Weitere Informationen und Preise zum Weingut - Getr\u00e4nke Schl\u00fcter Onlineshop","og_description":"Im Jahre 1796 kam der am 20. Juli 1777 in Viernheim geborene Georg Adler auf seinen Lehr- und Wanderjahren nach Hambach. Er hatte die Berufe des Bierbrauers und K\u00fcfers gelernt. In Hambach wollte er im Weingut Leberle die in seiner Lehre erworbenen Kenntnisse erweitern. Mitten in den Wirren der Franz\u00f6sischen Revolution, deren Auswirkungen bereits das [&hellip;]","og_url":"https:\/\/shop.merolution.de\/index.php\/product\/bitte-schicken-sie-mir-weitere-informationen-und-preise-zum-weingut\/","og_site_name":"Getr\u00e4nke Schl\u00fcter Onlineshop","og_image":[{"width":250,"height":124,"url":"https:\/\/shop.merolution.de\/wp-content\/uploads\/2020\/05\/3240aPic1S1142456482_zz_Naegele-Logo-2.jpg","type":"image\/jpeg"}],"twitter_card":"summary_large_image","twitter_misc":{"Gesch\u00e4tzte Lesezeit":"1\u00a0Minute"},"schema":{"@context":"https:\/\/schema.org","@graph":[{"@type":"WebPage","@id":"https:\/\/shop.merolution.de\/index.php\/product\/bitte-schicken-sie-mir-weitere-informationen-und-preise-zum-weingut\/","url":"https:\/\/shop.merolution.de\/index.php\/product\/bitte-schicken-sie-mir-weitere-informationen-und-preise-zum-weingut\/","name":"Bitte schicken Sie mir: Weitere Informationen und Preise zum Weingut - Getr\u00e4nke Schl\u00fcter Onlineshop","isPartOf":{"@id":"https:\/\/shop.merolution.de\/#website"},"datePublished":"2020-05-28T10:04:10+00:00","dateModified":"2020-05-28T10:04:10+00:00","breadcrumb":{"@id":"https:\/\/shop.merolution.de\/index.php\/product\/bitte-schicken-sie-mir-weitere-informationen-und-preise-zum-weingut\/#breadcrumb"},"inLanguage":"de","potentialAction":[{"@type":"ReadAction","target":["https:\/\/shop.merolution.de\/index.php\/product\/bitte-schicken-sie-mir-weitere-informationen-und-preise-zum-weingut\/"]}]},{"@type":"BreadcrumbList","@id":"https:\/\/shop.merolution.de\/index.php\/product\/bitte-schicken-sie-mir-weitere-informationen-und-preise-zum-weingut\/#breadcrumb","itemListElement":[{"@type":"ListItem","position":1,"name":"Home","item":"https:\/\/shop.merolution.de\/"},{"@type":"ListItem","position":2,"name":"Shop","item":"https:\/\/shop.merolution.de\/"},{"@type":"ListItem","position":3,"name":"Bitte schicken Sie mir: Weitere Informationen und Preise zum Weingut"}]},{"@type":"WebSite","@id":"https:\/\/shop.merolution.de\/#website","url":"https:\/\/shop.merolution.de\/","name":"Getr\u00e4nke Schl\u00fcter Onlineshop","description":"Ihr Getr\u00e4nke-Partner in Hannover","potentialAction":[{"@type":"SearchAction","target":{"@type":"EntryPoint","urlTemplate":"https:\/\/shop.merolution.de\/?s={search_term_string}"},"query-input":"required name=search_term_string"}],"inLanguage":"de"}]}},"_links":{"self":[{"href":"https:\/\/shop.merolution.de\/index.php\/wp-json\/wp\/v2\/product\/4003"}],"collection":[{"href":"https:\/\/shop.merolution.de\/index.php\/wp-json\/wp\/v2\/product"}],"about":[{"href":"https:\/\/shop.merolution.de\/index.php\/wp-json\/wp\/v2\/types\/product"}],"replies":[{"embeddable":true,"href":"https:\/\/shop.merolution.de\/index.php\/wp-json\/wp\/v2\/comments?post=4003"}],"wp:featuredmedia":[{"embeddable":true,"href":"https:\/\/shop.merolution.de\/index.php\/wp-json\/wp\/v2\/media\/4004"}],"wp:attachment":[{"href":"https:\/\/shop.merolution.de\/index.php\/wp-json\/wp\/v2\/media?parent=4003"}],"wp:term":[{"taxonomy":"product_cat","embeddable":true,"href":"https:\/\/shop.merolution.de\/index.php\/wp-json\/wp\/v2\/product_cat?post=4003"},{"taxonomy":"product_tag","embeddable":true,"href":"https:\/\/shop.merolution.de\/index.php\/wp-json\/wp\/v2\/product_tag?post=4003"}],"curies":[{"name":"wp","href":"https:\/\/api.w.org\/{rel}","templated":true}]}}