{"id":4005,"date":"2020-05-28T10:04:10","date_gmt":"2020-05-28T10:04:10","guid":{"rendered":"https:\/\/shop.merolution.de\/index.php\/product\/naegele-075-dornfelder-trocken\/"},"modified":"2020-05-28T10:04:10","modified_gmt":"2020-05-28T10:04:10","slug":"naegele-075-dornfelder-trocken","status":"publish","type":"product","link":"https:\/\/shop.merolution.de\/index.php\/product\/naegele-075-dornfelder-trocken\/","title":{"rendered":"Naegele 0,75 Dornfelder trocken"},"content":{"rendered":"<p>01\/0,75Dass die Pfalz heute mit fast 10.000 Hektar fl\u00e4chenm\u00e4ssig der gr\u00f6sste Rotweinerzeuger Deutschlands ist, verdankt sie in erster Linie der Dornfelder-Traube und der Tatsache, dass sich hier bereits in den 1980er Jahren die Winzer auch mit dem Barriqueausbau zu experimentieren begannen, als die \u00fcberwiegende Mehrzahl diesen franz\u00f6sischen Ausbaustil noch kategorisch ablehnten. Diese lange Erfahrung macht sich heute bezahlt in Gestalt von Weinen, die auch den internationalen Vergleich nicht zu scheuen brauchen Der Wein wurde 10.10.2006 am Fu\u00df des Hambacher Schlosses geerntet, f\u00fcr 10 Tage auf der Maische vergoren, zu 100% im Edelstahlfass ausgebaut und anschlie\u00dfend f\u00fcr 3 Monate im alten Eichenfass reifen gela\u00dftDie Einzellage Hambacher Schlo\u00dfberg liegt zwischen 140 und 240 m H\u00f6he \u00fcber NN und ist mit etwa 127 ha die gr\u00f6\u00dfte Weinbergslage der Gemeinde Hambach. Die Bodenbeschaffenheit wechselt von lehmigem Sand zu sandigem Lehm. Die gesamte Lage ist leicht h\u00e4ngig in Richtung Ost bis S\u00fcdost.Der Wein pr\u00e4sentiert sich mit feiner Frucht von dunklen Beeren (Brombeere und Holunder) und feinen Ankl\u00e4ngen von Schwarzkirschen. Saftig, fruchtig, kraftvoll mit mittlerer L\u00e4nge, ein unkomplizierter Rotwein f\u00fcr viele Gelegenheiten:Essensempfehlung: \u0095 zu gegrilltem Fleisch wie Steaks und Lamm\u0095 zum eingelegtem Schafsk\u00e4se, \u0095 zu Mexican Food (Burritos, Wraps, Enchiladas, Chilli con carne)\u0095 zur rustikalen Brotzeit, zur Leberpat\u00e9<\/p>\n","protected":false},"excerpt":{"rendered":"<p>01\/0,75Herkunft:PfalzLage:Hambacher Schlo\u00dfbergRebsorte:DornfelderQualit\u00e4t:QbA RotweinGeschmack:trockenFlaschengr\u00f6\u00dfe:0,75 lAnalysedaten:Alkoholgehalt:12,6 % vol.S\u00e4ure:5,1 g\/lRestzucker:5,6 g\/lTrinktemperatur:12-16 \u00b0CLagerf\u00e4higkeit:3-5 Jahre<\/p>\n","protected":false},"featured_media":4006,"comment_status":"open","ping_status":"closed","template":"","meta":[],"product_cat":[96],"product_tag":[],"yoast_head":"<!-- This site is optimized with the Yoast SEO plugin v19.14 - https:\/\/yoast.com\/wordpress\/plugins\/seo\/ -->\n<title>Naegele 0,75 Dornfelder trocken - Getr\u00e4nke Schl\u00fcter Onlineshop<\/title>\n<meta name=\"robots\" content=\"noindex, follow, max-snippet:-1, max-image-preview:large, max-video-preview:-1\" \/>\n<meta property=\"og:locale\" content=\"de_DE\" \/>\n<meta property=\"og:type\" content=\"article\" \/>\n<meta property=\"og:title\" content=\"Naegele 0,75 Dornfelder trocken - Getr\u00e4nke Schl\u00fcter Onlineshop\" \/>\n<meta property=\"og:description\" content=\"01\/0,75Herkunft:PfalzLage:Hambacher Schlo\u00dfbergRebsorte:DornfelderQualit\u00e4t:QbA RotweinGeschmack:trockenFlaschengr\u00f6\u00dfe:0,75 lAnalysedaten:Alkoholgehalt:12,6 % vol.S\u00e4ure:5,1 g\/lRestzucker:5,6 g\/lTrinktemperatur:12-16 \u00b0CLagerf\u00e4higkeit:3-5 Jahre\" \/>\n<meta property=\"og:url\" content=\"https:\/\/shop.merolution.de\/index.php\/product\/naegele-075-dornfelder-trocken\/\" \/>\n<meta property=\"og:site_name\" content=\"Getr\u00e4nke Schl\u00fcter Onlineshop\" \/>\n<meta property=\"og:image\" content=\"https:\/\/shop.merolution.de\/wp-content\/uploads\/2020\/05\/naegele-logo-2-gross-klein-aid-3242s.jpg\" \/>\n\t<meta property=\"og:image:width\" content=\"150\" \/>\n\t<meta property=\"og:image:height\" content=\"74\" \/>\n\t<meta property=\"og:image:type\" content=\"image\/jpeg\" \/>\n<meta name=\"twitter:card\" content=\"summary_large_image\" \/>\n<meta name=\"twitter:label1\" content=\"Gesch\u00e4tzte Lesezeit\" \/>\n\t<meta name=\"twitter:data1\" content=\"1\u00a0Minute\" \/>\n<script type=\"application\/ld+json\" class=\"yoast-schema-graph\">{\"@context\":\"https:\/\/schema.org\",\"@graph\":[{\"@type\":\"WebPage\",\"@id\":\"https:\/\/shop.merolution.de\/index.php\/product\/naegele-075-dornfelder-trocken\/\",\"url\":\"https:\/\/shop.merolution.de\/index.php\/product\/naegele-075-dornfelder-trocken\/\",\"name\":\"Naegele 0,75 Dornfelder trocken - Getr\u00e4nke Schl\u00fcter Onlineshop\",\"isPartOf\":{\"@id\":\"https:\/\/shop.merolution.de\/#website\"},\"datePublished\":\"2020-05-28T10:04:10+00:00\",\"dateModified\":\"2020-05-28T10:04:10+00:00\",\"breadcrumb\":{\"@id\":\"https:\/\/shop.merolution.de\/index.php\/product\/naegele-075-dornfelder-trocken\/#breadcrumb\"},\"inLanguage\":\"de\",\"potentialAction\":[{\"@type\":\"ReadAction\",\"target\":[\"https:\/\/shop.merolution.de\/index.php\/product\/naegele-075-dornfelder-trocken\/\"]}]},{\"@type\":\"BreadcrumbList\",\"@id\":\"https:\/\/shop.merolution.de\/index.php\/product\/naegele-075-dornfelder-trocken\/#breadcrumb\",\"itemListElement\":[{\"@type\":\"ListItem\",\"position\":1,\"name\":\"Home\",\"item\":\"https:\/\/shop.merolution.de\/\"},{\"@type\":\"ListItem\",\"position\":2,\"name\":\"Shop\",\"item\":\"https:\/\/shop.merolution.de\/\"},{\"@type\":\"ListItem\",\"position\":3,\"name\":\"Naegele 0,75 Dornfelder trocken\"}]},{\"@type\":\"WebSite\",\"@id\":\"https:\/\/shop.merolution.de\/#website\",\"url\":\"https:\/\/shop.merolution.de\/\",\"name\":\"Getr\u00e4nke Schl\u00fcter Onlineshop\",\"description\":\"Ihr Getr\u00e4nke-Partner in Hannover\",\"potentialAction\":[{\"@type\":\"SearchAction\",\"target\":{\"@type\":\"EntryPoint\",\"urlTemplate\":\"https:\/\/shop.merolution.de\/?s={search_term_string}\"},\"query-input\":\"required name=search_term_string\"}],\"inLanguage\":\"de\"}]}<\/script>\n<!-- \/ Yoast SEO plugin. -->","yoast_head_json":{"title":"Naegele 0,75 Dornfelder trocken - Getr\u00e4nke Schl\u00fcter Onlineshop","robots":{"index":"noindex","follow":"follow","max-snippet":"max-snippet:-1","max-image-preview":"max-image-preview:large","max-video-preview":"max-video-preview:-1"},"og_locale":"de_DE","og_type":"article","og_title":"Naegele 0,75 Dornfelder trocken - Getr\u00e4nke Schl\u00fcter Onlineshop","og_description":"01\/0,75Herkunft:PfalzLage:Hambacher Schlo\u00dfbergRebsorte:DornfelderQualit\u00e4t:QbA RotweinGeschmack:trockenFlaschengr\u00f6\u00dfe:0,75 lAnalysedaten:Alkoholgehalt:12,6 % vol.S\u00e4ure:5,1 g\/lRestzucker:5,6 g\/lTrinktemperatur:12-16 \u00b0CLagerf\u00e4higkeit:3-5 Jahre","og_url":"https:\/\/shop.merolution.de\/index.php\/product\/naegele-075-dornfelder-trocken\/","og_site_name":"Getr\u00e4nke Schl\u00fcter Onlineshop","og_image":[{"width":150,"height":74,"url":"https:\/\/shop.merolution.de\/wp-content\/uploads\/2020\/05\/naegele-logo-2-gross-klein-aid-3242s.jpg","type":"image\/jpeg"}],"twitter_card":"summary_large_image","twitter_misc":{"Gesch\u00e4tzte Lesezeit":"1\u00a0Minute"},"schema":{"@context":"https:\/\/schema.org","@graph":[{"@type":"WebPage","@id":"https:\/\/shop.merolution.de\/index.php\/product\/naegele-075-dornfelder-trocken\/","url":"https:\/\/shop.merolution.de\/index.php\/product\/naegele-075-dornfelder-trocken\/","name":"Naegele 0,75 Dornfelder trocken - Getr\u00e4nke Schl\u00fcter Onlineshop","isPartOf":{"@id":"https:\/\/shop.merolution.de\/#website"},"datePublished":"2020-05-28T10:04:10+00:00","dateModified":"2020-05-28T10:04:10+00:00","breadcrumb":{"@id":"https:\/\/shop.merolution.de\/index.php\/product\/naegele-075-dornfelder-trocken\/#breadcrumb"},"inLanguage":"de","potentialAction":[{"@type":"ReadAction","target":["https:\/\/shop.merolution.de\/index.php\/product\/naegele-075-dornfelder-trocken\/"]}]},{"@type":"BreadcrumbList","@id":"https:\/\/shop.merolution.de\/index.php\/product\/naegele-075-dornfelder-trocken\/#breadcrumb","itemListElement":[{"@type":"ListItem","position":1,"name":"Home","item":"https:\/\/shop.merolution.de\/"},{"@type":"ListItem","position":2,"name":"Shop","item":"https:\/\/shop.merolution.de\/"},{"@type":"ListItem","position":3,"name":"Naegele 0,75 Dornfelder trocken"}]},{"@type":"WebSite","@id":"https:\/\/shop.merolution.de\/#website","url":"https:\/\/shop.merolution.de\/","name":"Getr\u00e4nke Schl\u00fcter Onlineshop","description":"Ihr Getr\u00e4nke-Partner in Hannover","potentialAction":[{"@type":"SearchAction","target":{"@type":"EntryPoint","urlTemplate":"https:\/\/shop.merolution.de\/?s={search_term_string}"},"query-input":"required name=search_term_string"}],"inLanguage":"de"}]}},"_links":{"self":[{"href":"https:\/\/shop.merolution.de\/index.php\/wp-json\/wp\/v2\/product\/4005"}],"collection":[{"href":"https:\/\/shop.merolution.de\/index.php\/wp-json\/wp\/v2\/product"}],"about":[{"href":"https:\/\/shop.merolution.de\/index.php\/wp-json\/wp\/v2\/types\/product"}],"replies":[{"embeddable":true,"href":"https:\/\/shop.merolution.de\/index.php\/wp-json\/wp\/v2\/comments?post=4005"}],"wp:featuredmedia":[{"embeddable":true,"href":"https:\/\/shop.merolution.de\/index.php\/wp-json\/wp\/v2\/media\/4006"}],"wp:attachment":[{"href":"https:\/\/shop.merolution.de\/index.php\/wp-json\/wp\/v2\/media?parent=4005"}],"wp:term":[{"taxonomy":"product_cat","embeddable":true,"href":"https:\/\/shop.merolution.de\/index.php\/wp-json\/wp\/v2\/product_cat?post=4005"},{"taxonomy":"product_tag","embeddable":true,"href":"https:\/\/shop.merolution.de\/index.php\/wp-json\/wp\/v2\/product_tag?post=4005"}],"curies":[{"name":"wp","href":"https:\/\/api.w.org\/{rel}","templated":true}]}}