{"id":4007,"date":"2020-05-28T10:04:10","date_gmt":"2020-05-28T10:04:10","guid":{"rendered":"https:\/\/shop.merolution.de\/index.php\/product\/naegele-075-grauburgunder-trocken\/"},"modified":"2020-05-28T10:04:10","modified_gmt":"2020-05-28T10:04:10","slug":"naegele-075-grauburgunder-trocken","status":"publish","type":"product","link":"https:\/\/shop.merolution.de\/index.php\/product\/naegele-075-grauburgunder-trocken\/","title":{"rendered":"Naegele 0,75 Grauburgunder trocken"},"content":{"rendered":"<p>01\/0,75Der \u0084Hambacher Pfaffengrund\u0093 umfasst ein Gebiet von etwa 815 ha und ist damit eine sehr gro\u00dfe Weinbergslage. Die Bodenart wechselt von Lehm zu Sand in verschiedenen Anteilen, aber generell mit guter Wasserversorgung, was als Standort f\u00fcr Burgunderreben wichtig ist. Der Name \u0084Pfaffengrund\u0093 weist noch heute darauf hin, dass fr\u00fcher der gr\u00f6\u00dfte Teil im Besitz des Pfarramtes St. Remigius zu Diedesfeld war. Mit \u0084Grund\u0093 werden tiefer gelegene Gel\u00e4ndeteile bezeichnet.Der Graue Burgunder stammt ebenso wie Wei\u00dfburgunder, Chardonnay und Auxerrois von der Familie der roten (!) Burgundersorten ab. Urkundlich erstmals erw\u00e4hnt im 14. Jhd. in Ungarn. Auch bekannt unter dem Namen Rul\u00e4nder (meist nur noch f\u00fcr mild ausgebaute Weine) oder unter den Synonymen Pinot gris\/grigio sowie Tokajer. Das Verbreitungsgebiet liegt nahezu ausschlie\u00dflich in Mitteleuropa. Durch die lange Reifezeit k\u00f6nnen hohe Mostgewichte erreicht werden, positiv ist auch die geringe Frostempfindlichkeit der Reben. Durch die kompakten Trauben ist der Grauburgunder allerdings leider recht anf\u00e4llig gegen Botrytis. Er belegt mit 2.523 ha etwa 2,5% der deutschen Anbaufl\u00e4che.Hervorragender Begleiter zu Pastagerichten mit Sahneso\u00dfe, zu allen Spargelgerichten, zu Pf\u00e4lzer Saumagen mit Sauerkraut, zu kr\u00e4ftigen Fischgerichten wie z.B. Kabeljau, Rotbarsch oder Schalentieren oder einfach, wenn Sie Lust auf ein gutes Glas Wein haben. Ausgezeichnet mit der GOLDENEN KAMMERPREISM\u00dcNZE des Landes Rheinland-Pfalz<\/p>\n","protected":false},"excerpt":{"rendered":"<p>01\/0,75Herkunft:PfalzBezeichnung:Hambacher PfaffengrundRebsorte:GrauburgunderQualit\u00e4t:QbAGeschmack:trockenFlaschengr\u00f6\u00dfe:0,75 lAlkoholgehalt:13,2 % vol.S\u00e4ure:6,8 g\/lRestzucker:4,1 g\/lTrinktemperatur:9-11 \u00b0CLagerf\u00e4higkeit:2-5 Jahre<\/p>\n","protected":false},"featured_media":4008,"comment_status":"open","ping_status":"closed","template":"","meta":[],"product_cat":[96],"product_tag":[],"yoast_head":"<!-- This site is optimized with the Yoast SEO plugin v19.14 - https:\/\/yoast.com\/wordpress\/plugins\/seo\/ -->\n<title>Naegele 0,75 Grauburgunder trocken - Getr\u00e4nke Schl\u00fcter Onlineshop<\/title>\n<meta name=\"robots\" content=\"noindex, follow, max-snippet:-1, max-image-preview:large, max-video-preview:-1\" \/>\n<meta property=\"og:locale\" content=\"de_DE\" \/>\n<meta property=\"og:type\" content=\"article\" \/>\n<meta property=\"og:title\" content=\"Naegele 0,75 Grauburgunder trocken - Getr\u00e4nke Schl\u00fcter Onlineshop\" \/>\n<meta property=\"og:description\" content=\"01\/0,75Herkunft:PfalzBezeichnung:Hambacher PfaffengrundRebsorte:GrauburgunderQualit\u00e4t:QbAGeschmack:trockenFlaschengr\u00f6\u00dfe:0,75 lAlkoholgehalt:13,2 % vol.S\u00e4ure:6,8 g\/lRestzucker:4,1 g\/lTrinktemperatur:9-11 \u00b0CLagerf\u00e4higkeit:2-5 Jahre\" \/>\n<meta property=\"og:url\" content=\"https:\/\/shop.merolution.de\/index.php\/product\/naegele-075-grauburgunder-trocken\/\" \/>\n<meta property=\"og:site_name\" content=\"Getr\u00e4nke Schl\u00fcter Onlineshop\" \/>\n<meta property=\"og:image\" content=\"https:\/\/shop.merolution.de\/wp-content\/uploads\/2020\/05\/grauburgunder-oba-trocken-2010-750ml.jpg\" \/>\n\t<meta property=\"og:image:width\" content=\"150\" \/>\n\t<meta property=\"og:image:height\" content=\"447\" \/>\n\t<meta property=\"og:image:type\" content=\"image\/jpeg\" \/>\n<meta name=\"twitter:card\" content=\"summary_large_image\" \/>\n<meta name=\"twitter:label1\" content=\"Gesch\u00e4tzte Lesezeit\" \/>\n\t<meta name=\"twitter:data1\" content=\"1\u00a0Minute\" \/>\n<script type=\"application\/ld+json\" class=\"yoast-schema-graph\">{\"@context\":\"https:\/\/schema.org\",\"@graph\":[{\"@type\":\"WebPage\",\"@id\":\"https:\/\/shop.merolution.de\/index.php\/product\/naegele-075-grauburgunder-trocken\/\",\"url\":\"https:\/\/shop.merolution.de\/index.php\/product\/naegele-075-grauburgunder-trocken\/\",\"name\":\"Naegele 0,75 Grauburgunder trocken - Getr\u00e4nke Schl\u00fcter Onlineshop\",\"isPartOf\":{\"@id\":\"https:\/\/shop.merolution.de\/#website\"},\"datePublished\":\"2020-05-28T10:04:10+00:00\",\"dateModified\":\"2020-05-28T10:04:10+00:00\",\"breadcrumb\":{\"@id\":\"https:\/\/shop.merolution.de\/index.php\/product\/naegele-075-grauburgunder-trocken\/#breadcrumb\"},\"inLanguage\":\"de\",\"potentialAction\":[{\"@type\":\"ReadAction\",\"target\":[\"https:\/\/shop.merolution.de\/index.php\/product\/naegele-075-grauburgunder-trocken\/\"]}]},{\"@type\":\"BreadcrumbList\",\"@id\":\"https:\/\/shop.merolution.de\/index.php\/product\/naegele-075-grauburgunder-trocken\/#breadcrumb\",\"itemListElement\":[{\"@type\":\"ListItem\",\"position\":1,\"name\":\"Home\",\"item\":\"https:\/\/shop.merolution.de\/\"},{\"@type\":\"ListItem\",\"position\":2,\"name\":\"Shop\",\"item\":\"https:\/\/shop.merolution.de\/\"},{\"@type\":\"ListItem\",\"position\":3,\"name\":\"Naegele 0,75 Grauburgunder trocken\"}]},{\"@type\":\"WebSite\",\"@id\":\"https:\/\/shop.merolution.de\/#website\",\"url\":\"https:\/\/shop.merolution.de\/\",\"name\":\"Getr\u00e4nke Schl\u00fcter Onlineshop\",\"description\":\"Ihr Getr\u00e4nke-Partner in Hannover\",\"potentialAction\":[{\"@type\":\"SearchAction\",\"target\":{\"@type\":\"EntryPoint\",\"urlTemplate\":\"https:\/\/shop.merolution.de\/?s={search_term_string}\"},\"query-input\":\"required name=search_term_string\"}],\"inLanguage\":\"de\"}]}<\/script>\n<!-- \/ Yoast SEO plugin. -->","yoast_head_json":{"title":"Naegele 0,75 Grauburgunder trocken - Getr\u00e4nke Schl\u00fcter Onlineshop","robots":{"index":"noindex","follow":"follow","max-snippet":"max-snippet:-1","max-image-preview":"max-image-preview:large","max-video-preview":"max-video-preview:-1"},"og_locale":"de_DE","og_type":"article","og_title":"Naegele 0,75 Grauburgunder trocken - Getr\u00e4nke Schl\u00fcter Onlineshop","og_description":"01\/0,75Herkunft:PfalzBezeichnung:Hambacher PfaffengrundRebsorte:GrauburgunderQualit\u00e4t:QbAGeschmack:trockenFlaschengr\u00f6\u00dfe:0,75 lAlkoholgehalt:13,2 % vol.S\u00e4ure:6,8 g\/lRestzucker:4,1 g\/lTrinktemperatur:9-11 \u00b0CLagerf\u00e4higkeit:2-5 Jahre","og_url":"https:\/\/shop.merolution.de\/index.php\/product\/naegele-075-grauburgunder-trocken\/","og_site_name":"Getr\u00e4nke Schl\u00fcter Onlineshop","og_image":[{"width":150,"height":447,"url":"https:\/\/shop.merolution.de\/wp-content\/uploads\/2020\/05\/grauburgunder-oba-trocken-2010-750ml.jpg","type":"image\/jpeg"}],"twitter_card":"summary_large_image","twitter_misc":{"Gesch\u00e4tzte Lesezeit":"1\u00a0Minute"},"schema":{"@context":"https:\/\/schema.org","@graph":[{"@type":"WebPage","@id":"https:\/\/shop.merolution.de\/index.php\/product\/naegele-075-grauburgunder-trocken\/","url":"https:\/\/shop.merolution.de\/index.php\/product\/naegele-075-grauburgunder-trocken\/","name":"Naegele 0,75 Grauburgunder trocken - Getr\u00e4nke Schl\u00fcter Onlineshop","isPartOf":{"@id":"https:\/\/shop.merolution.de\/#website"},"datePublished":"2020-05-28T10:04:10+00:00","dateModified":"2020-05-28T10:04:10+00:00","breadcrumb":{"@id":"https:\/\/shop.merolution.de\/index.php\/product\/naegele-075-grauburgunder-trocken\/#breadcrumb"},"inLanguage":"de","potentialAction":[{"@type":"ReadAction","target":["https:\/\/shop.merolution.de\/index.php\/product\/naegele-075-grauburgunder-trocken\/"]}]},{"@type":"BreadcrumbList","@id":"https:\/\/shop.merolution.de\/index.php\/product\/naegele-075-grauburgunder-trocken\/#breadcrumb","itemListElement":[{"@type":"ListItem","position":1,"name":"Home","item":"https:\/\/shop.merolution.de\/"},{"@type":"ListItem","position":2,"name":"Shop","item":"https:\/\/shop.merolution.de\/"},{"@type":"ListItem","position":3,"name":"Naegele 0,75 Grauburgunder trocken"}]},{"@type":"WebSite","@id":"https:\/\/shop.merolution.de\/#website","url":"https:\/\/shop.merolution.de\/","name":"Getr\u00e4nke Schl\u00fcter Onlineshop","description":"Ihr Getr\u00e4nke-Partner in Hannover","potentialAction":[{"@type":"SearchAction","target":{"@type":"EntryPoint","urlTemplate":"https:\/\/shop.merolution.de\/?s={search_term_string}"},"query-input":"required name=search_term_string"}],"inLanguage":"de"}]}},"_links":{"self":[{"href":"https:\/\/shop.merolution.de\/index.php\/wp-json\/wp\/v2\/product\/4007"}],"collection":[{"href":"https:\/\/shop.merolution.de\/index.php\/wp-json\/wp\/v2\/product"}],"about":[{"href":"https:\/\/shop.merolution.de\/index.php\/wp-json\/wp\/v2\/types\/product"}],"replies":[{"embeddable":true,"href":"https:\/\/shop.merolution.de\/index.php\/wp-json\/wp\/v2\/comments?post=4007"}],"wp:featuredmedia":[{"embeddable":true,"href":"https:\/\/shop.merolution.de\/index.php\/wp-json\/wp\/v2\/media\/4008"}],"wp:attachment":[{"href":"https:\/\/shop.merolution.de\/index.php\/wp-json\/wp\/v2\/media?parent=4007"}],"wp:term":[{"taxonomy":"product_cat","embeddable":true,"href":"https:\/\/shop.merolution.de\/index.php\/wp-json\/wp\/v2\/product_cat?post=4007"},{"taxonomy":"product_tag","embeddable":true,"href":"https:\/\/shop.merolution.de\/index.php\/wp-json\/wp\/v2\/product_tag?post=4007"}],"curies":[{"name":"wp","href":"https:\/\/api.w.org\/{rel}","templated":true}]}}