{"id":4009,"date":"2020-05-28T10:04:10","date_gmt":"2020-05-28T10:04:10","guid":{"rendered":"https:\/\/shop.merolution.de\/index.php\/product\/naegele-075-weissburgunder-trocken\/"},"modified":"2020-05-28T10:04:10","modified_gmt":"2020-05-28T10:04:10","slug":"naegele-075-weissburgunder-trocken","status":"publish","type":"product","link":"https:\/\/shop.merolution.de\/index.php\/product\/naegele-075-weissburgunder-trocken\/","title":{"rendered":"Naegele 0,75 Weissburgunder trocken"},"content":{"rendered":"<p>01\/0,75Der Wei\u00dfe Burgunder stammt ebenso wie seine Verwandten Chardonnay und Auxerrois von der Familie der roten(!) Burgunder ab. In \u00e4lteren Weinbergen Frankreichs und Italiens oft auch gemischt angepflanzt, gilt er als geeignet f\u00fcr k\u00fchlere Klimagebiete. Auch bekannt unter den Synonymen Pinot blanc oder bianco, erstreckt sich das Verbreitungsgebiet \u00fcber nahezu die ganze Weinwelt von Mitteleuropa \u00fcber Kalifornien bis nach Chile. Durch die lange Reifezeit k\u00f6nnen hohe Mostgewichte erreicht werden, positiv ist auch der wenig problematische Anbau der Reben.Die Einzellage Hambacher R\u00f6merbrunnen liegt zwischen 130 und 137 m H\u00f6he \u00fcber NN und ist mit etwa 80 ha die zweitgr\u00f6\u00dfte Weinbergslage der Gemeinde Hambach. Die Bodenbeschaffenheit wechselt von lehmigem Sand zu sandigem Lehm. Der Name der Lage bezieht sich auf einen an der alten R\u00f6merstra\u00dfe liegenden BrunnenNach einer Vorselektion per Hand wurden die Trauben Anfang Oktober 2007 mit 95\u00b0 Oechsle geerntet und nach einer schonenden Ganztraubenpressung bei 15 \u00b0C \u00fcber eine Dauer von etwa 3 Wochen vergoren. Der Ausbau fand zu 100 % im Edelstahlfass statt.Unser trockener Wei\u00dfburgunder pr\u00e4sentiert sich mit feinem Schmelz und abgerundeter S\u00e4ure. Dezenter, klarer Fruchtduft nach Birne und Apfel, im Abgang wirkt er feincremig mit sch\u00f6nem Spiel. Hervorragender Begleiter zu ged\u00fcnsteten Fischgerichten, zu Pasta vieler Art und &#8211; nat\u00fcrlich! &#8211; zum \u0084k\u00f6niglichen Gem\u00fcse\u0093, dem Spargel.<\/p>\n","protected":false},"excerpt":{"rendered":"<p>01\/0,75Herkunft:PfalzLage:Hambacher R\u00f6merbrunnenRebsorte:Wei\u00dfburgunderQualit\u00e4t:KabinettGeschmack:trockenFlaschengr\u00f6\u00dfe:0,75 lAnalysedaten:Alkoholgehalt:13,3 % vol.S\u00e4ure:6,6 g\/lRestzucker:1,0 g\/lTrinktemperatur:10-13 \u00b0CLagerf\u00e4higkeit:3-5 Jahre<\/p>\n","protected":false},"featured_media":4010,"comment_status":"open","ping_status":"closed","template":"","meta":[],"product_cat":[96],"product_tag":[],"yoast_head":"<!-- This site is optimized with the Yoast SEO plugin v19.14 - https:\/\/yoast.com\/wordpress\/plugins\/seo\/ -->\n<title>Naegele 0,75 Weissburgunder trocken - Getr\u00e4nke Schl\u00fcter Onlineshop<\/title>\n<meta name=\"robots\" content=\"noindex, follow, max-snippet:-1, max-image-preview:large, max-video-preview:-1\" \/>\n<meta property=\"og:locale\" content=\"de_DE\" \/>\n<meta property=\"og:type\" content=\"article\" \/>\n<meta property=\"og:title\" content=\"Naegele 0,75 Weissburgunder trocken - Getr\u00e4nke Schl\u00fcter Onlineshop\" \/>\n<meta property=\"og:description\" content=\"01\/0,75Herkunft:PfalzLage:Hambacher R\u00f6merbrunnenRebsorte:Wei\u00dfburgunderQualit\u00e4t:KabinettGeschmack:trockenFlaschengr\u00f6\u00dfe:0,75 lAnalysedaten:Alkoholgehalt:13,3 % vol.S\u00e4ure:6,6 g\/lRestzucker:1,0 g\/lTrinktemperatur:10-13 \u00b0CLagerf\u00e4higkeit:3-5 Jahre\" \/>\n<meta property=\"og:url\" content=\"https:\/\/shop.merolution.de\/index.php\/product\/naegele-075-weissburgunder-trocken\/\" \/>\n<meta property=\"og:site_name\" content=\"Getr\u00e4nke Schl\u00fcter Onlineshop\" \/>\n<meta property=\"og:image\" content=\"https:\/\/shop.merolution.de\/wp-content\/uploads\/2020\/05\/367-10-weissburgunder-kab-tr-10.jpg\" \/>\n\t<meta property=\"og:image:width\" content=\"150\" \/>\n\t<meta property=\"og:image:height\" content=\"533\" \/>\n\t<meta property=\"og:image:type\" content=\"image\/jpeg\" \/>\n<meta name=\"twitter:card\" content=\"summary_large_image\" \/>\n<meta name=\"twitter:label1\" content=\"Gesch\u00e4tzte Lesezeit\" \/>\n\t<meta name=\"twitter:data1\" content=\"1\u00a0Minute\" \/>\n<script type=\"application\/ld+json\" class=\"yoast-schema-graph\">{\"@context\":\"https:\/\/schema.org\",\"@graph\":[{\"@type\":\"WebPage\",\"@id\":\"https:\/\/shop.merolution.de\/index.php\/product\/naegele-075-weissburgunder-trocken\/\",\"url\":\"https:\/\/shop.merolution.de\/index.php\/product\/naegele-075-weissburgunder-trocken\/\",\"name\":\"Naegele 0,75 Weissburgunder trocken - Getr\u00e4nke Schl\u00fcter Onlineshop\",\"isPartOf\":{\"@id\":\"https:\/\/shop.merolution.de\/#website\"},\"datePublished\":\"2020-05-28T10:04:10+00:00\",\"dateModified\":\"2020-05-28T10:04:10+00:00\",\"breadcrumb\":{\"@id\":\"https:\/\/shop.merolution.de\/index.php\/product\/naegele-075-weissburgunder-trocken\/#breadcrumb\"},\"inLanguage\":\"de\",\"potentialAction\":[{\"@type\":\"ReadAction\",\"target\":[\"https:\/\/shop.merolution.de\/index.php\/product\/naegele-075-weissburgunder-trocken\/\"]}]},{\"@type\":\"BreadcrumbList\",\"@id\":\"https:\/\/shop.merolution.de\/index.php\/product\/naegele-075-weissburgunder-trocken\/#breadcrumb\",\"itemListElement\":[{\"@type\":\"ListItem\",\"position\":1,\"name\":\"Home\",\"item\":\"https:\/\/shop.merolution.de\/\"},{\"@type\":\"ListItem\",\"position\":2,\"name\":\"Shop\",\"item\":\"https:\/\/shop.merolution.de\/\"},{\"@type\":\"ListItem\",\"position\":3,\"name\":\"Naegele 0,75 Weissburgunder trocken\"}]},{\"@type\":\"WebSite\",\"@id\":\"https:\/\/shop.merolution.de\/#website\",\"url\":\"https:\/\/shop.merolution.de\/\",\"name\":\"Getr\u00e4nke Schl\u00fcter Onlineshop\",\"description\":\"Ihr Getr\u00e4nke-Partner in Hannover\",\"potentialAction\":[{\"@type\":\"SearchAction\",\"target\":{\"@type\":\"EntryPoint\",\"urlTemplate\":\"https:\/\/shop.merolution.de\/?s={search_term_string}\"},\"query-input\":\"required name=search_term_string\"}],\"inLanguage\":\"de\"}]}<\/script>\n<!-- \/ Yoast SEO plugin. -->","yoast_head_json":{"title":"Naegele 0,75 Weissburgunder trocken - Getr\u00e4nke Schl\u00fcter Onlineshop","robots":{"index":"noindex","follow":"follow","max-snippet":"max-snippet:-1","max-image-preview":"max-image-preview:large","max-video-preview":"max-video-preview:-1"},"og_locale":"de_DE","og_type":"article","og_title":"Naegele 0,75 Weissburgunder trocken - Getr\u00e4nke Schl\u00fcter Onlineshop","og_description":"01\/0,75Herkunft:PfalzLage:Hambacher R\u00f6merbrunnenRebsorte:Wei\u00dfburgunderQualit\u00e4t:KabinettGeschmack:trockenFlaschengr\u00f6\u00dfe:0,75 lAnalysedaten:Alkoholgehalt:13,3 % vol.S\u00e4ure:6,6 g\/lRestzucker:1,0 g\/lTrinktemperatur:10-13 \u00b0CLagerf\u00e4higkeit:3-5 Jahre","og_url":"https:\/\/shop.merolution.de\/index.php\/product\/naegele-075-weissburgunder-trocken\/","og_site_name":"Getr\u00e4nke Schl\u00fcter Onlineshop","og_image":[{"width":150,"height":533,"url":"https:\/\/shop.merolution.de\/wp-content\/uploads\/2020\/05\/367-10-weissburgunder-kab-tr-10.jpg","type":"image\/jpeg"}],"twitter_card":"summary_large_image","twitter_misc":{"Gesch\u00e4tzte Lesezeit":"1\u00a0Minute"},"schema":{"@context":"https:\/\/schema.org","@graph":[{"@type":"WebPage","@id":"https:\/\/shop.merolution.de\/index.php\/product\/naegele-075-weissburgunder-trocken\/","url":"https:\/\/shop.merolution.de\/index.php\/product\/naegele-075-weissburgunder-trocken\/","name":"Naegele 0,75 Weissburgunder trocken - Getr\u00e4nke Schl\u00fcter Onlineshop","isPartOf":{"@id":"https:\/\/shop.merolution.de\/#website"},"datePublished":"2020-05-28T10:04:10+00:00","dateModified":"2020-05-28T10:04:10+00:00","breadcrumb":{"@id":"https:\/\/shop.merolution.de\/index.php\/product\/naegele-075-weissburgunder-trocken\/#breadcrumb"},"inLanguage":"de","potentialAction":[{"@type":"ReadAction","target":["https:\/\/shop.merolution.de\/index.php\/product\/naegele-075-weissburgunder-trocken\/"]}]},{"@type":"BreadcrumbList","@id":"https:\/\/shop.merolution.de\/index.php\/product\/naegele-075-weissburgunder-trocken\/#breadcrumb","itemListElement":[{"@type":"ListItem","position":1,"name":"Home","item":"https:\/\/shop.merolution.de\/"},{"@type":"ListItem","position":2,"name":"Shop","item":"https:\/\/shop.merolution.de\/"},{"@type":"ListItem","position":3,"name":"Naegele 0,75 Weissburgunder trocken"}]},{"@type":"WebSite","@id":"https:\/\/shop.merolution.de\/#website","url":"https:\/\/shop.merolution.de\/","name":"Getr\u00e4nke Schl\u00fcter Onlineshop","description":"Ihr Getr\u00e4nke-Partner in Hannover","potentialAction":[{"@type":"SearchAction","target":{"@type":"EntryPoint","urlTemplate":"https:\/\/shop.merolution.de\/?s={search_term_string}"},"query-input":"required name=search_term_string"}],"inLanguage":"de"}]}},"_links":{"self":[{"href":"https:\/\/shop.merolution.de\/index.php\/wp-json\/wp\/v2\/product\/4009"}],"collection":[{"href":"https:\/\/shop.merolution.de\/index.php\/wp-json\/wp\/v2\/product"}],"about":[{"href":"https:\/\/shop.merolution.de\/index.php\/wp-json\/wp\/v2\/types\/product"}],"replies":[{"embeddable":true,"href":"https:\/\/shop.merolution.de\/index.php\/wp-json\/wp\/v2\/comments?post=4009"}],"wp:featuredmedia":[{"embeddable":true,"href":"https:\/\/shop.merolution.de\/index.php\/wp-json\/wp\/v2\/media\/4010"}],"wp:attachment":[{"href":"https:\/\/shop.merolution.de\/index.php\/wp-json\/wp\/v2\/media?parent=4009"}],"wp:term":[{"taxonomy":"product_cat","embeddable":true,"href":"https:\/\/shop.merolution.de\/index.php\/wp-json\/wp\/v2\/product_cat?post=4009"},{"taxonomy":"product_tag","embeddable":true,"href":"https:\/\/shop.merolution.de\/index.php\/wp-json\/wp\/v2\/product_tag?post=4009"}],"curies":[{"name":"wp","href":"https:\/\/api.w.org\/{rel}","templated":true}]}}