{"id":404,"date":"2020-05-28T09:54:26","date_gmt":"2020-05-28T09:54:26","guid":{"rendered":"https:\/\/shop.merolution.de\/index.php\/product\/flensburger-kellerbier-20-033\/"},"modified":"2020-05-28T09:54:26","modified_gmt":"2020-05-28T09:54:26","slug":"flensburger-kellerbier-20-033","status":"publish","type":"product","link":"https:\/\/shop.merolution.de\/index.php\/product\/flensburger-kellerbier-20-033\/","title":{"rendered":"Flensburger Kellerbier &#8211; 20\/0,33"},"content":{"rendered":"<p>20\/0,33 &#8211; naturtr\u00fcbes Bier &#8211; In den k\u00fchlen Lagerkellern unserer Brauerei in Seelenruhe gereift, verschafft das Flensburger Kellerbier dem Genie\u00dfer ein ganz urspr\u00fcngliches Geschmackserlebnis.Das Flensburger Kellerbier ist unfiltriert und somit nat\u00fcrlich tr\u00fcb. Proteine und Polyphenole bleiben im Bier erhalten und dienen au\u00dferdem als zus\u00e4tzliche Geschmackstr\u00e4ger. Sie sorgen f\u00fcr einen ausgewogenen und nat\u00fcrlichen Genuss &#8211; 4,8vol% &#8211; \u0080 4,50 Pfand &#8211; B\u00fcgelverschluss &#8211; Plopp<\/p>\n","protected":false},"excerpt":{"rendered":"<p>20\/0,33 &#8211; naturtr\u00fcbes Bier &#8211; In den k\u00fchlen Lagerkellern unserer Brauerei in Seelenruhe gereift, verschafft das Flensburger Kellerbier dem Genie\u00dfer ein ganz urspr\u00fcngliches Geschmackserlebnis.Das Flensburger Kellerbier ist unfiltriert und somit nat\u00fcrlich tr\u00fcb. Proteine und Polyphenole bleiben im Bier erhalten und dienen au\u00dferdem als zus\u00e4tzliche Geschmackstr\u00e4ger. Sie sorgen f\u00fcr einen ausgewogenen und nat\u00fcrlichen Genuss &#8211; 4,8vol% &#8211; \u0080 4,50 Pfand &#8211; B\u00fcgelverschluss &#8211; Plopp<\/p>\n","protected":false},"featured_media":405,"comment_status":"open","ping_status":"closed","template":"","meta":[],"product_cat":[33],"product_tag":[],"yoast_head":"<!-- This site is optimized with the Yoast SEO plugin v19.14 - https:\/\/yoast.com\/wordpress\/plugins\/seo\/ -->\n<title>Flensburger Kellerbier - 20\/0,33 - Getr\u00e4nke Schl\u00fcter Onlineshop<\/title>\n<meta name=\"robots\" content=\"noindex, follow, max-snippet:-1, max-image-preview:large, max-video-preview:-1\" \/>\n<meta property=\"og:locale\" content=\"de_DE\" \/>\n<meta property=\"og:type\" content=\"article\" \/>\n<meta property=\"og:title\" content=\"Flensburger Kellerbier - 20\/0,33 - Getr\u00e4nke Schl\u00fcter Onlineshop\" \/>\n<meta property=\"og:description\" content=\"20\/0,33 - naturtr\u00fcbes Bier - In den k\u00fchlen Lagerkellern unserer Brauerei in Seelenruhe gereift, verschafft das Flensburger Kellerbier dem Genie\u00dfer ein ganz urspr\u00fcngliches Geschmackserlebnis.Das Flensburger Kellerbier ist unfiltriert und somit nat\u00fcrlich tr\u00fcb. Proteine und Polyphenole bleiben im Bier erhalten und dienen au\u00dferdem als zus\u00e4tzliche Geschmackstr\u00e4ger. Sie sorgen f\u00fcr einen ausgewogenen und nat\u00fcrlichen Genuss - 4,8vol% - \u0080 4,50 Pfand - B\u00fcgelverschluss - Plopp\" \/>\n<meta property=\"og:url\" content=\"https:\/\/shop.merolution.de\/index.php\/product\/flensburger-kellerbier-20-033\/\" \/>\n<meta property=\"og:site_name\" content=\"Getr\u00e4nke Schl\u00fcter Onlineshop\" \/>\n<meta property=\"og:image\" content=\"https:\/\/shop.merolution.de\/wp-content\/uploads\/2020\/05\/327aPic1S1195204039_zz_oval_keller.gif\" \/>\n\t<meta property=\"og:image:width\" content=\"250\" \/>\n\t<meta property=\"og:image:height\" content=\"276\" \/>\n\t<meta property=\"og:image:type\" content=\"image\/gif\" \/>\n<meta name=\"twitter:card\" content=\"summary_large_image\" \/>\n<script type=\"application\/ld+json\" class=\"yoast-schema-graph\">{\"@context\":\"https:\/\/schema.org\",\"@graph\":[{\"@type\":\"WebPage\",\"@id\":\"https:\/\/shop.merolution.de\/index.php\/product\/flensburger-kellerbier-20-033\/\",\"url\":\"https:\/\/shop.merolution.de\/index.php\/product\/flensburger-kellerbier-20-033\/\",\"name\":\"Flensburger Kellerbier - 20\/0,33 - Getr\u00e4nke Schl\u00fcter Onlineshop\",\"isPartOf\":{\"@id\":\"https:\/\/shop.merolution.de\/#website\"},\"datePublished\":\"2020-05-28T09:54:26+00:00\",\"dateModified\":\"2020-05-28T09:54:26+00:00\",\"breadcrumb\":{\"@id\":\"https:\/\/shop.merolution.de\/index.php\/product\/flensburger-kellerbier-20-033\/#breadcrumb\"},\"inLanguage\":\"de\",\"potentialAction\":[{\"@type\":\"ReadAction\",\"target\":[\"https:\/\/shop.merolution.de\/index.php\/product\/flensburger-kellerbier-20-033\/\"]}]},{\"@type\":\"BreadcrumbList\",\"@id\":\"https:\/\/shop.merolution.de\/index.php\/product\/flensburger-kellerbier-20-033\/#breadcrumb\",\"itemListElement\":[{\"@type\":\"ListItem\",\"position\":1,\"name\":\"Home\",\"item\":\"https:\/\/shop.merolution.de\/\"},{\"@type\":\"ListItem\",\"position\":2,\"name\":\"Shop\",\"item\":\"https:\/\/shop.merolution.de\/\"},{\"@type\":\"ListItem\",\"position\":3,\"name\":\"Flensburger Kellerbier &#8211; 20\/0,33\"}]},{\"@type\":\"WebSite\",\"@id\":\"https:\/\/shop.merolution.de\/#website\",\"url\":\"https:\/\/shop.merolution.de\/\",\"name\":\"Getr\u00e4nke Schl\u00fcter Onlineshop\",\"description\":\"Ihr Getr\u00e4nke-Partner in Hannover\",\"potentialAction\":[{\"@type\":\"SearchAction\",\"target\":{\"@type\":\"EntryPoint\",\"urlTemplate\":\"https:\/\/shop.merolution.de\/?s={search_term_string}\"},\"query-input\":\"required name=search_term_string\"}],\"inLanguage\":\"de\"}]}<\/script>\n<!-- \/ Yoast SEO plugin. -->","yoast_head_json":{"title":"Flensburger Kellerbier - 20\/0,33 - Getr\u00e4nke Schl\u00fcter Onlineshop","robots":{"index":"noindex","follow":"follow","max-snippet":"max-snippet:-1","max-image-preview":"max-image-preview:large","max-video-preview":"max-video-preview:-1"},"og_locale":"de_DE","og_type":"article","og_title":"Flensburger Kellerbier - 20\/0,33 - Getr\u00e4nke Schl\u00fcter Onlineshop","og_description":"20\/0,33 - naturtr\u00fcbes Bier - In den k\u00fchlen Lagerkellern unserer Brauerei in Seelenruhe gereift, verschafft das Flensburger Kellerbier dem Genie\u00dfer ein ganz urspr\u00fcngliches Geschmackserlebnis.Das Flensburger Kellerbier ist unfiltriert und somit nat\u00fcrlich tr\u00fcb. Proteine und Polyphenole bleiben im Bier erhalten und dienen au\u00dferdem als zus\u00e4tzliche Geschmackstr\u00e4ger. Sie sorgen f\u00fcr einen ausgewogenen und nat\u00fcrlichen Genuss - 4,8vol% - \u0080 4,50 Pfand - B\u00fcgelverschluss - Plopp","og_url":"https:\/\/shop.merolution.de\/index.php\/product\/flensburger-kellerbier-20-033\/","og_site_name":"Getr\u00e4nke Schl\u00fcter Onlineshop","og_image":[{"width":250,"height":276,"url":"https:\/\/shop.merolution.de\/wp-content\/uploads\/2020\/05\/327aPic1S1195204039_zz_oval_keller.gif","type":"image\/gif"}],"twitter_card":"summary_large_image","schema":{"@context":"https:\/\/schema.org","@graph":[{"@type":"WebPage","@id":"https:\/\/shop.merolution.de\/index.php\/product\/flensburger-kellerbier-20-033\/","url":"https:\/\/shop.merolution.de\/index.php\/product\/flensburger-kellerbier-20-033\/","name":"Flensburger Kellerbier - 20\/0,33 - Getr\u00e4nke Schl\u00fcter Onlineshop","isPartOf":{"@id":"https:\/\/shop.merolution.de\/#website"},"datePublished":"2020-05-28T09:54:26+00:00","dateModified":"2020-05-28T09:54:26+00:00","breadcrumb":{"@id":"https:\/\/shop.merolution.de\/index.php\/product\/flensburger-kellerbier-20-033\/#breadcrumb"},"inLanguage":"de","potentialAction":[{"@type":"ReadAction","target":["https:\/\/shop.merolution.de\/index.php\/product\/flensburger-kellerbier-20-033\/"]}]},{"@type":"BreadcrumbList","@id":"https:\/\/shop.merolution.de\/index.php\/product\/flensburger-kellerbier-20-033\/#breadcrumb","itemListElement":[{"@type":"ListItem","position":1,"name":"Home","item":"https:\/\/shop.merolution.de\/"},{"@type":"ListItem","position":2,"name":"Shop","item":"https:\/\/shop.merolution.de\/"},{"@type":"ListItem","position":3,"name":"Flensburger Kellerbier &#8211; 20\/0,33"}]},{"@type":"WebSite","@id":"https:\/\/shop.merolution.de\/#website","url":"https:\/\/shop.merolution.de\/","name":"Getr\u00e4nke Schl\u00fcter Onlineshop","description":"Ihr Getr\u00e4nke-Partner in Hannover","potentialAction":[{"@type":"SearchAction","target":{"@type":"EntryPoint","urlTemplate":"https:\/\/shop.merolution.de\/?s={search_term_string}"},"query-input":"required name=search_term_string"}],"inLanguage":"de"}]}},"_links":{"self":[{"href":"https:\/\/shop.merolution.de\/index.php\/wp-json\/wp\/v2\/product\/404"}],"collection":[{"href":"https:\/\/shop.merolution.de\/index.php\/wp-json\/wp\/v2\/product"}],"about":[{"href":"https:\/\/shop.merolution.de\/index.php\/wp-json\/wp\/v2\/types\/product"}],"replies":[{"embeddable":true,"href":"https:\/\/shop.merolution.de\/index.php\/wp-json\/wp\/v2\/comments?post=404"}],"wp:featuredmedia":[{"embeddable":true,"href":"https:\/\/shop.merolution.de\/index.php\/wp-json\/wp\/v2\/media\/405"}],"wp:attachment":[{"href":"https:\/\/shop.merolution.de\/index.php\/wp-json\/wp\/v2\/media?parent=404"}],"wp:term":[{"taxonomy":"product_cat","embeddable":true,"href":"https:\/\/shop.merolution.de\/index.php\/wp-json\/wp\/v2\/product_cat?post=404"},{"taxonomy":"product_tag","embeddable":true,"href":"https:\/\/shop.merolution.de\/index.php\/wp-json\/wp\/v2\/product_tag?post=404"}],"curies":[{"name":"wp","href":"https:\/\/api.w.org\/{rel}","templated":true}]}}