{"id":4052,"date":"2020-05-28T10:04:17","date_gmt":"2020-05-28T10:04:17","guid":{"rendered":"https:\/\/shop.merolution.de\/index.php\/product\/freyburg-weissburgunder-trocken-schloss-neuenburg\/"},"modified":"2020-05-28T10:04:17","modified_gmt":"2020-05-28T10:04:17","slug":"freyburg-weissburgunder-trocken-schloss-neuenburg","status":"publish","type":"product","link":"https:\/\/shop.merolution.de\/index.php\/product\/freyburg-weissburgunder-trocken-schloss-neuenburg\/","title":{"rendered":"Freyburg Weissburgunder trocken Schloss Neuenburg"},"content":{"rendered":"<p>01\/0,75 &#8211; Weisswein QbA &#8211; Wei\u00dfburgunder Bereich Schloss Neuenburg &#8211; Die pikante, fruchtige Art in Kombination mit einem Bukett aus \u00c4pfeln, Birnen und Mango machen diesen Wei\u00dfburgunder zu einem besonderen Genuss f\u00fcr alle Weinliebhaber. Urspr\u00fcnglich aus dem franz\u00f6sischen Burgund stammend, werden die Beeren des wei\u00dfen Burgunders heute in vielen L\u00e4ndern Europas angebaut und erfreuen sich gro\u00dfer Beliebtheit. Optimale Trinktemperatur 8 \u0096 12 Grad &#8211; 12,5vol%<\/p>\n","protected":false},"excerpt":{"rendered":"<p>01\/0,75 &#8211; Weisswein QbA &#8211; Wei\u00dfburgunder Bereich Schloss Neuenburg &#8211; Die pikante, fruchtige Art in Kombination mit einem Bukett aus \u00c4pfeln, Birnen und Mango machen diesen Wei\u00dfburgunder zu einem besonderen Genuss f\u00fcr alle Weinliebhaber. Urspr\u00fcnglich aus dem franz\u00f6sischen Burgund stammend, werden die Beeren des wei\u00dfen Burgunders heute in vielen L\u00e4ndern Europas angebaut und erfreuen sich gro\u00dfer Beliebtheit. Optimale Trinktemperatur 8 \u0096 12 Grad &#8211; 12,5vol%<\/p>\n","protected":false},"featured_media":4053,"comment_status":"open","ping_status":"closed","template":"","meta":[],"product_cat":[98],"product_tag":[],"yoast_head":"<!-- This site is optimized with the Yoast SEO plugin v19.14 - https:\/\/yoast.com\/wordpress\/plugins\/seo\/ -->\n<title>Freyburg Weissburgunder trocken Schloss Neuenburg - Getr\u00e4nke Schl\u00fcter Onlineshop<\/title>\n<meta name=\"robots\" content=\"noindex, follow, max-snippet:-1, max-image-preview:large, max-video-preview:-1\" \/>\n<meta property=\"og:locale\" content=\"de_DE\" \/>\n<meta property=\"og:type\" content=\"article\" \/>\n<meta property=\"og:title\" content=\"Freyburg Weissburgunder trocken Schloss Neuenburg - Getr\u00e4nke Schl\u00fcter Onlineshop\" \/>\n<meta property=\"og:description\" content=\"01\/0,75 - Weisswein QbA - Wei\u00dfburgunder Bereich Schloss Neuenburg - Die pikante, fruchtige Art in Kombination mit einem Bukett aus \u00c4pfeln, Birnen und Mango machen diesen Wei\u00dfburgunder zu einem besonderen Genuss f\u00fcr alle Weinliebhaber. Urspr\u00fcnglich aus dem franz\u00f6sischen Burgund stammend, werden die Beeren des wei\u00dfen Burgunders heute in vielen L\u00e4ndern Europas angebaut und erfreuen sich gro\u00dfer Beliebtheit. Optimale Trinktemperatur 8 \u0096 12 Grad - 12,5vol%\" \/>\n<meta property=\"og:url\" content=\"https:\/\/shop.merolution.de\/index.php\/product\/freyburg-weissburgunder-trocken-schloss-neuenburg\/\" \/>\n<meta property=\"og:site_name\" content=\"Getr\u00e4nke Schl\u00fcter Onlineshop\" \/>\n<meta property=\"og:image\" content=\"https:\/\/shop.merolution.de\/wp-content\/uploads\/2020\/05\/2016er-weissburgunder-schloss-neuenburg-aid-4469s.png\" \/>\n\t<meta property=\"og:image:width\" content=\"150\" \/>\n\t<meta property=\"og:image:height\" content=\"150\" \/>\n\t<meta property=\"og:image:type\" content=\"image\/png\" \/>\n<meta name=\"twitter:card\" content=\"summary_large_image\" \/>\n<script type=\"application\/ld+json\" class=\"yoast-schema-graph\">{\"@context\":\"https:\/\/schema.org\",\"@graph\":[{\"@type\":\"WebPage\",\"@id\":\"https:\/\/shop.merolution.de\/index.php\/product\/freyburg-weissburgunder-trocken-schloss-neuenburg\/\",\"url\":\"https:\/\/shop.merolution.de\/index.php\/product\/freyburg-weissburgunder-trocken-schloss-neuenburg\/\",\"name\":\"Freyburg Weissburgunder trocken Schloss Neuenburg - Getr\u00e4nke Schl\u00fcter Onlineshop\",\"isPartOf\":{\"@id\":\"https:\/\/shop.merolution.de\/#website\"},\"datePublished\":\"2020-05-28T10:04:17+00:00\",\"dateModified\":\"2020-05-28T10:04:17+00:00\",\"breadcrumb\":{\"@id\":\"https:\/\/shop.merolution.de\/index.php\/product\/freyburg-weissburgunder-trocken-schloss-neuenburg\/#breadcrumb\"},\"inLanguage\":\"de\",\"potentialAction\":[{\"@type\":\"ReadAction\",\"target\":[\"https:\/\/shop.merolution.de\/index.php\/product\/freyburg-weissburgunder-trocken-schloss-neuenburg\/\"]}]},{\"@type\":\"BreadcrumbList\",\"@id\":\"https:\/\/shop.merolution.de\/index.php\/product\/freyburg-weissburgunder-trocken-schloss-neuenburg\/#breadcrumb\",\"itemListElement\":[{\"@type\":\"ListItem\",\"position\":1,\"name\":\"Home\",\"item\":\"https:\/\/shop.merolution.de\/\"},{\"@type\":\"ListItem\",\"position\":2,\"name\":\"Shop\",\"item\":\"https:\/\/shop.merolution.de\/\"},{\"@type\":\"ListItem\",\"position\":3,\"name\":\"Freyburg Weissburgunder trocken Schloss Neuenburg\"}]},{\"@type\":\"WebSite\",\"@id\":\"https:\/\/shop.merolution.de\/#website\",\"url\":\"https:\/\/shop.merolution.de\/\",\"name\":\"Getr\u00e4nke Schl\u00fcter Onlineshop\",\"description\":\"Ihr Getr\u00e4nke-Partner in Hannover\",\"potentialAction\":[{\"@type\":\"SearchAction\",\"target\":{\"@type\":\"EntryPoint\",\"urlTemplate\":\"https:\/\/shop.merolution.de\/?s={search_term_string}\"},\"query-input\":\"required name=search_term_string\"}],\"inLanguage\":\"de\"}]}<\/script>\n<!-- \/ Yoast SEO plugin. -->","yoast_head_json":{"title":"Freyburg Weissburgunder trocken Schloss Neuenburg - Getr\u00e4nke Schl\u00fcter Onlineshop","robots":{"index":"noindex","follow":"follow","max-snippet":"max-snippet:-1","max-image-preview":"max-image-preview:large","max-video-preview":"max-video-preview:-1"},"og_locale":"de_DE","og_type":"article","og_title":"Freyburg Weissburgunder trocken Schloss Neuenburg - Getr\u00e4nke Schl\u00fcter Onlineshop","og_description":"01\/0,75 - Weisswein QbA - Wei\u00dfburgunder Bereich Schloss Neuenburg - Die pikante, fruchtige Art in Kombination mit einem Bukett aus \u00c4pfeln, Birnen und Mango machen diesen Wei\u00dfburgunder zu einem besonderen Genuss f\u00fcr alle Weinliebhaber. Urspr\u00fcnglich aus dem franz\u00f6sischen Burgund stammend, werden die Beeren des wei\u00dfen Burgunders heute in vielen L\u00e4ndern Europas angebaut und erfreuen sich gro\u00dfer Beliebtheit. Optimale Trinktemperatur 8 \u0096 12 Grad - 12,5vol%","og_url":"https:\/\/shop.merolution.de\/index.php\/product\/freyburg-weissburgunder-trocken-schloss-neuenburg\/","og_site_name":"Getr\u00e4nke Schl\u00fcter Onlineshop","og_image":[{"width":150,"height":150,"url":"https:\/\/shop.merolution.de\/wp-content\/uploads\/2020\/05\/2016er-weissburgunder-schloss-neuenburg-aid-4469s.png","type":"image\/png"}],"twitter_card":"summary_large_image","schema":{"@context":"https:\/\/schema.org","@graph":[{"@type":"WebPage","@id":"https:\/\/shop.merolution.de\/index.php\/product\/freyburg-weissburgunder-trocken-schloss-neuenburg\/","url":"https:\/\/shop.merolution.de\/index.php\/product\/freyburg-weissburgunder-trocken-schloss-neuenburg\/","name":"Freyburg Weissburgunder trocken Schloss Neuenburg - Getr\u00e4nke Schl\u00fcter Onlineshop","isPartOf":{"@id":"https:\/\/shop.merolution.de\/#website"},"datePublished":"2020-05-28T10:04:17+00:00","dateModified":"2020-05-28T10:04:17+00:00","breadcrumb":{"@id":"https:\/\/shop.merolution.de\/index.php\/product\/freyburg-weissburgunder-trocken-schloss-neuenburg\/#breadcrumb"},"inLanguage":"de","potentialAction":[{"@type":"ReadAction","target":["https:\/\/shop.merolution.de\/index.php\/product\/freyburg-weissburgunder-trocken-schloss-neuenburg\/"]}]},{"@type":"BreadcrumbList","@id":"https:\/\/shop.merolution.de\/index.php\/product\/freyburg-weissburgunder-trocken-schloss-neuenburg\/#breadcrumb","itemListElement":[{"@type":"ListItem","position":1,"name":"Home","item":"https:\/\/shop.merolution.de\/"},{"@type":"ListItem","position":2,"name":"Shop","item":"https:\/\/shop.merolution.de\/"},{"@type":"ListItem","position":3,"name":"Freyburg Weissburgunder trocken Schloss Neuenburg"}]},{"@type":"WebSite","@id":"https:\/\/shop.merolution.de\/#website","url":"https:\/\/shop.merolution.de\/","name":"Getr\u00e4nke Schl\u00fcter Onlineshop","description":"Ihr Getr\u00e4nke-Partner in Hannover","potentialAction":[{"@type":"SearchAction","target":{"@type":"EntryPoint","urlTemplate":"https:\/\/shop.merolution.de\/?s={search_term_string}"},"query-input":"required name=search_term_string"}],"inLanguage":"de"}]}},"_links":{"self":[{"href":"https:\/\/shop.merolution.de\/index.php\/wp-json\/wp\/v2\/product\/4052"}],"collection":[{"href":"https:\/\/shop.merolution.de\/index.php\/wp-json\/wp\/v2\/product"}],"about":[{"href":"https:\/\/shop.merolution.de\/index.php\/wp-json\/wp\/v2\/types\/product"}],"replies":[{"embeddable":true,"href":"https:\/\/shop.merolution.de\/index.php\/wp-json\/wp\/v2\/comments?post=4052"}],"wp:featuredmedia":[{"embeddable":true,"href":"https:\/\/shop.merolution.de\/index.php\/wp-json\/wp\/v2\/media\/4053"}],"wp:attachment":[{"href":"https:\/\/shop.merolution.de\/index.php\/wp-json\/wp\/v2\/media?parent=4052"}],"wp:term":[{"taxonomy":"product_cat","embeddable":true,"href":"https:\/\/shop.merolution.de\/index.php\/wp-json\/wp\/v2\/product_cat?post=4052"},{"taxonomy":"product_tag","embeddable":true,"href":"https:\/\/shop.merolution.de\/index.php\/wp-json\/wp\/v2\/product_tag?post=4052"}],"curies":[{"name":"wp","href":"https:\/\/api.w.org\/{rel}","templated":true}]}}