{"id":4058,"date":"2020-05-28T10:04:18","date_gmt":"2020-05-28T10:04:18","guid":{"rendered":"https:\/\/shop.merolution.de\/index.php\/product\/freyburg-mueller-thurgau-trocken\/"},"modified":"2020-05-28T10:04:18","modified_gmt":"2020-05-28T10:04:18","slug":"freyburg-mueller-thurgau-trocken","status":"publish","type":"product","link":"https:\/\/shop.merolution.de\/index.php\/product\/freyburg-mueller-thurgau-trocken\/","title":{"rendered":"Freyburg M\u00fcller-Thurgau trocken"},"content":{"rendered":"<p>01\/0,75 &#8211; Weisswein QbA &#8211; Der M\u00fcller-Thurgau ist eine Spezialit\u00e4t f\u00fcr alle Weinliebhaber. Gez\u00fcchtet wurden die Trauben erstmals 1882 von ihrem Namensgeber Hermann M\u00fcller aus dem Schweizer Kanton Thurgau. Aufgrund ihrer geringen Standortanspr\u00fcche wird die Rebsorte in fast allen deutschen Weingebieten angebaut. Aus den Trauben wird ein eleganter Wein mit leichter Muskatnote gewonnen, der an Apfel, Aprikose und Walnuss erinnert. Mit seiner fruchtbetonten S\u00e4ure harmoniert er bestens mit leichten Speisen und frischen Salaten oder man genie\u00dft ihn ganz klassisch als Viertele ohne Speisenbegleitung. Optimale Trinktemperatur: 8 \u0096 12 Grad &#8211; 12,5vol%<\/p>\n","protected":false},"excerpt":{"rendered":"<p>01\/0,75 &#8211; Weisswein QbA &#8211; Der M\u00fcller-Thurgau ist eine Spezialit\u00e4t f\u00fcr alle Weinliebhaber. Gez\u00fcchtet wurden die Trauben erstmals 1882 von ihrem Namensgeber Hermann M\u00fcller aus dem Schweizer Kanton Thurgau. Aufgrund ihrer geringen Standortanspr\u00fcche wird die Rebsorte in fast allen deutschen Weingebieten angebaut. Aus den Trauben wird ein eleganter Wein mit leichter Muskatnote gewonnen, der an Apfel, Aprikose und Walnuss erinnert. Mit seiner fruchtbetonten S\u00e4ure harmoniert er bestens mit leichten Speisen und frischen Salaten oder man genie\u00dft ihn ganz klassisch als Viertele ohne Speisenbegleitung. Optimale Trinktemperatur: 8 \u0096 12 Grad &#8211; 12,5vol%<\/p>\n","protected":false},"featured_media":4059,"comment_status":"open","ping_status":"closed","template":"","meta":[],"product_cat":[98],"product_tag":[],"yoast_head":"<!-- This site is optimized with the Yoast SEO plugin v19.14 - https:\/\/yoast.com\/wordpress\/plugins\/seo\/ -->\n<title>Freyburg M\u00fcller-Thurgau trocken - Getr\u00e4nke Schl\u00fcter Onlineshop<\/title>\n<meta name=\"robots\" content=\"noindex, follow, max-snippet:-1, max-image-preview:large, max-video-preview:-1\" \/>\n<meta property=\"og:locale\" content=\"de_DE\" \/>\n<meta property=\"og:type\" content=\"article\" \/>\n<meta property=\"og:title\" content=\"Freyburg M\u00fcller-Thurgau trocken - Getr\u00e4nke Schl\u00fcter Onlineshop\" \/>\n<meta property=\"og:description\" content=\"01\/0,75 - Weisswein QbA - Der M\u00fcller-Thurgau ist eine Spezialit\u00e4t f\u00fcr alle Weinliebhaber. Gez\u00fcchtet wurden die Trauben erstmals 1882 von ihrem Namensgeber Hermann M\u00fcller aus dem Schweizer Kanton Thurgau. Aufgrund ihrer geringen Standortanspr\u00fcche wird die Rebsorte in fast allen deutschen Weingebieten angebaut. Aus den Trauben wird ein eleganter Wein mit leichter Muskatnote gewonnen, der an Apfel, Aprikose und Walnuss erinnert. Mit seiner fruchtbetonten S\u00e4ure harmoniert er bestens mit leichten Speisen und frischen Salaten oder man genie\u00dft ihn ganz klassisch als Viertele ohne Speisenbegleitung. Optimale Trinktemperatur: 8 \u0096 12 Grad - 12,5vol%\" \/>\n<meta property=\"og:url\" content=\"https:\/\/shop.merolution.de\/index.php\/product\/freyburg-mueller-thurgau-trocken\/\" \/>\n<meta property=\"og:site_name\" content=\"Getr\u00e4nke Schl\u00fcter Onlineshop\" \/>\n<meta property=\"og:image\" content=\"https:\/\/shop.merolution.de\/wp-content\/uploads\/2020\/05\/2015er-mueller-thurgau-075l-aid-4472s.png\" \/>\n\t<meta property=\"og:image:width\" content=\"150\" \/>\n\t<meta property=\"og:image:height\" content=\"150\" \/>\n\t<meta property=\"og:image:type\" content=\"image\/png\" \/>\n<meta name=\"twitter:card\" content=\"summary_large_image\" \/>\n<script type=\"application\/ld+json\" class=\"yoast-schema-graph\">{\"@context\":\"https:\/\/schema.org\",\"@graph\":[{\"@type\":\"WebPage\",\"@id\":\"https:\/\/shop.merolution.de\/index.php\/product\/freyburg-mueller-thurgau-trocken\/\",\"url\":\"https:\/\/shop.merolution.de\/index.php\/product\/freyburg-mueller-thurgau-trocken\/\",\"name\":\"Freyburg M\u00fcller-Thurgau trocken - Getr\u00e4nke Schl\u00fcter Onlineshop\",\"isPartOf\":{\"@id\":\"https:\/\/shop.merolution.de\/#website\"},\"datePublished\":\"2020-05-28T10:04:18+00:00\",\"dateModified\":\"2020-05-28T10:04:18+00:00\",\"breadcrumb\":{\"@id\":\"https:\/\/shop.merolution.de\/index.php\/product\/freyburg-mueller-thurgau-trocken\/#breadcrumb\"},\"inLanguage\":\"de\",\"potentialAction\":[{\"@type\":\"ReadAction\",\"target\":[\"https:\/\/shop.merolution.de\/index.php\/product\/freyburg-mueller-thurgau-trocken\/\"]}]},{\"@type\":\"BreadcrumbList\",\"@id\":\"https:\/\/shop.merolution.de\/index.php\/product\/freyburg-mueller-thurgau-trocken\/#breadcrumb\",\"itemListElement\":[{\"@type\":\"ListItem\",\"position\":1,\"name\":\"Home\",\"item\":\"https:\/\/shop.merolution.de\/\"},{\"@type\":\"ListItem\",\"position\":2,\"name\":\"Shop\",\"item\":\"https:\/\/shop.merolution.de\/\"},{\"@type\":\"ListItem\",\"position\":3,\"name\":\"Freyburg M\u00fcller-Thurgau trocken\"}]},{\"@type\":\"WebSite\",\"@id\":\"https:\/\/shop.merolution.de\/#website\",\"url\":\"https:\/\/shop.merolution.de\/\",\"name\":\"Getr\u00e4nke Schl\u00fcter Onlineshop\",\"description\":\"Ihr Getr\u00e4nke-Partner in Hannover\",\"potentialAction\":[{\"@type\":\"SearchAction\",\"target\":{\"@type\":\"EntryPoint\",\"urlTemplate\":\"https:\/\/shop.merolution.de\/?s={search_term_string}\"},\"query-input\":\"required name=search_term_string\"}],\"inLanguage\":\"de\"}]}<\/script>\n<!-- \/ Yoast SEO plugin. -->","yoast_head_json":{"title":"Freyburg M\u00fcller-Thurgau trocken - Getr\u00e4nke Schl\u00fcter Onlineshop","robots":{"index":"noindex","follow":"follow","max-snippet":"max-snippet:-1","max-image-preview":"max-image-preview:large","max-video-preview":"max-video-preview:-1"},"og_locale":"de_DE","og_type":"article","og_title":"Freyburg M\u00fcller-Thurgau trocken - Getr\u00e4nke Schl\u00fcter Onlineshop","og_description":"01\/0,75 - Weisswein QbA - Der M\u00fcller-Thurgau ist eine Spezialit\u00e4t f\u00fcr alle Weinliebhaber. Gez\u00fcchtet wurden die Trauben erstmals 1882 von ihrem Namensgeber Hermann M\u00fcller aus dem Schweizer Kanton Thurgau. Aufgrund ihrer geringen Standortanspr\u00fcche wird die Rebsorte in fast allen deutschen Weingebieten angebaut. Aus den Trauben wird ein eleganter Wein mit leichter Muskatnote gewonnen, der an Apfel, Aprikose und Walnuss erinnert. Mit seiner fruchtbetonten S\u00e4ure harmoniert er bestens mit leichten Speisen und frischen Salaten oder man genie\u00dft ihn ganz klassisch als Viertele ohne Speisenbegleitung. Optimale Trinktemperatur: 8 \u0096 12 Grad - 12,5vol%","og_url":"https:\/\/shop.merolution.de\/index.php\/product\/freyburg-mueller-thurgau-trocken\/","og_site_name":"Getr\u00e4nke Schl\u00fcter Onlineshop","og_image":[{"width":150,"height":150,"url":"https:\/\/shop.merolution.de\/wp-content\/uploads\/2020\/05\/2015er-mueller-thurgau-075l-aid-4472s.png","type":"image\/png"}],"twitter_card":"summary_large_image","schema":{"@context":"https:\/\/schema.org","@graph":[{"@type":"WebPage","@id":"https:\/\/shop.merolution.de\/index.php\/product\/freyburg-mueller-thurgau-trocken\/","url":"https:\/\/shop.merolution.de\/index.php\/product\/freyburg-mueller-thurgau-trocken\/","name":"Freyburg M\u00fcller-Thurgau trocken - Getr\u00e4nke Schl\u00fcter Onlineshop","isPartOf":{"@id":"https:\/\/shop.merolution.de\/#website"},"datePublished":"2020-05-28T10:04:18+00:00","dateModified":"2020-05-28T10:04:18+00:00","breadcrumb":{"@id":"https:\/\/shop.merolution.de\/index.php\/product\/freyburg-mueller-thurgau-trocken\/#breadcrumb"},"inLanguage":"de","potentialAction":[{"@type":"ReadAction","target":["https:\/\/shop.merolution.de\/index.php\/product\/freyburg-mueller-thurgau-trocken\/"]}]},{"@type":"BreadcrumbList","@id":"https:\/\/shop.merolution.de\/index.php\/product\/freyburg-mueller-thurgau-trocken\/#breadcrumb","itemListElement":[{"@type":"ListItem","position":1,"name":"Home","item":"https:\/\/shop.merolution.de\/"},{"@type":"ListItem","position":2,"name":"Shop","item":"https:\/\/shop.merolution.de\/"},{"@type":"ListItem","position":3,"name":"Freyburg M\u00fcller-Thurgau trocken"}]},{"@type":"WebSite","@id":"https:\/\/shop.merolution.de\/#website","url":"https:\/\/shop.merolution.de\/","name":"Getr\u00e4nke Schl\u00fcter Onlineshop","description":"Ihr Getr\u00e4nke-Partner in Hannover","potentialAction":[{"@type":"SearchAction","target":{"@type":"EntryPoint","urlTemplate":"https:\/\/shop.merolution.de\/?s={search_term_string}"},"query-input":"required name=search_term_string"}],"inLanguage":"de"}]}},"_links":{"self":[{"href":"https:\/\/shop.merolution.de\/index.php\/wp-json\/wp\/v2\/product\/4058"}],"collection":[{"href":"https:\/\/shop.merolution.de\/index.php\/wp-json\/wp\/v2\/product"}],"about":[{"href":"https:\/\/shop.merolution.de\/index.php\/wp-json\/wp\/v2\/types\/product"}],"replies":[{"embeddable":true,"href":"https:\/\/shop.merolution.de\/index.php\/wp-json\/wp\/v2\/comments?post=4058"}],"wp:featuredmedia":[{"embeddable":true,"href":"https:\/\/shop.merolution.de\/index.php\/wp-json\/wp\/v2\/media\/4059"}],"wp:attachment":[{"href":"https:\/\/shop.merolution.de\/index.php\/wp-json\/wp\/v2\/media?parent=4058"}],"wp:term":[{"taxonomy":"product_cat","embeddable":true,"href":"https:\/\/shop.merolution.de\/index.php\/wp-json\/wp\/v2\/product_cat?post=4058"},{"taxonomy":"product_tag","embeddable":true,"href":"https:\/\/shop.merolution.de\/index.php\/wp-json\/wp\/v2\/product_tag?post=4058"}],"curies":[{"name":"wp","href":"https:\/\/api.w.org\/{rel}","templated":true}]}}