{"id":4084,"date":"2020-05-28T10:04:22","date_gmt":"2020-05-28T10:04:22","guid":{"rendered":"https:\/\/shop.merolution.de\/index.php\/product\/allee-bleue-chenin-blanc\/"},"modified":"2020-05-28T10:04:22","modified_gmt":"2020-05-28T10:04:22","slug":"allee-bleue-chenin-blanc","status":"publish","type":"product","link":"https:\/\/shop.merolution.de\/index.php\/product\/allee-bleue-chenin-blanc\/","title":{"rendered":"All\u00e9e Bleue Chenin blanc"},"content":{"rendered":"<p>Leichter Weisswein aus der Westcape Region. Mit Aromen, die an Ananas, Papaya, reife Pfirsiche bis hin zum Lemongras erinnern. Kraftvolle Struktur und aussergew\u00f6hnlich lang anhaltender Geschmack mit einer angenehmen mineralischen Note.Schmeckt gut zu Fisch und Meeresfr\u00fcchten, Gem\u00fcsegerichten und Salat.Alkohol: 14,50%S\u00e4ure: 5,6g\/LRests\u00fc\u00dfe 3,1g\/LDie deutsche Unternehmerfamilie Dauphin \u00fcbernahm ALL\u00c9E BLEUE 1999 und hauchte ihm mit einer gro\u00dfen Portion Pioniergeist neues Weinleben ein. Das 1690 gegr\u00fcndete, 150 Hektar gro\u00dfe Estate, auf dem \u00fcber rund 100 Jahre hinweg kein edler Tropfen mehr erzeugt worden war, bringt heute wieder Rot- und Wei\u00dfweine von internationaler Spitzenklasse hervor. Bei der Komplettsanierung wurden die neuen Besitzer vom deutschen K\u00fcnstler- und Designerpaar Gundel und Emil Sogor unterst\u00fctzt, das die neue au\u00dfergew\u00f6hnliche Identit\u00e4t des Estates auf hohem \u00e4sthetischem Niveau entscheidend mitgepr\u00e4gt hat. Liebevoll restauriertes Erbe, zeitgem\u00e4\u00dfer Lebensstil und herzliche Gastlichkeit gehen auf ALL\u00c9E BLEUE heute eine harmonische Verbindung ein.<\/p>\n","protected":false},"excerpt":{"rendered":"<p>Leichter Weisswein aus der Westcape Region. Mit Aromen, die an Ananas, Papaya, reife Pfirsiche bis hin zum Lemongras erinnern. Kraftvolle Struktur und aussergew\u00f6hnlich lang anhaltender Geschmack mit einer angenehmen mineralischen Note.Schmeckt gut zu Fisch und Meeresfr\u00fcchten, Gem\u00fcsegerichten und Salat.Alkohol: 14,50%S\u00e4ure: 5,6g\/LRests\u00fc\u00dfe 3,1g\/LAchtung: Die Jahrgangsangabe kann abweichen<\/p>\n","protected":false},"featured_media":4085,"comment_status":"open","ping_status":"closed","template":"","meta":[],"product_cat":[104],"product_tag":[],"yoast_head":"<!-- This site is optimized with the Yoast SEO plugin v19.14 - https:\/\/yoast.com\/wordpress\/plugins\/seo\/ -->\n<title>All\u00e9e Bleue Chenin blanc - Getr\u00e4nke Schl\u00fcter Onlineshop<\/title>\n<meta name=\"robots\" content=\"noindex, follow, max-snippet:-1, max-image-preview:large, max-video-preview:-1\" \/>\n<meta property=\"og:locale\" content=\"de_DE\" \/>\n<meta property=\"og:type\" content=\"article\" \/>\n<meta property=\"og:title\" content=\"All\u00e9e Bleue Chenin blanc - Getr\u00e4nke Schl\u00fcter Onlineshop\" \/>\n<meta property=\"og:description\" content=\"Leichter Weisswein aus der Westcape Region. Mit Aromen, die an Ananas, Papaya, reife Pfirsiche bis hin zum Lemongras erinnern. Kraftvolle Struktur und aussergew\u00f6hnlich lang anhaltender Geschmack mit einer angenehmen mineralischen Note.Schmeckt gut zu Fisch und Meeresfr\u00fcchten, Gem\u00fcsegerichten und Salat.Alkohol: 14,50%S\u00e4ure: 5,6g\/LRests\u00fc\u00dfe 3,1g\/LAchtung: Die Jahrgangsangabe kann abweichen\" \/>\n<meta property=\"og:url\" content=\"https:\/\/shop.merolution.de\/index.php\/product\/allee-bleue-chenin-blanc\/\" \/>\n<meta property=\"og:site_name\" content=\"Getr\u00e4nke Schl\u00fcter Onlineshop\" \/>\n<meta property=\"og:image\" content=\"https:\/\/shop.merolution.de\/wp-content\/uploads\/2020\/05\/3344aPic1S1545418856_zz_Chenin_Blanc_2007_klein.jpg\" \/>\n\t<meta property=\"og:image:width\" content=\"250\" \/>\n\t<meta property=\"og:image:height\" content=\"715\" \/>\n\t<meta property=\"og:image:type\" content=\"image\/jpeg\" \/>\n<meta name=\"twitter:card\" content=\"summary_large_image\" \/>\n<meta name=\"twitter:label1\" content=\"Gesch\u00e4tzte Lesezeit\" \/>\n\t<meta name=\"twitter:data1\" content=\"1\u00a0Minute\" \/>\n<script type=\"application\/ld+json\" class=\"yoast-schema-graph\">{\"@context\":\"https:\/\/schema.org\",\"@graph\":[{\"@type\":\"WebPage\",\"@id\":\"https:\/\/shop.merolution.de\/index.php\/product\/allee-bleue-chenin-blanc\/\",\"url\":\"https:\/\/shop.merolution.de\/index.php\/product\/allee-bleue-chenin-blanc\/\",\"name\":\"All\u00e9e Bleue Chenin blanc - Getr\u00e4nke Schl\u00fcter Onlineshop\",\"isPartOf\":{\"@id\":\"https:\/\/shop.merolution.de\/#website\"},\"datePublished\":\"2020-05-28T10:04:22+00:00\",\"dateModified\":\"2020-05-28T10:04:22+00:00\",\"breadcrumb\":{\"@id\":\"https:\/\/shop.merolution.de\/index.php\/product\/allee-bleue-chenin-blanc\/#breadcrumb\"},\"inLanguage\":\"de\",\"potentialAction\":[{\"@type\":\"ReadAction\",\"target\":[\"https:\/\/shop.merolution.de\/index.php\/product\/allee-bleue-chenin-blanc\/\"]}]},{\"@type\":\"BreadcrumbList\",\"@id\":\"https:\/\/shop.merolution.de\/index.php\/product\/allee-bleue-chenin-blanc\/#breadcrumb\",\"itemListElement\":[{\"@type\":\"ListItem\",\"position\":1,\"name\":\"Home\",\"item\":\"https:\/\/shop.merolution.de\/\"},{\"@type\":\"ListItem\",\"position\":2,\"name\":\"Shop\",\"item\":\"https:\/\/shop.merolution.de\/\"},{\"@type\":\"ListItem\",\"position\":3,\"name\":\"All\u00e9e Bleue Chenin blanc\"}]},{\"@type\":\"WebSite\",\"@id\":\"https:\/\/shop.merolution.de\/#website\",\"url\":\"https:\/\/shop.merolution.de\/\",\"name\":\"Getr\u00e4nke Schl\u00fcter Onlineshop\",\"description\":\"Ihr Getr\u00e4nke-Partner in Hannover\",\"potentialAction\":[{\"@type\":\"SearchAction\",\"target\":{\"@type\":\"EntryPoint\",\"urlTemplate\":\"https:\/\/shop.merolution.de\/?s={search_term_string}\"},\"query-input\":\"required name=search_term_string\"}],\"inLanguage\":\"de\"}]}<\/script>\n<!-- \/ Yoast SEO plugin. -->","yoast_head_json":{"title":"All\u00e9e Bleue Chenin blanc - Getr\u00e4nke Schl\u00fcter Onlineshop","robots":{"index":"noindex","follow":"follow","max-snippet":"max-snippet:-1","max-image-preview":"max-image-preview:large","max-video-preview":"max-video-preview:-1"},"og_locale":"de_DE","og_type":"article","og_title":"All\u00e9e Bleue Chenin blanc - Getr\u00e4nke Schl\u00fcter Onlineshop","og_description":"Leichter Weisswein aus der Westcape Region. Mit Aromen, die an Ananas, Papaya, reife Pfirsiche bis hin zum Lemongras erinnern. Kraftvolle Struktur und aussergew\u00f6hnlich lang anhaltender Geschmack mit einer angenehmen mineralischen Note.Schmeckt gut zu Fisch und Meeresfr\u00fcchten, Gem\u00fcsegerichten und Salat.Alkohol: 14,50%S\u00e4ure: 5,6g\/LRests\u00fc\u00dfe 3,1g\/LAchtung: Die Jahrgangsangabe kann abweichen","og_url":"https:\/\/shop.merolution.de\/index.php\/product\/allee-bleue-chenin-blanc\/","og_site_name":"Getr\u00e4nke Schl\u00fcter Onlineshop","og_image":[{"width":250,"height":715,"url":"https:\/\/shop.merolution.de\/wp-content\/uploads\/2020\/05\/3344aPic1S1545418856_zz_Chenin_Blanc_2007_klein.jpg","type":"image\/jpeg"}],"twitter_card":"summary_large_image","twitter_misc":{"Gesch\u00e4tzte Lesezeit":"1\u00a0Minute"},"schema":{"@context":"https:\/\/schema.org","@graph":[{"@type":"WebPage","@id":"https:\/\/shop.merolution.de\/index.php\/product\/allee-bleue-chenin-blanc\/","url":"https:\/\/shop.merolution.de\/index.php\/product\/allee-bleue-chenin-blanc\/","name":"All\u00e9e Bleue Chenin blanc - Getr\u00e4nke Schl\u00fcter Onlineshop","isPartOf":{"@id":"https:\/\/shop.merolution.de\/#website"},"datePublished":"2020-05-28T10:04:22+00:00","dateModified":"2020-05-28T10:04:22+00:00","breadcrumb":{"@id":"https:\/\/shop.merolution.de\/index.php\/product\/allee-bleue-chenin-blanc\/#breadcrumb"},"inLanguage":"de","potentialAction":[{"@type":"ReadAction","target":["https:\/\/shop.merolution.de\/index.php\/product\/allee-bleue-chenin-blanc\/"]}]},{"@type":"BreadcrumbList","@id":"https:\/\/shop.merolution.de\/index.php\/product\/allee-bleue-chenin-blanc\/#breadcrumb","itemListElement":[{"@type":"ListItem","position":1,"name":"Home","item":"https:\/\/shop.merolution.de\/"},{"@type":"ListItem","position":2,"name":"Shop","item":"https:\/\/shop.merolution.de\/"},{"@type":"ListItem","position":3,"name":"All\u00e9e Bleue Chenin blanc"}]},{"@type":"WebSite","@id":"https:\/\/shop.merolution.de\/#website","url":"https:\/\/shop.merolution.de\/","name":"Getr\u00e4nke Schl\u00fcter Onlineshop","description":"Ihr Getr\u00e4nke-Partner in Hannover","potentialAction":[{"@type":"SearchAction","target":{"@type":"EntryPoint","urlTemplate":"https:\/\/shop.merolution.de\/?s={search_term_string}"},"query-input":"required name=search_term_string"}],"inLanguage":"de"}]}},"_links":{"self":[{"href":"https:\/\/shop.merolution.de\/index.php\/wp-json\/wp\/v2\/product\/4084"}],"collection":[{"href":"https:\/\/shop.merolution.de\/index.php\/wp-json\/wp\/v2\/product"}],"about":[{"href":"https:\/\/shop.merolution.de\/index.php\/wp-json\/wp\/v2\/types\/product"}],"replies":[{"embeddable":true,"href":"https:\/\/shop.merolution.de\/index.php\/wp-json\/wp\/v2\/comments?post=4084"}],"wp:featuredmedia":[{"embeddable":true,"href":"https:\/\/shop.merolution.de\/index.php\/wp-json\/wp\/v2\/media\/4085"}],"wp:attachment":[{"href":"https:\/\/shop.merolution.de\/index.php\/wp-json\/wp\/v2\/media?parent=4084"}],"wp:term":[{"taxonomy":"product_cat","embeddable":true,"href":"https:\/\/shop.merolution.de\/index.php\/wp-json\/wp\/v2\/product_cat?post=4084"},{"taxonomy":"product_tag","embeddable":true,"href":"https:\/\/shop.merolution.de\/index.php\/wp-json\/wp\/v2\/product_tag?post=4084"}],"curies":[{"name":"wp","href":"https:\/\/api.w.org\/{rel}","templated":true}]}}