{"id":4086,"date":"2020-05-28T10:04:23","date_gmt":"2020-05-28T10:04:23","guid":{"rendered":"https:\/\/shop.merolution.de\/index.php\/product\/allee-bleue-starlette-pinotage\/"},"modified":"2020-05-28T10:04:23","modified_gmt":"2020-05-28T10:04:23","slug":"allee-bleue-starlette-pinotage","status":"publish","type":"product","link":"https:\/\/shop.merolution.de\/index.php\/product\/allee-bleue-starlette-pinotage\/","title":{"rendered":"All\u00e9e Bleue Starlette Pinotage"},"content":{"rendered":"<p>Ein k\u00f6stlicher Wein mit reichen und entgegenkommenden Aromen von Bananen, Mocca Kaffee und Toffee, untermalt von leichten Marzipan- und Lakritzunternoten.Der sanfte Geschmack verw\u00f6hnt den Gaumen mit zarter Pflaume und krautigen NussaromenGenie\u00dfen Sie diesen Wein zu einem ger\u00e4ucherten Gefl\u00fcgelsalat, Pesto und frischem Mozzarella, Kudu Carpaccio und frisch ger\u00e4uchertem gr\u00fcnen Spargel.Alkohol: 15.01 vol%S\u00e4ure: 5.1 g\/l Rests\u00fc\u00dfe: 2.2 g\/l PH: 3.66Die deutsche Unternehmerfamilie Dauphin \u00fcbernahm ALL\u00c9E BLEUE 1999 und hauchte ihm mit einer gro\u00dfen Portion Pioniergeist neues Weinleben ein. Das 1690 gegr\u00fcndete, 150 Hektar gro\u00dfe Estate, auf dem \u00fcber rund 100 Jahre hinweg kein edler Tropfen mehr erzeugt worden war, bringt heute wieder Rot- und Wei\u00dfweine von internationaler Spitzenklasse hervor. Bei der Komplettsanierung wurden die neuen Besitzer vom deutschen K\u00fcnstler- und Designerpaar Gundel und Emil Sogor unterst\u00fctzt, das die neue au\u00dfergew\u00f6hnliche Identit\u00e4t des Estates auf hohem \u00e4sthetischem Niveau entscheidend mitgepr\u00e4gt hat. Liebevoll restauriertes Erbe, zeitgem\u00e4\u00dfer Lebensstil und herzliche Gastlichkeit gehen auf ALL\u00c9E BLEUE heute eine harmonische Verbindung ein.<\/p>\n","protected":false},"excerpt":{"rendered":"<p>Ein k\u00f6stlicher Wein mit reichen und entgegenkommenden Aromen von Bananen, Mocca Kaffee und Toffee, untermalt von leichten Marzipan- und Lakritzunternoten.Der sanfte Geschmack verw\u00f6hnt den Gaumen mit zarter Pflaume und krautigen NussaromenGenie\u00dfen Sie diesen Wein zu einem ger\u00e4ucherten Gefl\u00fcgelsalat, Pesto und frischem Mozzarella, Kudu Carpaccio und frisch ger\u00e4uchertem gr\u00fcnen Spargel.Alkohol: 15.01 vol%S\u00e4ure: 5.1 g\/l Rests\u00fc\u00dfe: 2.2 g\/l PH: 3.66Achtung: Die Jahrgangsangabe kann abweichen<\/p>\n","protected":false},"featured_media":4087,"comment_status":"open","ping_status":"closed","template":"","meta":[],"product_cat":[104],"product_tag":[],"yoast_head":"<!-- This site is optimized with the Yoast SEO plugin v19.14 - https:\/\/yoast.com\/wordpress\/plugins\/seo\/ -->\n<title>All\u00e9e Bleue Starlette Pinotage - Getr\u00e4nke Schl\u00fcter Onlineshop<\/title>\n<meta name=\"robots\" content=\"noindex, follow, max-snippet:-1, max-image-preview:large, max-video-preview:-1\" \/>\n<meta property=\"og:locale\" content=\"de_DE\" \/>\n<meta property=\"og:type\" content=\"article\" \/>\n<meta property=\"og:title\" content=\"All\u00e9e Bleue Starlette Pinotage - Getr\u00e4nke Schl\u00fcter Onlineshop\" \/>\n<meta property=\"og:description\" content=\"Ein k\u00f6stlicher Wein mit reichen und entgegenkommenden Aromen von Bananen, Mocca Kaffee und Toffee, untermalt von leichten Marzipan- und Lakritzunternoten.Der sanfte Geschmack verw\u00f6hnt den Gaumen mit zarter Pflaume und krautigen NussaromenGenie\u00dfen Sie diesen Wein zu einem ger\u00e4ucherten Gefl\u00fcgelsalat, Pesto und frischem Mozzarella, Kudu Carpaccio und frisch ger\u00e4uchertem gr\u00fcnen Spargel.Alkohol: 15.01 vol%S\u00e4ure: 5.1 g\/l Rests\u00fc\u00dfe: 2.2 g\/l PH: 3.66Achtung: Die Jahrgangsangabe kann abweichen\" \/>\n<meta property=\"og:url\" content=\"https:\/\/shop.merolution.de\/index.php\/product\/allee-bleue-starlette-pinotage\/\" \/>\n<meta property=\"og:site_name\" content=\"Getr\u00e4nke Schl\u00fcter Onlineshop\" \/>\n<meta property=\"og:image\" content=\"https:\/\/shop.merolution.de\/wp-content\/uploads\/2020\/05\/3345aPic1S1483640225_zz_2008_Starlette_Pinotage_klein.jpg\" \/>\n\t<meta property=\"og:image:width\" content=\"250\" \/>\n\t<meta property=\"og:image:height\" content=\"714\" \/>\n\t<meta property=\"og:image:type\" content=\"image\/jpeg\" \/>\n<meta name=\"twitter:card\" content=\"summary_large_image\" \/>\n<meta name=\"twitter:label1\" content=\"Gesch\u00e4tzte Lesezeit\" \/>\n\t<meta name=\"twitter:data1\" content=\"1\u00a0Minute\" \/>\n<script type=\"application\/ld+json\" class=\"yoast-schema-graph\">{\"@context\":\"https:\/\/schema.org\",\"@graph\":[{\"@type\":\"WebPage\",\"@id\":\"https:\/\/shop.merolution.de\/index.php\/product\/allee-bleue-starlette-pinotage\/\",\"url\":\"https:\/\/shop.merolution.de\/index.php\/product\/allee-bleue-starlette-pinotage\/\",\"name\":\"All\u00e9e Bleue Starlette Pinotage - Getr\u00e4nke Schl\u00fcter Onlineshop\",\"isPartOf\":{\"@id\":\"https:\/\/shop.merolution.de\/#website\"},\"datePublished\":\"2020-05-28T10:04:23+00:00\",\"dateModified\":\"2020-05-28T10:04:23+00:00\",\"breadcrumb\":{\"@id\":\"https:\/\/shop.merolution.de\/index.php\/product\/allee-bleue-starlette-pinotage\/#breadcrumb\"},\"inLanguage\":\"de\",\"potentialAction\":[{\"@type\":\"ReadAction\",\"target\":[\"https:\/\/shop.merolution.de\/index.php\/product\/allee-bleue-starlette-pinotage\/\"]}]},{\"@type\":\"BreadcrumbList\",\"@id\":\"https:\/\/shop.merolution.de\/index.php\/product\/allee-bleue-starlette-pinotage\/#breadcrumb\",\"itemListElement\":[{\"@type\":\"ListItem\",\"position\":1,\"name\":\"Home\",\"item\":\"https:\/\/shop.merolution.de\/\"},{\"@type\":\"ListItem\",\"position\":2,\"name\":\"Shop\",\"item\":\"https:\/\/shop.merolution.de\/\"},{\"@type\":\"ListItem\",\"position\":3,\"name\":\"All\u00e9e Bleue Starlette Pinotage\"}]},{\"@type\":\"WebSite\",\"@id\":\"https:\/\/shop.merolution.de\/#website\",\"url\":\"https:\/\/shop.merolution.de\/\",\"name\":\"Getr\u00e4nke Schl\u00fcter Onlineshop\",\"description\":\"Ihr Getr\u00e4nke-Partner in Hannover\",\"potentialAction\":[{\"@type\":\"SearchAction\",\"target\":{\"@type\":\"EntryPoint\",\"urlTemplate\":\"https:\/\/shop.merolution.de\/?s={search_term_string}\"},\"query-input\":\"required name=search_term_string\"}],\"inLanguage\":\"de\"}]}<\/script>\n<!-- \/ Yoast SEO plugin. -->","yoast_head_json":{"title":"All\u00e9e Bleue Starlette Pinotage - Getr\u00e4nke Schl\u00fcter Onlineshop","robots":{"index":"noindex","follow":"follow","max-snippet":"max-snippet:-1","max-image-preview":"max-image-preview:large","max-video-preview":"max-video-preview:-1"},"og_locale":"de_DE","og_type":"article","og_title":"All\u00e9e Bleue Starlette Pinotage - Getr\u00e4nke Schl\u00fcter Onlineshop","og_description":"Ein k\u00f6stlicher Wein mit reichen und entgegenkommenden Aromen von Bananen, Mocca Kaffee und Toffee, untermalt von leichten Marzipan- und Lakritzunternoten.Der sanfte Geschmack verw\u00f6hnt den Gaumen mit zarter Pflaume und krautigen NussaromenGenie\u00dfen Sie diesen Wein zu einem ger\u00e4ucherten Gefl\u00fcgelsalat, Pesto und frischem Mozzarella, Kudu Carpaccio und frisch ger\u00e4uchertem gr\u00fcnen Spargel.Alkohol: 15.01 vol%S\u00e4ure: 5.1 g\/l Rests\u00fc\u00dfe: 2.2 g\/l PH: 3.66Achtung: Die Jahrgangsangabe kann abweichen","og_url":"https:\/\/shop.merolution.de\/index.php\/product\/allee-bleue-starlette-pinotage\/","og_site_name":"Getr\u00e4nke Schl\u00fcter Onlineshop","og_image":[{"width":250,"height":714,"url":"https:\/\/shop.merolution.de\/wp-content\/uploads\/2020\/05\/3345aPic1S1483640225_zz_2008_Starlette_Pinotage_klein.jpg","type":"image\/jpeg"}],"twitter_card":"summary_large_image","twitter_misc":{"Gesch\u00e4tzte Lesezeit":"1\u00a0Minute"},"schema":{"@context":"https:\/\/schema.org","@graph":[{"@type":"WebPage","@id":"https:\/\/shop.merolution.de\/index.php\/product\/allee-bleue-starlette-pinotage\/","url":"https:\/\/shop.merolution.de\/index.php\/product\/allee-bleue-starlette-pinotage\/","name":"All\u00e9e Bleue Starlette Pinotage - Getr\u00e4nke Schl\u00fcter Onlineshop","isPartOf":{"@id":"https:\/\/shop.merolution.de\/#website"},"datePublished":"2020-05-28T10:04:23+00:00","dateModified":"2020-05-28T10:04:23+00:00","breadcrumb":{"@id":"https:\/\/shop.merolution.de\/index.php\/product\/allee-bleue-starlette-pinotage\/#breadcrumb"},"inLanguage":"de","potentialAction":[{"@type":"ReadAction","target":["https:\/\/shop.merolution.de\/index.php\/product\/allee-bleue-starlette-pinotage\/"]}]},{"@type":"BreadcrumbList","@id":"https:\/\/shop.merolution.de\/index.php\/product\/allee-bleue-starlette-pinotage\/#breadcrumb","itemListElement":[{"@type":"ListItem","position":1,"name":"Home","item":"https:\/\/shop.merolution.de\/"},{"@type":"ListItem","position":2,"name":"Shop","item":"https:\/\/shop.merolution.de\/"},{"@type":"ListItem","position":3,"name":"All\u00e9e Bleue Starlette Pinotage"}]},{"@type":"WebSite","@id":"https:\/\/shop.merolution.de\/#website","url":"https:\/\/shop.merolution.de\/","name":"Getr\u00e4nke Schl\u00fcter Onlineshop","description":"Ihr Getr\u00e4nke-Partner in Hannover","potentialAction":[{"@type":"SearchAction","target":{"@type":"EntryPoint","urlTemplate":"https:\/\/shop.merolution.de\/?s={search_term_string}"},"query-input":"required name=search_term_string"}],"inLanguage":"de"}]}},"_links":{"self":[{"href":"https:\/\/shop.merolution.de\/index.php\/wp-json\/wp\/v2\/product\/4086"}],"collection":[{"href":"https:\/\/shop.merolution.de\/index.php\/wp-json\/wp\/v2\/product"}],"about":[{"href":"https:\/\/shop.merolution.de\/index.php\/wp-json\/wp\/v2\/types\/product"}],"replies":[{"embeddable":true,"href":"https:\/\/shop.merolution.de\/index.php\/wp-json\/wp\/v2\/comments?post=4086"}],"wp:featuredmedia":[{"embeddable":true,"href":"https:\/\/shop.merolution.de\/index.php\/wp-json\/wp\/v2\/media\/4087"}],"wp:attachment":[{"href":"https:\/\/shop.merolution.de\/index.php\/wp-json\/wp\/v2\/media?parent=4086"}],"wp:term":[{"taxonomy":"product_cat","embeddable":true,"href":"https:\/\/shop.merolution.de\/index.php\/wp-json\/wp\/v2\/product_cat?post=4086"},{"taxonomy":"product_tag","embeddable":true,"href":"https:\/\/shop.merolution.de\/index.php\/wp-json\/wp\/v2\/product_tag?post=4086"}],"curies":[{"name":"wp","href":"https:\/\/api.w.org\/{rel}","templated":true}]}}