{"id":4092,"date":"2020-05-28T10:04:23","date_gmt":"2020-05-28T10:04:23","guid":{"rendered":"https:\/\/shop.merolution.de\/index.php\/product\/allee-bleue-lamour-toujour\/"},"modified":"2020-05-28T10:04:23","modified_gmt":"2020-05-28T10:04:23","slug":"allee-bleue-lamour-toujour","status":"publish","type":"product","link":"https:\/\/shop.merolution.de\/index.php\/product\/allee-bleue-lamour-toujour\/","title":{"rendered":"All\u00e9e Bleue L&#8217;amour Toujour"},"content":{"rendered":"<p>S\u00dcDAFRIKA: Cuv\u00e9e aus Cabernet Sauvignon, Merlot, Shiraz und GrenacheSehr dichtes Purpurrot mit violetten Reflexen und fast schwarzem Kern. Der Duft zeigt eine sehr gute Struktur mit Aromen von Pflaumen und Kirschen, dazu dezente, florale Noten, feine Zedernholzw\u00fcrze, einen Hauch von Mocca und milden Gew\u00fcrzen. Am Gaumen \u00fcberzeugt er mit sehr guter Struktur mit dichten, reifen Tanninen und einer sehr guten L\u00e4nge. Im Finale intensive Frucht und milde Gew\u00fcrzaromen, die den Geschmack der &#8222;ewigen Liebe&#8220; vermitteln. Die deutsche Unternehmerfamilie Dauphin \u00fcbernahm ALL\u00c9E BLEUE 1999 und hauchte ihm mit einer gro\u00dfen Portion Pioniergeist neues Weinleben ein. Das 1690 gegr\u00fcndete, 150 Hektar gro\u00dfe Estate, auf dem \u00fcber rund 100 Jahre hinweg kein edler Tropfen mehr erzeugt worden war, bringt heute wieder Rot- und Wei\u00dfweine von internationaler Spitzenklasse hervor. Bei der Komplettsanierung wurden die neuen Besitzer vom deutschen K\u00fcnstler- und Designerpaar Gundel und Emil Sogor unterst\u00fctzt, das die neue au\u00dfergew\u00f6hnliche Identit\u00e4t des Estates auf hohem \u00e4sthetischem Niveau entscheidend mitgepr\u00e4gt hat. Liebevoll restauriertes Erbe, zeitgem\u00e4\u00dfer Lebensstil und herzliche Gastlichkeit gehen auf ALL\u00c9E BLEUE heute eine harmonische Verbindung ein. Pa\u00dft gut zu gebratenen oder gegrillten Gerichten von dunklem Fleisch oder feinem Wild, auch kr\u00e4ftiges Wildgefl\u00fcgel, Pasteten und Aufl\u00e4ufe, Ragouts, Gerichte mit feinen, milden Gew\u00fcrzkomponenten, mild-w\u00fcrzige K\u00e4sesorten.Alkohol: 15.00 vol%S\u00e4ure: 5.8 g\/l Rests\u00fc\u00dfe: 2.2 g\/l PH: 3.75Achtung: Die Jahrgangsangabe kann abweichen<\/p>\n","protected":false},"excerpt":{"rendered":"<p>S\u00dcDAFRIKA: Cuv\u00e9e aus Cabernet Sauvignon, Merlot, Shiraz und GrenacheSehr dichtes Purpurrot mit violetten Reflexen und fast schwarzem Kern. Der Duft zeigt eine sehr gute Struktur mit Aromen von Pflaumen und Kirschen, dazu dezente, florale Noten, feine Zedernholzw\u00fcrze, einen Hauch von Mocca und milden Gew\u00fcrzen. Am Gaumen \u00fcberzeugt er mit sehr guter Struktur mit dichten, reifen Tanninen und einer sehr guten L\u00e4nge. Im Finale intensive Frucht und milde Gew\u00fcrzaromen, die den Geschmack der &#8222;ewigen Liebe&#8220; vermitteln. Pa\u00dft gut zu gebratenen oder gegrillten Gerichten von dunklem Fleisch oder feinem Wild, auch kr\u00e4ftiges Wildgefl\u00fcgel, Pasteten und Aufl\u00e4ufe, Ragouts, Gerichte mit feinen, milden Gew\u00fcrzkomponenten, mild-w\u00fcrzige K\u00e4sesorten.Alkohol: 15.00 vol%S\u00e4ure: 5.8 g\/l Rests\u00fc\u00dfe: 2.2 g\/l PH: 3.75Achtung: Die Jahrgangsangabe kann abweichen<\/p>\n","protected":false},"featured_media":4093,"comment_status":"open","ping_status":"closed","template":"","meta":[],"product_cat":[104],"product_tag":[],"yoast_head":"<!-- This site is optimized with the Yoast SEO plugin v19.14 - https:\/\/yoast.com\/wordpress\/plugins\/seo\/ -->\n<title>All\u00e9e Bleue L&#039;amour Toujour - Getr\u00e4nke Schl\u00fcter Onlineshop<\/title>\n<meta name=\"robots\" content=\"noindex, follow, max-snippet:-1, max-image-preview:large, max-video-preview:-1\" \/>\n<meta property=\"og:locale\" content=\"de_DE\" \/>\n<meta property=\"og:type\" content=\"article\" \/>\n<meta property=\"og:title\" content=\"All\u00e9e Bleue L&#039;amour Toujour - Getr\u00e4nke Schl\u00fcter Onlineshop\" \/>\n<meta property=\"og:description\" content=\"S\u00dcDAFRIKA: Cuv\u00e9e aus Cabernet Sauvignon, Merlot, Shiraz und GrenacheSehr dichtes Purpurrot mit violetten Reflexen und fast schwarzem Kern. Der Duft zeigt eine sehr gute Struktur mit Aromen von Pflaumen und Kirschen, dazu dezente, florale Noten, feine Zedernholzw\u00fcrze, einen Hauch von Mocca und milden Gew\u00fcrzen. Am Gaumen \u00fcberzeugt er mit sehr guter Struktur mit dichten, reifen Tanninen und einer sehr guten L\u00e4nge. Im Finale intensive Frucht und milde Gew\u00fcrzaromen, die den Geschmack der &quot;ewigen Liebe&quot; vermitteln. Pa\u00dft gut zu gebratenen oder gegrillten Gerichten von dunklem Fleisch oder feinem Wild, auch kr\u00e4ftiges Wildgefl\u00fcgel, Pasteten und Aufl\u00e4ufe, Ragouts, Gerichte mit feinen, milden Gew\u00fcrzkomponenten, mild-w\u00fcrzige K\u00e4sesorten.Alkohol: 15.00 vol%S\u00e4ure: 5.8 g\/l Rests\u00fc\u00dfe: 2.2 g\/l PH: 3.75Achtung: Die Jahrgangsangabe kann abweichen\" \/>\n<meta property=\"og:url\" content=\"https:\/\/shop.merolution.de\/index.php\/product\/allee-bleue-lamour-toujour\/\" \/>\n<meta property=\"og:site_name\" content=\"Getr\u00e4nke Schl\u00fcter Onlineshop\" \/>\n<meta property=\"og:image\" content=\"https:\/\/shop.merolution.de\/wp-content\/uploads\/2020\/05\/3348aPic1S552396538_zz_LamourToujours_06_klein.jpg\" \/>\n\t<meta property=\"og:image:width\" content=\"250\" \/>\n\t<meta property=\"og:image:height\" content=\"715\" \/>\n\t<meta property=\"og:image:type\" content=\"image\/jpeg\" \/>\n<meta name=\"twitter:card\" content=\"summary_large_image\" \/>\n<meta name=\"twitter:label1\" content=\"Gesch\u00e4tzte Lesezeit\" \/>\n\t<meta name=\"twitter:data1\" content=\"1\u00a0Minute\" \/>\n<script type=\"application\/ld+json\" class=\"yoast-schema-graph\">{\"@context\":\"https:\/\/schema.org\",\"@graph\":[{\"@type\":\"WebPage\",\"@id\":\"https:\/\/shop.merolution.de\/index.php\/product\/allee-bleue-lamour-toujour\/\",\"url\":\"https:\/\/shop.merolution.de\/index.php\/product\/allee-bleue-lamour-toujour\/\",\"name\":\"All\u00e9e Bleue L'amour Toujour - Getr\u00e4nke Schl\u00fcter Onlineshop\",\"isPartOf\":{\"@id\":\"https:\/\/shop.merolution.de\/#website\"},\"datePublished\":\"2020-05-28T10:04:23+00:00\",\"dateModified\":\"2020-05-28T10:04:23+00:00\",\"breadcrumb\":{\"@id\":\"https:\/\/shop.merolution.de\/index.php\/product\/allee-bleue-lamour-toujour\/#breadcrumb\"},\"inLanguage\":\"de\",\"potentialAction\":[{\"@type\":\"ReadAction\",\"target\":[\"https:\/\/shop.merolution.de\/index.php\/product\/allee-bleue-lamour-toujour\/\"]}]},{\"@type\":\"BreadcrumbList\",\"@id\":\"https:\/\/shop.merolution.de\/index.php\/product\/allee-bleue-lamour-toujour\/#breadcrumb\",\"itemListElement\":[{\"@type\":\"ListItem\",\"position\":1,\"name\":\"Home\",\"item\":\"https:\/\/shop.merolution.de\/\"},{\"@type\":\"ListItem\",\"position\":2,\"name\":\"Shop\",\"item\":\"https:\/\/shop.merolution.de\/\"},{\"@type\":\"ListItem\",\"position\":3,\"name\":\"All\u00e9e Bleue L&#8217;amour Toujour\"}]},{\"@type\":\"WebSite\",\"@id\":\"https:\/\/shop.merolution.de\/#website\",\"url\":\"https:\/\/shop.merolution.de\/\",\"name\":\"Getr\u00e4nke Schl\u00fcter Onlineshop\",\"description\":\"Ihr Getr\u00e4nke-Partner in Hannover\",\"potentialAction\":[{\"@type\":\"SearchAction\",\"target\":{\"@type\":\"EntryPoint\",\"urlTemplate\":\"https:\/\/shop.merolution.de\/?s={search_term_string}\"},\"query-input\":\"required name=search_term_string\"}],\"inLanguage\":\"de\"}]}<\/script>\n<!-- \/ Yoast SEO plugin. -->","yoast_head_json":{"title":"All\u00e9e Bleue L'amour Toujour - Getr\u00e4nke Schl\u00fcter Onlineshop","robots":{"index":"noindex","follow":"follow","max-snippet":"max-snippet:-1","max-image-preview":"max-image-preview:large","max-video-preview":"max-video-preview:-1"},"og_locale":"de_DE","og_type":"article","og_title":"All\u00e9e Bleue L'amour Toujour - Getr\u00e4nke Schl\u00fcter Onlineshop","og_description":"S\u00dcDAFRIKA: Cuv\u00e9e aus Cabernet Sauvignon, Merlot, Shiraz und GrenacheSehr dichtes Purpurrot mit violetten Reflexen und fast schwarzem Kern. Der Duft zeigt eine sehr gute Struktur mit Aromen von Pflaumen und Kirschen, dazu dezente, florale Noten, feine Zedernholzw\u00fcrze, einen Hauch von Mocca und milden Gew\u00fcrzen. Am Gaumen \u00fcberzeugt er mit sehr guter Struktur mit dichten, reifen Tanninen und einer sehr guten L\u00e4nge. Im Finale intensive Frucht und milde Gew\u00fcrzaromen, die den Geschmack der \"ewigen Liebe\" vermitteln. Pa\u00dft gut zu gebratenen oder gegrillten Gerichten von dunklem Fleisch oder feinem Wild, auch kr\u00e4ftiges Wildgefl\u00fcgel, Pasteten und Aufl\u00e4ufe, Ragouts, Gerichte mit feinen, milden Gew\u00fcrzkomponenten, mild-w\u00fcrzige K\u00e4sesorten.Alkohol: 15.00 vol%S\u00e4ure: 5.8 g\/l Rests\u00fc\u00dfe: 2.2 g\/l PH: 3.75Achtung: Die Jahrgangsangabe kann abweichen","og_url":"https:\/\/shop.merolution.de\/index.php\/product\/allee-bleue-lamour-toujour\/","og_site_name":"Getr\u00e4nke Schl\u00fcter Onlineshop","og_image":[{"width":250,"height":715,"url":"https:\/\/shop.merolution.de\/wp-content\/uploads\/2020\/05\/3348aPic1S552396538_zz_LamourToujours_06_klein.jpg","type":"image\/jpeg"}],"twitter_card":"summary_large_image","twitter_misc":{"Gesch\u00e4tzte Lesezeit":"1\u00a0Minute"},"schema":{"@context":"https:\/\/schema.org","@graph":[{"@type":"WebPage","@id":"https:\/\/shop.merolution.de\/index.php\/product\/allee-bleue-lamour-toujour\/","url":"https:\/\/shop.merolution.de\/index.php\/product\/allee-bleue-lamour-toujour\/","name":"All\u00e9e Bleue L'amour Toujour - Getr\u00e4nke Schl\u00fcter Onlineshop","isPartOf":{"@id":"https:\/\/shop.merolution.de\/#website"},"datePublished":"2020-05-28T10:04:23+00:00","dateModified":"2020-05-28T10:04:23+00:00","breadcrumb":{"@id":"https:\/\/shop.merolution.de\/index.php\/product\/allee-bleue-lamour-toujour\/#breadcrumb"},"inLanguage":"de","potentialAction":[{"@type":"ReadAction","target":["https:\/\/shop.merolution.de\/index.php\/product\/allee-bleue-lamour-toujour\/"]}]},{"@type":"BreadcrumbList","@id":"https:\/\/shop.merolution.de\/index.php\/product\/allee-bleue-lamour-toujour\/#breadcrumb","itemListElement":[{"@type":"ListItem","position":1,"name":"Home","item":"https:\/\/shop.merolution.de\/"},{"@type":"ListItem","position":2,"name":"Shop","item":"https:\/\/shop.merolution.de\/"},{"@type":"ListItem","position":3,"name":"All\u00e9e Bleue L&#8217;amour Toujour"}]},{"@type":"WebSite","@id":"https:\/\/shop.merolution.de\/#website","url":"https:\/\/shop.merolution.de\/","name":"Getr\u00e4nke Schl\u00fcter Onlineshop","description":"Ihr Getr\u00e4nke-Partner in Hannover","potentialAction":[{"@type":"SearchAction","target":{"@type":"EntryPoint","urlTemplate":"https:\/\/shop.merolution.de\/?s={search_term_string}"},"query-input":"required name=search_term_string"}],"inLanguage":"de"}]}},"_links":{"self":[{"href":"https:\/\/shop.merolution.de\/index.php\/wp-json\/wp\/v2\/product\/4092"}],"collection":[{"href":"https:\/\/shop.merolution.de\/index.php\/wp-json\/wp\/v2\/product"}],"about":[{"href":"https:\/\/shop.merolution.de\/index.php\/wp-json\/wp\/v2\/types\/product"}],"replies":[{"embeddable":true,"href":"https:\/\/shop.merolution.de\/index.php\/wp-json\/wp\/v2\/comments?post=4092"}],"wp:featuredmedia":[{"embeddable":true,"href":"https:\/\/shop.merolution.de\/index.php\/wp-json\/wp\/v2\/media\/4093"}],"wp:attachment":[{"href":"https:\/\/shop.merolution.de\/index.php\/wp-json\/wp\/v2\/media?parent=4092"}],"wp:term":[{"taxonomy":"product_cat","embeddable":true,"href":"https:\/\/shop.merolution.de\/index.php\/wp-json\/wp\/v2\/product_cat?post=4092"},{"taxonomy":"product_tag","embeddable":true,"href":"https:\/\/shop.merolution.de\/index.php\/wp-json\/wp\/v2\/product_tag?post=4092"}],"curies":[{"name":"wp","href":"https:\/\/api.w.org\/{rel}","templated":true}]}}