{"id":4117,"date":"2020-05-28T10:04:27","date_gmt":"2020-05-28T10:04:27","guid":{"rendered":"https:\/\/shop.merolution.de\/index.php\/product\/flensburger-malzbier-20-033\/"},"modified":"2020-05-28T10:04:27","modified_gmt":"2020-05-28T10:04:27","slug":"flensburger-malzbier-20-033","status":"publish","type":"product","link":"https:\/\/shop.merolution.de\/index.php\/product\/flensburger-malzbier-20-033\/","title":{"rendered":"Flensburger Malzbier &#8211; 20\/0,33"},"content":{"rendered":"<p>20\/0,33 &#8211; alkoholfrei &#8211; Der intensiv malzaromatische Charakter ist auf unsere besondere Braurezeptur zur\u00fcckzuf\u00fchren, nach der wir unser Flensburger Malz in einem speziellen Ausmischverfahren ohne Zusatz von Zucker unter ausschlie\u00dflicher Verwendung von Fruchtsaftkonzentrat nat\u00fcrlicher Herkunft mit S\u00fc\u00dfungsmitteln herstellen.100 ml enthalten:Brennwert: 38 kJ (9 kcal), Eiwei\u00df: 0,1 g,Kohlenhydrate: 1,7 g, Fett: 0,0 g &#8211; B\u00fcgelverschluss &#8211; Plopp &#8211; Pfand \u0080 4,50<\/p>\n","protected":false},"excerpt":{"rendered":"<p>20\/0,33 &#8211; Flensburger Malzbier alkoholfrei &#8211; B\u00fcgelverschluss &#8211; Plopp &#8211; Pfand \u0080 4,50<\/p>\n","protected":false},"featured_media":4118,"comment_status":"open","ping_status":"closed","template":"","meta":[],"product_cat":[105],"product_tag":[],"yoast_head":"<!-- This site is optimized with the Yoast SEO plugin v19.14 - https:\/\/yoast.com\/wordpress\/plugins\/seo\/ -->\n<title>Flensburger Malzbier - 20\/0,33 - Getr\u00e4nke Schl\u00fcter Onlineshop<\/title>\n<meta name=\"robots\" content=\"noindex, follow, max-snippet:-1, max-image-preview:large, max-video-preview:-1\" \/>\n<meta property=\"og:locale\" content=\"de_DE\" \/>\n<meta property=\"og:type\" content=\"article\" \/>\n<meta property=\"og:title\" content=\"Flensburger Malzbier - 20\/0,33 - Getr\u00e4nke Schl\u00fcter Onlineshop\" \/>\n<meta property=\"og:description\" content=\"20\/0,33 - Flensburger Malzbier alkoholfrei - B\u00fcgelverschluss - Plopp - Pfand \u0080 4,50\" \/>\n<meta property=\"og:url\" content=\"https:\/\/shop.merolution.de\/index.php\/product\/flensburger-malzbier-20-033\/\" \/>\n<meta property=\"og:site_name\" content=\"Getr\u00e4nke Schl\u00fcter Onlineshop\" \/>\n<meta property=\"og:image\" content=\"https:\/\/shop.merolution.de\/wp-content\/uploads\/2020\/05\/332aPic1S2095280683_zz_oval_malz.gif\" \/>\n\t<meta property=\"og:image:width\" content=\"250\" \/>\n\t<meta property=\"og:image:height\" content=\"276\" \/>\n\t<meta property=\"og:image:type\" content=\"image\/gif\" \/>\n<meta name=\"twitter:card\" content=\"summary_large_image\" \/>\n<script type=\"application\/ld+json\" class=\"yoast-schema-graph\">{\"@context\":\"https:\/\/schema.org\",\"@graph\":[{\"@type\":\"WebPage\",\"@id\":\"https:\/\/shop.merolution.de\/index.php\/product\/flensburger-malzbier-20-033\/\",\"url\":\"https:\/\/shop.merolution.de\/index.php\/product\/flensburger-malzbier-20-033\/\",\"name\":\"Flensburger Malzbier - 20\/0,33 - Getr\u00e4nke Schl\u00fcter Onlineshop\",\"isPartOf\":{\"@id\":\"https:\/\/shop.merolution.de\/#website\"},\"datePublished\":\"2020-05-28T10:04:27+00:00\",\"dateModified\":\"2020-05-28T10:04:27+00:00\",\"breadcrumb\":{\"@id\":\"https:\/\/shop.merolution.de\/index.php\/product\/flensburger-malzbier-20-033\/#breadcrumb\"},\"inLanguage\":\"de\",\"potentialAction\":[{\"@type\":\"ReadAction\",\"target\":[\"https:\/\/shop.merolution.de\/index.php\/product\/flensburger-malzbier-20-033\/\"]}]},{\"@type\":\"BreadcrumbList\",\"@id\":\"https:\/\/shop.merolution.de\/index.php\/product\/flensburger-malzbier-20-033\/#breadcrumb\",\"itemListElement\":[{\"@type\":\"ListItem\",\"position\":1,\"name\":\"Home\",\"item\":\"https:\/\/shop.merolution.de\/\"},{\"@type\":\"ListItem\",\"position\":2,\"name\":\"Shop\",\"item\":\"https:\/\/shop.merolution.de\/\"},{\"@type\":\"ListItem\",\"position\":3,\"name\":\"Flensburger Malzbier &#8211; 20\/0,33\"}]},{\"@type\":\"WebSite\",\"@id\":\"https:\/\/shop.merolution.de\/#website\",\"url\":\"https:\/\/shop.merolution.de\/\",\"name\":\"Getr\u00e4nke Schl\u00fcter Onlineshop\",\"description\":\"Ihr Getr\u00e4nke-Partner in Hannover\",\"potentialAction\":[{\"@type\":\"SearchAction\",\"target\":{\"@type\":\"EntryPoint\",\"urlTemplate\":\"https:\/\/shop.merolution.de\/?s={search_term_string}\"},\"query-input\":\"required name=search_term_string\"}],\"inLanguage\":\"de\"}]}<\/script>\n<!-- \/ Yoast SEO plugin. -->","yoast_head_json":{"title":"Flensburger Malzbier - 20\/0,33 - Getr\u00e4nke Schl\u00fcter Onlineshop","robots":{"index":"noindex","follow":"follow","max-snippet":"max-snippet:-1","max-image-preview":"max-image-preview:large","max-video-preview":"max-video-preview:-1"},"og_locale":"de_DE","og_type":"article","og_title":"Flensburger Malzbier - 20\/0,33 - Getr\u00e4nke Schl\u00fcter Onlineshop","og_description":"20\/0,33 - Flensburger Malzbier alkoholfrei - B\u00fcgelverschluss - Plopp - Pfand \u0080 4,50","og_url":"https:\/\/shop.merolution.de\/index.php\/product\/flensburger-malzbier-20-033\/","og_site_name":"Getr\u00e4nke Schl\u00fcter Onlineshop","og_image":[{"width":250,"height":276,"url":"https:\/\/shop.merolution.de\/wp-content\/uploads\/2020\/05\/332aPic1S2095280683_zz_oval_malz.gif","type":"image\/gif"}],"twitter_card":"summary_large_image","schema":{"@context":"https:\/\/schema.org","@graph":[{"@type":"WebPage","@id":"https:\/\/shop.merolution.de\/index.php\/product\/flensburger-malzbier-20-033\/","url":"https:\/\/shop.merolution.de\/index.php\/product\/flensburger-malzbier-20-033\/","name":"Flensburger Malzbier - 20\/0,33 - Getr\u00e4nke Schl\u00fcter Onlineshop","isPartOf":{"@id":"https:\/\/shop.merolution.de\/#website"},"datePublished":"2020-05-28T10:04:27+00:00","dateModified":"2020-05-28T10:04:27+00:00","breadcrumb":{"@id":"https:\/\/shop.merolution.de\/index.php\/product\/flensburger-malzbier-20-033\/#breadcrumb"},"inLanguage":"de","potentialAction":[{"@type":"ReadAction","target":["https:\/\/shop.merolution.de\/index.php\/product\/flensburger-malzbier-20-033\/"]}]},{"@type":"BreadcrumbList","@id":"https:\/\/shop.merolution.de\/index.php\/product\/flensburger-malzbier-20-033\/#breadcrumb","itemListElement":[{"@type":"ListItem","position":1,"name":"Home","item":"https:\/\/shop.merolution.de\/"},{"@type":"ListItem","position":2,"name":"Shop","item":"https:\/\/shop.merolution.de\/"},{"@type":"ListItem","position":3,"name":"Flensburger Malzbier &#8211; 20\/0,33"}]},{"@type":"WebSite","@id":"https:\/\/shop.merolution.de\/#website","url":"https:\/\/shop.merolution.de\/","name":"Getr\u00e4nke Schl\u00fcter Onlineshop","description":"Ihr Getr\u00e4nke-Partner in Hannover","potentialAction":[{"@type":"SearchAction","target":{"@type":"EntryPoint","urlTemplate":"https:\/\/shop.merolution.de\/?s={search_term_string}"},"query-input":"required name=search_term_string"}],"inLanguage":"de"}]}},"_links":{"self":[{"href":"https:\/\/shop.merolution.de\/index.php\/wp-json\/wp\/v2\/product\/4117"}],"collection":[{"href":"https:\/\/shop.merolution.de\/index.php\/wp-json\/wp\/v2\/product"}],"about":[{"href":"https:\/\/shop.merolution.de\/index.php\/wp-json\/wp\/v2\/types\/product"}],"replies":[{"embeddable":true,"href":"https:\/\/shop.merolution.de\/index.php\/wp-json\/wp\/v2\/comments?post=4117"}],"wp:featuredmedia":[{"embeddable":true,"href":"https:\/\/shop.merolution.de\/index.php\/wp-json\/wp\/v2\/media\/4118"}],"wp:attachment":[{"href":"https:\/\/shop.merolution.de\/index.php\/wp-json\/wp\/v2\/media?parent=4117"}],"wp:term":[{"taxonomy":"product_cat","embeddable":true,"href":"https:\/\/shop.merolution.de\/index.php\/wp-json\/wp\/v2\/product_cat?post=4117"},{"taxonomy":"product_tag","embeddable":true,"href":"https:\/\/shop.merolution.de\/index.php\/wp-json\/wp\/v2\/product_tag?post=4117"}],"curies":[{"name":"wp","href":"https:\/\/api.w.org\/{rel}","templated":true}]}}