{"id":4119,"date":"2020-05-28T10:04:27","date_gmt":"2020-05-28T10:04:27","guid":{"rendered":"https:\/\/shop.merolution.de\/index.php\/product\/franziskaner-05-alkoholfreies-weizen\/"},"modified":"2020-05-28T10:04:27","modified_gmt":"2020-05-28T10:04:27","slug":"franziskaner-05-alkoholfreies-weizen","status":"publish","type":"product","link":"https:\/\/shop.merolution.de\/index.php\/product\/franziskaner-05-alkoholfreies-weizen\/","title":{"rendered":"Franziskaner 0,5 alkoholfreies Weizen"},"content":{"rendered":"<p>20\/0,50 &#8211; alkoholfreies Hefeweissbier aus M\u00fcnchen &#8211; < 0,5vol Alkohol - Pfand: \u0080 3,10.\n<\/p>\n","protected":false},"excerpt":{"rendered":"<p>20\/0,50 &#8211; alkoholfreies Hefeweissbier aus M\u00fcnchen &#8211; < 0,5vol Alkohol - Pfand: \u0080 3,10.\n<\/p>\n","protected":false},"featured_media":4120,"comment_status":"open","ping_status":"closed","template":"","meta":[],"product_cat":[105],"product_tag":[],"yoast_head":"<!-- This site is optimized with the Yoast SEO plugin v19.14 - https:\/\/yoast.com\/wordpress\/plugins\/seo\/ -->\n<title>Franziskaner 0,5 alkoholfreies Weizen - Getr\u00e4nke Schl\u00fcter Onlineshop<\/title>\n<meta name=\"robots\" content=\"noindex, follow, max-snippet:-1, max-image-preview:large, max-video-preview:-1\" \/>\n<meta property=\"og:locale\" content=\"de_DE\" \/>\n<meta property=\"og:type\" content=\"article\" \/>\n<meta property=\"og:title\" content=\"Franziskaner 0,5 alkoholfreies Weizen - Getr\u00e4nke Schl\u00fcter Onlineshop\" \/>\n<meta property=\"og:description\" content=\"20\/0,50 - alkoholfreies Hefeweissbier aus M\u00fcnchen - &lt; 0,5vol Alkohol - Pfand: \u0080 3,10.\" \/>\n<meta property=\"og:url\" content=\"https:\/\/shop.merolution.de\/index.php\/product\/franziskaner-05-alkoholfreies-weizen\/\" \/>\n<meta property=\"og:site_name\" content=\"Getr\u00e4nke Schl\u00fcter Onlineshop\" \/>\n<meta property=\"og:image\" content=\"https:\/\/shop.merolution.de\/wp-content\/uploads\/2020\/05\/343aPic1S1778935877_zz_logo_franziskaner_alkfrei.jpg\" \/>\n\t<meta property=\"og:image:width\" content=\"150\" \/>\n\t<meta property=\"og:image:height\" content=\"33\" \/>\n\t<meta property=\"og:image:type\" content=\"image\/jpeg\" \/>\n<meta name=\"twitter:card\" content=\"summary_large_image\" \/>\n<script type=\"application\/ld+json\" class=\"yoast-schema-graph\">{\"@context\":\"https:\/\/schema.org\",\"@graph\":[{\"@type\":\"WebPage\",\"@id\":\"https:\/\/shop.merolution.de\/index.php\/product\/franziskaner-05-alkoholfreies-weizen\/\",\"url\":\"https:\/\/shop.merolution.de\/index.php\/product\/franziskaner-05-alkoholfreies-weizen\/\",\"name\":\"Franziskaner 0,5 alkoholfreies Weizen - Getr\u00e4nke Schl\u00fcter Onlineshop\",\"isPartOf\":{\"@id\":\"https:\/\/shop.merolution.de\/#website\"},\"datePublished\":\"2020-05-28T10:04:27+00:00\",\"dateModified\":\"2020-05-28T10:04:27+00:00\",\"breadcrumb\":{\"@id\":\"https:\/\/shop.merolution.de\/index.php\/product\/franziskaner-05-alkoholfreies-weizen\/#breadcrumb\"},\"inLanguage\":\"de\",\"potentialAction\":[{\"@type\":\"ReadAction\",\"target\":[\"https:\/\/shop.merolution.de\/index.php\/product\/franziskaner-05-alkoholfreies-weizen\/\"]}]},{\"@type\":\"BreadcrumbList\",\"@id\":\"https:\/\/shop.merolution.de\/index.php\/product\/franziskaner-05-alkoholfreies-weizen\/#breadcrumb\",\"itemListElement\":[{\"@type\":\"ListItem\",\"position\":1,\"name\":\"Home\",\"item\":\"https:\/\/shop.merolution.de\/\"},{\"@type\":\"ListItem\",\"position\":2,\"name\":\"Shop\",\"item\":\"https:\/\/shop.merolution.de\/\"},{\"@type\":\"ListItem\",\"position\":3,\"name\":\"Franziskaner 0,5 alkoholfreies Weizen\"}]},{\"@type\":\"WebSite\",\"@id\":\"https:\/\/shop.merolution.de\/#website\",\"url\":\"https:\/\/shop.merolution.de\/\",\"name\":\"Getr\u00e4nke Schl\u00fcter Onlineshop\",\"description\":\"Ihr Getr\u00e4nke-Partner in Hannover\",\"potentialAction\":[{\"@type\":\"SearchAction\",\"target\":{\"@type\":\"EntryPoint\",\"urlTemplate\":\"https:\/\/shop.merolution.de\/?s={search_term_string}\"},\"query-input\":\"required name=search_term_string\"}],\"inLanguage\":\"de\"}]}<\/script>\n<!-- \/ Yoast SEO plugin. -->","yoast_head_json":{"title":"Franziskaner 0,5 alkoholfreies Weizen - Getr\u00e4nke Schl\u00fcter Onlineshop","robots":{"index":"noindex","follow":"follow","max-snippet":"max-snippet:-1","max-image-preview":"max-image-preview:large","max-video-preview":"max-video-preview:-1"},"og_locale":"de_DE","og_type":"article","og_title":"Franziskaner 0,5 alkoholfreies Weizen - Getr\u00e4nke Schl\u00fcter Onlineshop","og_description":"20\/0,50 - alkoholfreies Hefeweissbier aus M\u00fcnchen - < 0,5vol Alkohol - Pfand: \u0080 3,10.","og_url":"https:\/\/shop.merolution.de\/index.php\/product\/franziskaner-05-alkoholfreies-weizen\/","og_site_name":"Getr\u00e4nke Schl\u00fcter Onlineshop","og_image":[{"width":150,"height":33,"url":"https:\/\/shop.merolution.de\/wp-content\/uploads\/2020\/05\/343aPic1S1778935877_zz_logo_franziskaner_alkfrei.jpg","type":"image\/jpeg"}],"twitter_card":"summary_large_image","schema":{"@context":"https:\/\/schema.org","@graph":[{"@type":"WebPage","@id":"https:\/\/shop.merolution.de\/index.php\/product\/franziskaner-05-alkoholfreies-weizen\/","url":"https:\/\/shop.merolution.de\/index.php\/product\/franziskaner-05-alkoholfreies-weizen\/","name":"Franziskaner 0,5 alkoholfreies Weizen - Getr\u00e4nke Schl\u00fcter Onlineshop","isPartOf":{"@id":"https:\/\/shop.merolution.de\/#website"},"datePublished":"2020-05-28T10:04:27+00:00","dateModified":"2020-05-28T10:04:27+00:00","breadcrumb":{"@id":"https:\/\/shop.merolution.de\/index.php\/product\/franziskaner-05-alkoholfreies-weizen\/#breadcrumb"},"inLanguage":"de","potentialAction":[{"@type":"ReadAction","target":["https:\/\/shop.merolution.de\/index.php\/product\/franziskaner-05-alkoholfreies-weizen\/"]}]},{"@type":"BreadcrumbList","@id":"https:\/\/shop.merolution.de\/index.php\/product\/franziskaner-05-alkoholfreies-weizen\/#breadcrumb","itemListElement":[{"@type":"ListItem","position":1,"name":"Home","item":"https:\/\/shop.merolution.de\/"},{"@type":"ListItem","position":2,"name":"Shop","item":"https:\/\/shop.merolution.de\/"},{"@type":"ListItem","position":3,"name":"Franziskaner 0,5 alkoholfreies Weizen"}]},{"@type":"WebSite","@id":"https:\/\/shop.merolution.de\/#website","url":"https:\/\/shop.merolution.de\/","name":"Getr\u00e4nke Schl\u00fcter Onlineshop","description":"Ihr Getr\u00e4nke-Partner in Hannover","potentialAction":[{"@type":"SearchAction","target":{"@type":"EntryPoint","urlTemplate":"https:\/\/shop.merolution.de\/?s={search_term_string}"},"query-input":"required name=search_term_string"}],"inLanguage":"de"}]}},"_links":{"self":[{"href":"https:\/\/shop.merolution.de\/index.php\/wp-json\/wp\/v2\/product\/4119"}],"collection":[{"href":"https:\/\/shop.merolution.de\/index.php\/wp-json\/wp\/v2\/product"}],"about":[{"href":"https:\/\/shop.merolution.de\/index.php\/wp-json\/wp\/v2\/types\/product"}],"replies":[{"embeddable":true,"href":"https:\/\/shop.merolution.de\/index.php\/wp-json\/wp\/v2\/comments?post=4119"}],"wp:featuredmedia":[{"embeddable":true,"href":"https:\/\/shop.merolution.de\/index.php\/wp-json\/wp\/v2\/media\/4120"}],"wp:attachment":[{"href":"https:\/\/shop.merolution.de\/index.php\/wp-json\/wp\/v2\/media?parent=4119"}],"wp:term":[{"taxonomy":"product_cat","embeddable":true,"href":"https:\/\/shop.merolution.de\/index.php\/wp-json\/wp\/v2\/product_cat?post=4119"},{"taxonomy":"product_tag","embeddable":true,"href":"https:\/\/shop.merolution.de\/index.php\/wp-json\/wp\/v2\/product_tag?post=4119"}],"curies":[{"name":"wp","href":"https:\/\/api.w.org\/{rel}","templated":true}]}}