{"id":4157,"date":"2020-05-28T10:04:34","date_gmt":"2020-05-28T10:04:34","guid":{"rendered":"https:\/\/shop.merolution.de\/index.php\/product\/stoertebeker-bernstein-weisse-alkoholfrei-20x050\/"},"modified":"2020-05-28T10:04:34","modified_gmt":"2020-05-28T10:04:34","slug":"stoertebeker-bernstein-weisse-alkoholfrei-20x050","status":"publish","type":"product","link":"https:\/\/shop.merolution.de\/index.php\/product\/stoertebeker-bernstein-weisse-alkoholfrei-20x050\/","title":{"rendered":"St\u00f6rtebeker Bernstein Weisse alkoholfrei 20&#215;0,50"},"content":{"rendered":"<p>alkoholfreies Hefeweissbier von St\u00f6rtebeker 20&#215;0,50 Weizen-, Pilsener- und dunkle Braumalze verleihen dem Bier die kr\u00e4ftige Bernsteinfarbe und bringen die leichte malzige S\u00fc\u00dfe in das Aroma und den Geschmack. Die kurze warme G\u00e4rung mit oberg\u00e4riger Hefe sorgt f\u00fcr die feinen Fruchtaromen, die dieses isotonische Bier auszeichnen. Die dezente Hopfung mit den Hopfensorten Opal und Cascade l\u00e4sst den s\u00fc\u00dfen und sauren Aromen die volle Entfaltung &#8211; Pfand: \u0080 3,10<\/p>\n","protected":false},"excerpt":{"rendered":"<p>St\u00f6rtebeker Bernstein Weizen alkoholfrei 20&#215;0,50 &#8211; alkoholfreies Hefeweissbier von St\u00f6rtebeker &#8211; Seit der Hansezeit werden in Norddeutschland Weizenbiere gebraut, um auf den umk\u00e4mpften Export-M\u00e4rkten der Hanse bestehen zu k\u00f6nnen.Die St\u00f6rtebeker Braumanufaktur folgt noch heute der Hansetradition und braut mit dem Bernstein-Weizen Alkoholfrei auch eine isotonische Variante, die nicht nur Sportlern schmeckt. Perfekt f\u00fcr den Genuss zwischendurch oder als Erfrischung an hei\u00dfen Tagen. Pfand: \u0080 3,10<\/p>\n","protected":false},"featured_media":4158,"comment_status":"open","ping_status":"closed","template":"","meta":[],"product_cat":[105],"product_tag":[],"yoast_head":"<!-- This site is optimized with the Yoast SEO plugin v19.14 - https:\/\/yoast.com\/wordpress\/plugins\/seo\/ -->\n<title>St\u00f6rtebeker Bernstein Weisse alkoholfrei 20x0,50 - Getr\u00e4nke Schl\u00fcter Onlineshop<\/title>\n<meta name=\"robots\" content=\"noindex, follow, max-snippet:-1, max-image-preview:large, max-video-preview:-1\" \/>\n<meta property=\"og:locale\" content=\"de_DE\" \/>\n<meta property=\"og:type\" content=\"article\" \/>\n<meta property=\"og:title\" content=\"St\u00f6rtebeker Bernstein Weisse alkoholfrei 20x0,50 - Getr\u00e4nke Schl\u00fcter Onlineshop\" \/>\n<meta property=\"og:description\" content=\"St\u00f6rtebeker Bernstein Weizen alkoholfrei 20x0,50 - alkoholfreies Hefeweissbier von St\u00f6rtebeker - Seit der Hansezeit werden in Norddeutschland Weizenbiere gebraut, um auf den umk\u00e4mpften Export-M\u00e4rkten der Hanse bestehen zu k\u00f6nnen.Die St\u00f6rtebeker Braumanufaktur folgt noch heute der Hansetradition und braut mit dem Bernstein-Weizen Alkoholfrei auch eine isotonische Variante, die nicht nur Sportlern schmeckt. Perfekt f\u00fcr den Genuss zwischendurch oder als Erfrischung an hei\u00dfen Tagen. Pfand: \u0080 3,10\" \/>\n<meta property=\"og:url\" content=\"https:\/\/shop.merolution.de\/index.php\/product\/stoertebeker-bernstein-weisse-alkoholfrei-20x050\/\" \/>\n<meta property=\"og:site_name\" content=\"Getr\u00e4nke Schl\u00fcter Onlineshop\" \/>\n<meta property=\"og:image\" content=\"https:\/\/shop.merolution.de\/wp-content\/uploads\/2020\/05\/stoertebeker-entdecker-kiste-frontal-300x330-aid-3472s.png\" \/>\n\t<meta property=\"og:image:width\" content=\"150\" \/>\n\t<meta property=\"og:image:height\" content=\"165\" \/>\n\t<meta property=\"og:image:type\" content=\"image\/png\" \/>\n<meta name=\"twitter:card\" content=\"summary_large_image\" \/>\n<script type=\"application\/ld+json\" class=\"yoast-schema-graph\">{\"@context\":\"https:\/\/schema.org\",\"@graph\":[{\"@type\":\"WebPage\",\"@id\":\"https:\/\/shop.merolution.de\/index.php\/product\/stoertebeker-bernstein-weisse-alkoholfrei-20x050\/\",\"url\":\"https:\/\/shop.merolution.de\/index.php\/product\/stoertebeker-bernstein-weisse-alkoholfrei-20x050\/\",\"name\":\"St\u00f6rtebeker Bernstein Weisse alkoholfrei 20x0,50 - Getr\u00e4nke Schl\u00fcter Onlineshop\",\"isPartOf\":{\"@id\":\"https:\/\/shop.merolution.de\/#website\"},\"datePublished\":\"2020-05-28T10:04:34+00:00\",\"dateModified\":\"2020-05-28T10:04:34+00:00\",\"breadcrumb\":{\"@id\":\"https:\/\/shop.merolution.de\/index.php\/product\/stoertebeker-bernstein-weisse-alkoholfrei-20x050\/#breadcrumb\"},\"inLanguage\":\"de\",\"potentialAction\":[{\"@type\":\"ReadAction\",\"target\":[\"https:\/\/shop.merolution.de\/index.php\/product\/stoertebeker-bernstein-weisse-alkoholfrei-20x050\/\"]}]},{\"@type\":\"BreadcrumbList\",\"@id\":\"https:\/\/shop.merolution.de\/index.php\/product\/stoertebeker-bernstein-weisse-alkoholfrei-20x050\/#breadcrumb\",\"itemListElement\":[{\"@type\":\"ListItem\",\"position\":1,\"name\":\"Home\",\"item\":\"https:\/\/shop.merolution.de\/\"},{\"@type\":\"ListItem\",\"position\":2,\"name\":\"Shop\",\"item\":\"https:\/\/shop.merolution.de\/\"},{\"@type\":\"ListItem\",\"position\":3,\"name\":\"St\u00f6rtebeker Bernstein Weisse alkoholfrei 20&#215;0,50\"}]},{\"@type\":\"WebSite\",\"@id\":\"https:\/\/shop.merolution.de\/#website\",\"url\":\"https:\/\/shop.merolution.de\/\",\"name\":\"Getr\u00e4nke Schl\u00fcter Onlineshop\",\"description\":\"Ihr Getr\u00e4nke-Partner in Hannover\",\"potentialAction\":[{\"@type\":\"SearchAction\",\"target\":{\"@type\":\"EntryPoint\",\"urlTemplate\":\"https:\/\/shop.merolution.de\/?s={search_term_string}\"},\"query-input\":\"required name=search_term_string\"}],\"inLanguage\":\"de\"}]}<\/script>\n<!-- \/ Yoast SEO plugin. -->","yoast_head_json":{"title":"St\u00f6rtebeker Bernstein Weisse alkoholfrei 20x0,50 - Getr\u00e4nke Schl\u00fcter Onlineshop","robots":{"index":"noindex","follow":"follow","max-snippet":"max-snippet:-1","max-image-preview":"max-image-preview:large","max-video-preview":"max-video-preview:-1"},"og_locale":"de_DE","og_type":"article","og_title":"St\u00f6rtebeker Bernstein Weisse alkoholfrei 20x0,50 - Getr\u00e4nke Schl\u00fcter Onlineshop","og_description":"St\u00f6rtebeker Bernstein Weizen alkoholfrei 20x0,50 - alkoholfreies Hefeweissbier von St\u00f6rtebeker - Seit der Hansezeit werden in Norddeutschland Weizenbiere gebraut, um auf den umk\u00e4mpften Export-M\u00e4rkten der Hanse bestehen zu k\u00f6nnen.Die St\u00f6rtebeker Braumanufaktur folgt noch heute der Hansetradition und braut mit dem Bernstein-Weizen Alkoholfrei auch eine isotonische Variante, die nicht nur Sportlern schmeckt. Perfekt f\u00fcr den Genuss zwischendurch oder als Erfrischung an hei\u00dfen Tagen. Pfand: \u0080 3,10","og_url":"https:\/\/shop.merolution.de\/index.php\/product\/stoertebeker-bernstein-weisse-alkoholfrei-20x050\/","og_site_name":"Getr\u00e4nke Schl\u00fcter Onlineshop","og_image":[{"width":150,"height":165,"url":"https:\/\/shop.merolution.de\/wp-content\/uploads\/2020\/05\/stoertebeker-entdecker-kiste-frontal-300x330-aid-3472s.png","type":"image\/png"}],"twitter_card":"summary_large_image","schema":{"@context":"https:\/\/schema.org","@graph":[{"@type":"WebPage","@id":"https:\/\/shop.merolution.de\/index.php\/product\/stoertebeker-bernstein-weisse-alkoholfrei-20x050\/","url":"https:\/\/shop.merolution.de\/index.php\/product\/stoertebeker-bernstein-weisse-alkoholfrei-20x050\/","name":"St\u00f6rtebeker Bernstein Weisse alkoholfrei 20x0,50 - Getr\u00e4nke Schl\u00fcter Onlineshop","isPartOf":{"@id":"https:\/\/shop.merolution.de\/#website"},"datePublished":"2020-05-28T10:04:34+00:00","dateModified":"2020-05-28T10:04:34+00:00","breadcrumb":{"@id":"https:\/\/shop.merolution.de\/index.php\/product\/stoertebeker-bernstein-weisse-alkoholfrei-20x050\/#breadcrumb"},"inLanguage":"de","potentialAction":[{"@type":"ReadAction","target":["https:\/\/shop.merolution.de\/index.php\/product\/stoertebeker-bernstein-weisse-alkoholfrei-20x050\/"]}]},{"@type":"BreadcrumbList","@id":"https:\/\/shop.merolution.de\/index.php\/product\/stoertebeker-bernstein-weisse-alkoholfrei-20x050\/#breadcrumb","itemListElement":[{"@type":"ListItem","position":1,"name":"Home","item":"https:\/\/shop.merolution.de\/"},{"@type":"ListItem","position":2,"name":"Shop","item":"https:\/\/shop.merolution.de\/"},{"@type":"ListItem","position":3,"name":"St\u00f6rtebeker Bernstein Weisse alkoholfrei 20&#215;0,50"}]},{"@type":"WebSite","@id":"https:\/\/shop.merolution.de\/#website","url":"https:\/\/shop.merolution.de\/","name":"Getr\u00e4nke Schl\u00fcter Onlineshop","description":"Ihr Getr\u00e4nke-Partner in Hannover","potentialAction":[{"@type":"SearchAction","target":{"@type":"EntryPoint","urlTemplate":"https:\/\/shop.merolution.de\/?s={search_term_string}"},"query-input":"required name=search_term_string"}],"inLanguage":"de"}]}},"_links":{"self":[{"href":"https:\/\/shop.merolution.de\/index.php\/wp-json\/wp\/v2\/product\/4157"}],"collection":[{"href":"https:\/\/shop.merolution.de\/index.php\/wp-json\/wp\/v2\/product"}],"about":[{"href":"https:\/\/shop.merolution.de\/index.php\/wp-json\/wp\/v2\/types\/product"}],"replies":[{"embeddable":true,"href":"https:\/\/shop.merolution.de\/index.php\/wp-json\/wp\/v2\/comments?post=4157"}],"wp:featuredmedia":[{"embeddable":true,"href":"https:\/\/shop.merolution.de\/index.php\/wp-json\/wp\/v2\/media\/4158"}],"wp:attachment":[{"href":"https:\/\/shop.merolution.de\/index.php\/wp-json\/wp\/v2\/media?parent=4157"}],"wp:term":[{"taxonomy":"product_cat","embeddable":true,"href":"https:\/\/shop.merolution.de\/index.php\/wp-json\/wp\/v2\/product_cat?post=4157"},{"taxonomy":"product_tag","embeddable":true,"href":"https:\/\/shop.merolution.de\/index.php\/wp-json\/wp\/v2\/product_tag?post=4157"}],"curies":[{"name":"wp","href":"https:\/\/api.w.org\/{rel}","templated":true}]}}