{"id":4271,"date":"2020-05-28T10:04:52","date_gmt":"2020-05-28T10:04:52","guid":{"rendered":"https:\/\/shop.merolution.de\/index.php\/product\/andechs-doppelbock-dunkel\/"},"modified":"2020-05-28T10:04:52","modified_gmt":"2020-05-28T10:04:52","slug":"andechs-doppelbock-dunkel","status":"publish","type":"product","link":"https:\/\/shop.merolution.de\/index.php\/product\/andechs-doppelbock-dunkel\/","title":{"rendered":"Andechs Doppelbock Dunkel"},"content":{"rendered":"<p>20\/0,50 &#8211; dunkler Doppelbock mit 7,1vol% Alkohol &#8211; Das weltber\u00fchmte Bockbier vom Heiligen Berg Bayerns will mit Genuss verkostet werden. Felsenfest steht der Andechser Doppelbock Dunkel auf dem Brotzeittisch mit einer Farbe, die an dunkles Kupfer erinnert, verbunden mit feurig roten Ankl\u00e4ngen. Sein glanzklares Aussehen verbindet sich harmonisch mit einem festen und feinporigen Schaum &#8211; Schon auf die Nase wartet ein besonderer Genu\u00df: Weiche R\u00f6stnoten und ein Hauch von D\u00f6rrobst begleiten ein betontes Karamellaroma. Angenehm moussierend pr\u00e4sentiert sich dieser herrliche dunkle Doppelbock. Unverwechselbar dann der Geschmack: vollmundig und samtig, kr\u00e4ftig und doch angenehm malzaromatisch \u0096 ein wuchtiger, kerniger K\u00f6rper. Dabei eine gut erkennbare S\u00fc\u00dfe, umspielt von r\u00f6stigen Kakaonoten und einer leichten Hopfenbittere.Kr\u00e4ftig im Abgang verabschiedet sich der Doppelbock mit einer anhaltenden Zartbitterschokoladennote. Ein m\u00e4chtiger Doppelbock, mit dem man die jahrhundertealte benediktinische Brautradition Schluck f\u00fcr Schluck verkosten und genie\u00dfen kann. (Stammw\u00fcrze: 18,5 Gewichtsprozent, Alkohol: 7,1 Volumenprozent) &#8211; \u0080 3,10 Pfand<\/p>\n","protected":false},"excerpt":{"rendered":"<p>20\/0,50 &#8211; dunkler Doppelbock mit 7,1vol% Alkohol &#8211; Das weltber\u00fchmte Bockbier vom Heiligen Berg Bayerns will mit Genuss verkostet werden. Felsenfest steht der Andechser Doppelbock Dunkel auf dem Brotzeittisch mit einer Farbe, die an dunkles Kupfer erinnert, verbunden mit feurig roten Ankl\u00e4ngen. Sein glanzklares Aussehen verbindet sich harmonisch mit einem festen und feinporigen Schaum &#8211; Schon auf die Nase wartet ein besonderer Genu\u00df: Weiche R\u00f6stnoten und ein Hauch von D\u00f6rrobst begleiten ein betontes Karamellaroma. Angenehm moussierend pr\u00e4sentiert sich dieser herrliche dunkle Doppelbock. Unverwechselbar dann der Geschmack: vollmundig und samtig, kr\u00e4ftig und doch angenehm malzaromatisch \u0096 ein wuchtiger, kerniger K\u00f6rper. Dabei eine gut erkennbare S\u00fc\u00dfe, umspielt von r\u00f6stigen Kakaonoten und einer leichten Hopfenbittere.Kr\u00e4ftig im Abgang verabschiedet sich der Doppelbock mit einer anhaltenden Zartbitterschokoladennote. Ein m\u00e4chtiger Doppelbock, mit dem man die jahrhundertealte benediktinische Brautradition Schluck f\u00fcr Schluck verkosten und genie\u00dfen kann. (Stammw\u00fcrze: 18,5 Gewichtsprozent, Alkohol: 7,1 Volumenprozent) &#8211; \u0080 3,10 Pfand<\/p>\n","protected":false},"featured_media":4272,"comment_status":"open","ping_status":"closed","template":"","meta":[],"product_cat":[107],"product_tag":[],"yoast_head":"<!-- This site is optimized with the Yoast SEO plugin v19.14 - https:\/\/yoast.com\/wordpress\/plugins\/seo\/ -->\n<title>Andechs Doppelbock Dunkel - Getr\u00e4nke Schl\u00fcter Onlineshop<\/title>\n<meta name=\"robots\" content=\"noindex, follow, max-snippet:-1, max-image-preview:large, max-video-preview:-1\" \/>\n<meta property=\"og:locale\" content=\"de_DE\" \/>\n<meta property=\"og:type\" content=\"article\" \/>\n<meta property=\"og:title\" content=\"Andechs Doppelbock Dunkel - Getr\u00e4nke Schl\u00fcter Onlineshop\" \/>\n<meta property=\"og:description\" content=\"20\/0,50 - dunkler Doppelbock mit 7,1vol% Alkohol - Das weltber\u00fchmte Bockbier vom Heiligen Berg Bayerns will mit Genuss verkostet werden. Felsenfest steht der Andechser Doppelbock Dunkel auf dem Brotzeittisch mit einer Farbe, die an dunkles Kupfer erinnert, verbunden mit feurig roten Ankl\u00e4ngen. Sein glanzklares Aussehen verbindet sich harmonisch mit einem festen und feinporigen Schaum - Schon auf die Nase wartet ein besonderer Genu\u00df: Weiche R\u00f6stnoten und ein Hauch von D\u00f6rrobst begleiten ein betontes Karamellaroma. Angenehm moussierend pr\u00e4sentiert sich dieser herrliche dunkle Doppelbock. Unverwechselbar dann der Geschmack: vollmundig und samtig, kr\u00e4ftig und doch angenehm malzaromatisch \u0096 ein wuchtiger, kerniger K\u00f6rper. Dabei eine gut erkennbare S\u00fc\u00dfe, umspielt von r\u00f6stigen Kakaonoten und einer leichten Hopfenbittere.Kr\u00e4ftig im Abgang verabschiedet sich der Doppelbock mit einer anhaltenden Zartbitterschokoladennote. Ein m\u00e4chtiger Doppelbock, mit dem man die jahrhundertealte benediktinische Brautradition Schluck f\u00fcr Schluck verkosten und genie\u00dfen kann. (Stammw\u00fcrze: 18,5 Gewichtsprozent, Alkohol: 7,1 Volumenprozent) - \u0080 3,10 Pfand\" \/>\n<meta property=\"og:url\" content=\"https:\/\/shop.merolution.de\/index.php\/product\/andechs-doppelbock-dunkel\/\" \/>\n<meta property=\"og:site_name\" content=\"Getr\u00e4nke Schl\u00fcter Onlineshop\" \/>\n<meta property=\"og:image\" content=\"https:\/\/shop.merolution.de\/wp-content\/uploads\/2020\/05\/kasten-andechser-doppelbock-dunkel-foto-argum-falk-heller-dsc0613-1986-553c67bc8a1-aid-202s.jpg\" \/>\n\t<meta property=\"og:image:width\" content=\"150\" \/>\n\t<meta property=\"og:image:height\" content=\"110\" \/>\n\t<meta property=\"og:image:type\" content=\"image\/jpeg\" \/>\n<meta name=\"twitter:card\" content=\"summary_large_image\" \/>\n<meta name=\"twitter:label1\" content=\"Gesch\u00e4tzte Lesezeit\" \/>\n\t<meta name=\"twitter:data1\" content=\"1\u00a0Minute\" \/>\n<script type=\"application\/ld+json\" class=\"yoast-schema-graph\">{\"@context\":\"https:\/\/schema.org\",\"@graph\":[{\"@type\":\"WebPage\",\"@id\":\"https:\/\/shop.merolution.de\/index.php\/product\/andechs-doppelbock-dunkel\/\",\"url\":\"https:\/\/shop.merolution.de\/index.php\/product\/andechs-doppelbock-dunkel\/\",\"name\":\"Andechs Doppelbock Dunkel - Getr\u00e4nke Schl\u00fcter Onlineshop\",\"isPartOf\":{\"@id\":\"https:\/\/shop.merolution.de\/#website\"},\"datePublished\":\"2020-05-28T10:04:52+00:00\",\"dateModified\":\"2020-05-28T10:04:52+00:00\",\"breadcrumb\":{\"@id\":\"https:\/\/shop.merolution.de\/index.php\/product\/andechs-doppelbock-dunkel\/#breadcrumb\"},\"inLanguage\":\"de\",\"potentialAction\":[{\"@type\":\"ReadAction\",\"target\":[\"https:\/\/shop.merolution.de\/index.php\/product\/andechs-doppelbock-dunkel\/\"]}]},{\"@type\":\"BreadcrumbList\",\"@id\":\"https:\/\/shop.merolution.de\/index.php\/product\/andechs-doppelbock-dunkel\/#breadcrumb\",\"itemListElement\":[{\"@type\":\"ListItem\",\"position\":1,\"name\":\"Home\",\"item\":\"https:\/\/shop.merolution.de\/\"},{\"@type\":\"ListItem\",\"position\":2,\"name\":\"Shop\",\"item\":\"https:\/\/shop.merolution.de\/\"},{\"@type\":\"ListItem\",\"position\":3,\"name\":\"Andechs Doppelbock Dunkel\"}]},{\"@type\":\"WebSite\",\"@id\":\"https:\/\/shop.merolution.de\/#website\",\"url\":\"https:\/\/shop.merolution.de\/\",\"name\":\"Getr\u00e4nke Schl\u00fcter Onlineshop\",\"description\":\"Ihr Getr\u00e4nke-Partner in Hannover\",\"potentialAction\":[{\"@type\":\"SearchAction\",\"target\":{\"@type\":\"EntryPoint\",\"urlTemplate\":\"https:\/\/shop.merolution.de\/?s={search_term_string}\"},\"query-input\":\"required name=search_term_string\"}],\"inLanguage\":\"de\"}]}<\/script>\n<!-- \/ Yoast SEO plugin. -->","yoast_head_json":{"title":"Andechs Doppelbock Dunkel - Getr\u00e4nke Schl\u00fcter Onlineshop","robots":{"index":"noindex","follow":"follow","max-snippet":"max-snippet:-1","max-image-preview":"max-image-preview:large","max-video-preview":"max-video-preview:-1"},"og_locale":"de_DE","og_type":"article","og_title":"Andechs Doppelbock Dunkel - Getr\u00e4nke Schl\u00fcter Onlineshop","og_description":"20\/0,50 - dunkler Doppelbock mit 7,1vol% Alkohol - Das weltber\u00fchmte Bockbier vom Heiligen Berg Bayerns will mit Genuss verkostet werden. Felsenfest steht der Andechser Doppelbock Dunkel auf dem Brotzeittisch mit einer Farbe, die an dunkles Kupfer erinnert, verbunden mit feurig roten Ankl\u00e4ngen. Sein glanzklares Aussehen verbindet sich harmonisch mit einem festen und feinporigen Schaum - Schon auf die Nase wartet ein besonderer Genu\u00df: Weiche R\u00f6stnoten und ein Hauch von D\u00f6rrobst begleiten ein betontes Karamellaroma. Angenehm moussierend pr\u00e4sentiert sich dieser herrliche dunkle Doppelbock. Unverwechselbar dann der Geschmack: vollmundig und samtig, kr\u00e4ftig und doch angenehm malzaromatisch \u0096 ein wuchtiger, kerniger K\u00f6rper. Dabei eine gut erkennbare S\u00fc\u00dfe, umspielt von r\u00f6stigen Kakaonoten und einer leichten Hopfenbittere.Kr\u00e4ftig im Abgang verabschiedet sich der Doppelbock mit einer anhaltenden Zartbitterschokoladennote. Ein m\u00e4chtiger Doppelbock, mit dem man die jahrhundertealte benediktinische Brautradition Schluck f\u00fcr Schluck verkosten und genie\u00dfen kann. (Stammw\u00fcrze: 18,5 Gewichtsprozent, Alkohol: 7,1 Volumenprozent) - \u0080 3,10 Pfand","og_url":"https:\/\/shop.merolution.de\/index.php\/product\/andechs-doppelbock-dunkel\/","og_site_name":"Getr\u00e4nke Schl\u00fcter Onlineshop","og_image":[{"width":150,"height":110,"url":"https:\/\/shop.merolution.de\/wp-content\/uploads\/2020\/05\/kasten-andechser-doppelbock-dunkel-foto-argum-falk-heller-dsc0613-1986-553c67bc8a1-aid-202s.jpg","type":"image\/jpeg"}],"twitter_card":"summary_large_image","twitter_misc":{"Gesch\u00e4tzte Lesezeit":"1\u00a0Minute"},"schema":{"@context":"https:\/\/schema.org","@graph":[{"@type":"WebPage","@id":"https:\/\/shop.merolution.de\/index.php\/product\/andechs-doppelbock-dunkel\/","url":"https:\/\/shop.merolution.de\/index.php\/product\/andechs-doppelbock-dunkel\/","name":"Andechs Doppelbock Dunkel - Getr\u00e4nke Schl\u00fcter Onlineshop","isPartOf":{"@id":"https:\/\/shop.merolution.de\/#website"},"datePublished":"2020-05-28T10:04:52+00:00","dateModified":"2020-05-28T10:04:52+00:00","breadcrumb":{"@id":"https:\/\/shop.merolution.de\/index.php\/product\/andechs-doppelbock-dunkel\/#breadcrumb"},"inLanguage":"de","potentialAction":[{"@type":"ReadAction","target":["https:\/\/shop.merolution.de\/index.php\/product\/andechs-doppelbock-dunkel\/"]}]},{"@type":"BreadcrumbList","@id":"https:\/\/shop.merolution.de\/index.php\/product\/andechs-doppelbock-dunkel\/#breadcrumb","itemListElement":[{"@type":"ListItem","position":1,"name":"Home","item":"https:\/\/shop.merolution.de\/"},{"@type":"ListItem","position":2,"name":"Shop","item":"https:\/\/shop.merolution.de\/"},{"@type":"ListItem","position":3,"name":"Andechs Doppelbock Dunkel"}]},{"@type":"WebSite","@id":"https:\/\/shop.merolution.de\/#website","url":"https:\/\/shop.merolution.de\/","name":"Getr\u00e4nke Schl\u00fcter Onlineshop","description":"Ihr Getr\u00e4nke-Partner in Hannover","potentialAction":[{"@type":"SearchAction","target":{"@type":"EntryPoint","urlTemplate":"https:\/\/shop.merolution.de\/?s={search_term_string}"},"query-input":"required name=search_term_string"}],"inLanguage":"de"}]}},"_links":{"self":[{"href":"https:\/\/shop.merolution.de\/index.php\/wp-json\/wp\/v2\/product\/4271"}],"collection":[{"href":"https:\/\/shop.merolution.de\/index.php\/wp-json\/wp\/v2\/product"}],"about":[{"href":"https:\/\/shop.merolution.de\/index.php\/wp-json\/wp\/v2\/types\/product"}],"replies":[{"embeddable":true,"href":"https:\/\/shop.merolution.de\/index.php\/wp-json\/wp\/v2\/comments?post=4271"}],"wp:featuredmedia":[{"embeddable":true,"href":"https:\/\/shop.merolution.de\/index.php\/wp-json\/wp\/v2\/media\/4272"}],"wp:attachment":[{"href":"https:\/\/shop.merolution.de\/index.php\/wp-json\/wp\/v2\/media?parent=4271"}],"wp:term":[{"taxonomy":"product_cat","embeddable":true,"href":"https:\/\/shop.merolution.de\/index.php\/wp-json\/wp\/v2\/product_cat?post=4271"},{"taxonomy":"product_tag","embeddable":true,"href":"https:\/\/shop.merolution.de\/index.php\/wp-json\/wp\/v2\/product_tag?post=4271"}],"curies":[{"name":"wp","href":"https:\/\/api.w.org\/{rel}","templated":true}]}}