{"id":4277,"date":"2020-05-28T10:04:52","date_gmt":"2020-05-28T10:04:52","guid":{"rendered":"https:\/\/shop.merolution.de\/index.php\/product\/aventinus-weizenbock-von-schneider-tap-6\/"},"modified":"2020-05-28T10:04:52","modified_gmt":"2020-05-28T10:04:52","slug":"aventinus-weizenbock-von-schneider-tap-6","status":"publish","type":"product","link":"https:\/\/shop.merolution.de\/index.php\/product\/aventinus-weizenbock-von-schneider-tap-6\/","title":{"rendered":"Aventinus Weizenbock von Schneider TAP-6"},"content":{"rendered":"<p>20\/0,50 &#8211; 8,2vol% &#8211; \u0080 3,10 Pfand Tiefgr\u00fcndig und voll Feuer \u0096 f\u00fcr die gro\u00dfen Momente am Kamin.Dunkelrubinfarbenes Weizenstarkbier mit cremigem, feinporigem Schaum. Kr\u00e4ftige Noten von reifen Bananen, Rosinen und Pflaumen treffenauf Lakritz- und R\u00f6staromen. Vollmundig w\u00e4rmend klingt es ausgewogenund weich aus. \u00c4ltester Weissbierbock Bayerns.Speiseempfehlung: deftige Braten, Wildgerichte, fruchtig-schokoladige Nachspeisen, Kaiserschmarrn, Elisenlebkuchen, Blauschimmelk\u00e4seMathilde Schneider, die Witwe von Georg III., kreierte das erste Weizenstarkbier Bayerns imJahr 1907. DasRezept von TAP6 Unser Aventinus istso einzigartig, dass wir bis heute unver\u00e4ndert danach brauen.<\/p>\n","protected":false},"excerpt":{"rendered":"<p>20\/0,50 &#8211; Weissbier-Bockbier aus der Weissen Brauhaus zu Kehlheim mit 8,2vol% &#8211; Pfand \u0080 3,10<\/p>\n","protected":false},"featured_media":4278,"comment_status":"open","ping_status":"closed","template":"","meta":[],"product_cat":[107],"product_tag":[],"yoast_head":"<!-- This site is optimized with the Yoast SEO plugin v19.14 - https:\/\/yoast.com\/wordpress\/plugins\/seo\/ -->\n<title>Aventinus Weizenbock von Schneider TAP-6 - Getr\u00e4nke Schl\u00fcter Onlineshop<\/title>\n<meta name=\"robots\" content=\"noindex, follow, max-snippet:-1, max-image-preview:large, max-video-preview:-1\" \/>\n<meta property=\"og:locale\" content=\"de_DE\" \/>\n<meta property=\"og:type\" content=\"article\" \/>\n<meta property=\"og:title\" content=\"Aventinus Weizenbock von Schneider TAP-6 - Getr\u00e4nke Schl\u00fcter Onlineshop\" \/>\n<meta property=\"og:description\" content=\"20\/0,50 - Weissbier-Bockbier aus der Weissen Brauhaus zu Kehlheim mit 8,2vol% - Pfand \u0080 3,10\" \/>\n<meta property=\"og:url\" content=\"https:\/\/shop.merolution.de\/index.php\/product\/aventinus-weizenbock-von-schneider-tap-6\/\" \/>\n<meta property=\"og:site_name\" content=\"Getr\u00e4nke Schl\u00fcter Onlineshop\" \/>\n<meta property=\"og:image\" content=\"https:\/\/shop.merolution.de\/wp-content\/uploads\/2020\/05\/f-tap6-klein.jpg\" \/>\n\t<meta property=\"og:image:width\" content=\"150\" \/>\n\t<meta property=\"og:image:height\" content=\"512\" \/>\n\t<meta property=\"og:image:type\" content=\"image\/jpeg\" \/>\n<meta name=\"twitter:card\" content=\"summary_large_image\" \/>\n<script type=\"application\/ld+json\" class=\"yoast-schema-graph\">{\"@context\":\"https:\/\/schema.org\",\"@graph\":[{\"@type\":\"WebPage\",\"@id\":\"https:\/\/shop.merolution.de\/index.php\/product\/aventinus-weizenbock-von-schneider-tap-6\/\",\"url\":\"https:\/\/shop.merolution.de\/index.php\/product\/aventinus-weizenbock-von-schneider-tap-6\/\",\"name\":\"Aventinus Weizenbock von Schneider TAP-6 - Getr\u00e4nke Schl\u00fcter Onlineshop\",\"isPartOf\":{\"@id\":\"https:\/\/shop.merolution.de\/#website\"},\"datePublished\":\"2020-05-28T10:04:52+00:00\",\"dateModified\":\"2020-05-28T10:04:52+00:00\",\"breadcrumb\":{\"@id\":\"https:\/\/shop.merolution.de\/index.php\/product\/aventinus-weizenbock-von-schneider-tap-6\/#breadcrumb\"},\"inLanguage\":\"de\",\"potentialAction\":[{\"@type\":\"ReadAction\",\"target\":[\"https:\/\/shop.merolution.de\/index.php\/product\/aventinus-weizenbock-von-schneider-tap-6\/\"]}]},{\"@type\":\"BreadcrumbList\",\"@id\":\"https:\/\/shop.merolution.de\/index.php\/product\/aventinus-weizenbock-von-schneider-tap-6\/#breadcrumb\",\"itemListElement\":[{\"@type\":\"ListItem\",\"position\":1,\"name\":\"Home\",\"item\":\"https:\/\/shop.merolution.de\/\"},{\"@type\":\"ListItem\",\"position\":2,\"name\":\"Shop\",\"item\":\"https:\/\/shop.merolution.de\/\"},{\"@type\":\"ListItem\",\"position\":3,\"name\":\"Aventinus Weizenbock von Schneider TAP-6\"}]},{\"@type\":\"WebSite\",\"@id\":\"https:\/\/shop.merolution.de\/#website\",\"url\":\"https:\/\/shop.merolution.de\/\",\"name\":\"Getr\u00e4nke Schl\u00fcter Onlineshop\",\"description\":\"Ihr Getr\u00e4nke-Partner in Hannover\",\"potentialAction\":[{\"@type\":\"SearchAction\",\"target\":{\"@type\":\"EntryPoint\",\"urlTemplate\":\"https:\/\/shop.merolution.de\/?s={search_term_string}\"},\"query-input\":\"required name=search_term_string\"}],\"inLanguage\":\"de\"}]}<\/script>\n<!-- \/ Yoast SEO plugin. -->","yoast_head_json":{"title":"Aventinus Weizenbock von Schneider TAP-6 - Getr\u00e4nke Schl\u00fcter Onlineshop","robots":{"index":"noindex","follow":"follow","max-snippet":"max-snippet:-1","max-image-preview":"max-image-preview:large","max-video-preview":"max-video-preview:-1"},"og_locale":"de_DE","og_type":"article","og_title":"Aventinus Weizenbock von Schneider TAP-6 - Getr\u00e4nke Schl\u00fcter Onlineshop","og_description":"20\/0,50 - Weissbier-Bockbier aus der Weissen Brauhaus zu Kehlheim mit 8,2vol% - Pfand \u0080 3,10","og_url":"https:\/\/shop.merolution.de\/index.php\/product\/aventinus-weizenbock-von-schneider-tap-6\/","og_site_name":"Getr\u00e4nke Schl\u00fcter Onlineshop","og_image":[{"width":150,"height":512,"url":"https:\/\/shop.merolution.de\/wp-content\/uploads\/2020\/05\/f-tap6-klein.jpg","type":"image\/jpeg"}],"twitter_card":"summary_large_image","schema":{"@context":"https:\/\/schema.org","@graph":[{"@type":"WebPage","@id":"https:\/\/shop.merolution.de\/index.php\/product\/aventinus-weizenbock-von-schneider-tap-6\/","url":"https:\/\/shop.merolution.de\/index.php\/product\/aventinus-weizenbock-von-schneider-tap-6\/","name":"Aventinus Weizenbock von Schneider TAP-6 - Getr\u00e4nke Schl\u00fcter Onlineshop","isPartOf":{"@id":"https:\/\/shop.merolution.de\/#website"},"datePublished":"2020-05-28T10:04:52+00:00","dateModified":"2020-05-28T10:04:52+00:00","breadcrumb":{"@id":"https:\/\/shop.merolution.de\/index.php\/product\/aventinus-weizenbock-von-schneider-tap-6\/#breadcrumb"},"inLanguage":"de","potentialAction":[{"@type":"ReadAction","target":["https:\/\/shop.merolution.de\/index.php\/product\/aventinus-weizenbock-von-schneider-tap-6\/"]}]},{"@type":"BreadcrumbList","@id":"https:\/\/shop.merolution.de\/index.php\/product\/aventinus-weizenbock-von-schneider-tap-6\/#breadcrumb","itemListElement":[{"@type":"ListItem","position":1,"name":"Home","item":"https:\/\/shop.merolution.de\/"},{"@type":"ListItem","position":2,"name":"Shop","item":"https:\/\/shop.merolution.de\/"},{"@type":"ListItem","position":3,"name":"Aventinus Weizenbock von Schneider TAP-6"}]},{"@type":"WebSite","@id":"https:\/\/shop.merolution.de\/#website","url":"https:\/\/shop.merolution.de\/","name":"Getr\u00e4nke Schl\u00fcter Onlineshop","description":"Ihr Getr\u00e4nke-Partner in Hannover","potentialAction":[{"@type":"SearchAction","target":{"@type":"EntryPoint","urlTemplate":"https:\/\/shop.merolution.de\/?s={search_term_string}"},"query-input":"required name=search_term_string"}],"inLanguage":"de"}]}},"_links":{"self":[{"href":"https:\/\/shop.merolution.de\/index.php\/wp-json\/wp\/v2\/product\/4277"}],"collection":[{"href":"https:\/\/shop.merolution.de\/index.php\/wp-json\/wp\/v2\/product"}],"about":[{"href":"https:\/\/shop.merolution.de\/index.php\/wp-json\/wp\/v2\/types\/product"}],"replies":[{"embeddable":true,"href":"https:\/\/shop.merolution.de\/index.php\/wp-json\/wp\/v2\/comments?post=4277"}],"wp:featuredmedia":[{"embeddable":true,"href":"https:\/\/shop.merolution.de\/index.php\/wp-json\/wp\/v2\/media\/4278"}],"wp:attachment":[{"href":"https:\/\/shop.merolution.de\/index.php\/wp-json\/wp\/v2\/media?parent=4277"}],"wp:term":[{"taxonomy":"product_cat","embeddable":true,"href":"https:\/\/shop.merolution.de\/index.php\/wp-json\/wp\/v2\/product_cat?post=4277"},{"taxonomy":"product_tag","embeddable":true,"href":"https:\/\/shop.merolution.de\/index.php\/wp-json\/wp\/v2\/product_tag?post=4277"}],"curies":[{"name":"wp","href":"https:\/\/api.w.org\/{rel}","templated":true}]}}