{"id":4297,"date":"2020-05-28T10:04:55","date_gmt":"2020-05-28T10:04:55","guid":{"rendered":"https:\/\/shop.merolution.de\/index.php\/product\/flensburger-fruehlingsbock-starkbier-20-033\/"},"modified":"2020-05-28T10:04:55","modified_gmt":"2020-05-28T10:04:55","slug":"flensburger-fruehlingsbock-starkbier-20-033","status":"publish","type":"product","link":"https:\/\/shop.merolution.de\/index.php\/product\/flensburger-fruehlingsbock-starkbier-20-033\/","title":{"rendered":"Flensburger Fr\u00fchlingsbock Starkbier ** &#8211; 20\/0,33"},"content":{"rendered":"<p>20\/0,33 &#8211; Angenehm kr\u00e4ftig, vollmundig und so lebendig wie der Fr\u00fchling selbst. Flensburger Fr\u00fchlingsbock wird ausschlie\u00dflich mit Aromahopfen gebraut und erh\u00e4lt so eine angenehme, charakteristische Hopfennote. Er ist etwas heller als der Flensburger Winterbock, aber durchaus identisch in der Wirkung! &#8211; 6,9vol% &#8211; B\u00fcgelverschluss &#8211; \u0080 4,50 Pfand<\/p>\n","protected":false},"excerpt":{"rendered":"<p>20\/0,33 &#8211; Saisonprodukt &#8211; Angenehm kr\u00e4ftig, vollmundig und so lebendig wie der Fr\u00fchling selbst. Flensburger Fr\u00fchlingsbock wird ausschlie\u00dflich mit Aromahopfen gebraut und erh\u00e4lt so eine angenehme, charakteristische Hopfennote. Er ist etwas heller als der Flensburger Winterbock, aber durchaus identisch in der Wirkung! &#8211; 6,9vol% &#8211; B\u00fcgelverschluss &#8211; \u0080 4,50 Pfand<\/p>\n","protected":false},"featured_media":4298,"comment_status":"open","ping_status":"closed","template":"","meta":[],"product_cat":[107],"product_tag":[],"yoast_head":"<!-- This site is optimized with the Yoast SEO plugin v19.14 - https:\/\/yoast.com\/wordpress\/plugins\/seo\/ -->\n<title>Flensburger Fr\u00fchlingsbock Starkbier ** - 20\/0,33 - Getr\u00e4nke Schl\u00fcter Onlineshop<\/title>\n<meta name=\"robots\" content=\"noindex, follow, max-snippet:-1, max-image-preview:large, max-video-preview:-1\" \/>\n<meta property=\"og:locale\" content=\"de_DE\" \/>\n<meta property=\"og:type\" content=\"article\" \/>\n<meta property=\"og:title\" content=\"Flensburger Fr\u00fchlingsbock Starkbier ** - 20\/0,33 - Getr\u00e4nke Schl\u00fcter Onlineshop\" \/>\n<meta property=\"og:description\" content=\"20\/0,33 - Saisonprodukt - Angenehm kr\u00e4ftig, vollmundig und so lebendig wie der Fr\u00fchling selbst. Flensburger Fr\u00fchlingsbock wird ausschlie\u00dflich mit Aromahopfen gebraut und erh\u00e4lt so eine angenehme, charakteristische Hopfennote. Er ist etwas heller als der Flensburger Winterbock, aber durchaus identisch in der Wirkung! - 6,9vol% - B\u00fcgelverschluss - \u0080 4,50 Pfand\" \/>\n<meta property=\"og:url\" content=\"https:\/\/shop.merolution.de\/index.php\/product\/flensburger-fruehlingsbock-starkbier-20-033\/\" \/>\n<meta property=\"og:site_name\" content=\"Getr\u00e4nke Schl\u00fcter Onlineshop\" \/>\n<meta property=\"og:image\" content=\"https:\/\/shop.merolution.de\/wp-content\/uploads\/2020\/05\/flensburger-fruehlingsbock-sixpack-aid-3663s.jpg\" \/>\n\t<meta property=\"og:image:width\" content=\"150\" \/>\n\t<meta property=\"og:image:height\" content=\"150\" \/>\n\t<meta property=\"og:image:type\" content=\"image\/jpeg\" \/>\n<meta name=\"twitter:card\" content=\"summary_large_image\" \/>\n<script type=\"application\/ld+json\" class=\"yoast-schema-graph\">{\"@context\":\"https:\/\/schema.org\",\"@graph\":[{\"@type\":\"WebPage\",\"@id\":\"https:\/\/shop.merolution.de\/index.php\/product\/flensburger-fruehlingsbock-starkbier-20-033\/\",\"url\":\"https:\/\/shop.merolution.de\/index.php\/product\/flensburger-fruehlingsbock-starkbier-20-033\/\",\"name\":\"Flensburger Fr\u00fchlingsbock Starkbier ** - 20\/0,33 - Getr\u00e4nke Schl\u00fcter Onlineshop\",\"isPartOf\":{\"@id\":\"https:\/\/shop.merolution.de\/#website\"},\"datePublished\":\"2020-05-28T10:04:55+00:00\",\"dateModified\":\"2020-05-28T10:04:55+00:00\",\"breadcrumb\":{\"@id\":\"https:\/\/shop.merolution.de\/index.php\/product\/flensburger-fruehlingsbock-starkbier-20-033\/#breadcrumb\"},\"inLanguage\":\"de\",\"potentialAction\":[{\"@type\":\"ReadAction\",\"target\":[\"https:\/\/shop.merolution.de\/index.php\/product\/flensburger-fruehlingsbock-starkbier-20-033\/\"]}]},{\"@type\":\"BreadcrumbList\",\"@id\":\"https:\/\/shop.merolution.de\/index.php\/product\/flensburger-fruehlingsbock-starkbier-20-033\/#breadcrumb\",\"itemListElement\":[{\"@type\":\"ListItem\",\"position\":1,\"name\":\"Home\",\"item\":\"https:\/\/shop.merolution.de\/\"},{\"@type\":\"ListItem\",\"position\":2,\"name\":\"Shop\",\"item\":\"https:\/\/shop.merolution.de\/\"},{\"@type\":\"ListItem\",\"position\":3,\"name\":\"Flensburger Fr\u00fchlingsbock Starkbier ** &#8211; 20\/0,33\"}]},{\"@type\":\"WebSite\",\"@id\":\"https:\/\/shop.merolution.de\/#website\",\"url\":\"https:\/\/shop.merolution.de\/\",\"name\":\"Getr\u00e4nke Schl\u00fcter Onlineshop\",\"description\":\"Ihr Getr\u00e4nke-Partner in Hannover\",\"potentialAction\":[{\"@type\":\"SearchAction\",\"target\":{\"@type\":\"EntryPoint\",\"urlTemplate\":\"https:\/\/shop.merolution.de\/?s={search_term_string}\"},\"query-input\":\"required name=search_term_string\"}],\"inLanguage\":\"de\"}]}<\/script>\n<!-- \/ Yoast SEO plugin. -->","yoast_head_json":{"title":"Flensburger Fr\u00fchlingsbock Starkbier ** - 20\/0,33 - Getr\u00e4nke Schl\u00fcter Onlineshop","robots":{"index":"noindex","follow":"follow","max-snippet":"max-snippet:-1","max-image-preview":"max-image-preview:large","max-video-preview":"max-video-preview:-1"},"og_locale":"de_DE","og_type":"article","og_title":"Flensburger Fr\u00fchlingsbock Starkbier ** - 20\/0,33 - Getr\u00e4nke Schl\u00fcter Onlineshop","og_description":"20\/0,33 - Saisonprodukt - Angenehm kr\u00e4ftig, vollmundig und so lebendig wie der Fr\u00fchling selbst. Flensburger Fr\u00fchlingsbock wird ausschlie\u00dflich mit Aromahopfen gebraut und erh\u00e4lt so eine angenehme, charakteristische Hopfennote. Er ist etwas heller als der Flensburger Winterbock, aber durchaus identisch in der Wirkung! - 6,9vol% - B\u00fcgelverschluss - \u0080 4,50 Pfand","og_url":"https:\/\/shop.merolution.de\/index.php\/product\/flensburger-fruehlingsbock-starkbier-20-033\/","og_site_name":"Getr\u00e4nke Schl\u00fcter Onlineshop","og_image":[{"width":150,"height":150,"url":"https:\/\/shop.merolution.de\/wp-content\/uploads\/2020\/05\/flensburger-fruehlingsbock-sixpack-aid-3663s.jpg","type":"image\/jpeg"}],"twitter_card":"summary_large_image","schema":{"@context":"https:\/\/schema.org","@graph":[{"@type":"WebPage","@id":"https:\/\/shop.merolution.de\/index.php\/product\/flensburger-fruehlingsbock-starkbier-20-033\/","url":"https:\/\/shop.merolution.de\/index.php\/product\/flensburger-fruehlingsbock-starkbier-20-033\/","name":"Flensburger Fr\u00fchlingsbock Starkbier ** - 20\/0,33 - Getr\u00e4nke Schl\u00fcter Onlineshop","isPartOf":{"@id":"https:\/\/shop.merolution.de\/#website"},"datePublished":"2020-05-28T10:04:55+00:00","dateModified":"2020-05-28T10:04:55+00:00","breadcrumb":{"@id":"https:\/\/shop.merolution.de\/index.php\/product\/flensburger-fruehlingsbock-starkbier-20-033\/#breadcrumb"},"inLanguage":"de","potentialAction":[{"@type":"ReadAction","target":["https:\/\/shop.merolution.de\/index.php\/product\/flensburger-fruehlingsbock-starkbier-20-033\/"]}]},{"@type":"BreadcrumbList","@id":"https:\/\/shop.merolution.de\/index.php\/product\/flensburger-fruehlingsbock-starkbier-20-033\/#breadcrumb","itemListElement":[{"@type":"ListItem","position":1,"name":"Home","item":"https:\/\/shop.merolution.de\/"},{"@type":"ListItem","position":2,"name":"Shop","item":"https:\/\/shop.merolution.de\/"},{"@type":"ListItem","position":3,"name":"Flensburger Fr\u00fchlingsbock Starkbier ** &#8211; 20\/0,33"}]},{"@type":"WebSite","@id":"https:\/\/shop.merolution.de\/#website","url":"https:\/\/shop.merolution.de\/","name":"Getr\u00e4nke Schl\u00fcter Onlineshop","description":"Ihr Getr\u00e4nke-Partner in Hannover","potentialAction":[{"@type":"SearchAction","target":{"@type":"EntryPoint","urlTemplate":"https:\/\/shop.merolution.de\/?s={search_term_string}"},"query-input":"required name=search_term_string"}],"inLanguage":"de"}]}},"_links":{"self":[{"href":"https:\/\/shop.merolution.de\/index.php\/wp-json\/wp\/v2\/product\/4297"}],"collection":[{"href":"https:\/\/shop.merolution.de\/index.php\/wp-json\/wp\/v2\/product"}],"about":[{"href":"https:\/\/shop.merolution.de\/index.php\/wp-json\/wp\/v2\/types\/product"}],"replies":[{"embeddable":true,"href":"https:\/\/shop.merolution.de\/index.php\/wp-json\/wp\/v2\/comments?post=4297"}],"wp:featuredmedia":[{"embeddable":true,"href":"https:\/\/shop.merolution.de\/index.php\/wp-json\/wp\/v2\/media\/4298"}],"wp:attachment":[{"href":"https:\/\/shop.merolution.de\/index.php\/wp-json\/wp\/v2\/media?parent=4297"}],"wp:term":[{"taxonomy":"product_cat","embeddable":true,"href":"https:\/\/shop.merolution.de\/index.php\/wp-json\/wp\/v2\/product_cat?post=4297"},{"taxonomy":"product_tag","embeddable":true,"href":"https:\/\/shop.merolution.de\/index.php\/wp-json\/wp\/v2\/product_tag?post=4297"}],"curies":[{"name":"wp","href":"https:\/\/api.w.org\/{rel}","templated":true}]}}