{"id":4302,"date":"2020-05-28T10:04:57","date_gmt":"2020-05-28T10:04:57","guid":{"rendered":"https:\/\/shop.merolution.de\/index.php\/product\/schneider-hopfenweisse-tap-5\/"},"modified":"2020-05-28T10:04:57","modified_gmt":"2020-05-28T10:04:57","slug":"schneider-hopfenweisse-tap-5","status":"publish","type":"product","link":"https:\/\/shop.merolution.de\/index.php\/product\/schneider-hopfenweisse-tap-5\/","title":{"rendered":"Schneider Hopfenweisse TAP-5"},"content":{"rendered":"<p>20\/0,50 Ein hopfiges Feuerwerk \u0096 ein ganz neues WeissbiererlebnisGoldfarbenes Weizenstarkbier mit r\u00f6tlichem Schimmer. Der ausgepr\u00e4gt blumige Duft erinnert an tropische Fr\u00fcchte und Ananas. Die dominante Bittere wird von einer fruchtigen S\u00fc\u00dfe abgel\u00f6st. Dieses wirklich extreme Weissbier zeigt, wie weit Weissbiergeschmack gehen kann und passt zu sehr w\u00fcrzigen und exotischen Gerichten wie Chili-Hackfleischspie\u00dfen, w\u00fcrzigem Schafsk\u00e4se, scharf marinierten Spareribs, Zucchini-Chutney mit Tortilla-Chips.Heller Weizendoppelbock mit besonderer Hopfennote 8,2 % vol. alc., Stammw\u00fcrze: 18,5 %<\/p>\n","protected":false},"excerpt":{"rendered":"<p>20\/0,50 &#8211; Ein hopfiges Feuerwerk \u0096 ein ganz neues Weissbiererlebnis &#8211; Heller Weizendoppelbock mit besonderer Hopfennote 8,2 % vol. alc., Stammw\u00fcrze: 18,5 % &#8211; Pfand: \u0080 3,10<\/p>\n","protected":false},"featured_media":4303,"comment_status":"open","ping_status":"closed","template":"","meta":[],"product_cat":[107],"product_tag":[],"yoast_head":"<!-- This site is optimized with the Yoast SEO plugin v19.14 - https:\/\/yoast.com\/wordpress\/plugins\/seo\/ -->\n<title>Schneider Hopfenweisse TAP-5 - Getr\u00e4nke Schl\u00fcter Onlineshop<\/title>\n<meta name=\"robots\" content=\"noindex, follow, max-snippet:-1, max-image-preview:large, max-video-preview:-1\" \/>\n<meta property=\"og:locale\" content=\"de_DE\" \/>\n<meta property=\"og:type\" content=\"article\" \/>\n<meta property=\"og:title\" content=\"Schneider Hopfenweisse TAP-5 - Getr\u00e4nke Schl\u00fcter Onlineshop\" \/>\n<meta property=\"og:description\" content=\"20\/0,50 - Ein hopfiges Feuerwerk \u0096 ein ganz neues Weissbiererlebnis - Heller Weizendoppelbock mit besonderer Hopfennote 8,2 % vol. alc., Stammw\u00fcrze: 18,5 % - Pfand: \u0080 3,10\" \/>\n<meta property=\"og:url\" content=\"https:\/\/shop.merolution.de\/index.php\/product\/schneider-hopfenweisse-tap-5\/\" \/>\n<meta property=\"og:site_name\" content=\"Getr\u00e4nke Schl\u00fcter Onlineshop\" \/>\n<meta property=\"og:image\" content=\"https:\/\/shop.merolution.de\/wp-content\/uploads\/2020\/05\/schneider-hopfen-neu-2019.jpg\" \/>\n\t<meta property=\"og:image:width\" content=\"150\" \/>\n\t<meta property=\"og:image:height\" content=\"250\" \/>\n\t<meta property=\"og:image:type\" content=\"image\/jpeg\" \/>\n<meta name=\"twitter:card\" content=\"summary_large_image\" \/>\n<script type=\"application\/ld+json\" class=\"yoast-schema-graph\">{\"@context\":\"https:\/\/schema.org\",\"@graph\":[{\"@type\":\"WebPage\",\"@id\":\"https:\/\/shop.merolution.de\/index.php\/product\/schneider-hopfenweisse-tap-5\/\",\"url\":\"https:\/\/shop.merolution.de\/index.php\/product\/schneider-hopfenweisse-tap-5\/\",\"name\":\"Schneider Hopfenweisse TAP-5 - Getr\u00e4nke Schl\u00fcter Onlineshop\",\"isPartOf\":{\"@id\":\"https:\/\/shop.merolution.de\/#website\"},\"datePublished\":\"2020-05-28T10:04:57+00:00\",\"dateModified\":\"2020-05-28T10:04:57+00:00\",\"breadcrumb\":{\"@id\":\"https:\/\/shop.merolution.de\/index.php\/product\/schneider-hopfenweisse-tap-5\/#breadcrumb\"},\"inLanguage\":\"de\",\"potentialAction\":[{\"@type\":\"ReadAction\",\"target\":[\"https:\/\/shop.merolution.de\/index.php\/product\/schneider-hopfenweisse-tap-5\/\"]}]},{\"@type\":\"BreadcrumbList\",\"@id\":\"https:\/\/shop.merolution.de\/index.php\/product\/schneider-hopfenweisse-tap-5\/#breadcrumb\",\"itemListElement\":[{\"@type\":\"ListItem\",\"position\":1,\"name\":\"Home\",\"item\":\"https:\/\/shop.merolution.de\/\"},{\"@type\":\"ListItem\",\"position\":2,\"name\":\"Shop\",\"item\":\"https:\/\/shop.merolution.de\/\"},{\"@type\":\"ListItem\",\"position\":3,\"name\":\"Schneider Hopfenweisse TAP-5\"}]},{\"@type\":\"WebSite\",\"@id\":\"https:\/\/shop.merolution.de\/#website\",\"url\":\"https:\/\/shop.merolution.de\/\",\"name\":\"Getr\u00e4nke Schl\u00fcter Onlineshop\",\"description\":\"Ihr Getr\u00e4nke-Partner in Hannover\",\"potentialAction\":[{\"@type\":\"SearchAction\",\"target\":{\"@type\":\"EntryPoint\",\"urlTemplate\":\"https:\/\/shop.merolution.de\/?s={search_term_string}\"},\"query-input\":\"required name=search_term_string\"}],\"inLanguage\":\"de\"}]}<\/script>\n<!-- \/ Yoast SEO plugin. -->","yoast_head_json":{"title":"Schneider Hopfenweisse TAP-5 - Getr\u00e4nke Schl\u00fcter Onlineshop","robots":{"index":"noindex","follow":"follow","max-snippet":"max-snippet:-1","max-image-preview":"max-image-preview:large","max-video-preview":"max-video-preview:-1"},"og_locale":"de_DE","og_type":"article","og_title":"Schneider Hopfenweisse TAP-5 - Getr\u00e4nke Schl\u00fcter Onlineshop","og_description":"20\/0,50 - Ein hopfiges Feuerwerk \u0096 ein ganz neues Weissbiererlebnis - Heller Weizendoppelbock mit besonderer Hopfennote 8,2 % vol. alc., Stammw\u00fcrze: 18,5 % - Pfand: \u0080 3,10","og_url":"https:\/\/shop.merolution.de\/index.php\/product\/schneider-hopfenweisse-tap-5\/","og_site_name":"Getr\u00e4nke Schl\u00fcter Onlineshop","og_image":[{"width":150,"height":250,"url":"https:\/\/shop.merolution.de\/wp-content\/uploads\/2020\/05\/schneider-hopfen-neu-2019.jpg","type":"image\/jpeg"}],"twitter_card":"summary_large_image","schema":{"@context":"https:\/\/schema.org","@graph":[{"@type":"WebPage","@id":"https:\/\/shop.merolution.de\/index.php\/product\/schneider-hopfenweisse-tap-5\/","url":"https:\/\/shop.merolution.de\/index.php\/product\/schneider-hopfenweisse-tap-5\/","name":"Schneider Hopfenweisse TAP-5 - Getr\u00e4nke Schl\u00fcter Onlineshop","isPartOf":{"@id":"https:\/\/shop.merolution.de\/#website"},"datePublished":"2020-05-28T10:04:57+00:00","dateModified":"2020-05-28T10:04:57+00:00","breadcrumb":{"@id":"https:\/\/shop.merolution.de\/index.php\/product\/schneider-hopfenweisse-tap-5\/#breadcrumb"},"inLanguage":"de","potentialAction":[{"@type":"ReadAction","target":["https:\/\/shop.merolution.de\/index.php\/product\/schneider-hopfenweisse-tap-5\/"]}]},{"@type":"BreadcrumbList","@id":"https:\/\/shop.merolution.de\/index.php\/product\/schneider-hopfenweisse-tap-5\/#breadcrumb","itemListElement":[{"@type":"ListItem","position":1,"name":"Home","item":"https:\/\/shop.merolution.de\/"},{"@type":"ListItem","position":2,"name":"Shop","item":"https:\/\/shop.merolution.de\/"},{"@type":"ListItem","position":3,"name":"Schneider Hopfenweisse TAP-5"}]},{"@type":"WebSite","@id":"https:\/\/shop.merolution.de\/#website","url":"https:\/\/shop.merolution.de\/","name":"Getr\u00e4nke Schl\u00fcter Onlineshop","description":"Ihr Getr\u00e4nke-Partner in Hannover","potentialAction":[{"@type":"SearchAction","target":{"@type":"EntryPoint","urlTemplate":"https:\/\/shop.merolution.de\/?s={search_term_string}"},"query-input":"required name=search_term_string"}],"inLanguage":"de"}]}},"_links":{"self":[{"href":"https:\/\/shop.merolution.de\/index.php\/wp-json\/wp\/v2\/product\/4302"}],"collection":[{"href":"https:\/\/shop.merolution.de\/index.php\/wp-json\/wp\/v2\/product"}],"about":[{"href":"https:\/\/shop.merolution.de\/index.php\/wp-json\/wp\/v2\/types\/product"}],"replies":[{"embeddable":true,"href":"https:\/\/shop.merolution.de\/index.php\/wp-json\/wp\/v2\/comments?post=4302"}],"wp:featuredmedia":[{"embeddable":true,"href":"https:\/\/shop.merolution.de\/index.php\/wp-json\/wp\/v2\/media\/4303"}],"wp:attachment":[{"href":"https:\/\/shop.merolution.de\/index.php\/wp-json\/wp\/v2\/media?parent=4302"}],"wp:term":[{"taxonomy":"product_cat","embeddable":true,"href":"https:\/\/shop.merolution.de\/index.php\/wp-json\/wp\/v2\/product_cat?post=4302"},{"taxonomy":"product_tag","embeddable":true,"href":"https:\/\/shop.merolution.de\/index.php\/wp-json\/wp\/v2\/product_tag?post=4302"}],"curies":[{"name":"wp","href":"https:\/\/api.w.org\/{rel}","templated":true}]}}