{"id":4322,"date":"2020-05-28T10:05:00","date_gmt":"2020-05-28T10:05:00","guid":{"rendered":"https:\/\/shop.merolution.de\/index.php\/product\/stoertebeker-033-eis-bio-lager-24x033\/"},"modified":"2020-05-28T10:05:00","modified_gmt":"2020-05-28T10:05:00","slug":"stoertebeker-033-eis-bio-lager-24x033","status":"publish","type":"product","link":"https:\/\/shop.merolution.de\/index.php\/product\/stoertebeker-033-eis-bio-lager-24x033\/","title":{"rendered":"St\u00f6rtebeker 0,33 Eis Bio Lager 24&#215;0,33"},"content":{"rendered":"<p>24\/0,33 &#8211; Bockbier &#8211; 9,8vol% &#8211; Dieses Eis-Lager basiert auf dem Baltik-Lager und begeistert durch seine s\u00fc\u00dfen Malzaromen von Caramel, Honig und Biscuit sowie einen wuchtig-harmonischen K\u00f6rper. Die leichte Hopfung mit der Sorte Calypso gibt dem kupferfarbenen Bier w\u00fcrzig-fruchtige Noten nach Pfirsich und Zitronenschale &#8211; Ein Genuss! &#8211; 9,8 % vol. Alkohol &#8211; Zutaten: Wie \u00fcblich beim Bier, laut Reinheitsgesetz &#8211; Glas Mehrweg &#8211; Pfand: 3,42<\/p>\n","protected":false},"excerpt":{"rendered":"<p>St\u00f6rtebeker Eis Lager in Bioqualit\u00e4t &#8211; Bockbier &#8211; 9,8vol% &#8211; Dieses Eis-Lager basiert auf dem Bio Baltik-Lager und begeistert durch seine s\u00fc\u00dfen Malzaromen von Caramel, Honig und Biscuit sowie einen wuchtig-harmonischen K\u00f6rper. Die leichte Hopfung mit der Sorte Calypso gibt dem kupferfarbenen Bier w\u00fcrzig-fruchtige Noten nach Pfirsich und Zitronenschale &#8211; Ein Genuss! &#8211; 9,8 % vol. Alkohol. &#8211; Glas Mehrweg &#8211; Pfand: 3,42 Hier geht\u00b4s direkt zur St\u00f6rtebeker Brauerei!<\/p>\n","protected":false},"featured_media":0,"comment_status":"open","ping_status":"closed","template":"","meta":[],"product_cat":[107],"product_tag":[],"yoast_head":"<!-- This site is optimized with the Yoast SEO plugin v19.14 - https:\/\/yoast.com\/wordpress\/plugins\/seo\/ -->\n<title>St\u00f6rtebeker 0,33 Eis Bio Lager 24x0,33 - Getr\u00e4nke Schl\u00fcter Onlineshop<\/title>\n<meta name=\"robots\" content=\"noindex, follow, max-snippet:-1, max-image-preview:large, max-video-preview:-1\" \/>\n<meta property=\"og:locale\" content=\"de_DE\" \/>\n<meta property=\"og:type\" content=\"article\" \/>\n<meta property=\"og:title\" content=\"St\u00f6rtebeker 0,33 Eis Bio Lager 24x0,33 - Getr\u00e4nke Schl\u00fcter Onlineshop\" \/>\n<meta property=\"og:description\" content=\"St\u00f6rtebeker Eis Lager in Bioqualit\u00e4t - Bockbier - 9,8vol% - Dieses Eis-Lager basiert auf dem Bio Baltik-Lager und begeistert durch seine s\u00fc\u00dfen Malzaromen von Caramel, Honig und Biscuit sowie einen wuchtig-harmonischen K\u00f6rper. Die leichte Hopfung mit der Sorte Calypso gibt dem kupferfarbenen Bier w\u00fcrzig-fruchtige Noten nach Pfirsich und Zitronenschale - Ein Genuss! - 9,8 % vol. Alkohol. - Glas Mehrweg - Pfand: 3,42 Hier geht\u00b4s direkt zur St\u00f6rtebeker Brauerei!\" \/>\n<meta property=\"og:url\" content=\"https:\/\/shop.merolution.de\/index.php\/product\/stoertebeker-033-eis-bio-lager-24x033\/\" \/>\n<meta property=\"og:site_name\" content=\"Getr\u00e4nke Schl\u00fcter Onlineshop\" \/>\n<meta name=\"twitter:card\" content=\"summary_large_image\" \/>\n<script type=\"application\/ld+json\" class=\"yoast-schema-graph\">{\"@context\":\"https:\/\/schema.org\",\"@graph\":[{\"@type\":\"WebPage\",\"@id\":\"https:\/\/shop.merolution.de\/index.php\/product\/stoertebeker-033-eis-bio-lager-24x033\/\",\"url\":\"https:\/\/shop.merolution.de\/index.php\/product\/stoertebeker-033-eis-bio-lager-24x033\/\",\"name\":\"St\u00f6rtebeker 0,33 Eis Bio Lager 24x0,33 - Getr\u00e4nke Schl\u00fcter Onlineshop\",\"isPartOf\":{\"@id\":\"https:\/\/shop.merolution.de\/#website\"},\"datePublished\":\"2020-05-28T10:05:00+00:00\",\"dateModified\":\"2020-05-28T10:05:00+00:00\",\"breadcrumb\":{\"@id\":\"https:\/\/shop.merolution.de\/index.php\/product\/stoertebeker-033-eis-bio-lager-24x033\/#breadcrumb\"},\"inLanguage\":\"de\",\"potentialAction\":[{\"@type\":\"ReadAction\",\"target\":[\"https:\/\/shop.merolution.de\/index.php\/product\/stoertebeker-033-eis-bio-lager-24x033\/\"]}]},{\"@type\":\"BreadcrumbList\",\"@id\":\"https:\/\/shop.merolution.de\/index.php\/product\/stoertebeker-033-eis-bio-lager-24x033\/#breadcrumb\",\"itemListElement\":[{\"@type\":\"ListItem\",\"position\":1,\"name\":\"Home\",\"item\":\"https:\/\/shop.merolution.de\/\"},{\"@type\":\"ListItem\",\"position\":2,\"name\":\"Shop\",\"item\":\"https:\/\/shop.merolution.de\/\"},{\"@type\":\"ListItem\",\"position\":3,\"name\":\"St\u00f6rtebeker 0,33 Eis Bio Lager 24&#215;0,33\"}]},{\"@type\":\"WebSite\",\"@id\":\"https:\/\/shop.merolution.de\/#website\",\"url\":\"https:\/\/shop.merolution.de\/\",\"name\":\"Getr\u00e4nke Schl\u00fcter Onlineshop\",\"description\":\"Ihr Getr\u00e4nke-Partner in Hannover\",\"potentialAction\":[{\"@type\":\"SearchAction\",\"target\":{\"@type\":\"EntryPoint\",\"urlTemplate\":\"https:\/\/shop.merolution.de\/?s={search_term_string}\"},\"query-input\":\"required name=search_term_string\"}],\"inLanguage\":\"de\"}]}<\/script>\n<!-- \/ Yoast SEO plugin. -->","yoast_head_json":{"title":"St\u00f6rtebeker 0,33 Eis Bio Lager 24x0,33 - Getr\u00e4nke Schl\u00fcter Onlineshop","robots":{"index":"noindex","follow":"follow","max-snippet":"max-snippet:-1","max-image-preview":"max-image-preview:large","max-video-preview":"max-video-preview:-1"},"og_locale":"de_DE","og_type":"article","og_title":"St\u00f6rtebeker 0,33 Eis Bio Lager 24x0,33 - Getr\u00e4nke Schl\u00fcter Onlineshop","og_description":"St\u00f6rtebeker Eis Lager in Bioqualit\u00e4t - Bockbier - 9,8vol% - Dieses Eis-Lager basiert auf dem Bio Baltik-Lager und begeistert durch seine s\u00fc\u00dfen Malzaromen von Caramel, Honig und Biscuit sowie einen wuchtig-harmonischen K\u00f6rper. Die leichte Hopfung mit der Sorte Calypso gibt dem kupferfarbenen Bier w\u00fcrzig-fruchtige Noten nach Pfirsich und Zitronenschale - Ein Genuss! - 9,8 % vol. Alkohol. - Glas Mehrweg - Pfand: 3,42 Hier geht\u00b4s direkt zur St\u00f6rtebeker Brauerei!","og_url":"https:\/\/shop.merolution.de\/index.php\/product\/stoertebeker-033-eis-bio-lager-24x033\/","og_site_name":"Getr\u00e4nke Schl\u00fcter Onlineshop","twitter_card":"summary_large_image","schema":{"@context":"https:\/\/schema.org","@graph":[{"@type":"WebPage","@id":"https:\/\/shop.merolution.de\/index.php\/product\/stoertebeker-033-eis-bio-lager-24x033\/","url":"https:\/\/shop.merolution.de\/index.php\/product\/stoertebeker-033-eis-bio-lager-24x033\/","name":"St\u00f6rtebeker 0,33 Eis Bio Lager 24x0,33 - Getr\u00e4nke Schl\u00fcter Onlineshop","isPartOf":{"@id":"https:\/\/shop.merolution.de\/#website"},"datePublished":"2020-05-28T10:05:00+00:00","dateModified":"2020-05-28T10:05:00+00:00","breadcrumb":{"@id":"https:\/\/shop.merolution.de\/index.php\/product\/stoertebeker-033-eis-bio-lager-24x033\/#breadcrumb"},"inLanguage":"de","potentialAction":[{"@type":"ReadAction","target":["https:\/\/shop.merolution.de\/index.php\/product\/stoertebeker-033-eis-bio-lager-24x033\/"]}]},{"@type":"BreadcrumbList","@id":"https:\/\/shop.merolution.de\/index.php\/product\/stoertebeker-033-eis-bio-lager-24x033\/#breadcrumb","itemListElement":[{"@type":"ListItem","position":1,"name":"Home","item":"https:\/\/shop.merolution.de\/"},{"@type":"ListItem","position":2,"name":"Shop","item":"https:\/\/shop.merolution.de\/"},{"@type":"ListItem","position":3,"name":"St\u00f6rtebeker 0,33 Eis Bio Lager 24&#215;0,33"}]},{"@type":"WebSite","@id":"https:\/\/shop.merolution.de\/#website","url":"https:\/\/shop.merolution.de\/","name":"Getr\u00e4nke Schl\u00fcter Onlineshop","description":"Ihr Getr\u00e4nke-Partner in Hannover","potentialAction":[{"@type":"SearchAction","target":{"@type":"EntryPoint","urlTemplate":"https:\/\/shop.merolution.de\/?s={search_term_string}"},"query-input":"required name=search_term_string"}],"inLanguage":"de"}]}},"_links":{"self":[{"href":"https:\/\/shop.merolution.de\/index.php\/wp-json\/wp\/v2\/product\/4322"}],"collection":[{"href":"https:\/\/shop.merolution.de\/index.php\/wp-json\/wp\/v2\/product"}],"about":[{"href":"https:\/\/shop.merolution.de\/index.php\/wp-json\/wp\/v2\/types\/product"}],"replies":[{"embeddable":true,"href":"https:\/\/shop.merolution.de\/index.php\/wp-json\/wp\/v2\/comments?post=4322"}],"wp:attachment":[{"href":"https:\/\/shop.merolution.de\/index.php\/wp-json\/wp\/v2\/media?parent=4322"}],"wp:term":[{"taxonomy":"product_cat","embeddable":true,"href":"https:\/\/shop.merolution.de\/index.php\/wp-json\/wp\/v2\/product_cat?post=4322"},{"taxonomy":"product_tag","embeddable":true,"href":"https:\/\/shop.merolution.de\/index.php\/wp-json\/wp\/v2\/product_tag?post=4322"}],"curies":[{"name":"wp","href":"https:\/\/api.w.org\/{rel}","templated":true}]}}