{"id":4351,"date":"2020-05-28T10:05:04","date_gmt":"2020-05-28T10:05:04","guid":{"rendered":"https:\/\/shop.merolution.de\/index.php\/product\/hofbraeu-original-hell\/"},"modified":"2020-05-28T10:05:04","modified_gmt":"2020-05-28T10:05:04","slug":"hofbraeu-original-hell","status":"publish","type":"product","link":"https:\/\/shop.merolution.de\/index.php\/product\/hofbraeu-original-hell\/","title":{"rendered":"Hofbr\u00e4u Original Hell **"},"content":{"rendered":"<p>20\/0,50 &#8211; Gemeinsam an langen Holztafeln zu sitzen, Brezn und Brotzeitplatten genie\u00dfen, bayerische Gem\u00fctlichkeit sp\u00fcren, den perfekten Service in fescher Tracht \u0096 was darf da auf keinen Fall fehlen? Eine Ma\u00df Hofbr\u00e4u Original! Leuchtend goldgelb mit schaumigwei\u00dfer Krone l\u00e4sst sich sein Geschmack bereits erahnen: Leicht malzig, vollmundig, ausgereift und mit einem eleganten Ausklang. Ein Bier mit Charakter f\u00fcr Genie\u00dfer mit Charakter &#8212; Geschmack: feinw\u00fcrziges Bukett, leicht malzig, vollmundig, ausgereift und mit einem einem feinen Hopfenaroma &#8211; ein hervorragend ausgewogenes Helles &#8211;Passt gut zu: Wurst und K\u00e4se, Salate, Schweinebraten, Kartoffel- und Kn\u00f6delgerichte, Pasta und ged\u00fcnstetem Fisch- 5,1vol% &#8211; \u0080 3,10 Pfand<\/p>\n","protected":false},"excerpt":{"rendered":"<p>20\/0,50 &#8211; Helles Vollbier m\u00fcnchener Brauart mit 5,1vol% &#8211; \u0080 3,10 Pfand<\/p>\n","protected":false},"featured_media":4352,"comment_status":"open","ping_status":"closed","template":"","meta":[],"product_cat":[109],"product_tag":[],"yoast_head":"<!-- This site is optimized with the Yoast SEO plugin v19.14 - https:\/\/yoast.com\/wordpress\/plugins\/seo\/ -->\n<title>Hofbr\u00e4u Original Hell ** - Getr\u00e4nke Schl\u00fcter Onlineshop<\/title>\n<meta name=\"robots\" content=\"noindex, follow, max-snippet:-1, max-image-preview:large, max-video-preview:-1\" \/>\n<meta property=\"og:locale\" content=\"de_DE\" \/>\n<meta property=\"og:type\" content=\"article\" \/>\n<meta property=\"og:title\" content=\"Hofbr\u00e4u Original Hell ** - Getr\u00e4nke Schl\u00fcter Onlineshop\" \/>\n<meta property=\"og:description\" content=\"20\/0,50 - Helles Vollbier m\u00fcnchener Brauart mit 5,1vol% - \u0080 3,10 Pfand\" \/>\n<meta property=\"og:url\" content=\"https:\/\/shop.merolution.de\/index.php\/product\/hofbraeu-original-hell\/\" \/>\n<meta property=\"og:site_name\" content=\"Getr\u00e4nke Schl\u00fcter Onlineshop\" \/>\n<meta property=\"og:image\" content=\"https:\/\/shop.merolution.de\/wp-content\/uploads\/2020\/05\/hofbraeuoktoberfestbier-kiste20x050.jpg\" \/>\n\t<meta property=\"og:image:width\" content=\"150\" \/>\n\t<meta property=\"og:image:height\" content=\"126\" \/>\n\t<meta property=\"og:image:type\" content=\"image\/jpeg\" \/>\n<meta name=\"twitter:card\" content=\"summary_large_image\" \/>\n<meta name=\"twitter:label1\" content=\"Gesch\u00e4tzte Lesezeit\" \/>\n\t<meta name=\"twitter:data1\" content=\"1\u00a0Minute\" \/>\n<script type=\"application\/ld+json\" class=\"yoast-schema-graph\">{\"@context\":\"https:\/\/schema.org\",\"@graph\":[{\"@type\":\"WebPage\",\"@id\":\"https:\/\/shop.merolution.de\/index.php\/product\/hofbraeu-original-hell\/\",\"url\":\"https:\/\/shop.merolution.de\/index.php\/product\/hofbraeu-original-hell\/\",\"name\":\"Hofbr\u00e4u Original Hell ** - Getr\u00e4nke Schl\u00fcter Onlineshop\",\"isPartOf\":{\"@id\":\"https:\/\/shop.merolution.de\/#website\"},\"datePublished\":\"2020-05-28T10:05:04+00:00\",\"dateModified\":\"2020-05-28T10:05:04+00:00\",\"breadcrumb\":{\"@id\":\"https:\/\/shop.merolution.de\/index.php\/product\/hofbraeu-original-hell\/#breadcrumb\"},\"inLanguage\":\"de\",\"potentialAction\":[{\"@type\":\"ReadAction\",\"target\":[\"https:\/\/shop.merolution.de\/index.php\/product\/hofbraeu-original-hell\/\"]}]},{\"@type\":\"BreadcrumbList\",\"@id\":\"https:\/\/shop.merolution.de\/index.php\/product\/hofbraeu-original-hell\/#breadcrumb\",\"itemListElement\":[{\"@type\":\"ListItem\",\"position\":1,\"name\":\"Home\",\"item\":\"https:\/\/shop.merolution.de\/\"},{\"@type\":\"ListItem\",\"position\":2,\"name\":\"Shop\",\"item\":\"https:\/\/shop.merolution.de\/\"},{\"@type\":\"ListItem\",\"position\":3,\"name\":\"Hofbr\u00e4u Original Hell **\"}]},{\"@type\":\"WebSite\",\"@id\":\"https:\/\/shop.merolution.de\/#website\",\"url\":\"https:\/\/shop.merolution.de\/\",\"name\":\"Getr\u00e4nke Schl\u00fcter Onlineshop\",\"description\":\"Ihr Getr\u00e4nke-Partner in Hannover\",\"potentialAction\":[{\"@type\":\"SearchAction\",\"target\":{\"@type\":\"EntryPoint\",\"urlTemplate\":\"https:\/\/shop.merolution.de\/?s={search_term_string}\"},\"query-input\":\"required name=search_term_string\"}],\"inLanguage\":\"de\"}]}<\/script>\n<!-- \/ Yoast SEO plugin. -->","yoast_head_json":{"title":"Hofbr\u00e4u Original Hell ** - Getr\u00e4nke Schl\u00fcter Onlineshop","robots":{"index":"noindex","follow":"follow","max-snippet":"max-snippet:-1","max-image-preview":"max-image-preview:large","max-video-preview":"max-video-preview:-1"},"og_locale":"de_DE","og_type":"article","og_title":"Hofbr\u00e4u Original Hell ** - Getr\u00e4nke Schl\u00fcter Onlineshop","og_description":"20\/0,50 - Helles Vollbier m\u00fcnchener Brauart mit 5,1vol% - \u0080 3,10 Pfand","og_url":"https:\/\/shop.merolution.de\/index.php\/product\/hofbraeu-original-hell\/","og_site_name":"Getr\u00e4nke Schl\u00fcter Onlineshop","og_image":[{"width":150,"height":126,"url":"https:\/\/shop.merolution.de\/wp-content\/uploads\/2020\/05\/hofbraeuoktoberfestbier-kiste20x050.jpg","type":"image\/jpeg"}],"twitter_card":"summary_large_image","twitter_misc":{"Gesch\u00e4tzte Lesezeit":"1\u00a0Minute"},"schema":{"@context":"https:\/\/schema.org","@graph":[{"@type":"WebPage","@id":"https:\/\/shop.merolution.de\/index.php\/product\/hofbraeu-original-hell\/","url":"https:\/\/shop.merolution.de\/index.php\/product\/hofbraeu-original-hell\/","name":"Hofbr\u00e4u Original Hell ** - Getr\u00e4nke Schl\u00fcter Onlineshop","isPartOf":{"@id":"https:\/\/shop.merolution.de\/#website"},"datePublished":"2020-05-28T10:05:04+00:00","dateModified":"2020-05-28T10:05:04+00:00","breadcrumb":{"@id":"https:\/\/shop.merolution.de\/index.php\/product\/hofbraeu-original-hell\/#breadcrumb"},"inLanguage":"de","potentialAction":[{"@type":"ReadAction","target":["https:\/\/shop.merolution.de\/index.php\/product\/hofbraeu-original-hell\/"]}]},{"@type":"BreadcrumbList","@id":"https:\/\/shop.merolution.de\/index.php\/product\/hofbraeu-original-hell\/#breadcrumb","itemListElement":[{"@type":"ListItem","position":1,"name":"Home","item":"https:\/\/shop.merolution.de\/"},{"@type":"ListItem","position":2,"name":"Shop","item":"https:\/\/shop.merolution.de\/"},{"@type":"ListItem","position":3,"name":"Hofbr\u00e4u Original Hell **"}]},{"@type":"WebSite","@id":"https:\/\/shop.merolution.de\/#website","url":"https:\/\/shop.merolution.de\/","name":"Getr\u00e4nke Schl\u00fcter Onlineshop","description":"Ihr Getr\u00e4nke-Partner in Hannover","potentialAction":[{"@type":"SearchAction","target":{"@type":"EntryPoint","urlTemplate":"https:\/\/shop.merolution.de\/?s={search_term_string}"},"query-input":"required name=search_term_string"}],"inLanguage":"de"}]}},"_links":{"self":[{"href":"https:\/\/shop.merolution.de\/index.php\/wp-json\/wp\/v2\/product\/4351"}],"collection":[{"href":"https:\/\/shop.merolution.de\/index.php\/wp-json\/wp\/v2\/product"}],"about":[{"href":"https:\/\/shop.merolution.de\/index.php\/wp-json\/wp\/v2\/types\/product"}],"replies":[{"embeddable":true,"href":"https:\/\/shop.merolution.de\/index.php\/wp-json\/wp\/v2\/comments?post=4351"}],"wp:featuredmedia":[{"embeddable":true,"href":"https:\/\/shop.merolution.de\/index.php\/wp-json\/wp\/v2\/media\/4352"}],"wp:attachment":[{"href":"https:\/\/shop.merolution.de\/index.php\/wp-json\/wp\/v2\/media?parent=4351"}],"wp:term":[{"taxonomy":"product_cat","embeddable":true,"href":"https:\/\/shop.merolution.de\/index.php\/wp-json\/wp\/v2\/product_cat?post=4351"},{"taxonomy":"product_tag","embeddable":true,"href":"https:\/\/shop.merolution.de\/index.php\/wp-json\/wp\/v2\/product_tag?post=4351"}],"curies":[{"name":"wp","href":"https:\/\/api.w.org\/{rel}","templated":true}]}}