{"id":4359,"date":"2020-05-28T10:05:06","date_gmt":"2020-05-28T10:05:06","guid":{"rendered":"https:\/\/shop.merolution.de\/index.php\/product\/paulaner-05-muenchener-hell\/"},"modified":"2020-05-28T10:05:06","modified_gmt":"2020-05-28T10:05:06","slug":"paulaner-05-muenchener-hell","status":"publish","type":"product","link":"https:\/\/shop.merolution.de\/index.php\/product\/paulaner-05-muenchener-hell\/","title":{"rendered":"Paulaner 0,5 M\u00fcnchener hell"},"content":{"rendered":"<p>20\/0,50 &#8211; Der Klassiker in M\u00fcnchen und bayerisches Grundnahrungsmittel schlechthin. Hellgolden und klar im Glas hochperlend, von hell-wei\u00dfem Schaum gekr\u00f6nt, wird es am liebsten traditionell unter Kastanien getrunken. Ein ausgesprochen s\u00fcffiges Bier: mild, elegant-malzig, mit einer leichten S\u00fc\u00dfe. Und einem leisen \u0084Servus\u0093 vom Hopfen im Nachhall. Da gr\u00fc\u00dft das echte, bayerische Lebensgef\u00fchl! &#8211; ZUTATEN: Wasser, Gerstenmalz, Hopfen &#8211;HOPFENSORTEN: Hallertauer Tradition &#8211;MALZSORTEN: Pilsner Malz (Helles Gerstenmalz) &#8212; 4,9vol% &#8212; \u0080 3,10 Pfand<\/p>\n","protected":false},"excerpt":{"rendered":"<p>20\/0,50 &#8211; Helles Bier M\u00fcnchener Brauart &#8211; 4,9vol% &#8211; \u0080 3,10 Pfand<\/p>\n","protected":false},"featured_media":4360,"comment_status":"open","ping_status":"closed","template":"","meta":[],"product_cat":[109],"product_tag":[],"yoast_head":"<!-- This site is optimized with the Yoast SEO plugin v19.14 - https:\/\/yoast.com\/wordpress\/plugins\/seo\/ -->\n<title>Paulaner 0,5 M\u00fcnchener hell - Getr\u00e4nke Schl\u00fcter Onlineshop<\/title>\n<meta name=\"robots\" content=\"noindex, follow, max-snippet:-1, max-image-preview:large, max-video-preview:-1\" \/>\n<meta property=\"og:locale\" content=\"de_DE\" \/>\n<meta property=\"og:type\" content=\"article\" \/>\n<meta property=\"og:title\" content=\"Paulaner 0,5 M\u00fcnchener hell - Getr\u00e4nke Schl\u00fcter Onlineshop\" \/>\n<meta property=\"og:description\" content=\"20\/0,50 - Helles Bier M\u00fcnchener Brauart - 4,9vol% - \u0080 3,10 Pfand\" \/>\n<meta property=\"og:url\" content=\"https:\/\/shop.merolution.de\/index.php\/product\/paulaner-05-muenchener-hell\/\" \/>\n<meta property=\"og:site_name\" content=\"Getr\u00e4nke Schl\u00fcter Onlineshop\" \/>\n<meta property=\"og:image\" content=\"https:\/\/shop.merolution.de\/wp-content\/uploads\/2020\/05\/ofb_zw_20_klein.jpg\" \/>\n\t<meta property=\"og:image:width\" content=\"150\" \/>\n\t<meta property=\"og:image:height\" content=\"125\" \/>\n\t<meta property=\"og:image:type\" content=\"image\/jpeg\" \/>\n<meta name=\"twitter:card\" content=\"summary_large_image\" \/>\n<script type=\"application\/ld+json\" class=\"yoast-schema-graph\">{\"@context\":\"https:\/\/schema.org\",\"@graph\":[{\"@type\":\"WebPage\",\"@id\":\"https:\/\/shop.merolution.de\/index.php\/product\/paulaner-05-muenchener-hell\/\",\"url\":\"https:\/\/shop.merolution.de\/index.php\/product\/paulaner-05-muenchener-hell\/\",\"name\":\"Paulaner 0,5 M\u00fcnchener hell - Getr\u00e4nke Schl\u00fcter Onlineshop\",\"isPartOf\":{\"@id\":\"https:\/\/shop.merolution.de\/#website\"},\"datePublished\":\"2020-05-28T10:05:06+00:00\",\"dateModified\":\"2020-05-28T10:05:06+00:00\",\"breadcrumb\":{\"@id\":\"https:\/\/shop.merolution.de\/index.php\/product\/paulaner-05-muenchener-hell\/#breadcrumb\"},\"inLanguage\":\"de\",\"potentialAction\":[{\"@type\":\"ReadAction\",\"target\":[\"https:\/\/shop.merolution.de\/index.php\/product\/paulaner-05-muenchener-hell\/\"]}]},{\"@type\":\"BreadcrumbList\",\"@id\":\"https:\/\/shop.merolution.de\/index.php\/product\/paulaner-05-muenchener-hell\/#breadcrumb\",\"itemListElement\":[{\"@type\":\"ListItem\",\"position\":1,\"name\":\"Home\",\"item\":\"https:\/\/shop.merolution.de\/\"},{\"@type\":\"ListItem\",\"position\":2,\"name\":\"Shop\",\"item\":\"https:\/\/shop.merolution.de\/\"},{\"@type\":\"ListItem\",\"position\":3,\"name\":\"Paulaner 0,5 M\u00fcnchener hell\"}]},{\"@type\":\"WebSite\",\"@id\":\"https:\/\/shop.merolution.de\/#website\",\"url\":\"https:\/\/shop.merolution.de\/\",\"name\":\"Getr\u00e4nke Schl\u00fcter Onlineshop\",\"description\":\"Ihr Getr\u00e4nke-Partner in Hannover\",\"potentialAction\":[{\"@type\":\"SearchAction\",\"target\":{\"@type\":\"EntryPoint\",\"urlTemplate\":\"https:\/\/shop.merolution.de\/?s={search_term_string}\"},\"query-input\":\"required name=search_term_string\"}],\"inLanguage\":\"de\"}]}<\/script>\n<!-- \/ Yoast SEO plugin. -->","yoast_head_json":{"title":"Paulaner 0,5 M\u00fcnchener hell - Getr\u00e4nke Schl\u00fcter Onlineshop","robots":{"index":"noindex","follow":"follow","max-snippet":"max-snippet:-1","max-image-preview":"max-image-preview:large","max-video-preview":"max-video-preview:-1"},"og_locale":"de_DE","og_type":"article","og_title":"Paulaner 0,5 M\u00fcnchener hell - Getr\u00e4nke Schl\u00fcter Onlineshop","og_description":"20\/0,50 - Helles Bier M\u00fcnchener Brauart - 4,9vol% - \u0080 3,10 Pfand","og_url":"https:\/\/shop.merolution.de\/index.php\/product\/paulaner-05-muenchener-hell\/","og_site_name":"Getr\u00e4nke Schl\u00fcter Onlineshop","og_image":[{"width":150,"height":125,"url":"https:\/\/shop.merolution.de\/wp-content\/uploads\/2020\/05\/ofb_zw_20_klein.jpg","type":"image\/jpeg"}],"twitter_card":"summary_large_image","schema":{"@context":"https:\/\/schema.org","@graph":[{"@type":"WebPage","@id":"https:\/\/shop.merolution.de\/index.php\/product\/paulaner-05-muenchener-hell\/","url":"https:\/\/shop.merolution.de\/index.php\/product\/paulaner-05-muenchener-hell\/","name":"Paulaner 0,5 M\u00fcnchener hell - Getr\u00e4nke Schl\u00fcter Onlineshop","isPartOf":{"@id":"https:\/\/shop.merolution.de\/#website"},"datePublished":"2020-05-28T10:05:06+00:00","dateModified":"2020-05-28T10:05:06+00:00","breadcrumb":{"@id":"https:\/\/shop.merolution.de\/index.php\/product\/paulaner-05-muenchener-hell\/#breadcrumb"},"inLanguage":"de","potentialAction":[{"@type":"ReadAction","target":["https:\/\/shop.merolution.de\/index.php\/product\/paulaner-05-muenchener-hell\/"]}]},{"@type":"BreadcrumbList","@id":"https:\/\/shop.merolution.de\/index.php\/product\/paulaner-05-muenchener-hell\/#breadcrumb","itemListElement":[{"@type":"ListItem","position":1,"name":"Home","item":"https:\/\/shop.merolution.de\/"},{"@type":"ListItem","position":2,"name":"Shop","item":"https:\/\/shop.merolution.de\/"},{"@type":"ListItem","position":3,"name":"Paulaner 0,5 M\u00fcnchener hell"}]},{"@type":"WebSite","@id":"https:\/\/shop.merolution.de\/#website","url":"https:\/\/shop.merolution.de\/","name":"Getr\u00e4nke Schl\u00fcter Onlineshop","description":"Ihr Getr\u00e4nke-Partner in Hannover","potentialAction":[{"@type":"SearchAction","target":{"@type":"EntryPoint","urlTemplate":"https:\/\/shop.merolution.de\/?s={search_term_string}"},"query-input":"required name=search_term_string"}],"inLanguage":"de"}]}},"_links":{"self":[{"href":"https:\/\/shop.merolution.de\/index.php\/wp-json\/wp\/v2\/product\/4359"}],"collection":[{"href":"https:\/\/shop.merolution.de\/index.php\/wp-json\/wp\/v2\/product"}],"about":[{"href":"https:\/\/shop.merolution.de\/index.php\/wp-json\/wp\/v2\/types\/product"}],"replies":[{"embeddable":true,"href":"https:\/\/shop.merolution.de\/index.php\/wp-json\/wp\/v2\/comments?post=4359"}],"wp:featuredmedia":[{"embeddable":true,"href":"https:\/\/shop.merolution.de\/index.php\/wp-json\/wp\/v2\/media\/4360"}],"wp:attachment":[{"href":"https:\/\/shop.merolution.de\/index.php\/wp-json\/wp\/v2\/media?parent=4359"}],"wp:term":[{"taxonomy":"product_cat","embeddable":true,"href":"https:\/\/shop.merolution.de\/index.php\/wp-json\/wp\/v2\/product_cat?post=4359"},{"taxonomy":"product_tag","embeddable":true,"href":"https:\/\/shop.merolution.de\/index.php\/wp-json\/wp\/v2\/product_tag?post=4359"}],"curies":[{"name":"wp","href":"https:\/\/api.w.org\/{rel}","templated":true}]}}