{"id":4375,"date":"2020-05-28T10:05:08","date_gmt":"2020-05-28T10:05:08","guid":{"rendered":"https:\/\/shop.merolution.de\/index.php\/product\/bayreuther-vollbier-hell\/"},"modified":"2020-05-28T10:05:08","modified_gmt":"2020-05-28T10:05:08","slug":"bayreuther-vollbier-hell","status":"publish","type":"product","link":"https:\/\/shop.merolution.de\/index.php\/product\/bayreuther-vollbier-hell\/","title":{"rendered":"Bayreuther Vollbier hell"},"content":{"rendered":"<p>20\/0,50 &#8211; Das Bayreuther Hell Vollbier ist ein ehrliches bayerisches Hell, frisch und w\u00fcrzig. Der Geschmack und der s\u00fcffige Biergenuss sind charakteristisch f\u00fcr die traditionell bayerische Bierspezialit\u00e4t. Bayreuther HELL bekommt durch die sorgsam ausgewogene Balance aus feinsten, hellen Gerstenmalzen und einer sehr dezenten Hopfennote seinen unverwechelbaren Charakter. Gebraut wird es mit viel Liebe und Herzblut nach einem alten \u00fcberlieferten Rezept und nach den Regeln bester bayerischer Braukunst &#8211; Das BAYREUTHER HELL strahlt im Glas mit seiner leuchtend goldenen Farbe und einer stattlichen Schaumkrone. Die Nase umspielen frische, florale Noten mit einem leichten Hauch von Honig und Zitrone. Im Mund zeigt sich ein leichtes, wunderbar w\u00fcrziges und s\u00fcffiges Bier mit feinster Spritzigkeit: eine Komposition aus Honig, Karamell und blumigen Hopfennoten mit einem Hauch von Getreide &#8211; Ein ehrliches und schmackhaftes Helles, wie es in Bayern schon seit Jahrhunderten gebraut und geliebt wird.<\/p>\n","protected":false},"excerpt":{"rendered":"<p>20\/0,50 &#8211; helles Vollbier aus Bayreuth mit 4,9vol% &#8211; Pfand \u0080 3,10<\/p>\n","protected":false},"featured_media":4376,"comment_status":"open","ping_status":"closed","template":"","meta":[],"product_cat":[109],"product_tag":[],"yoast_head":"<!-- This site is optimized with the Yoast SEO plugin v19.14 - https:\/\/yoast.com\/wordpress\/plugins\/seo\/ -->\n<title>Bayreuther Vollbier hell - Getr\u00e4nke Schl\u00fcter Onlineshop<\/title>\n<meta name=\"robots\" content=\"noindex, follow, max-snippet:-1, max-image-preview:large, max-video-preview:-1\" \/>\n<meta property=\"og:locale\" content=\"de_DE\" \/>\n<meta property=\"og:type\" content=\"article\" \/>\n<meta property=\"og:title\" content=\"Bayreuther Vollbier hell - Getr\u00e4nke Schl\u00fcter Onlineshop\" \/>\n<meta property=\"og:description\" content=\"20\/0,50 - helles Vollbier aus Bayreuth mit 4,9vol% - Pfand \u0080 3,10\" \/>\n<meta property=\"og:url\" content=\"https:\/\/shop.merolution.de\/index.php\/product\/bayreuther-vollbier-hell\/\" \/>\n<meta property=\"og:site_name\" content=\"Getr\u00e4nke Schl\u00fcter Onlineshop\" \/>\n<meta property=\"og:image\" content=\"https:\/\/shop.merolution.de\/wp-content\/uploads\/2020\/05\/bh_kasten_4c.jpg\" \/>\n\t<meta property=\"og:image:width\" content=\"150\" \/>\n\t<meta property=\"og:image:height\" content=\"94\" \/>\n\t<meta property=\"og:image:type\" content=\"image\/jpeg\" \/>\n<meta name=\"twitter:card\" content=\"summary_large_image\" \/>\n<meta name=\"twitter:label1\" content=\"Gesch\u00e4tzte Lesezeit\" \/>\n\t<meta name=\"twitter:data1\" content=\"1\u00a0Minute\" \/>\n<script type=\"application\/ld+json\" class=\"yoast-schema-graph\">{\"@context\":\"https:\/\/schema.org\",\"@graph\":[{\"@type\":\"WebPage\",\"@id\":\"https:\/\/shop.merolution.de\/index.php\/product\/bayreuther-vollbier-hell\/\",\"url\":\"https:\/\/shop.merolution.de\/index.php\/product\/bayreuther-vollbier-hell\/\",\"name\":\"Bayreuther Vollbier hell - Getr\u00e4nke Schl\u00fcter Onlineshop\",\"isPartOf\":{\"@id\":\"https:\/\/shop.merolution.de\/#website\"},\"datePublished\":\"2020-05-28T10:05:08+00:00\",\"dateModified\":\"2020-05-28T10:05:08+00:00\",\"breadcrumb\":{\"@id\":\"https:\/\/shop.merolution.de\/index.php\/product\/bayreuther-vollbier-hell\/#breadcrumb\"},\"inLanguage\":\"de\",\"potentialAction\":[{\"@type\":\"ReadAction\",\"target\":[\"https:\/\/shop.merolution.de\/index.php\/product\/bayreuther-vollbier-hell\/\"]}]},{\"@type\":\"BreadcrumbList\",\"@id\":\"https:\/\/shop.merolution.de\/index.php\/product\/bayreuther-vollbier-hell\/#breadcrumb\",\"itemListElement\":[{\"@type\":\"ListItem\",\"position\":1,\"name\":\"Home\",\"item\":\"https:\/\/shop.merolution.de\/\"},{\"@type\":\"ListItem\",\"position\":2,\"name\":\"Shop\",\"item\":\"https:\/\/shop.merolution.de\/\"},{\"@type\":\"ListItem\",\"position\":3,\"name\":\"Bayreuther Vollbier hell\"}]},{\"@type\":\"WebSite\",\"@id\":\"https:\/\/shop.merolution.de\/#website\",\"url\":\"https:\/\/shop.merolution.de\/\",\"name\":\"Getr\u00e4nke Schl\u00fcter Onlineshop\",\"description\":\"Ihr Getr\u00e4nke-Partner in Hannover\",\"potentialAction\":[{\"@type\":\"SearchAction\",\"target\":{\"@type\":\"EntryPoint\",\"urlTemplate\":\"https:\/\/shop.merolution.de\/?s={search_term_string}\"},\"query-input\":\"required name=search_term_string\"}],\"inLanguage\":\"de\"}]}<\/script>\n<!-- \/ Yoast SEO plugin. -->","yoast_head_json":{"title":"Bayreuther Vollbier hell - Getr\u00e4nke Schl\u00fcter Onlineshop","robots":{"index":"noindex","follow":"follow","max-snippet":"max-snippet:-1","max-image-preview":"max-image-preview:large","max-video-preview":"max-video-preview:-1"},"og_locale":"de_DE","og_type":"article","og_title":"Bayreuther Vollbier hell - Getr\u00e4nke Schl\u00fcter Onlineshop","og_description":"20\/0,50 - helles Vollbier aus Bayreuth mit 4,9vol% - Pfand \u0080 3,10","og_url":"https:\/\/shop.merolution.de\/index.php\/product\/bayreuther-vollbier-hell\/","og_site_name":"Getr\u00e4nke Schl\u00fcter Onlineshop","og_image":[{"width":150,"height":94,"url":"https:\/\/shop.merolution.de\/wp-content\/uploads\/2020\/05\/bh_kasten_4c.jpg","type":"image\/jpeg"}],"twitter_card":"summary_large_image","twitter_misc":{"Gesch\u00e4tzte Lesezeit":"1\u00a0Minute"},"schema":{"@context":"https:\/\/schema.org","@graph":[{"@type":"WebPage","@id":"https:\/\/shop.merolution.de\/index.php\/product\/bayreuther-vollbier-hell\/","url":"https:\/\/shop.merolution.de\/index.php\/product\/bayreuther-vollbier-hell\/","name":"Bayreuther Vollbier hell - Getr\u00e4nke Schl\u00fcter Onlineshop","isPartOf":{"@id":"https:\/\/shop.merolution.de\/#website"},"datePublished":"2020-05-28T10:05:08+00:00","dateModified":"2020-05-28T10:05:08+00:00","breadcrumb":{"@id":"https:\/\/shop.merolution.de\/index.php\/product\/bayreuther-vollbier-hell\/#breadcrumb"},"inLanguage":"de","potentialAction":[{"@type":"ReadAction","target":["https:\/\/shop.merolution.de\/index.php\/product\/bayreuther-vollbier-hell\/"]}]},{"@type":"BreadcrumbList","@id":"https:\/\/shop.merolution.de\/index.php\/product\/bayreuther-vollbier-hell\/#breadcrumb","itemListElement":[{"@type":"ListItem","position":1,"name":"Home","item":"https:\/\/shop.merolution.de\/"},{"@type":"ListItem","position":2,"name":"Shop","item":"https:\/\/shop.merolution.de\/"},{"@type":"ListItem","position":3,"name":"Bayreuther Vollbier hell"}]},{"@type":"WebSite","@id":"https:\/\/shop.merolution.de\/#website","url":"https:\/\/shop.merolution.de\/","name":"Getr\u00e4nke Schl\u00fcter Onlineshop","description":"Ihr Getr\u00e4nke-Partner in Hannover","potentialAction":[{"@type":"SearchAction","target":{"@type":"EntryPoint","urlTemplate":"https:\/\/shop.merolution.de\/?s={search_term_string}"},"query-input":"required name=search_term_string"}],"inLanguage":"de"}]}},"_links":{"self":[{"href":"https:\/\/shop.merolution.de\/index.php\/wp-json\/wp\/v2\/product\/4375"}],"collection":[{"href":"https:\/\/shop.merolution.de\/index.php\/wp-json\/wp\/v2\/product"}],"about":[{"href":"https:\/\/shop.merolution.de\/index.php\/wp-json\/wp\/v2\/types\/product"}],"replies":[{"embeddable":true,"href":"https:\/\/shop.merolution.de\/index.php\/wp-json\/wp\/v2\/comments?post=4375"}],"wp:featuredmedia":[{"embeddable":true,"href":"https:\/\/shop.merolution.de\/index.php\/wp-json\/wp\/v2\/media\/4376"}],"wp:attachment":[{"href":"https:\/\/shop.merolution.de\/index.php\/wp-json\/wp\/v2\/media?parent=4375"}],"wp:term":[{"taxonomy":"product_cat","embeddable":true,"href":"https:\/\/shop.merolution.de\/index.php\/wp-json\/wp\/v2\/product_cat?post=4375"},{"taxonomy":"product_tag","embeddable":true,"href":"https:\/\/shop.merolution.de\/index.php\/wp-json\/wp\/v2\/product_tag?post=4375"}],"curies":[{"name":"wp","href":"https:\/\/api.w.org\/{rel}","templated":true}]}}