{"id":4392,"date":"2020-05-28T10:05:11","date_gmt":"2020-05-28T10:05:11","guid":{"rendered":"https:\/\/shop.merolution.de\/index.php\/product\/weissenoher-glocken-hell-20-050\/"},"modified":"2020-05-28T10:05:11","modified_gmt":"2020-05-28T10:05:11","slug":"weissenoher-glocken-hell-20-050","status":"publish","type":"product","link":"https:\/\/shop.merolution.de\/index.php\/product\/weissenoher-glocken-hell-20-050\/","title":{"rendered":"Weissenoher Glocken hell &#8211; 20\/0,50"},"content":{"rendered":"<p>20\/0,50 &#8211; Ein elegantes feinw\u00fcrziges Vollbier mit seinem Ursprung in der Brautradition des ehemaligen Benediktinerklosters &#8211;Nuancenreiche Hersbrucker Gebirgshopfen in einer ausgewogenen Kombination geben diesem Bier seinen ganz eigenen Geschmack &#8211;Damals wie heute k\u00fcndet das Gel\u00e4ut vom Wei\u00dfenoher Kirchturm nicht nur Momente der Andacht und Einkehr an. Es bestimmt auch den profanen Tagesrhythmus. Einer der sch\u00f6nsten Momente des Tages ist sicherlich der, in dem der Feierabend eingel\u00e4utet wird. Mit unserem Glocken Hell bringen wir den Klang der Wei\u00dfenoher Glocken zu Ihnen &#8211;L\u00e4uten Sie Ihren Feierabend mit unserem Glocken Hell ein! &#8211;Passend zu: fr\u00e4nkischen Gerichten, Pasta, Kartoffelspeisen, Salaten &#8211; Glas Mehrweg &#8211; Pfand: \u0080 3,10<\/p>\n","protected":false},"excerpt":{"rendered":"<p>20\/0,50 &#8211; Ein elegantes feinw\u00fcrziges Vollbier mit seinem Ursprung in der Brautradition des ehemaligen Benediktinerklosters &#8211; Glas Mehrweg &#8211; Pfand: \u0080 3,10<\/p>\n","protected":false},"featured_media":4393,"comment_status":"open","ping_status":"closed","template":"","meta":[],"product_cat":[109],"product_tag":[],"yoast_head":"<!-- This site is optimized with the Yoast SEO plugin v19.14 - https:\/\/yoast.com\/wordpress\/plugins\/seo\/ -->\n<title>Weissenoher Glocken hell - 20\/0,50 - Getr\u00e4nke Schl\u00fcter Onlineshop<\/title>\n<meta name=\"robots\" content=\"noindex, follow, max-snippet:-1, max-image-preview:large, max-video-preview:-1\" \/>\n<meta property=\"og:locale\" content=\"de_DE\" \/>\n<meta property=\"og:type\" content=\"article\" \/>\n<meta property=\"og:title\" content=\"Weissenoher Glocken hell - 20\/0,50 - Getr\u00e4nke Schl\u00fcter Onlineshop\" \/>\n<meta property=\"og:description\" content=\"20\/0,50 - Ein elegantes feinw\u00fcrziges Vollbier mit seinem Ursprung in der Brautradition des ehemaligen Benediktinerklosters - Glas Mehrweg - Pfand: \u0080 3,10\" \/>\n<meta property=\"og:url\" content=\"https:\/\/shop.merolution.de\/index.php\/product\/weissenoher-glocken-hell-20-050\/\" \/>\n<meta property=\"og:site_name\" content=\"Getr\u00e4nke Schl\u00fcter Onlineshop\" \/>\n<meta property=\"og:image\" content=\"https:\/\/shop.merolution.de\/wp-content\/uploads\/2020\/05\/flasche_altfraenkisch_klosterbier2___1sp.jpg\" \/>\n\t<meta property=\"og:image:width\" content=\"150\" \/>\n\t<meta property=\"og:image:height\" content=\"113\" \/>\n\t<meta property=\"og:image:type\" content=\"image\/jpeg\" \/>\n<meta name=\"twitter:card\" content=\"summary_large_image\" \/>\n<meta name=\"twitter:label1\" content=\"Gesch\u00e4tzte Lesezeit\" \/>\n\t<meta name=\"twitter:data1\" content=\"1\u00a0Minute\" \/>\n<script type=\"application\/ld+json\" class=\"yoast-schema-graph\">{\"@context\":\"https:\/\/schema.org\",\"@graph\":[{\"@type\":\"WebPage\",\"@id\":\"https:\/\/shop.merolution.de\/index.php\/product\/weissenoher-glocken-hell-20-050\/\",\"url\":\"https:\/\/shop.merolution.de\/index.php\/product\/weissenoher-glocken-hell-20-050\/\",\"name\":\"Weissenoher Glocken hell - 20\/0,50 - Getr\u00e4nke Schl\u00fcter Onlineshop\",\"isPartOf\":{\"@id\":\"https:\/\/shop.merolution.de\/#website\"},\"datePublished\":\"2020-05-28T10:05:11+00:00\",\"dateModified\":\"2020-05-28T10:05:11+00:00\",\"breadcrumb\":{\"@id\":\"https:\/\/shop.merolution.de\/index.php\/product\/weissenoher-glocken-hell-20-050\/#breadcrumb\"},\"inLanguage\":\"de\",\"potentialAction\":[{\"@type\":\"ReadAction\",\"target\":[\"https:\/\/shop.merolution.de\/index.php\/product\/weissenoher-glocken-hell-20-050\/\"]}]},{\"@type\":\"BreadcrumbList\",\"@id\":\"https:\/\/shop.merolution.de\/index.php\/product\/weissenoher-glocken-hell-20-050\/#breadcrumb\",\"itemListElement\":[{\"@type\":\"ListItem\",\"position\":1,\"name\":\"Home\",\"item\":\"https:\/\/shop.merolution.de\/\"},{\"@type\":\"ListItem\",\"position\":2,\"name\":\"Shop\",\"item\":\"https:\/\/shop.merolution.de\/\"},{\"@type\":\"ListItem\",\"position\":3,\"name\":\"Weissenoher Glocken hell &#8211; 20\/0,50\"}]},{\"@type\":\"WebSite\",\"@id\":\"https:\/\/shop.merolution.de\/#website\",\"url\":\"https:\/\/shop.merolution.de\/\",\"name\":\"Getr\u00e4nke Schl\u00fcter Onlineshop\",\"description\":\"Ihr Getr\u00e4nke-Partner in Hannover\",\"potentialAction\":[{\"@type\":\"SearchAction\",\"target\":{\"@type\":\"EntryPoint\",\"urlTemplate\":\"https:\/\/shop.merolution.de\/?s={search_term_string}\"},\"query-input\":\"required name=search_term_string\"}],\"inLanguage\":\"de\"}]}<\/script>\n<!-- \/ Yoast SEO plugin. -->","yoast_head_json":{"title":"Weissenoher Glocken hell - 20\/0,50 - Getr\u00e4nke Schl\u00fcter Onlineshop","robots":{"index":"noindex","follow":"follow","max-snippet":"max-snippet:-1","max-image-preview":"max-image-preview:large","max-video-preview":"max-video-preview:-1"},"og_locale":"de_DE","og_type":"article","og_title":"Weissenoher Glocken hell - 20\/0,50 - Getr\u00e4nke Schl\u00fcter Onlineshop","og_description":"20\/0,50 - Ein elegantes feinw\u00fcrziges Vollbier mit seinem Ursprung in der Brautradition des ehemaligen Benediktinerklosters - Glas Mehrweg - Pfand: \u0080 3,10","og_url":"https:\/\/shop.merolution.de\/index.php\/product\/weissenoher-glocken-hell-20-050\/","og_site_name":"Getr\u00e4nke Schl\u00fcter Onlineshop","og_image":[{"width":150,"height":113,"url":"https:\/\/shop.merolution.de\/wp-content\/uploads\/2020\/05\/flasche_altfraenkisch_klosterbier2___1sp.jpg","type":"image\/jpeg"}],"twitter_card":"summary_large_image","twitter_misc":{"Gesch\u00e4tzte Lesezeit":"1\u00a0Minute"},"schema":{"@context":"https:\/\/schema.org","@graph":[{"@type":"WebPage","@id":"https:\/\/shop.merolution.de\/index.php\/product\/weissenoher-glocken-hell-20-050\/","url":"https:\/\/shop.merolution.de\/index.php\/product\/weissenoher-glocken-hell-20-050\/","name":"Weissenoher Glocken hell - 20\/0,50 - Getr\u00e4nke Schl\u00fcter Onlineshop","isPartOf":{"@id":"https:\/\/shop.merolution.de\/#website"},"datePublished":"2020-05-28T10:05:11+00:00","dateModified":"2020-05-28T10:05:11+00:00","breadcrumb":{"@id":"https:\/\/shop.merolution.de\/index.php\/product\/weissenoher-glocken-hell-20-050\/#breadcrumb"},"inLanguage":"de","potentialAction":[{"@type":"ReadAction","target":["https:\/\/shop.merolution.de\/index.php\/product\/weissenoher-glocken-hell-20-050\/"]}]},{"@type":"BreadcrumbList","@id":"https:\/\/shop.merolution.de\/index.php\/product\/weissenoher-glocken-hell-20-050\/#breadcrumb","itemListElement":[{"@type":"ListItem","position":1,"name":"Home","item":"https:\/\/shop.merolution.de\/"},{"@type":"ListItem","position":2,"name":"Shop","item":"https:\/\/shop.merolution.de\/"},{"@type":"ListItem","position":3,"name":"Weissenoher Glocken hell &#8211; 20\/0,50"}]},{"@type":"WebSite","@id":"https:\/\/shop.merolution.de\/#website","url":"https:\/\/shop.merolution.de\/","name":"Getr\u00e4nke Schl\u00fcter Onlineshop","description":"Ihr Getr\u00e4nke-Partner in Hannover","potentialAction":[{"@type":"SearchAction","target":{"@type":"EntryPoint","urlTemplate":"https:\/\/shop.merolution.de\/?s={search_term_string}"},"query-input":"required name=search_term_string"}],"inLanguage":"de"}]}},"_links":{"self":[{"href":"https:\/\/shop.merolution.de\/index.php\/wp-json\/wp\/v2\/product\/4392"}],"collection":[{"href":"https:\/\/shop.merolution.de\/index.php\/wp-json\/wp\/v2\/product"}],"about":[{"href":"https:\/\/shop.merolution.de\/index.php\/wp-json\/wp\/v2\/types\/product"}],"replies":[{"embeddable":true,"href":"https:\/\/shop.merolution.de\/index.php\/wp-json\/wp\/v2\/comments?post=4392"}],"wp:featuredmedia":[{"embeddable":true,"href":"https:\/\/shop.merolution.de\/index.php\/wp-json\/wp\/v2\/media\/4393"}],"wp:attachment":[{"href":"https:\/\/shop.merolution.de\/index.php\/wp-json\/wp\/v2\/media?parent=4392"}],"wp:term":[{"taxonomy":"product_cat","embeddable":true,"href":"https:\/\/shop.merolution.de\/index.php\/wp-json\/wp\/v2\/product_cat?post=4392"},{"taxonomy":"product_tag","embeddable":true,"href":"https:\/\/shop.merolution.de\/index.php\/wp-json\/wp\/v2\/product_tag?post=4392"}],"curies":[{"name":"wp","href":"https:\/\/api.w.org\/{rel}","templated":true}]}}