{"id":4400,"date":"2020-05-28T10:05:12","date_gmt":"2020-05-28T10:05:12","guid":{"rendered":"https:\/\/shop.merolution.de\/index.php\/product\/andechs-helles-vollbier\/"},"modified":"2020-05-28T10:05:12","modified_gmt":"2020-05-28T10:05:12","slug":"andechs-helles-vollbier","status":"publish","type":"product","link":"https:\/\/shop.merolution.de\/index.php\/product\/andechs-helles-vollbier\/","title":{"rendered":"Andechs helles Vollbier"},"content":{"rendered":"<p>20\/0,50 &#8211; Das Andechser Vollbier Hell mit nur 4,8vol%, wird nach dem traditionellen Mehrfach-Maischverfahren gebraut und besticht mit seinem leuchtend hellen glanzklarem und strohgelben Aussehen -Sein Schaum ist stabil und feinporig. F\u00fcr die Nase h\u00e4lt es kellerfrische und reine Geruchsnoten, weiche Malzaromen, durchsetzt mit floralen Hopfent\u00f6nen bereit &#8211; Angenehm spritzig ist es beim Trinken und mit einem leichten und weichen K\u00f6rper versehen. Die milde S\u00fc\u00dfe verbindet sich gut mit einer samtig-weichen Hopfenbittere. Im Abgang klingt es rund und harmonisch aus &#8211; Somit ist das \u0084Andechser Vollbier Hell\u0093 ein klassisches bayerisches Vollbier (11,5 Gewichtsprozent Stammw\u00fcrze und 4,8 Volumenprozent Alkohol) &#8211; 4,8vol% &#8211; \u0080 3,10 Pfand<\/p>\n","protected":false},"excerpt":{"rendered":"<p>20\/0,50 &#8211; Das Andechser Vollbier Hell mit nur 4,8vol%, wird nach dem traditionellen Mehrfach-Maischverfahren gebraut und besticht mit seinem leuchtend hellen glanzklarem und strohgelben Aussehen -Sein Schaum ist stabil und feinporig. F\u00fcr die Nase h\u00e4lt es kellerfrische und reine Geruchsnoten, weiche Malzaromen, durchsetzt mit floralen Hopfent\u00f6nen bereit &#8211; Angenehm spritzig ist es beim Trinken und mit einem leichten und weichen K\u00f6rper versehen. Die milde S\u00fc\u00dfe verbindet sich gut mit einer samtig-weichen Hopfenbittere. Im Abgang klingt es rund und harmonisch aus &#8211; Somit ist das \u0084Andechser Vollbier Hell\u0093 ein klassisches bayerisches Vollbier (11,5 Gewichtsprozent Stammw\u00fcrze und 4,8 Volumenprozent Alkohol) &#8211; 4,8vol% &#8211; \u0080 3,10 Pfand<\/p>\n","protected":false},"featured_media":4401,"comment_status":"open","ping_status":"closed","template":"","meta":[],"product_cat":[109],"product_tag":[],"yoast_head":"<!-- This site is optimized with the Yoast SEO plugin v19.14 - https:\/\/yoast.com\/wordpress\/plugins\/seo\/ -->\n<title>Andechs helles Vollbier - Getr\u00e4nke Schl\u00fcter Onlineshop<\/title>\n<meta name=\"robots\" content=\"noindex, follow, max-snippet:-1, max-image-preview:large, max-video-preview:-1\" \/>\n<meta property=\"og:locale\" content=\"de_DE\" \/>\n<meta property=\"og:type\" content=\"article\" \/>\n<meta property=\"og:title\" content=\"Andechs helles Vollbier - Getr\u00e4nke Schl\u00fcter Onlineshop\" \/>\n<meta property=\"og:description\" content=\"20\/0,50 - Das Andechser Vollbier Hell mit nur 4,8vol%, wird nach dem traditionellen Mehrfach-Maischverfahren gebraut und besticht mit seinem leuchtend hellen glanzklarem und strohgelben Aussehen -Sein Schaum ist stabil und feinporig. F\u00fcr die Nase h\u00e4lt es kellerfrische und reine Geruchsnoten, weiche Malzaromen, durchsetzt mit floralen Hopfent\u00f6nen bereit - Angenehm spritzig ist es beim Trinken und mit einem leichten und weichen K\u00f6rper versehen. Die milde S\u00fc\u00dfe verbindet sich gut mit einer samtig-weichen Hopfenbittere. Im Abgang klingt es rund und harmonisch aus - Somit ist das \u0084Andechser Vollbier Hell\u0093 ein klassisches bayerisches Vollbier (11,5 Gewichtsprozent Stammw\u00fcrze und 4,8 Volumenprozent Alkohol) - 4,8vol% - \u0080 3,10 Pfand\" \/>\n<meta property=\"og:url\" content=\"https:\/\/shop.merolution.de\/index.php\/product\/andechs-helles-vollbier\/\" \/>\n<meta property=\"og:site_name\" content=\"Getr\u00e4nke Schl\u00fcter Onlineshop\" \/>\n<meta property=\"og:image\" content=\"https:\/\/shop.merolution.de\/wp-content\/uploads\/2020\/05\/kasten-andechser-vollbier-hell-foto-argum-falk-heller-dsc0606-1985-553c664c7cf-aid-4563s.jpg\" \/>\n\t<meta property=\"og:image:width\" content=\"150\" \/>\n\t<meta property=\"og:image:height\" content=\"110\" \/>\n\t<meta property=\"og:image:type\" content=\"image\/jpeg\" \/>\n<meta name=\"twitter:card\" content=\"summary_large_image\" \/>\n<meta name=\"twitter:label1\" content=\"Gesch\u00e4tzte Lesezeit\" \/>\n\t<meta name=\"twitter:data1\" content=\"1\u00a0Minute\" \/>\n<script type=\"application\/ld+json\" class=\"yoast-schema-graph\">{\"@context\":\"https:\/\/schema.org\",\"@graph\":[{\"@type\":\"WebPage\",\"@id\":\"https:\/\/shop.merolution.de\/index.php\/product\/andechs-helles-vollbier\/\",\"url\":\"https:\/\/shop.merolution.de\/index.php\/product\/andechs-helles-vollbier\/\",\"name\":\"Andechs helles Vollbier - Getr\u00e4nke Schl\u00fcter Onlineshop\",\"isPartOf\":{\"@id\":\"https:\/\/shop.merolution.de\/#website\"},\"datePublished\":\"2020-05-28T10:05:12+00:00\",\"dateModified\":\"2020-05-28T10:05:12+00:00\",\"breadcrumb\":{\"@id\":\"https:\/\/shop.merolution.de\/index.php\/product\/andechs-helles-vollbier\/#breadcrumb\"},\"inLanguage\":\"de\",\"potentialAction\":[{\"@type\":\"ReadAction\",\"target\":[\"https:\/\/shop.merolution.de\/index.php\/product\/andechs-helles-vollbier\/\"]}]},{\"@type\":\"BreadcrumbList\",\"@id\":\"https:\/\/shop.merolution.de\/index.php\/product\/andechs-helles-vollbier\/#breadcrumb\",\"itemListElement\":[{\"@type\":\"ListItem\",\"position\":1,\"name\":\"Home\",\"item\":\"https:\/\/shop.merolution.de\/\"},{\"@type\":\"ListItem\",\"position\":2,\"name\":\"Shop\",\"item\":\"https:\/\/shop.merolution.de\/\"},{\"@type\":\"ListItem\",\"position\":3,\"name\":\"Andechs helles Vollbier\"}]},{\"@type\":\"WebSite\",\"@id\":\"https:\/\/shop.merolution.de\/#website\",\"url\":\"https:\/\/shop.merolution.de\/\",\"name\":\"Getr\u00e4nke Schl\u00fcter Onlineshop\",\"description\":\"Ihr Getr\u00e4nke-Partner in Hannover\",\"potentialAction\":[{\"@type\":\"SearchAction\",\"target\":{\"@type\":\"EntryPoint\",\"urlTemplate\":\"https:\/\/shop.merolution.de\/?s={search_term_string}\"},\"query-input\":\"required name=search_term_string\"}],\"inLanguage\":\"de\"}]}<\/script>\n<!-- \/ Yoast SEO plugin. -->","yoast_head_json":{"title":"Andechs helles Vollbier - Getr\u00e4nke Schl\u00fcter Onlineshop","robots":{"index":"noindex","follow":"follow","max-snippet":"max-snippet:-1","max-image-preview":"max-image-preview:large","max-video-preview":"max-video-preview:-1"},"og_locale":"de_DE","og_type":"article","og_title":"Andechs helles Vollbier - Getr\u00e4nke Schl\u00fcter Onlineshop","og_description":"20\/0,50 - Das Andechser Vollbier Hell mit nur 4,8vol%, wird nach dem traditionellen Mehrfach-Maischverfahren gebraut und besticht mit seinem leuchtend hellen glanzklarem und strohgelben Aussehen -Sein Schaum ist stabil und feinporig. F\u00fcr die Nase h\u00e4lt es kellerfrische und reine Geruchsnoten, weiche Malzaromen, durchsetzt mit floralen Hopfent\u00f6nen bereit - Angenehm spritzig ist es beim Trinken und mit einem leichten und weichen K\u00f6rper versehen. Die milde S\u00fc\u00dfe verbindet sich gut mit einer samtig-weichen Hopfenbittere. Im Abgang klingt es rund und harmonisch aus - Somit ist das \u0084Andechser Vollbier Hell\u0093 ein klassisches bayerisches Vollbier (11,5 Gewichtsprozent Stammw\u00fcrze und 4,8 Volumenprozent Alkohol) - 4,8vol% - \u0080 3,10 Pfand","og_url":"https:\/\/shop.merolution.de\/index.php\/product\/andechs-helles-vollbier\/","og_site_name":"Getr\u00e4nke Schl\u00fcter Onlineshop","og_image":[{"width":150,"height":110,"url":"https:\/\/shop.merolution.de\/wp-content\/uploads\/2020\/05\/kasten-andechser-vollbier-hell-foto-argum-falk-heller-dsc0606-1985-553c664c7cf-aid-4563s.jpg","type":"image\/jpeg"}],"twitter_card":"summary_large_image","twitter_misc":{"Gesch\u00e4tzte Lesezeit":"1\u00a0Minute"},"schema":{"@context":"https:\/\/schema.org","@graph":[{"@type":"WebPage","@id":"https:\/\/shop.merolution.de\/index.php\/product\/andechs-helles-vollbier\/","url":"https:\/\/shop.merolution.de\/index.php\/product\/andechs-helles-vollbier\/","name":"Andechs helles Vollbier - Getr\u00e4nke Schl\u00fcter Onlineshop","isPartOf":{"@id":"https:\/\/shop.merolution.de\/#website"},"datePublished":"2020-05-28T10:05:12+00:00","dateModified":"2020-05-28T10:05:12+00:00","breadcrumb":{"@id":"https:\/\/shop.merolution.de\/index.php\/product\/andechs-helles-vollbier\/#breadcrumb"},"inLanguage":"de","potentialAction":[{"@type":"ReadAction","target":["https:\/\/shop.merolution.de\/index.php\/product\/andechs-helles-vollbier\/"]}]},{"@type":"BreadcrumbList","@id":"https:\/\/shop.merolution.de\/index.php\/product\/andechs-helles-vollbier\/#breadcrumb","itemListElement":[{"@type":"ListItem","position":1,"name":"Home","item":"https:\/\/shop.merolution.de\/"},{"@type":"ListItem","position":2,"name":"Shop","item":"https:\/\/shop.merolution.de\/"},{"@type":"ListItem","position":3,"name":"Andechs helles Vollbier"}]},{"@type":"WebSite","@id":"https:\/\/shop.merolution.de\/#website","url":"https:\/\/shop.merolution.de\/","name":"Getr\u00e4nke Schl\u00fcter Onlineshop","description":"Ihr Getr\u00e4nke-Partner in Hannover","potentialAction":[{"@type":"SearchAction","target":{"@type":"EntryPoint","urlTemplate":"https:\/\/shop.merolution.de\/?s={search_term_string}"},"query-input":"required name=search_term_string"}],"inLanguage":"de"}]}},"_links":{"self":[{"href":"https:\/\/shop.merolution.de\/index.php\/wp-json\/wp\/v2\/product\/4400"}],"collection":[{"href":"https:\/\/shop.merolution.de\/index.php\/wp-json\/wp\/v2\/product"}],"about":[{"href":"https:\/\/shop.merolution.de\/index.php\/wp-json\/wp\/v2\/types\/product"}],"replies":[{"embeddable":true,"href":"https:\/\/shop.merolution.de\/index.php\/wp-json\/wp\/v2\/comments?post=4400"}],"wp:featuredmedia":[{"embeddable":true,"href":"https:\/\/shop.merolution.de\/index.php\/wp-json\/wp\/v2\/media\/4401"}],"wp:attachment":[{"href":"https:\/\/shop.merolution.de\/index.php\/wp-json\/wp\/v2\/media?parent=4400"}],"wp:term":[{"taxonomy":"product_cat","embeddable":true,"href":"https:\/\/shop.merolution.de\/index.php\/wp-json\/wp\/v2\/product_cat?post=4400"},{"taxonomy":"product_tag","embeddable":true,"href":"https:\/\/shop.merolution.de\/index.php\/wp-json\/wp\/v2\/product_tag?post=4400"}],"curies":[{"name":"wp","href":"https:\/\/api.w.org\/{rel}","templated":true}]}}