{"id":4402,"date":"2020-05-28T10:05:12","date_gmt":"2020-05-28T10:05:12","guid":{"rendered":"https:\/\/shop.merolution.de\/index.php\/product\/arcobraeu-mooser-liesl-hell-neu-2019\/"},"modified":"2020-05-28T10:05:12","modified_gmt":"2020-05-28T10:05:12","slug":"arcobraeu-mooser-liesl-hell-neu-2019","status":"publish","type":"product","link":"https:\/\/shop.merolution.de\/index.php\/product\/arcobraeu-mooser-liesl-hell-neu-2019\/","title":{"rendered":"Arcobr\u00e4u Mooser Liesl hell (NEU 2019)"},"content":{"rendered":"<p>20\/0,50 &#8211; Originaltext des Herstellers: &#8222;Geh Liesl, bring ma no a so a guads Hells!So hie\u00df es einst, als das Bier in unserer Schlosswirtschaft noch aus der Kanne ausgeschenkt wurde. Viele G\u00e4ste kamen nur wegen des guten Hellen, das es hier gab.Nicht wenige aber auch wegen der feschen Liesl. So war es kein Wunder, dass bald beide, die Liesl und das Brauhaus mit seinem Bier, weit \u00fcber die Grenzen von Moos bekannt und die Liesl f\u00fcr viele Jahre zum Markenzeichen der Brauerei wurde.Dieses Original Helle gibt es jetzt wieder und die gute Mooser Liesl als Original- Marke auch. Heute wie damals, mit speziellen Malzsorten &#038; Naturhopfen vollendet gebraut, macht dieses Bayrisch Helle den Biergenuss zu einem unvergleichlichen Geschmackserlebnis.&#8220;<\/p>\n","protected":false},"excerpt":{"rendered":"<p>20\/0,50 &#8211; helles Bier &#8211; Glas Mehrweg &#8211; Pfand \u0080 3,10<\/p>\n","protected":false},"featured_media":4403,"comment_status":"open","ping_status":"closed","template":"","meta":[],"product_cat":[109],"product_tag":[],"yoast_head":"<!-- This site is optimized with the Yoast SEO plugin v19.14 - https:\/\/yoast.com\/wordpress\/plugins\/seo\/ -->\n<title>Arcobr\u00e4u Mooser Liesl hell (NEU 2019) - Getr\u00e4nke Schl\u00fcter Onlineshop<\/title>\n<meta name=\"robots\" content=\"noindex, follow, max-snippet:-1, max-image-preview:large, max-video-preview:-1\" \/>\n<meta property=\"og:locale\" content=\"de_DE\" \/>\n<meta property=\"og:type\" content=\"article\" \/>\n<meta property=\"og:title\" content=\"Arcobr\u00e4u Mooser Liesl hell (NEU 2019) - Getr\u00e4nke Schl\u00fcter Onlineshop\" \/>\n<meta property=\"og:description\" content=\"20\/0,50 - helles Bier - Glas Mehrweg - Pfand \u0080 3,10\" \/>\n<meta property=\"og:url\" content=\"https:\/\/shop.merolution.de\/index.php\/product\/arcobraeu-mooser-liesl-hell-neu-2019\/\" \/>\n<meta property=\"og:site_name\" content=\"Getr\u00e4nke Schl\u00fcter Onlineshop\" \/>\n<meta property=\"og:image\" content=\"https:\/\/shop.merolution.de\/wp-content\/uploads\/2020\/05\/arcobraumoos-helles-1280x1280-aid-4591s.jpg\" \/>\n\t<meta property=\"og:image:width\" content=\"150\" \/>\n\t<meta property=\"og:image:height\" content=\"150\" \/>\n\t<meta property=\"og:image:type\" content=\"image\/jpeg\" \/>\n<meta name=\"twitter:card\" content=\"summary_large_image\" \/>\n<meta name=\"twitter:label1\" content=\"Gesch\u00e4tzte Lesezeit\" \/>\n\t<meta name=\"twitter:data1\" content=\"1\u00a0Minute\" \/>\n<script type=\"application\/ld+json\" class=\"yoast-schema-graph\">{\"@context\":\"https:\/\/schema.org\",\"@graph\":[{\"@type\":\"WebPage\",\"@id\":\"https:\/\/shop.merolution.de\/index.php\/product\/arcobraeu-mooser-liesl-hell-neu-2019\/\",\"url\":\"https:\/\/shop.merolution.de\/index.php\/product\/arcobraeu-mooser-liesl-hell-neu-2019\/\",\"name\":\"Arcobr\u00e4u Mooser Liesl hell (NEU 2019) - Getr\u00e4nke Schl\u00fcter Onlineshop\",\"isPartOf\":{\"@id\":\"https:\/\/shop.merolution.de\/#website\"},\"datePublished\":\"2020-05-28T10:05:12+00:00\",\"dateModified\":\"2020-05-28T10:05:12+00:00\",\"breadcrumb\":{\"@id\":\"https:\/\/shop.merolution.de\/index.php\/product\/arcobraeu-mooser-liesl-hell-neu-2019\/#breadcrumb\"},\"inLanguage\":\"de\",\"potentialAction\":[{\"@type\":\"ReadAction\",\"target\":[\"https:\/\/shop.merolution.de\/index.php\/product\/arcobraeu-mooser-liesl-hell-neu-2019\/\"]}]},{\"@type\":\"BreadcrumbList\",\"@id\":\"https:\/\/shop.merolution.de\/index.php\/product\/arcobraeu-mooser-liesl-hell-neu-2019\/#breadcrumb\",\"itemListElement\":[{\"@type\":\"ListItem\",\"position\":1,\"name\":\"Home\",\"item\":\"https:\/\/shop.merolution.de\/\"},{\"@type\":\"ListItem\",\"position\":2,\"name\":\"Shop\",\"item\":\"https:\/\/shop.merolution.de\/\"},{\"@type\":\"ListItem\",\"position\":3,\"name\":\"Arcobr\u00e4u Mooser Liesl hell (NEU 2019)\"}]},{\"@type\":\"WebSite\",\"@id\":\"https:\/\/shop.merolution.de\/#website\",\"url\":\"https:\/\/shop.merolution.de\/\",\"name\":\"Getr\u00e4nke Schl\u00fcter Onlineshop\",\"description\":\"Ihr Getr\u00e4nke-Partner in Hannover\",\"potentialAction\":[{\"@type\":\"SearchAction\",\"target\":{\"@type\":\"EntryPoint\",\"urlTemplate\":\"https:\/\/shop.merolution.de\/?s={search_term_string}\"},\"query-input\":\"required name=search_term_string\"}],\"inLanguage\":\"de\"}]}<\/script>\n<!-- \/ Yoast SEO plugin. -->","yoast_head_json":{"title":"Arcobr\u00e4u Mooser Liesl hell (NEU 2019) - Getr\u00e4nke Schl\u00fcter Onlineshop","robots":{"index":"noindex","follow":"follow","max-snippet":"max-snippet:-1","max-image-preview":"max-image-preview:large","max-video-preview":"max-video-preview:-1"},"og_locale":"de_DE","og_type":"article","og_title":"Arcobr\u00e4u Mooser Liesl hell (NEU 2019) - Getr\u00e4nke Schl\u00fcter Onlineshop","og_description":"20\/0,50 - helles Bier - Glas Mehrweg - Pfand \u0080 3,10","og_url":"https:\/\/shop.merolution.de\/index.php\/product\/arcobraeu-mooser-liesl-hell-neu-2019\/","og_site_name":"Getr\u00e4nke Schl\u00fcter Onlineshop","og_image":[{"width":150,"height":150,"url":"https:\/\/shop.merolution.de\/wp-content\/uploads\/2020\/05\/arcobraumoos-helles-1280x1280-aid-4591s.jpg","type":"image\/jpeg"}],"twitter_card":"summary_large_image","twitter_misc":{"Gesch\u00e4tzte Lesezeit":"1\u00a0Minute"},"schema":{"@context":"https:\/\/schema.org","@graph":[{"@type":"WebPage","@id":"https:\/\/shop.merolution.de\/index.php\/product\/arcobraeu-mooser-liesl-hell-neu-2019\/","url":"https:\/\/shop.merolution.de\/index.php\/product\/arcobraeu-mooser-liesl-hell-neu-2019\/","name":"Arcobr\u00e4u Mooser Liesl hell (NEU 2019) - Getr\u00e4nke Schl\u00fcter Onlineshop","isPartOf":{"@id":"https:\/\/shop.merolution.de\/#website"},"datePublished":"2020-05-28T10:05:12+00:00","dateModified":"2020-05-28T10:05:12+00:00","breadcrumb":{"@id":"https:\/\/shop.merolution.de\/index.php\/product\/arcobraeu-mooser-liesl-hell-neu-2019\/#breadcrumb"},"inLanguage":"de","potentialAction":[{"@type":"ReadAction","target":["https:\/\/shop.merolution.de\/index.php\/product\/arcobraeu-mooser-liesl-hell-neu-2019\/"]}]},{"@type":"BreadcrumbList","@id":"https:\/\/shop.merolution.de\/index.php\/product\/arcobraeu-mooser-liesl-hell-neu-2019\/#breadcrumb","itemListElement":[{"@type":"ListItem","position":1,"name":"Home","item":"https:\/\/shop.merolution.de\/"},{"@type":"ListItem","position":2,"name":"Shop","item":"https:\/\/shop.merolution.de\/"},{"@type":"ListItem","position":3,"name":"Arcobr\u00e4u Mooser Liesl hell (NEU 2019)"}]},{"@type":"WebSite","@id":"https:\/\/shop.merolution.de\/#website","url":"https:\/\/shop.merolution.de\/","name":"Getr\u00e4nke Schl\u00fcter Onlineshop","description":"Ihr Getr\u00e4nke-Partner in Hannover","potentialAction":[{"@type":"SearchAction","target":{"@type":"EntryPoint","urlTemplate":"https:\/\/shop.merolution.de\/?s={search_term_string}"},"query-input":"required name=search_term_string"}],"inLanguage":"de"}]}},"_links":{"self":[{"href":"https:\/\/shop.merolution.de\/index.php\/wp-json\/wp\/v2\/product\/4402"}],"collection":[{"href":"https:\/\/shop.merolution.de\/index.php\/wp-json\/wp\/v2\/product"}],"about":[{"href":"https:\/\/shop.merolution.de\/index.php\/wp-json\/wp\/v2\/types\/product"}],"replies":[{"embeddable":true,"href":"https:\/\/shop.merolution.de\/index.php\/wp-json\/wp\/v2\/comments?post=4402"}],"wp:featuredmedia":[{"embeddable":true,"href":"https:\/\/shop.merolution.de\/index.php\/wp-json\/wp\/v2\/media\/4403"}],"wp:attachment":[{"href":"https:\/\/shop.merolution.de\/index.php\/wp-json\/wp\/v2\/media?parent=4402"}],"wp:term":[{"taxonomy":"product_cat","embeddable":true,"href":"https:\/\/shop.merolution.de\/index.php\/wp-json\/wp\/v2\/product_cat?post=4402"},{"taxonomy":"product_tag","embeddable":true,"href":"https:\/\/shop.merolution.de\/index.php\/wp-json\/wp\/v2\/product_tag?post=4402"}],"curies":[{"name":"wp","href":"https:\/\/api.w.org\/{rel}","templated":true}]}}